{"id":74022,"date":"2021-09-22T11:07:10","date_gmt":"2021-09-22T09:07:10","guid":{"rendered":"https:\/\/dogpride1.wpengine.com\/?post_type=product&#038;p=74022"},"modified":"2023-10-16T10:10:16","modified_gmt":"2023-10-16T08:10:16","slug":"morin-pro-taser-type-pie-trainingsoutfit","status":"publish","type":"product","link":"https:\/\/dogpride.nl\/de\/morin-pro-taser-type-pie-trainingsoutfit\/","title":{"rendered":"MORIN-PRO Taser-Typ-PIE-Trainingsoutfit"},"content":{"rendered":"<h4>MORIN-PRO Taser-Typ-PIE-Trainingsoutfit<\/h4>\n<p>MORIN-PRO Taser-Typ-PIE-Trainingsoutfit<\/p>\n<p><span class=\"\">Trainingsausr\u00fcstung vom Typ Taser PIE (elektrische Impulspistole).<\/span><\/p>\n<p>Dieses Kost\u00fcm bietet Ihnen eine sehr gute Beweglichkeit f\u00fcr das Training in realen Situationen und bietet einen wirksamen Schutz, indem es verhindert, dass die Metallpfeile in der Haut stecken bleiben.<\/p>\n<p>Jacke mit Schnell\u00f6ffnung und abnehmbarem Nackenschutz (nicht abgebildet). Hosen mit Hosentr\u00e4gern und offenen Unterschenkeln mit Klettverschluss, um das Tragen von Interventionsschuhen w\u00e4hrend des Trainings zu erm\u00f6glichen.<\/p>\n<p>Hergestellt und entworfen in unseren Werkst\u00e4tten.<\/p>\n<p>Standardgr\u00f6\u00dfe muss bei der Bestellung angegeben werden, M\u00f6glichkeit der kundenspezifischen Anpassung.<\/p>\n<p><span class=\"goog-text-highlight\">Vom CNFPT f\u00fcr die Einheitenausbildung verwendetes und zugelassenes Modell.<\/span><\/p>\n<p><strong>Gr\u00f6\u00dfentabelle:<\/strong><\/p>\n<p><img loading=\"lazy\" decoding=\"async\" class=\"alignnone wp-image-74025 size-full\" src=\"https:\/\/www.dogpride.nl\/wp-content\/uploads\/verybig-2477-2.jpg\" alt=\"\" width=\"520\" height=\"520\" srcset=\"https:\/\/dogpride.nl\/wp-content\/uploads\/verybig-2477-2.jpg 520w, https:\/\/dogpride.nl\/wp-content\/uploads\/verybig-2477-2-250x250.jpg 250w, https:\/\/dogpride.nl\/wp-content\/uploads\/verybig-2477-2-100x100.jpg 100w, https:\/\/dogpride.nl\/wp-content\/uploads\/verybig-2477-2-400x400.jpg 400w, https:\/\/dogpride.nl\/wp-content\/uploads\/verybig-2477-2-300x300.jpg 300w, https:\/\/dogpride.nl\/wp-content\/uploads\/verybig-2477-2-150x150.jpg 150w, https:\/\/dogpride.nl\/wp-content\/uploads\/verybig-2477-2-66x66.jpg 66w, https:\/\/dogpride.nl\/wp-content\/uploads\/verybig-2477-2-200x200.jpg 200w\" sizes=\"auto, (max-width: 520px) 100vw, 520px\" \/><\/p>","protected":false},"excerpt":{"rendered":"<p>MORIN PRO Taser Typ PIE Trainingsoutfit. Dieses Kost\u00fcm bietet Ihnen eine sehr gute Beweglichkeit f\u00fcr das Training in realen Situationen und bietet einen wirksamen Schutz, indem es verhindert, dass die Metallpfeile in der Haut stecken bleiben.<\/p>","protected":false},"featured_media":74024,"template":"","meta":[],"product_brand":[],"product_cat":[2911],"product_tag":[],"class_list":{"0":"post-74022","1":"product","2":"type-product","3":"status-publish","4":"has-post-thumbnail","6":"product_cat-pbm","8":"first","9":"instock","10":"taxable","11":"shipping-taxable","12":"purchasable","13":"product-type-variable"},"mb":[],"mfb_rest_fields":["title"],"_links":{"self":[{"href":"https:\/\/dogpride.nl\/de\/wp-json\/wp\/v2\/product\/74022","targetHints":{"allow":["GET"]}}],"collection":[{"href":"https:\/\/dogpride.nl\/de\/wp-json\/wp\/v2\/product"}],"about":[{"href":"https:\/\/dogpride.nl\/de\/wp-json\/wp\/v2\/types\/product"}],"wp:featuredmedia":[{"embeddable":true,"href":"https:\/\/dogpride.nl\/de\/wp-json\/wp\/v2\/media\/74024"}],"wp:attachment":[{"href":"https:\/\/dogpride.nl\/de\/wp-json\/wp\/v2\/media?parent=74022"}],"wp:term":[{"taxonomy":"product_brand","embeddable":true,"href":"https:\/\/dogpride.nl\/de\/wp-json\/wp\/v2\/product_brand?post=74022"},{"taxonomy":"product_cat","embeddable":true,"href":"https:\/\/dogpride.nl\/de\/wp-json\/wp\/v2\/product_cat?post=74022"},{"taxonomy":"product_tag","embeddable":true,"href":"https:\/\/dogpride.nl\/de\/wp-json\/wp\/v2\/product_tag?post=74022"}],"curies":[{"name":"wp","href":"https:\/\/api.w.org\/{rel}","templated":true}]}}