{"id":74014,"date":"2021-09-22T10:18:19","date_gmt":"2021-09-22T08:18:19","guid":{"rendered":"https:\/\/dogpride1.wpengine.com\/?post_type=product&#038;p=74014"},"modified":"2025-10-15T13:10:35","modified_gmt":"2025-10-15T11:10:35","slug":"k9-med-cyno-tourniquet-k9","status":"publish","type":"product","link":"https:\/\/dogpride.nl\/de\/k9-med-cyno-tourniquet-k9\/","title":{"rendered":"K9 MED Cyno Tourniquet-K9"},"content":{"rendered":"<h4>K9 MED Cyno Tourniquet-K9<\/h4>\n<p><span class=\"\">K9 MED Cyno Tourniquet-K9. Das K9-Tourniquet ist so konzipiert, dass es effektiv auf die Anatomie des Hundes einwirkt, z. B. auf die Vorder- oder Hinterbeine. Es ist so konzipiert, dass es hoch an den Gliedma\u00dfen platziert werden kann.<\/span><br \/>\nEs verf\u00fcgt \u00fcber eine integrierte Traktionstechnologie, die verhindert, dass der Widerrist am Bein des Tieres herunterrutscht, was zu einem Kompressionsverlust f\u00fchren w\u00fcrde.<\/p>\n<p>Bei der Verwendung von Tourniquets oder Kompressionsverb\u00e4nden, die speziell f\u00fcr den Menschen entwickelt wurden, kommt es h\u00e4ufig zu einem Verrutschen an einer derart konischen Anatomie.<br \/>\nDas K9 Tourniquet l\u00f6st diese Probleme und erm\u00f6glicht eine sehr schnelle Installation am Tier<\/p>\n<p><span class=\"goog-text-highlight\">Das Tourniquet ist mit einem breiten, rutschfesten Band ausgestattet, das selbst an nassen oder blutigen Hundehaaren haftet.<\/span><\/p>\n<p><strong>Hinweis: Nicht f\u00fcr den menschlichen Gebrauch geeignet.<\/strong><\/p>\n<p><a href=\"https:\/\/www.k9medic.com\/\" target=\"_blank\" rel=\"noopener\"><img loading=\"lazy\" decoding=\"async\" class=\"alignnone\" title=\"K9 MED Cyno Tourniquet-K9\" src=\"https:\/\/dogpride.nl\/wp-content\/uploads\/verybig-4808-1.jpg\" alt=\"K9 MED Cyno tourniquet-K9\" width=\"204\" height=\"204\" \/><\/a><\/p>\n<p><a href=\"https:\/\/dogpride.nl\/de\/?s=tourniquet&amp;post_type=product\"><img loading=\"lazy\" decoding=\"async\" class=\"alignnone wp-image-138087 size-thumbnail\" src=\"https:\/\/dogpride.nl\/wp-content\/uploads\/Logo-K9-Medic-150x150.jpg\" alt=\"Logo K9 Medic\" width=\"150\" height=\"150\" srcset=\"https:\/\/dogpride.nl\/wp-content\/uploads\/Logo-K9-Medic-150x150.jpg 150w, https:\/\/dogpride.nl\/wp-content\/uploads\/Logo-K9-Medic-100x100.jpg 100w\" sizes=\"auto, (max-width: 150px) 100vw, 150px\" \/><\/a><\/p>","protected":false},"excerpt":{"rendered":"<p>K9 MED Cyno Drehkreuz K9. <span class=\"\">Das K9-Tourniquet wurde entwickelt, um die Anatomie des Hundes effektiv zu beeinflussen<\/span><\/p>","protected":false},"featured_media":74015,"template":"","meta":[],"product_brand":[],"product_cat":[2910],"product_tag":[],"class_list":{"0":"post-74014","1":"product","2":"type-product","3":"status-publish","4":"has-post-thumbnail","6":"product_cat-ehbo-bij-honden","8":"first","9":"instock","10":"taxable","11":"shipping-taxable","12":"purchasable","13":"product-type-simple"},"mb":[],"mfb_rest_fields":["title"],"_links":{"self":[{"href":"https:\/\/dogpride.nl\/de\/wp-json\/wp\/v2\/product\/74014","targetHints":{"allow":["GET"]}}],"collection":[{"href":"https:\/\/dogpride.nl\/de\/wp-json\/wp\/v2\/product"}],"about":[{"href":"https:\/\/dogpride.nl\/de\/wp-json\/wp\/v2\/types\/product"}],"wp:featuredmedia":[{"embeddable":true,"href":"https:\/\/dogpride.nl\/de\/wp-json\/wp\/v2\/media\/74015"}],"wp:attachment":[{"href":"https:\/\/dogpride.nl\/de\/wp-json\/wp\/v2\/media?parent=74014"}],"wp:term":[{"taxonomy":"product_brand","embeddable":true,"href":"https:\/\/dogpride.nl\/de\/wp-json\/wp\/v2\/product_brand?post=74014"},{"taxonomy":"product_cat","embeddable":true,"href":"https:\/\/dogpride.nl\/de\/wp-json\/wp\/v2\/product_cat?post=74014"},{"taxonomy":"product_tag","embeddable":true,"href":"https:\/\/dogpride.nl\/de\/wp-json\/wp\/v2\/product_tag?post=74014"}],"curies":[{"name":"wp","href":"https:\/\/api.w.org\/{rel}","templated":true}]}}