{"id":73979,"date":"2021-09-22T09:36:38","date_gmt":"2021-09-22T07:36:38","guid":{"rendered":"https:\/\/dogpride1.wpengine.com\/?post_type=product&#038;p=73979"},"modified":"2021-12-27T15:44:33","modified_gmt":"2021-12-27T14:44:33","slug":"overlevingsdeken-voor-gewonde-hond","status":"publish","type":"product","link":"https:\/\/dogpride.nl\/de\/overlevingsdeken-voor-gewonde-hond\/","title":{"rendered":"\u00dcberlebensdecke f\u00fcr verletzten Hund"},"content":{"rendered":"<h4>\u00dcberlebensdecke f\u00fcr verletzten Hund<\/h4>\n<p>\u00dcberlebensdecke f\u00fcr verletzten Hund<\/p>\n<p><span class=\"\">2 Seiten, Silber \/ Silber<\/span><br \/>\n<span class=\"\">Abmessungen: 220 x 140 cm<\/span><br \/>\n<span class=\"\">Gewicht 57g<\/span><br \/>\n<span class=\"\">Nicht steril<\/span><\/p>\n<p><span class=\"\">Hochbest\u00e4ndige und wasserdichte metallisierte Polyesterfolie.<\/span><br \/>\n<span class=\"goog-text-highlight\">90% Reflexion von Infrarotstrahlung.<\/span><\/p>","protected":false},"excerpt":{"rendered":"<p>\u00dcberlebensdecke f\u00fcr verletzten Hund. <span class=\"\">Hochbest\u00e4ndige und wasserdichte metallisierte Polyesterfolie.<\/span><\/p>","protected":false},"featured_media":73980,"template":"","meta":[],"product_brand":[],"product_cat":[2910],"product_tag":[],"class_list":{"0":"post-73979","1":"product","2":"type-product","3":"status-publish","4":"has-post-thumbnail","6":"product_cat-ehbo-bij-honden","8":"first","9":"instock","10":"taxable","11":"shipping-taxable","12":"purchasable","13":"product-type-simple"},"mb":[],"mfb_rest_fields":["title"],"_links":{"self":[{"href":"https:\/\/dogpride.nl\/de\/wp-json\/wp\/v2\/product\/73979","targetHints":{"allow":["GET"]}}],"collection":[{"href":"https:\/\/dogpride.nl\/de\/wp-json\/wp\/v2\/product"}],"about":[{"href":"https:\/\/dogpride.nl\/de\/wp-json\/wp\/v2\/types\/product"}],"wp:featuredmedia":[{"embeddable":true,"href":"https:\/\/dogpride.nl\/de\/wp-json\/wp\/v2\/media\/73980"}],"wp:attachment":[{"href":"https:\/\/dogpride.nl\/de\/wp-json\/wp\/v2\/media?parent=73979"}],"wp:term":[{"taxonomy":"product_brand","embeddable":true,"href":"https:\/\/dogpride.nl\/de\/wp-json\/wp\/v2\/product_brand?post=73979"},{"taxonomy":"product_cat","embeddable":true,"href":"https:\/\/dogpride.nl\/de\/wp-json\/wp\/v2\/product_cat?post=73979"},{"taxonomy":"product_tag","embeddable":true,"href":"https:\/\/dogpride.nl\/de\/wp-json\/wp\/v2\/product_tag?post=73979"}],"curies":[{"name":"wp","href":"https:\/\/api.w.org\/{rel}","templated":true}]}}