{"id":73977,"date":"2021-09-22T09:24:14","date_gmt":"2021-09-22T07:24:14","guid":{"rendered":"https:\/\/dogpride1.wpengine.com\/?post_type=product&#038;p=73977"},"modified":"2026-03-19T10:27:31","modified_gmt":"2026-03-19T09:27:31","slug":"noodbrancard-voor-evacueren-gewonde-hond","status":"publish","type":"product","link":"https:\/\/dogpride.nl\/de\/noodbrancard-voor-evacueren-gewonde-hond\/","title":{"rendered":"Noodbrancard voor evacueren gewonde hond"},"content":{"rendered":"<h4>Noodbrancard voor evacueren gewonde hond<\/h4>\n<p>Noodbrancard voor evacueren gewonde hond. De noodbrancard is essentieel voor het verplaatsen van een gewonde hond.<\/p>\n<p>Diese Trage wurde speziell f\u00fcr Milit\u00e4rkr\u00e4fte bei abgelegenen Eins\u00e4tzen entwickelt, um einen verletzten Hund aus einem sensiblen Bereich zu evakuieren.<\/p>\n<p><a href=\"https:\/\/dogpride.nl\/de\/\"><img loading=\"lazy\" decoding=\"async\" class=\"alignnone\" title=\"Noodbrancard voor evacueren gewonde hond\" src=\"https:\/\/dogpride.nl\/wp-content\/uploads\/verybig-3791-1.jpg\" alt=\"Noodbrancard voor evacueren gewonde hond\" width=\"127\" height=\"127\" \/><\/a><\/p>\n<p>Hergestellt aus Cordura-Canvas. Sie ist mit sechs Griffen ausgestattet, die das Heben erleichtern, und vier L\u00f6chern, um die Beine des Hundes so zu positionieren, dass sie gekreuzt werden, um ein Springen zu verhindern und die Trage w\u00e4hrend des Transports besser zu stabilisieren.<\/p>\n<p>Passt problemlos in das Gep\u00e4ckfach eines Netzes oder Erste-Hilfe-Kastens.<\/p>\n<p>Besonders geeignet f\u00fcr Deutsche Sch\u00e4ferhunde und Malinois.<\/p>\n<p>In der Farbe Schwarz ab Lager lieferbar.<br \/>\n<span class=\"goog-text-highlight\">Auf Anfrage auch in CAM oder Coyote erh\u00e4ltlich<\/span><br \/>\n<span class=\"goog-text-highlight\">Version in Coyote gezeigt<\/span><\/p>\n<p><a href=\"https:\/\/nl.wikipedia.org\/wiki\/Hoofdpagina\" target=\"_blank\" rel=\"noopener\"><img loading=\"lazy\" decoding=\"async\" class=\"alignnone\" src=\"https:\/\/dogpride.nl\/wp-content\/uploads\/verybig-3791-1.jpg\" alt=\"\" width=\"127\" height=\"127\" \/><\/a><\/p>","protected":false},"excerpt":{"rendered":"<p>Notfalltrage zur Evakuierung eines verletzten Hundes. Besonders geeignet f\u00fcr Deutsche Sch\u00e4ferhunde und Malinois.<\/p>","protected":false},"featured_media":73978,"template":"","meta":[],"product_brand":[],"product_cat":[2910],"product_tag":[6406,6405,6404],"class_list":{"0":"post-73977","1":"product","2":"type-product","3":"status-publish","4":"has-post-thumbnail","6":"product_cat-ehbo-bij-honden","7":"product_tag-evacueren","8":"product_tag-gewonde-hond","9":"product_tag-noodbrancard","11":"first","12":"instock","13":"taxable","14":"shipping-taxable","15":"purchasable","16":"product-type-simple"},"mb":[],"mfb_rest_fields":["title"],"_links":{"self":[{"href":"https:\/\/dogpride.nl\/de\/wp-json\/wp\/v2\/product\/73977","targetHints":{"allow":["GET"]}}],"collection":[{"href":"https:\/\/dogpride.nl\/de\/wp-json\/wp\/v2\/product"}],"about":[{"href":"https:\/\/dogpride.nl\/de\/wp-json\/wp\/v2\/types\/product"}],"wp:featuredmedia":[{"embeddable":true,"href":"https:\/\/dogpride.nl\/de\/wp-json\/wp\/v2\/media\/73978"}],"wp:attachment":[{"href":"https:\/\/dogpride.nl\/de\/wp-json\/wp\/v2\/media?parent=73977"}],"wp:term":[{"taxonomy":"product_brand","embeddable":true,"href":"https:\/\/dogpride.nl\/de\/wp-json\/wp\/v2\/product_brand?post=73977"},{"taxonomy":"product_cat","embeddable":true,"href":"https:\/\/dogpride.nl\/de\/wp-json\/wp\/v2\/product_cat?post=73977"},{"taxonomy":"product_tag","embeddable":true,"href":"https:\/\/dogpride.nl\/de\/wp-json\/wp\/v2\/product_tag?post=73977"}],"curies":[{"name":"wp","href":"https:\/\/api.w.org\/{rel}","templated":true}]}}