{"id":73970,"date":"2021-09-22T09:13:05","date_gmt":"2021-09-22T07:13:05","guid":{"rendered":"https:\/\/dogpride1.wpengine.com\/?post_type=product&#038;p=73970"},"modified":"2026-03-19T10:34:17","modified_gmt":"2026-03-19T09:34:17","slug":"nars-k9-trainingsdummy-itts","status":"publish","type":"product","link":"https:\/\/dogpride.nl\/de\/nars-k9-trainingsdummy-itts\/","title":{"rendered":"NARS K9 Trainingspuppe ITTS"},"content":{"rendered":"<h4 class=\"txt-title-fichier\">NARS K9 Trainingspuppe ITTS<\/h4>\n<p><span class=\"\">Der NARS K9 Trainingsdummy ITTS ist ein Hundedummy, der die anatomischen Merkmale eines Malinois mit einem Gewicht von ca. 31 kg nachbildet.<\/span><\/p>\n<p>Es ist das erste seiner Art auf internationaler Ebene, das Notfalltraining und Training bei Hunden erm\u00f6glicht.<\/p>\n<p><a href=\"https:\/\/www.licg.nl\/honden\/\" target=\"_blank\" rel=\"noopener\"><img loading=\"lazy\" decoding=\"async\" class=\"alignnone\" title=\"NARS K9 Trainingspuppe ITTS\" src=\"https:\/\/dogpride.nl\/wp-content\/uploads\/verybig-5451-1.jpg\" alt=\"NARS K9 trainingsdummy ITTS\" width=\"122\" height=\"122\" \/><\/a><\/p>\n<p>De NARS K9 trainingsdummy ITTS wordt bestuurd door een draadloze tablet die de traumatische verwondingen simuleert die het meest worden opgelopen door honden tijdens het werk of tijdens de bevalling.<br \/>\nDe instructeur regelt het volume en de intensiteit van het geblaf, de ademhaling van de hond, de bloeding en de reacties op de interventies van de geleider via de afstandsbedieningstablet.<br \/>\n<span class=\"\">Die Tablet-Software enth\u00e4lt vorkonfigurierte Szenarien und einen Szenariogenerator.<\/span><\/p>\n<h4>Der NARS K9 zeichnet sich durch sein realistisches Gewicht, anatomische Orientierungspunkte, Atmung, Herzfrequenz- und Pulskontrollpunkte, aktive Blutung sowie langlebiges Fell und Pfoten aus. Der Simulator enth\u00e4lt zus\u00e4tzliche austauschbare Gliedma\u00dfen.<\/h4>\n<p>M\u00f6gliche Interventionen umfassen Blutungskontrolle, Atemwegsmanagement, intraven\u00f6ser und subkutaner Zugang sowie Wundmanagement.<\/p>\n<p>De kit bevat een zak voor transport en opslag (voorzien van wielen), een infuusplaats met vervangend bont, een plaats voor operaties aan de luchtwegen met vervangend bont, een navulbus voor gewrichtsbloed,<br \/>\n25 cl geconcentreerd kunstbloed, een NARS-tablet met software, een tabletoplader en een ingebouwde batterijoplaadkabel.<\/p>\n<ul>\n<li>Komplett neu gestaltete Metallstruktur.<\/li>\n<li>Umfangreiche Artikulationsbewegungen.<\/li>\n<li><span class=\"goog-text-highlight\">Thorax zur Herz-Lungen-Wiederbelebung<\/span><\/li>\n<li><span class=\"goog-text-highlight\">5 austauschbare Gliedma\u00dfen mit Verletzungen.<\/span><\/li>\n<li>Verbesserte Atemwege<\/li>\n<li>Blaft, bloedt en ademt Kunstbloedtank van 1 liter.<\/li>\n<li>Funktioniert drahtlos \u00fcber das NARS-Tablet<\/li>\n<\/ul>\n<p><a href=\"https:\/\/dogpride.nl\/de\/\"><img loading=\"lazy\" decoding=\"async\" class=\"alignnone\" title=\"NARS K9 Trainingspuppe ITTS\" src=\"https:\/\/dogpride.nl\/wp-content\/uploads\/verybig-5451-1.jpg\" alt=\"NARS K9 trainingsdummy ITTS\" width=\"122\" height=\"122\" \/><\/a><\/p>\n<p><strong>Kontaktieren Sie uns f\u00fcr Ihren Preis. E-Mail: info@dogpride.nl, Tel.: +31315655930 \/ +31638147051\u00a0<\/strong><\/p>","protected":false},"excerpt":{"rendered":"<p>Der NARS K9 zeichnet sich durch sein realistisches Gewicht, anatomische Orientierungspunkte, Atmung, Herzfrequenz- und Pulskontrollpunkte, aktive Blutung sowie langlebiges Fell und Pfoten aus. Der Simulator enth\u00e4lt zus\u00e4tzliche austauschbare Gliedma\u00dfen.<\/p>","protected":false},"featured_media":73971,"template":"","meta":[],"product_brand":[],"product_cat":[2910],"product_tag":[8033,8032,8031,4566,8029,8030],"class_list":{"0":"post-73970","1":"product","2":"type-product","3":"status-publish","4":"has-post-thumbnail","6":"product_cat-ehbo-bij-honden","7":"product_tag-ehbo-voor-honden","8":"product_tag-hondendummy","9":"product_tag-itts","10":"product_tag-k9","11":"product_tag-nars","12":"product_tag-trainingsdummy","14":"first","15":"instock","16":"taxable","17":"shipping-taxable","18":"product-type-simple"},"mb":[],"mfb_rest_fields":["title"],"_links":{"self":[{"href":"https:\/\/dogpride.nl\/de\/wp-json\/wp\/v2\/product\/73970","targetHints":{"allow":["GET"]}}],"collection":[{"href":"https:\/\/dogpride.nl\/de\/wp-json\/wp\/v2\/product"}],"about":[{"href":"https:\/\/dogpride.nl\/de\/wp-json\/wp\/v2\/types\/product"}],"wp:featuredmedia":[{"embeddable":true,"href":"https:\/\/dogpride.nl\/de\/wp-json\/wp\/v2\/media\/73971"}],"wp:attachment":[{"href":"https:\/\/dogpride.nl\/de\/wp-json\/wp\/v2\/media?parent=73970"}],"wp:term":[{"taxonomy":"product_brand","embeddable":true,"href":"https:\/\/dogpride.nl\/de\/wp-json\/wp\/v2\/product_brand?post=73970"},{"taxonomy":"product_cat","embeddable":true,"href":"https:\/\/dogpride.nl\/de\/wp-json\/wp\/v2\/product_cat?post=73970"},{"taxonomy":"product_tag","embeddable":true,"href":"https:\/\/dogpride.nl\/de\/wp-json\/wp\/v2\/product_tag?post=73970"}],"curies":[{"name":"wp","href":"https:\/\/api.w.org\/{rel}","templated":true}]}}