{"id":73896,"date":"2021-09-21T13:53:25","date_gmt":"2021-09-21T11:53:25","guid":{"rendered":"https:\/\/dogpride1.wpengine.com\/?post_type=product&#038;p=73896"},"modified":"2022-11-01T15:38:25","modified_gmt":"2022-11-01T14:38:25","slug":"morin-cordura-kevlar-manchet","status":"publish","type":"product","link":"https:\/\/dogpride.nl\/de\/morin-cordura-kevlar-manchet\/","title":{"rendered":"MORIN Cordura\/Kevlar-Manschette"},"content":{"rendered":"<h4>MORIN Cordura\/Kevlar-Manschette<\/h4>\n<p><span class=\"\">MORIN Cordura\/Kevlar-Manschette. Produkt, das die sichere Verwendung von Gummianh\u00e4ngen f\u00fcr extreme Dekonditionierung erm\u00f6glicht.<\/span><\/p>\n<p>Zum Anbringen am Arm und Befestigen des Gummiarms am Schutz. Dadurch k\u00f6nnen Sie bei einem Hund Ihren Arm im hinteren Bereich des Mauls am Blinddarm sch\u00fctzen. Der Schutz bedeckt auch einen gro\u00dfen Teil Ihrer Hand (geschlossene Faust).<\/p>\n<p><span style=\"color: #ff0000;\"><strong>Bitte beachten Sie, dass dieses Produkt nicht als Bei\u00dftrainingsmanschette oder als Dekonditionierungsmanschette verwendet werden sollte. Nicht ohne Gummiarm verwenden.<\/strong><\/span><\/p>\n<p><span class=\"goog-text-highlight\">(optionaler Arm, nicht im Lieferumfang enthalten)<\/span><\/p>","protected":false},"excerpt":{"rendered":"<p>MORIN Cordura\/Kevlar-Manschette. Dadurch k\u00f6nnen Sie bei einem Hund Ihren Arm im hinteren Bereich des Mauls am Blinddarm sch\u00fctzen.<\/p>","protected":false},"featured_media":73897,"template":"","meta":[],"product_brand":[],"product_cat":[2900],"product_tag":[],"class_list":{"0":"post-73896","1":"product","2":"type-product","3":"status-publish","4":"has-post-thumbnail","6":"product_cat-civiele-bijt-en-interventie-training","8":"first","9":"instock","10":"taxable","11":"shipping-taxable","12":"purchasable","13":"product-type-variable"},"mb":[],"mfb_rest_fields":["title"],"_links":{"self":[{"href":"https:\/\/dogpride.nl\/de\/wp-json\/wp\/v2\/product\/73896","targetHints":{"allow":["GET"]}}],"collection":[{"href":"https:\/\/dogpride.nl\/de\/wp-json\/wp\/v2\/product"}],"about":[{"href":"https:\/\/dogpride.nl\/de\/wp-json\/wp\/v2\/types\/product"}],"wp:featuredmedia":[{"embeddable":true,"href":"https:\/\/dogpride.nl\/de\/wp-json\/wp\/v2\/media\/73897"}],"wp:attachment":[{"href":"https:\/\/dogpride.nl\/de\/wp-json\/wp\/v2\/media?parent=73896"}],"wp:term":[{"taxonomy":"product_brand","embeddable":true,"href":"https:\/\/dogpride.nl\/de\/wp-json\/wp\/v2\/product_brand?post=73896"},{"taxonomy":"product_cat","embeddable":true,"href":"https:\/\/dogpride.nl\/de\/wp-json\/wp\/v2\/product_cat?post=73896"},{"taxonomy":"product_tag","embeddable":true,"href":"https:\/\/dogpride.nl\/de\/wp-json\/wp\/v2\/product_tag?post=73896"}],"curies":[{"name":"wp","href":"https:\/\/api.w.org\/{rel}","templated":true}]}}