{"id":73881,"date":"2021-09-21T13:41:25","date_gmt":"2021-09-21T11:41:25","guid":{"rendered":"https:\/\/dogpride1.wpengine.com\/?post_type=product&#038;p=73881"},"modified":"2026-03-19T10:35:35","modified_gmt":"2026-03-19T09:35:35","slug":"sas-half-civiele-deconditionering-onderarm","status":"publish","type":"product","link":"https:\/\/dogpride.nl\/de\/sas-half-civiele-deconditionering-onderarm\/","title":{"rendered":"SAS HALF ziviler Dekonditionierungs-Unterarm"},"content":{"rendered":"<h4 class=\"txt-title-fichier\">SAS HALF ziviler Dekonditionierungs-Unterarm<\/h4>\n<p>Manchettype civiele deconditionering onderarm<\/p>\n<p><span class=\"\">Unterarm-Attrappe aus Gummi mit Klettverschluss f\u00fcr perfekten Sitz am Arm.<\/span><br \/>\nDiese Art von Produkt erm\u00f6glicht die Ausbildung von Interventionshunden unter nahezu realen Bedingungen. Der Hund wird das Gef\u00fchl haben, einen echten Arm zu bei\u00dfen.<\/p>\n<ul>\n<li><span class=\"goog-text-highlight\">Das Produkt ist f\u00fcr Verwaltungen, Strafverfolgungs- und Sicherheitsunternehmen reserviert.<\/span><\/li>\n<\/ul>\n<p><a href=\"https:\/\/dogpride.nl\/de\/k9\/cynotechnische-eenheden\/civiele-bijt-en-interventie-training\/?product-page=2\"><img loading=\"lazy\" decoding=\"async\" class=\"alignnone\" title=\"SAS HALF ziviler Dekonditionierungs-Unterarm\" src=\"https:\/\/dogpride.nl\/wp-content\/uploads\/verybig-3898-2-1-150x150.jpg\" alt=\"SAS HALF civiele deconditionering- onderarm\" width=\"150\" height=\"150\" \/><\/a><\/p>\n<p><a href=\"https:\/\/www.morinfrance.com\/\" target=\"_blank\" rel=\"noopener\"><img loading=\"lazy\" decoding=\"async\" class=\"alignnone\" title=\"SAS HALF ziviler Dekonditionierungs-Unterarm\" src=\"https:\/\/dogpride.nl\/wp-content\/uploads\/verybig-3898-1.jpg\" alt=\"SAS HALF civiele deconditionering- onderarm\" width=\"143\" height=\"143\" \/><\/a><\/p>","protected":false},"excerpt":{"rendered":"<p class=\"txt-title-fichier\"><span class=\"\">Unterarm-Attrappe aus Gummi mit Klettverschluss f\u00fcr perfekten Sitz am Arm. <\/span>Diese Art von Produkt erm\u00f6glicht die Ausbildung von Interventionshunden unter nahezu realen Bedingungen. Der Hund wird das Gef\u00fchl haben, einen echten Arm zu bei\u00dfen.<\/p>","protected":false},"featured_media":73882,"template":"","meta":[],"product_brand":[],"product_cat":[2900],"product_tag":[25922,25921],"class_list":{"0":"post-73881","1":"product","2":"type-product","3":"status-publish","4":"has-post-thumbnail","6":"product_cat-civiele-bijt-en-interventie-training","7":"product_tag-deconditionering-onderarm","8":"product_tag-sas","10":"first","11":"onbackorder","12":"taxable","13":"shipping-taxable","14":"purchasable","15":"product-type-simple"},"mb":[],"mfb_rest_fields":["title"],"_links":{"self":[{"href":"https:\/\/dogpride.nl\/de\/wp-json\/wp\/v2\/product\/73881","targetHints":{"allow":["GET"]}}],"collection":[{"href":"https:\/\/dogpride.nl\/de\/wp-json\/wp\/v2\/product"}],"about":[{"href":"https:\/\/dogpride.nl\/de\/wp-json\/wp\/v2\/types\/product"}],"wp:featuredmedia":[{"embeddable":true,"href":"https:\/\/dogpride.nl\/de\/wp-json\/wp\/v2\/media\/73882"}],"wp:attachment":[{"href":"https:\/\/dogpride.nl\/de\/wp-json\/wp\/v2\/media?parent=73881"}],"wp:term":[{"taxonomy":"product_brand","embeddable":true,"href":"https:\/\/dogpride.nl\/de\/wp-json\/wp\/v2\/product_brand?post=73881"},{"taxonomy":"product_cat","embeddable":true,"href":"https:\/\/dogpride.nl\/de\/wp-json\/wp\/v2\/product_cat?post=73881"},{"taxonomy":"product_tag","embeddable":true,"href":"https:\/\/dogpride.nl\/de\/wp-json\/wp\/v2\/product_tag?post=73881"}],"curies":[{"name":"wp","href":"https:\/\/api.w.org\/{rel}","templated":true}]}}