{"id":73877,"date":"2021-09-21T13:30:57","date_gmt":"2021-09-21T11:30:57","guid":{"rendered":"https:\/\/dogpride1.wpengine.com\/?post_type=product&#038;p=73877"},"modified":"2025-10-30T13:56:56","modified_gmt":"2025-10-30T12:56:56","slug":"sas-volledige-civiele-deconditionerings-arm","status":"publish","type":"product","link":"https:\/\/dogpride.nl\/de\/sas-volledige-civiele-deconditionerings-arm\/","title":{"rendered":"SAS COMPLETE ziviler Dekonditionierungsarm"},"content":{"rendered":"<h4 class=\"txt-title-fichier\"><span class=\"goog-text-highlight\">SAS COMPLETE ziviler Dekonditionierungsarm<\/span><\/h4>\n<p><span class=\"\">SAS VOLLST\u00c4NDIGER ziviler Dekonditionierungsarm. Ziviler Dekonditionierungsarm vom Manschettentyp<\/span><\/p>\n<p>Schnullerarm aus Gummi mit Klettverschluss f\u00fcr eine perfekte Passform um Ihren Arm.<br \/>\nDiese Art von Produkt erm\u00f6glicht die Ausbildung von Interventionshunden unter nahezu realen Bedingungen. Der Hund wird das Gef\u00fchl haben, einen echten Arm zu bei\u00dfen.<\/p>\n<ul>\n<li><span class=\"goog-text-highlight\">Das Produkt ist f\u00fcr Verwaltungen, Strafverfolgungs- und Sicherheitsunternehmen reserviert.<\/span><\/li>\n<\/ul>\n<p><a href=\"https:\/\/dogpride.nl\/de\/k9\/cynotechnische-eenheden\/civiele-bijt-en-interventie-training\/?product-page=2\"><img loading=\"lazy\" decoding=\"async\" class=\"alignnone\" title=\"SAS VOLLEDIGE civiele deconditioneringsarm\" src=\"https:\/\/dogpride.nl\/wp-content\/uploads\/verybig-3897-2-150x150.jpg\" alt=\"SAS VOLLEDIGE civiele deconditioneringsarm\" width=\"150\" height=\"150\" \/><\/a><\/p>\n<p><a href=\"https:\/\/www.morinfrance.com\/\" target=\"_blank\" rel=\"noopener\"><img loading=\"lazy\" decoding=\"async\" class=\"alignnone\" src=\"https:\/\/dogpride.nl\/wp-content\/uploads\/verybig-3897-3-150x150.jpg\" alt=\"SAS VOLLEDIGE civiele deconditioneringsarm\" width=\"150\" height=\"150\" \/><\/a><\/p>","protected":false},"excerpt":{"rendered":"<p class=\"txt-title-fichier\">Schnullerarm aus Gummi mit Klettverschluss f\u00fcr eine perfekte Passform um Ihren Arm. Diese Art von Produkt erm\u00f6glicht die Ausbildung von Interventionshunden unter nahezu realen Bedingungen. Der Hund wird das Gef\u00fchl haben, einen echten Arm zu bei\u00dfen.<\/p>","protected":false},"featured_media":73878,"template":"","meta":[],"product_brand":[],"product_cat":[2900],"product_tag":[],"class_list":{"0":"post-73877","1":"product","2":"type-product","3":"status-publish","4":"has-post-thumbnail","6":"product_cat-civiele-bijt-en-interventie-training","8":"first","9":"instock","10":"taxable","11":"shipping-taxable","12":"purchasable","13":"product-type-simple"},"mb":[],"mfb_rest_fields":["title"],"_links":{"self":[{"href":"https:\/\/dogpride.nl\/de\/wp-json\/wp\/v2\/product\/73877","targetHints":{"allow":["GET"]}}],"collection":[{"href":"https:\/\/dogpride.nl\/de\/wp-json\/wp\/v2\/product"}],"about":[{"href":"https:\/\/dogpride.nl\/de\/wp-json\/wp\/v2\/types\/product"}],"wp:featuredmedia":[{"embeddable":true,"href":"https:\/\/dogpride.nl\/de\/wp-json\/wp\/v2\/media\/73878"}],"wp:attachment":[{"href":"https:\/\/dogpride.nl\/de\/wp-json\/wp\/v2\/media?parent=73877"}],"wp:term":[{"taxonomy":"product_brand","embeddable":true,"href":"https:\/\/dogpride.nl\/de\/wp-json\/wp\/v2\/product_brand?post=73877"},{"taxonomy":"product_cat","embeddable":true,"href":"https:\/\/dogpride.nl\/de\/wp-json\/wp\/v2\/product_cat?post=73877"},{"taxonomy":"product_tag","embeddable":true,"href":"https:\/\/dogpride.nl\/de\/wp-json\/wp\/v2\/product_tag?post=73877"}],"curies":[{"name":"wp","href":"https:\/\/api.w.org\/{rel}","templated":true}]}}