{"id":73874,"date":"2021-09-21T13:25:03","date_gmt":"2021-09-21T11:25:03","guid":{"rendered":"https:\/\/dogpride1.wpengine.com\/?post_type=product&#038;p=73874"},"modified":"2025-10-15T13:43:34","modified_gmt":"2025-10-15T11:43:34","slug":"civiele-deconditionerings-arm-gesloten-vuist","status":"publish","type":"product","link":"https:\/\/dogpride.nl\/de\/civiele-deconditionerings-arm-gesloten-vuist\/","title":{"rendered":"Civiele deconditionerings arm gesloten vuist"},"content":{"rendered":"<h4>Civiele deconditionerings arm gesloten vuist<\/h4>\n<p>Civiele deconditionerings arm gesloten vuist<\/p>\n<p>Schnullerarm aus Gummi mit Klettverschluss f\u00fcr eine perfekte Passform um Ihren Arm.<br \/>\nDiese Art von Produkt erm\u00f6glicht die Ausbildung von Interventionshunden unter nahezu realen Bedingungen. Der Hund wird das Gef\u00fchl haben, einen echten Arm zu bei\u00dfen.<\/p>\n<p><span class=\"goog-text-highlight\">Bei der Verwendung dieses Produkts empfehlen wir die Verwendung der speziellen Cordura-\/Kevlar-H\u00fclle (optional).<\/span><\/p>\n<p><span class=\"goog-text-highlight\">Das Produkt ist f\u00fcr Verwaltungen, Strafverfolgungs- und Sicherheitsunternehmen reserviert.<\/span><\/p>\n<ul>\n<li>Ausf\u00fchrung im linken und rechten Arm<\/li>\n<\/ul>\n<p><a href=\"https:\/\/dogpride.nl\/de\/k9\/cynotechnische-eenheden\/civiele-bijt-en-interventie-training\/?product-page=2\"><img loading=\"lazy\" decoding=\"async\" class=\"alignnone\" title=\"Civiele deconditionerings arm gesloten vuist\" src=\"https:\/\/dogpride.nl\/wp-content\/uploads\/verybig-3494-1.jpg\" alt=\"Civiele deconditionerings arm gesloten vuist\" width=\"102\" height=\"102\" \/><\/a><\/p>\n<p><a href=\"https:\/\/www.morinfrance.com\/\" target=\"_blank\" rel=\"noopener\"><img loading=\"lazy\" decoding=\"async\" class=\"alignnone\" src=\"https:\/\/dogpride.nl\/wp-content\/uploads\/verybig-3494-1.jpg\" alt=\"\" width=\"104\" height=\"104\" \/><\/a><\/p>","protected":false},"excerpt":{"rendered":"<p>Schnullerarm aus Gummi mit Klettverschluss f\u00fcr eine perfekte Passform um Ihren Arm. Diese Art von Produkt erm\u00f6glicht die Ausbildung von Interventionshunden unter nahezu realen Bedingungen. Der Hund wird das Gef\u00fchl haben, einen echten Arm zu bei\u00dfen.<\/p>","protected":false},"featured_media":73873,"template":"","meta":[],"product_brand":[],"product_cat":[2900],"product_tag":[],"class_list":{"0":"post-73874","1":"product","2":"type-product","3":"status-publish","4":"has-post-thumbnail","6":"product_cat-civiele-bijt-en-interventie-training","8":"first","9":"instock","10":"taxable","11":"shipping-taxable","12":"purchasable","13":"product-type-variable"},"mb":[],"mfb_rest_fields":["title"],"_links":{"self":[{"href":"https:\/\/dogpride.nl\/de\/wp-json\/wp\/v2\/product\/73874","targetHints":{"allow":["GET"]}}],"collection":[{"href":"https:\/\/dogpride.nl\/de\/wp-json\/wp\/v2\/product"}],"about":[{"href":"https:\/\/dogpride.nl\/de\/wp-json\/wp\/v2\/types\/product"}],"wp:featuredmedia":[{"embeddable":true,"href":"https:\/\/dogpride.nl\/de\/wp-json\/wp\/v2\/media\/73873"}],"wp:attachment":[{"href":"https:\/\/dogpride.nl\/de\/wp-json\/wp\/v2\/media?parent=73874"}],"wp:term":[{"taxonomy":"product_brand","embeddable":true,"href":"https:\/\/dogpride.nl\/de\/wp-json\/wp\/v2\/product_brand?post=73874"},{"taxonomy":"product_cat","embeddable":true,"href":"https:\/\/dogpride.nl\/de\/wp-json\/wp\/v2\/product_cat?post=73874"},{"taxonomy":"product_tag","embeddable":true,"href":"https:\/\/dogpride.nl\/de\/wp-json\/wp\/v2\/product_tag?post=73874"}],"curies":[{"name":"wp","href":"https:\/\/api.w.org\/{rel}","templated":true}]}}