{"id":73844,"date":"2021-09-21T11:39:49","date_gmt":"2021-09-21T09:39:49","guid":{"rendered":"https:\/\/dogpride1.wpengine.com\/?post_type=product&#038;p=73844"},"modified":"2025-12-23T09:45:07","modified_gmt":"2025-12-23T08:45:07","slug":"synthetische-lichaamsdelen-voor-hrd-training","status":"publish","type":"product","link":"https:\/\/dogpride.nl\/de\/synthetische-lichaamsdelen-voor-hrd-training\/","title":{"rendered":"Synthetische lichaamsdelen voor HRD training"},"content":{"rendered":"<h4 class=\"txt-title-fichier\">Synthetische lichaamsdelen voor HRD training<\/h4>\n<p>Synthetische lichaamsdelen voor HRD training.<\/p>\n<p>Lichaamsdelen voor training in het opsporen van kadavers of menselijke resten. Wij bieden uitsluitend Europese producten aan die bedoeld zijn voor honden voor training in het opsporen van lijken en menselijke resten.<\/p>\n<p>Diese Produkte sind f\u00fcr Einheiten bestimmt, die auf die Suche nach vermissten Personen bei Naturkatastrophen oder mysteri\u00f6sen Umst\u00e4nden spezialisiert sind.<\/p>\n<p>Die folgenden Produkte wurden entwickelt, um Hunde bei der Suche nach Leichen oder menschlichen \u00dcberresten zu trainieren.<\/p>\n<p>Derzeit werden Hunde darauf trainiert, \u201eZielopfer\u201c anhand von menschlichen Kadavern oder mithilfe von Pseudoprodukten (erh\u00e4ltlich bei uns) zu erkennen und zu finden.<br \/>\nWenn der Hund die Quelle eines Geruchs sucht und lokalisiert, gibt es f\u00fcr den Trainer (Cynof\u00fchrer) keinen Schockfaktor.<br \/>\nDie folgenden Produkte sollen dem Hundef\u00fchrer einen Teil eines menschlichen K\u00f6rpers pr\u00e4sentieren. Ihn zu sensibilisieren und ihn auch im Trauma dieser Entdeckung zu schulen.<\/p>\n<h4><span class=\"\">Die Produkte (Leichenteile) sind besonders realistisch. Sie bestehen aus geh\u00e4rtetem Silikon und sind unbegrenzt verwendbar.<\/span><\/h4>\n<p>Jedes Produkt ist so konzipiert, dass es eine Komponente enth\u00e4lt, die mit einem geeigneten Pseudoduft bestreut ist, um unterschiedlich starke Zersetzungsger\u00fcche zu simulieren.<\/p>\n<p>Nach jedem Gebrauch k\u00f6nnen diese Produkte mit Wasser und Seife gereinigt werden, um ihr urspr\u00fcngliches Aussehen wiederherzustellen.<\/p>\n<p><strong>Dieses Produkt ist reguliert. Rufen Sie uns an oder senden Sie uns eine E-Mail f\u00fcr weitere Informationen. info@dogpride.nl oder +31315655930 \/ +31638147051<\/strong><\/p>\n<p><a href=\"https:\/\/dogpride.nl\/de\/k9\/detectie\/detectie-gebruiksvoorwerpen\/\"><img loading=\"lazy\" decoding=\"async\" class=\"alignnone\" title=\"Synthetische lichaamsdelen voor HRD-training\" src=\"https:\/\/dogpride.nl\/wp-content\/uploads\/verybig-3737-1.jpg\" alt=\"Synthetische lichaamsdelen voor HRD-training\" width=\"133\" height=\"133\" \/><\/a><\/p>\n<h4 data-start=\"332\" data-end=\"437\"><strong data-start=\"334\" data-end=\"437\">Synthetische lichaamsdelen voor HRD-training \u2013 Realistische en veilige training voor detectiehonden<\/strong><\/h4>\n<p data-start=\"439\" data-end=\"1011\">Het trainen van Human Remains Detection (HRD)-honden vraagt om materialen die veilig, betrouwbaar en geurgetrouw zijn. <strong data-start=\"558\" data-end=\"606\">Synthetische lichaamsdelen voor HRD-training<\/strong> bieden de ideale oplossing voor K9-teams die werken aan het opsporen van menselijke resten zonder de juridische en ethische beperkingen van echt biologisch materiaal. Deze speciaal ontwikkelde trainingshulpmiddelen bootsen het geurprofiel van verschillende ontbindingsstadia nauwkeurig na, waardoor HRD-honden realistische oefensituaties krijgen die aansluiten bij daadwerkelijke opsporingswerkzaamheden.<\/p>\n<p data-start=\"1013\" data-end=\"1364\">Deze synthetische lichaamsdelen worden wereldwijd toegepast door politie, forensische eenheden, rampenrespons-teams, SAR-teams (Search and Rescue) en professionele K9-instructeurs. Ze zijn ontworpen om consistente, veilige en reproduceerbare trainingen te garanderen \u2014 essentieel voor honden die later in complexe en kritieke situaties worden ingezet.<\/p>\n<hr data-start=\"1366\" data-end=\"1369\" \/>\n<h4 data-start=\"1371\" data-end=\"1415\"><strong data-start=\"1374\" data-end=\"1415\">Veilig, legaal en ethisch verantwoord<\/strong><\/h4>\n<p data-start=\"1417\" data-end=\"1731\">In veel landen is het gebruik van echte menselijke resten streng gereguleerd.\u00a0<strong data-start=\"334\" data-end=\"437\">Synthetische lichaamsdelen voor HRD-training\u00a0<\/strong>vormen daarom de moderne, professionele standaard. Dankzij geavanceerde geurtechnologie bieden deze producten een realistisch alternatief dat volledig legaal en zonder gezondheidsrisico\u2019s gebruikt kan worden.<\/p>\n<p data-start=\"1733\" data-end=\"1774\">Voordelen van synthetische lichaamsdelen:<\/p>\n<ul>\n<li data-start=\"1777\" data-end=\"1812\">volledig veilig voor mens en hond<\/li>\n<li data-start=\"1815\" data-end=\"1866\">geen risico op besmetting, ziektekiemen of bederf<\/li>\n<li data-start=\"1869\" data-end=\"1900\">juridisch eenvoudig inzetbaar<\/li>\n<li data-start=\"1903\" data-end=\"1964\">geurprofiel dat nauwkeurig is afgestemd op echte ontbinding<\/li>\n<li data-start=\"1967\" data-end=\"2012\">langdurig houdbaar en consistent in gebruik<\/li>\n<\/ul>\n<p data-start=\"2014\" data-end=\"2152\">Der <strong data-start=\"334\" data-end=\"437\">Synthetische lichaamsdelen voor HRD-training<\/strong> zorgen ervoor dat HRD-training toegankelijk blijft, zonder de complexiteit en risico\u2019s van biologisch materiaal.<\/p>\n<hr data-start=\"2154\" data-end=\"2157\" \/>\n<h4 data-start=\"2159\" data-end=\"2228\"><strong data-start=\"2162\" data-end=\"2228\">Realistische geurprofielen gebaseerd op forensische wetenschap<\/strong><\/h4>\n<p data-start=\"2230\" data-end=\"2526\">De geurstoffen in deze <strong data-start=\"334\" data-end=\"437\">Synthetische lichaamsdelen voor HRD training<\/strong> zijn ontwikkeld in samenwerking met geurchemici en forensische specialisten. Ze bevatten zorgvuldig geselecteerde vluchtige componenten die representatief zijn voor menselijke ontbinding in verschillende fasen. Hierdoor kunnen honden worden getraind om:<\/p>\n<ul>\n<li data-start=\"2529\" data-end=\"2561\">subtiele signalen op te pikken<\/li>\n<li data-start=\"2564\" data-end=\"2611\">onderscheid te maken tussen ontbindingsstadia<\/li>\n<li data-start=\"2614\" data-end=\"2684\">geurbronnen te lokaliseren in zowel open lucht als bedekte situaties<\/li>\n<li data-start=\"2687\" data-end=\"2740\">correcte passieve verwijzing of aanduiding te geven<\/li>\n<\/ul>\n<p data-start=\"2742\" data-end=\"2809\">Dit resulteert in betrouwbare en snelle detectie bij echte missies.<\/p>\n<hr data-start=\"2811\" data-end=\"2814\" \/>\n<h4 data-start=\"2816\" data-end=\"2882\"><strong data-start=\"2819\" data-end=\"2882\">Verschillende typen lichaamsdelen voor veelzijdige training<\/strong><\/h4>\n<p data-start=\"2884\" data-end=\"3019\">Der <strong data-start=\"2887\" data-end=\"2935\">synthetische lichaamsdelen voor HRD training<\/strong> zijn verkrijgbaar in diverse vormen om een breed scala aan scenario\u2019s te simuleren:<\/p>\n<ul>\n<li data-start=\"3023\" data-end=\"3044\">synthetische handen<\/li>\n<li data-start=\"3047\" data-end=\"3055\">voeten<\/li>\n<li data-start=\"3058\" data-end=\"3073\">botfragmenten<\/li>\n<li data-start=\"3076\" data-end=\"3095\">weefselfragmenten<\/li>\n<li data-start=\"3098\" data-end=\"3127\">geurcapsules of geurdragers<\/li>\n<li data-start=\"3130\" data-end=\"3182\">\u201cdeep burial\u201d varianten voor ondergrondse training<\/li>\n<\/ul>\n<p data-start=\"3184\" data-end=\"3314\">Door variatie in grootte, geursterkte en samenstelling kunnen zowel beginners als gevorderde HRD-honden effectief worden getraind.<\/p>\n<p data-start=\"3184\" data-end=\"3314\"><img loading=\"lazy\" decoding=\"async\" class=\"alignnone\" title=\"Synthetische lichaamsdelen voor HRD-training\" src=\"https:\/\/dogpride.nl\/wp-content\/uploads\/verybig-3737-1.jpg\" alt=\"Synthetische lichaamsdelen voor HRD-training\" width=\"133\" height=\"133\" \/><\/p>\n<hr data-start=\"3316\" data-end=\"3319\" \/>\n<h4 data-start=\"3321\" data-end=\"3379\"><strong data-start=\"3324\" data-end=\"3379\">Robuust, weerbestendig en afgestemd op veldtraining<\/strong><\/h4>\n<p data-start=\"3381\" data-end=\"3575\">Der <strong data-start=\"334\" data-end=\"437\">Synthetische lichaamsdelen voor HRD training<\/strong> zijn ontworpen om intensief gebruik te doorstaan. Ze kunnen probleemloos worden ingezet onder uiteenlopende omstandigheden, zoals regen, kou, warmte, waterlocaties en ruig terrein.<\/p>\n<p data-start=\"3577\" data-end=\"3600\">Materiaaleigenschappen:<\/p>\n<ul>\n<li data-start=\"3603\" data-end=\"3617\">UV-best\u00e4ndig<\/li>\n<li data-start=\"3620\" data-end=\"3669\">geschikt voor begraven, verstoppen en verbergen<\/li>\n<li data-start=\"3672\" data-end=\"3699\">eenvoudig schoon te maken<\/li>\n<li data-start=\"3702\" data-end=\"3754\">geurafgifte die weken tot maanden effectief blijft<\/li>\n<li data-start=\"3757\" data-end=\"3788\">blijvend flexibel en duurzaam<\/li>\n<\/ul>\n<p data-start=\"3790\" data-end=\"3901\">Hierdoor kunnen instructeurs realistische trainingssessies opzetten zonder kwaliteitsverlies van het materiaal.<\/p>\n<hr data-start=\"3903\" data-end=\"3906\" \/>\n<h4 data-start=\"3908\" data-end=\"3957\"><strong data-start=\"3911\" data-end=\"3957\">Toepassingen in professionele HRD training<\/strong><\/h4>\n<p data-start=\"3959\" data-end=\"4051\">De synthetische lichaamsdelen zijn geschikt voor veelzijdige trainingsopdrachten, waaronder:<\/p>\n<ul>\n<li data-start=\"4055\" data-end=\"4083\">binnen- en buitenzoekingen<\/li>\n<li data-start=\"4086\" data-end=\"4104\">voertuiganalyses<\/li>\n<li data-start=\"4107\" data-end=\"4134\">water- en oeverscenario\u2019s<\/li>\n<li data-start=\"4137\" data-end=\"4177\">instortingslocaties en rampensituaties<\/li>\n<li data-start=\"4180\" data-end=\"4207\">bos- en terreinverkenning<\/li>\n<li data-start=\"4210\" data-end=\"4242\">stedelijke trainingsomgevingen<\/li>\n<\/ul>\n<p data-start=\"4244\" data-end=\"4378\">Ze helpen HRD-honden om te presteren in situaties die lijken op echte inzet: van verdwijningszaken tot forensisch onderzoek na rampen.<\/p>\n<hr data-start=\"4380\" data-end=\"4383\" \/>\n<h4 data-start=\"4385\" data-end=\"4456\"><strong data-start=\"4388\" data-end=\"4456\">Waarom kiezen voor synthetische lichaamsdelen voor HRD training?<\/strong><\/h4>\n<ul>\n<li data-start=\"4460\" data-end=\"4531\">uiterst realistische geurbron zonder gebruik van biologisch materiaal<\/li>\n<li data-start=\"4534\" data-end=\"4587\">veilig, duurzaam en geschikt voor intensief gebruik<\/li>\n<li data-start=\"4590\" data-end=\"4673\">ideaal voor politie, SAR-teams, forensische diensten en professionele K9-trainers<\/li>\n<li data-start=\"4676\" data-end=\"4714\">geschikt voor elke trainingsomgeving<\/li>\n<li data-start=\"4717\" data-end=\"4767\">consistent geurprofiel voor betrouwbare training<\/li>\n<li data-start=\"4770\" data-end=\"4814\">flexibel inzetbaar voor talloze scenario\u2019s<\/li>\n<\/ul>\n<p data-start=\"4816\" data-end=\"4955\">Deze trainingshulpmiddelen vormen de basis voor hoogwaardige HRD-opleidingen en dragen direct bij aan nauwkeurigheid en succes in het veld.<\/p>\n<p><img loading=\"lazy\" decoding=\"async\" class=\"alignnone wp-image-148040 size-full\" title=\"synthetische lichaamsdelen voor HRD-training\" src=\"https:\/\/dogpride.nl\/wp-content\/uploads\/logo-morin-1.png\" alt=\"synthetische lichaamsdelen voor HRD-training\" width=\"190\" height=\"80\" srcset=\"https:\/\/dogpride.nl\/wp-content\/uploads\/logo-morin-1.png 190w, https:\/\/dogpride.nl\/wp-content\/uploads\/logo-morin-1-18x8.png 18w\" sizes=\"auto, (max-width: 190px) 100vw, 190px\" \/><\/p>\n<p>&nbsp;<\/p>\n<p><span style=\"color: #ffffff;\"><a style=\"color: #ffffff;\" href=\"https:\/\/www.morinfrance.com\/\" target=\"_blank\" rel=\"noopener\">Animalerie en ligne : Morin France | Magasin d&#8217;articles pour animaux<\/a><\/span><\/p>","protected":false},"excerpt":{"rendered":"<p class=\"txt-title-fichier\"><strong data-start=\"558\" data-end=\"606\">Synthetische lichaamsdelen voor HRD training<\/strong> bieden de ideale oplossing voor K9-teams die werken aan het opsporen van menselijke resten zonder de juridische en ethische beperkingen van echt biologisch materiaal.<\/p>","protected":false},"featured_media":73845,"template":"","meta":[],"product_brand":[],"product_cat":[2835],"product_tag":[12634,15432,17944,17941,17937,17940,17934,15427,17939,17936,17935,17942,17938,17933,17943],"class_list":{"0":"post-73844","1":"product","2":"type-product","3":"status-publish","4":"has-post-thumbnail","6":"product_cat-detectie-gebruiksvoorwerpen","7":"product_tag-detectiehond-training","8":"product_tag-forensische-geurtraining","9":"product_tag-forensische-opsporingsmaterialen","10":"product_tag-geurprofiel-ontbinding","11":"product_tag-hrd-geurdragers","12":"product_tag-hrd-oefenmateriaal","13":"product_tag-hrd-trainingsmateriaal","14":"product_tag-human-remains-detection-training","15":"product_tag-k9-hrd-materialen","16":"product_tag-kadavergeur-synthetisch","17":"product_tag-kadaverhond-training","18":"product_tag-sar-hond-training","19":"product_tag-speurhond-training-menselijke-resten","20":"product_tag-synthetische-hrd-lichaamsdelen","21":"product_tag-synthetische-kadavertraining","22":"product_shipping_class-groot-pakket","24":"first","25":"instock","26":"taxable","27":"shipping-taxable","28":"purchasable","29":"product-type-variable"},"mb":[],"mfb_rest_fields":["title"],"_links":{"self":[{"href":"https:\/\/dogpride.nl\/de\/wp-json\/wp\/v2\/product\/73844","targetHints":{"allow":["GET"]}}],"collection":[{"href":"https:\/\/dogpride.nl\/de\/wp-json\/wp\/v2\/product"}],"about":[{"href":"https:\/\/dogpride.nl\/de\/wp-json\/wp\/v2\/types\/product"}],"wp:featuredmedia":[{"embeddable":true,"href":"https:\/\/dogpride.nl\/de\/wp-json\/wp\/v2\/media\/73845"}],"wp:attachment":[{"href":"https:\/\/dogpride.nl\/de\/wp-json\/wp\/v2\/media?parent=73844"}],"wp:term":[{"taxonomy":"product_brand","embeddable":true,"href":"https:\/\/dogpride.nl\/de\/wp-json\/wp\/v2\/product_brand?post=73844"},{"taxonomy":"product_cat","embeddable":true,"href":"https:\/\/dogpride.nl\/de\/wp-json\/wp\/v2\/product_cat?post=73844"},{"taxonomy":"product_tag","embeddable":true,"href":"https:\/\/dogpride.nl\/de\/wp-json\/wp\/v2\/product_tag?post=73844"}],"curies":[{"name":"wp","href":"https:\/\/api.w.org\/{rel}","templated":true}]}}