{"id":73831,"date":"2021-09-21T10:33:24","date_gmt":"2021-09-21T08:33:24","guid":{"rendered":"https:\/\/dogpride1.wpengine.com\/?post_type=product&#038;p=73831"},"modified":"2022-10-28T19:02:02","modified_gmt":"2022-10-28T17:02:02","slug":"k9-detectie-trainingskit-voor-puppies","status":"publish","type":"product","link":"https:\/\/dogpride.nl\/de\/k9-detectie-trainingskit-voor-puppies\/","title":{"rendered":"K9-Detection-Trainingsset f\u00fcr Welpen"},"content":{"rendered":"<h4>K9-Detection-Trainingsset f\u00fcr Welpen<\/h4>\n<p>K9-Detection-Trainingsset f\u00fcr Welpen. Das Welpen-Trainingsset erm\u00f6glicht eine schnelle Einarbeitung in das Erkennungsprinzip.<\/p>\n<p>Das System erm\u00f6glicht dem Hund, Ger\u00fcche schnell und ohne Einschr\u00e4nkungen zu \u201edrucken\u201c.<\/p>\n<p>Das System umfasst 1 Erkennungsst\u00fctze + 1 schwere Gewichtsplatte, damit der Welpe das Kit nicht umdreht.<\/p>\n<p>Der Welpe darf nicht mit dem Material in einem bestimmten Fach in Kontakt kommen.<\/p>\n<p>F\u00fcr ein effektives Lernerlebnis wird die Verwendung von mindestens 3 bis 4 Kits empfohlen.<\/p>\n<p><strong><span class=\"goog-text-highlight\">Einzeln verkauft!!<\/span><\/strong><\/p>","protected":false},"excerpt":{"rendered":"<p>K9 Erkennungstrainingsset f\u00fcr Welpen. Das Welpen-Trainingsset erm\u00f6glicht eine schnelle Einarbeitung in das Erkennungsprinzip.<\/p>","protected":false},"featured_media":73832,"template":"","meta":[],"product_brand":[],"product_cat":[2879],"product_tag":[],"class_list":{"0":"post-73831","1":"product","2":"type-product","3":"status-publish","4":"has-post-thumbnail","6":"product_cat-detectie-trainingskit","8":"first","9":"instock","10":"taxable","11":"shipping-taxable","12":"purchasable","13":"product-type-simple"},"mb":[],"mfb_rest_fields":["title"],"_links":{"self":[{"href":"https:\/\/dogpride.nl\/de\/wp-json\/wp\/v2\/product\/73831","targetHints":{"allow":["GET"]}}],"collection":[{"href":"https:\/\/dogpride.nl\/de\/wp-json\/wp\/v2\/product"}],"about":[{"href":"https:\/\/dogpride.nl\/de\/wp-json\/wp\/v2\/types\/product"}],"wp:featuredmedia":[{"embeddable":true,"href":"https:\/\/dogpride.nl\/de\/wp-json\/wp\/v2\/media\/73832"}],"wp:attachment":[{"href":"https:\/\/dogpride.nl\/de\/wp-json\/wp\/v2\/media?parent=73831"}],"wp:term":[{"taxonomy":"product_brand","embeddable":true,"href":"https:\/\/dogpride.nl\/de\/wp-json\/wp\/v2\/product_brand?post=73831"},{"taxonomy":"product_cat","embeddable":true,"href":"https:\/\/dogpride.nl\/de\/wp-json\/wp\/v2\/product_cat?post=73831"},{"taxonomy":"product_tag","embeddable":true,"href":"https:\/\/dogpride.nl\/de\/wp-json\/wp\/v2\/product_tag?post=73831"}],"curies":[{"name":"wp","href":"https:\/\/api.w.org\/{rel}","templated":true}]}}