{"id":73814,"date":"2021-09-21T09:26:32","date_gmt":"2021-09-21T07:26:32","guid":{"rendered":"https:\/\/dogpride1.wpengine.com\/?post_type=product&#038;p=73814"},"modified":"2025-12-16T14:13:48","modified_gmt":"2025-12-16T13:13:48","slug":"elite-k9-gm-drive-tube","status":"publish","type":"product","link":"https:\/\/dogpride.nl\/de\/elite-k9-gm-drive-tube\/","title":{"rendered":"Elite K9 GM Drive Tube"},"content":{"rendered":"<h4>Elite K9 GM Drive Tube<\/h4>\n<p><span class=\"\">Elite K9 GM Drive Tube<\/span><\/p>\n<p><span class=\"\">Trainingsr\u00f6hre f\u00fcr Sp\u00fcrhunde, zur Verwendung in Kunststoff-Trainingsboxen.<\/span><br \/>\n<span class=\"goog-text-highlight\">Kann auch allein verwendet werden, um den Hund zum passiven Markieren zu zwingen.\u00a0<\/span><br \/>\nKann auch mit einem optionalen Ball verwendet werden.<\/p>\n<p><a href=\"https:\/\/dogpride.nl\/de\/k9\/detectie\/detectie-trainingskit\/\"><img loading=\"lazy\" decoding=\"async\" class=\"alignnone\" title=\"Elite K9 GM Drive Tube\" src=\"https:\/\/dogpride.nl\/wp-content\/uploads\/verybig-4056-1.jpg\" alt=\"Elite K9 GM Drive Tube\" width=\"144\" height=\"144\" \/><\/a><\/p>\n<h4 data-start=\"42\" data-end=\"70\">**Elite K9 GM Drive Tube<\/h4>\n<p data-start=\"71\" data-end=\"151\">Professioneel trainingshulpmiddel voor geurdetectie en werkpatroonontwikkeling**<\/p>\n<p data-start=\"153\" data-end=\"617\">Der <strong data-start=\"156\" data-end=\"182\">Elite K9 GM Drive Tube<\/strong> is een specialistisch trainingsaccessoire ontworpen voor professionele <strong data-start=\"254\" data-end=\"299\">K9-trainers, handlers en opleidingscentra<\/strong> die willen werken aan <strong data-start=\"322\" data-end=\"387\">geurgericht zoekgedrag, navigatievaardigheden en werkpatronen<\/strong> bij detectiehonden. Dit hulpmiddel ondersteunt gerichte trainingsmethoden waarin structuur, herhaalbaarheid en zelfstandigheid centraal staan, met een sterke focus op het trainen van continu zoeken en consistente respons op geur.<\/p>\n<p data-start=\"619\" data-end=\"900\">Het Elite K9 GM Drive Tube-systeem is geschikt voor diverse detectiedisciplines, zoals explosieven, narcotica, wapens, biologische agentia en andere geurdoelen. Door zijn doordachte ontwerp helpt het trainingsprocessen te optimaliseren en het leervermogen van honden te versnellen.<\/p>\n<h4 data-start=\"902\" data-end=\"942\"><strong data-start=\"905\" data-end=\"942\">Wat is de Elite K9 GM Drive Tube?<\/strong><\/h4>\n<p data-start=\"944\" data-end=\"1332\">Der <strong data-start=\"947\" data-end=\"964\">GM Drive Tube<\/strong> is een cilindervormig trainingsstuk dat wordt ingezet tijdens geurdetectie- en trackingtrainingen. Het fungeert als een <strong data-start=\"1085\" data-end=\"1121\">geleidings- en presentatiemiddel<\/strong> waarbij geurbronnen, distractors of referentiepunten op een gecontroleerde en consistente manier aan de hond worden aangeboden. Het ontwerp van de tube ondersteunt verschillende trainingsmethodieken, waaronder:<\/p>\n<ul>\n<li data-start=\"1336\" data-end=\"1368\"><strong data-start=\"1336\" data-end=\"1366\">Geurpresentatie op afstand<\/strong><\/li>\n<li data-start=\"1371\" data-end=\"1413\"><strong data-start=\"1371\" data-end=\"1411\">Line-of-sight-vrije zoekopstellingen<\/strong><\/li>\n<li data-start=\"1416\" data-end=\"1446\"><strong data-start=\"1416\" data-end=\"1444\">Werkpatroon-ontwikkeling<\/strong><\/li>\n<li data-start=\"1449\" data-end=\"1488\"><strong data-start=\"1449\" data-end=\"1488\">Discriminatie- en navigatietraining<\/strong><\/li>\n<\/ul>\n<p data-start=\"1490\" data-end=\"1664\">Door de geurbron in een tube te concentreren blijft de geur consistent aanwezig en duidelijk afgebakend, wat het leren voor de hond vergemakkelijkt zonder externe variabelen.<\/p>\n<h4 data-start=\"1666\" data-end=\"1715\"><strong data-start=\"1669\" data-end=\"1715\">Voordelen van de GM Drive Tube in training<\/strong><\/h4>\n<p data-start=\"1717\" data-end=\"1801\">De Elite K9 GM Drive Tube biedt diverse voordelen in professionele detectietraining:<\/p>\n<h4 data-start=\"1803\" data-end=\"1842\"><strong data-start=\"1807\" data-end=\"1842\">Gestructureerde geurpresentatie<\/strong><\/h4>\n<p data-start=\"1843\" data-end=\"2004\">De tube leidt de geur op een gecontroleerde wijze naar buiten, waardoor de hond leert de juiste geurpluimen te volgen vanuit een heldere en reproduceerbare bron.<\/p>\n<h4 data-start=\"2006\" data-end=\"2043\"><strong data-start=\"2010\" data-end=\"2043\">Stimuleert continue zoekdrift<\/strong><\/h4>\n<p data-start=\"2044\" data-end=\"2233\">Door het gebruik van de tube binnen verschillende scenario\u2019s en opstellingen wordt de hond gestimuleerd om <strong data-start=\"2151\" data-end=\"2180\">continu te blijven zoeken<\/strong>, zelfs wanneer de geurbron niet direct zichtbaar is.<\/p>\n<p><strong data-start=\"2239\" data-end=\"2267\">Verbeterde discriminatie<\/strong><\/p>\n<p data-start=\"2268\" data-end=\"2468\">In combinatie met andere geurbronnen en blanco\u2019s kan het tube-systeem gebruikt worden om <strong data-start=\"2357\" data-end=\"2382\">discriminatietraining<\/strong> te verfijnen; de hond leert meerdere geuren te vergelijken en juist te onderscheiden.<\/p>\n<h4 data-start=\"2470\" data-end=\"2496\"><strong data-start=\"2474\" data-end=\"2496\">Flexibel inzetbaar<\/strong><\/h4>\n<p data-start=\"2497\" data-end=\"2700\">De drive tube kan eenvoudig worden ge\u00efntegreerd in bestaande trainingsopstellingen \u2014 van eenvoudige line-ups tot complexe route- en veldscenario\u2019s \u2014 en past goed bij zowel beginners als gevorderde teams.<\/p>\n<h4 data-start=\"2702\" data-end=\"2763\"><strong data-start=\"2705\" data-end=\"2763\">Gebruik in combinatie met andere trainingshulpmiddelen<\/strong><\/h4>\n<p data-start=\"2765\" data-end=\"2841\">De Elite K9 GM Drive Tube werkt uitstekend naast andere detectietools zoals:<\/p>\n<ul>\n<li data-start=\"2845\" data-end=\"2869\">Detectiegeurpothouders<\/li>\n<li data-start=\"2872\" data-end=\"2891\">Carrouselsystemen<\/li>\n<li data-start=\"2894\" data-end=\"2920\">Anti-contaminatie zakken<\/li>\n<li data-start=\"2923\" data-end=\"2950\">RVS of HDPE detectieboxen<\/li>\n<li data-start=\"2953\" data-end=\"3004\">Objectieve beloningssystemen (zoals ball-launchers)<\/li>\n<\/ul>\n<p data-start=\"3006\" data-end=\"3199\">Door de tube als ingang of geurfocuspunt te gebruiken, kan een training laag voor laag worden opgebouwd \u2014 van imprinting en initi\u00eble herkenning tot geavanceerde discriminatie en conditionering.<\/p>\n<p data-start=\"3006\" data-end=\"3199\"><a href=\"https:\/\/dogpride.nl\/de\/k9\/detectie\/detectie-trainingskit\/\"><img loading=\"lazy\" decoding=\"async\" class=\"alignnone\" title=\"Elite K9 GM Drive Tube\" src=\"https:\/\/dogpride.nl\/wp-content\/uploads\/verybig-4056-1.jpg\" alt=\"Elite K9 GM Drive Tube\" width=\"144\" height=\"144\" \/><\/a><\/p>\n<h4 data-start=\"3201\" data-end=\"3258\"><strong data-start=\"3204\" data-end=\"3258\">Ondersteunt objectieve en reproduceerbare training<\/strong><\/h4>\n<p data-start=\"3260\" data-end=\"3391\">Professionele K9-training vereist controle over variabelen zoals geurbron, sterkte en presentatie. De GM Drive Tube draagt bij aan:<\/p>\n<ul>\n<li data-start=\"3395\" data-end=\"3433\"><strong data-start=\"3395\" data-end=\"3431\">Reproduceerbare geurpresentaties<\/strong><\/li>\n<li data-start=\"3436\" data-end=\"3472\"><strong data-start=\"3436\" data-end=\"3470\">Consistente trainingscondities<\/strong><\/li>\n<li data-start=\"3475\" data-end=\"3518\"><strong data-start=\"3475\" data-end=\"3516\">Betere interpretatie van hondengedrag<\/strong><\/li>\n<li data-start=\"3521\" data-end=\"3549\"><strong data-start=\"3521\" data-end=\"3547\">Minder handler-invloed<\/strong><\/li>\n<li data-start=\"3552\" data-end=\"3590\"><strong data-start=\"3552\" data-end=\"3590\">Verhoogde trainingsbetrouwbaarheid<\/strong><\/li>\n<\/ul>\n<p data-start=\"3592\" data-end=\"3735\">Dit maakt het tube-systeem uitermate geschikt voor evaluatie- en certificeringsscenario\u2019s waarin objectiviteit en meetbaarheid essentieel zijn.<\/p>\n<h4 data-start=\"3737\" data-end=\"3774\"><strong data-start=\"3740\" data-end=\"3774\">Eigenschappen en specificaties<\/strong><\/h4>\n<p data-start=\"3776\" data-end=\"3949\">De Elite K9 GM Drive Tube is vervaardigd uit duurzame materialen die geschikt zijn voor intensief professioneel gebruik, zowel binnen als buiten. Belangrijke kenmerken zijn:<\/p>\n<ul>\n<li data-start=\"3953\" data-end=\"4022\"><strong data-start=\"3953\" data-end=\"3977\">Robuuste constructie<\/strong> \u2014 bestand tegen dagelijks trainingsgebruik<\/li>\n<li data-start=\"4025\" data-end=\"4098\"><strong data-start=\"4025\" data-end=\"4051\">Lichtgewicht en mobiel<\/strong> \u2014 eenvoudig mee te nemen in trainingskoffers<\/li>\n<li data-start=\"4101\" data-end=\"4194\"><strong data-start=\"4101\" data-end=\"4135\">Compatibel met geurbronhouders<\/strong> \u2014 kan worden gebruikt met verschillende training inserts<\/li>\n<li data-start=\"4197\" data-end=\"4267\"><strong data-start=\"4197\" data-end=\"4222\">Eenvoudig te reinigen<\/strong> \u2014 onderhoudsvriendelijk bij herhaald gebruik<\/li>\n<\/ul>\n<p data-start=\"4269\" data-end=\"4371\">Het ontwerp is gericht op functionaliteit zonder concessies te doen aan duurzaamheid of gebruiksgemak.<\/p>\n<h4 data-start=\"4373\" data-end=\"4425\"><strong data-start=\"4376\" data-end=\"4425\">Waarom kiezen voor de Elite K9 GM Drive Tube?<\/strong><\/h4>\n<p data-start=\"4427\" data-end=\"4505\">De GM Drive Tube vormt een krachtig hulpmiddel voor trainers die streven naar:<\/p>\n<ul>\n<li data-start=\"4509\" data-end=\"4542\"><strong data-start=\"4509\" data-end=\"4540\">Effici\u00ebntere geurimprinting<\/strong><\/li>\n<li data-start=\"4545\" data-end=\"4578\"><strong data-start=\"4545\" data-end=\"4576\">Precisie in geurpresentatie<\/strong><\/li>\n<li data-start=\"4581\" data-end=\"4628\"><strong data-start=\"4581\" data-end=\"4626\">Verbetering van werkpatronen en zoekdrift<\/strong><\/li>\n<li data-start=\"4631\" data-end=\"4669\"><strong data-start=\"4631\" data-end=\"4667\">Objectieve training en evaluatie<\/strong><\/li>\n<li data-start=\"4672\" data-end=\"4717\"><strong data-start=\"4672\" data-end=\"4715\">Integratie met andere trainingssystemen<\/strong><\/li>\n<\/ul>\n<p data-start=\"4719\" data-end=\"4884\">Of je nu werkt met jonge honden in opleiding of ervaren operationele teams, de Elite K9 GM Drive Tube helpt om trainingsdoelen sneller en betrouwbaarder te bereiken.<\/p>\n<p data-start=\"4719\" data-end=\"4884\">\n<p data-start=\"4719\" data-end=\"4884\"><a href=\"https:\/\/www.morinfrance.com\/\" target=\"_blank\" rel=\"noopener\"><img loading=\"lazy\" decoding=\"async\" class=\"alignnone wp-image-148219 size-full\" title=\"K9 Detection Wall Kit for Dolfaction Wall\" src=\"https:\/\/dogpride.nl\/wp-content\/uploads\/logo-morin-2.png\" alt=\"K9 Detection Wall Kit for Dolfaction Wall\" width=\"190\" height=\"80\" srcset=\"https:\/\/dogpride.nl\/wp-content\/uploads\/logo-morin-2.png 190w, https:\/\/dogpride.nl\/wp-content\/uploads\/logo-morin-2-18x8.png 18w\" sizes=\"auto, (max-width: 190px) 100vw, 190px\" \/><\/a><\/p>","protected":false},"excerpt":{"rendered":"<p>Der <strong data-start=\"156\" data-end=\"182\">Elite K9 GM Drive Tube<\/strong> is een specialistisch trainingsaccessoire ontworpen voor professionele <strong data-start=\"254\" data-end=\"299\">K9-trainers, handlers en opleidingscentra<\/strong> die willen werken aan <strong data-start=\"322\" data-end=\"387\">geurgericht zoekgedrag, navigatievaardigheden en werkpatronen<\/strong> bij detectiehonden.<\/p>","protected":false},"featured_media":73815,"template":"","meta":[],"product_brand":[],"product_cat":[2879],"product_tag":[19774,19768,19764,19773,19766,19772,19769,19767,19777,19765,19776,19770,19775,18824,19771],"class_list":{"0":"post-73814","1":"product","2":"type-product","3":"status-publish","4":"has-post-thumbnail","6":"product_cat-detectie-trainingskit","7":"product_tag-detectiehond-geur-training-kit","8":"product_tag-detectiehond-trainingshulpmiddel","9":"product_tag-elite-k9-gm-drive-tube","10":"product_tag-geurbron-presentatie-apparatus","11":"product_tag-geurdetectie-tube","12":"product_tag-geurdiscriminatie-tube","13":"product_tag-geurimprint-training-tube","14":"product_tag-geurpresentatie-cilindrisch-systeem","15":"product_tag-geurtraining-evaluatie-tool","16":"product_tag-k9-drive-tube-training","17":"product_tag-k9-trainingsaccessoires","18":"product_tag-k9-werkpatroon-ontwikkeling","19":"product_tag-objectieve-trainingsmethoden","20":"product_tag-professionele-k9-training-equipment","21":"product_tag-scent-detection-training-aid","22":"product_shipping_class-vast-tarief-eu-overig","24":"first","25":"instock","26":"taxable","27":"shipping-taxable","28":"purchasable","29":"product-type-simple"},"mb":[],"mfb_rest_fields":["title"],"_links":{"self":[{"href":"https:\/\/dogpride.nl\/de\/wp-json\/wp\/v2\/product\/73814","targetHints":{"allow":["GET"]}}],"collection":[{"href":"https:\/\/dogpride.nl\/de\/wp-json\/wp\/v2\/product"}],"about":[{"href":"https:\/\/dogpride.nl\/de\/wp-json\/wp\/v2\/types\/product"}],"wp:featuredmedia":[{"embeddable":true,"href":"https:\/\/dogpride.nl\/de\/wp-json\/wp\/v2\/media\/73815"}],"wp:attachment":[{"href":"https:\/\/dogpride.nl\/de\/wp-json\/wp\/v2\/media?parent=73814"}],"wp:term":[{"taxonomy":"product_brand","embeddable":true,"href":"https:\/\/dogpride.nl\/de\/wp-json\/wp\/v2\/product_brand?post=73814"},{"taxonomy":"product_cat","embeddable":true,"href":"https:\/\/dogpride.nl\/de\/wp-json\/wp\/v2\/product_cat?post=73814"},{"taxonomy":"product_tag","embeddable":true,"href":"https:\/\/dogpride.nl\/de\/wp-json\/wp\/v2\/product_tag?post=73814"}],"curies":[{"name":"wp","href":"https:\/\/api.w.org\/{rel}","templated":true}]}}