{"id":73590,"date":"2021-09-17T15:54:55","date_gmt":"2021-09-17T13:54:55","guid":{"rendered":"https:\/\/dogpride1.wpengine.com\/?post_type=product&#038;p=73590"},"modified":"2025-12-02T17:42:23","modified_gmt":"2025-12-02T16:42:23","slug":"sigma-pseudo-corpse-scent-kit","status":"publish","type":"product","link":"https:\/\/dogpride.nl\/de\/sigma-pseudo-corpse-scent-kit\/","title":{"rendered":"SIGMA Pseudo Corpse Scent Kit"},"content":{"rendered":"<h4 class=\"txt-title-fichier\">SIGMA Pseudo Corpse Scent Kit<\/h4>\n<div id=\"\" class=\"\">\n<div id=\"CatDescribe\">\n<p>SIGMA Pseudo Corpse Scent Kit. De kit wordt geleverd met twee x 1ML-flacons. Sigma Pseudo\u2122 Cadavre Formulation 1 en twee 1ML-flacons Sigma Pseudo\u2122 Cadavre Formulation 2<\/p>\n<p>Produkte f\u00fcr Hundeteams, die auf die Leichenforschung spezialisiert sind.<\/p>\n<p>Bitte achten Sie darauf, die Unversehrtheit des Produkts sicherzustellen. Umtausch oder R\u00fcckgabe werden nicht akzeptiert.<\/p>\n<ul>\n<li><span class=\"goog-text-highlight\">Bei Raumtemperatur an einem k\u00fchlen und bel\u00fcfteten Ort lagern, der keinen \u00fcberm\u00e4\u00dfigen Temperaturschwankungen ausgesetzt ist<\/span><\/li>\n<\/ul>\n<p><a href=\"https:\/\/dogpride.nl\/de\/k9\/detectie\/detectie-geurstoffen\/sigma-geurstoffen\/\"><img loading=\"lazy\" decoding=\"async\" class=\"alignnone\" title=\"SIGMA Pseudo Corpse Scent Kit\" src=\"https:\/\/dogpride.nl\/wp-content\/uploads\/verybig-3685-1.jpg\" alt=\"SIGMA Pseudo Corpse Scent Kit\" width=\"161\" height=\"161\" \/><\/a><\/p>\n<h4 data-start=\"264\" data-end=\"299\">**SIGMA Pseudo Corpse Scent Kit<\/h4>\n<p data-start=\"300\" data-end=\"387\">Complete geurset voor professionele K9-training in het opsporen van menselijke resten**<\/p>\n<p data-start=\"389\" data-end=\"1080\">Der <strong data-start=\"392\" data-end=\"425\">SIGMA Pseudo Corpse Scent Kit<\/strong> is een complete, hoogwaardige trainingsset die bestaat uit verschillende synthetische geurprofielen die worden gebruikt om detectiehonden te trainen in het herkennen van menselijke resten in diverse omstandigheden. Deze kit is ontwikkeld voor professionele inzet binnen politie, forensische diensten, zoek- en reddingsorganisaties (SAR\/USAR), rampenbestrijding, waterzoekteams en gespecialiseerde K9-trainers.<br data-start=\"835\" data-end=\"838\" \/>De geurprofielen zijn gebaseerd op wetenschappelijk onderzoek naar decompositie en geurverspreiding, maar bevatten <strong data-start=\"953\" data-end=\"982\">geen biologisch materiaal<\/strong>. Hierdoor kunnen honden veilig en effectief trainen zonder juridische of hygi\u00ebnische beperkingen.<\/p>\n<p data-start=\"1082\" data-end=\"1322\">Of het nu gaat om situaties op land, in water, onder puin of in verborgen ruimtes: de SIGMA Pseudo Corpse Scent Kit biedt de juiste synthetische geurbronnen om realistische scenario\u2019s na te bootsen en honden voor te bereiden op echte inzet.<\/p>\n<hr data-start=\"1324\" data-end=\"1327\" \/>\n<h4 data-start=\"1329\" data-end=\"1389\"><strong data-start=\"1332\" data-end=\"1389\">Een complete set voor alle cadaver-detectiescenario\u2019s<\/strong><\/h4>\n<p data-start=\"1391\" data-end=\"1609\">De SIGMA Pseudo Corpse Scent Kit bevat meerdere geurcapsules die elk een ander fase- of omgevingsspecifiek geurprofiel vertegenwoordigen. Hierdoor is de set geschikt voor een breed spectrum aan inzetgebieden. Denk aan:<\/p>\n<ul data-start=\"1611\" data-end=\"2093\">\n<li data-start=\"1611\" data-end=\"1719\">\n<p data-start=\"1613\" data-end=\"1719\"><strong data-start=\"1613\" data-end=\"1659\">Geurprofielen van oppervlakkige ontbinding<\/strong><br data-start=\"1659\" data-end=\"1662\" \/>Voor training op land, in open gebieden en in gebouwen.<\/p>\n<\/li>\n<li data-start=\"1721\" data-end=\"1846\">\n<p data-start=\"1723\" data-end=\"1846\"><strong data-start=\"1723\" data-end=\"1766\">Geurprofielen van gevorderde ontbinding<\/strong><br data-start=\"1766\" data-end=\"1769\" \/>Ideaal voor forensische zoekacties waarbij langer vermisten worden gezocht.<\/p>\n<\/li>\n<li data-start=\"1848\" data-end=\"1984\">\n<p data-start=\"1850\" data-end=\"1984\"><strong data-start=\"1850\" data-end=\"1895\">Geurprofielen van verdronken slachtoffers<\/strong><br data-start=\"1895\" data-end=\"1898\" \/>Specifiek ontworpen voor waterzoekteams die geur detecteren boven wateroppervlakken.<\/p>\n<\/li>\n<li data-start=\"1986\" data-end=\"2093\">\n<p data-start=\"1988\" data-end=\"2093\"><strong data-start=\"1988\" data-end=\"2004\">Residugeuren<\/strong><br data-start=\"2004\" data-end=\"2007\" \/>Voor situaties waar minimale resten aanwezig zijn of waar geur subtiel verspreid is.<\/p>\n<\/li>\n<\/ul>\n<p data-start=\"2095\" data-end=\"2192\">Deze veelzijdigheid maakt de kit ideaal voor zowel basistraining als specialistische opleidingen.<\/p>\n<hr data-start=\"2194\" data-end=\"2197\" \/>\n<h4 data-start=\"2199\" data-end=\"2244\"><strong data-start=\"2202\" data-end=\"2244\">100% synthetisch, veilig en hygi\u00ebnisch<\/strong><\/h4>\n<p data-start=\"2246\" data-end=\"2425\">De SIGMA Pseudo Corpse Scent Kit bevat g\u00e9\u00e9n echte menselijke resten, geen pathogenen, geen botmateriaal en geen organische ontbindingsproducten.<br data-start=\"2390\" data-end=\"2393\" \/>Dit biedt belangrijke voordelen:<\/p>\n<ul>\n<li data-start=\"2429\" data-end=\"2453\">geen besmettingsrisico<\/li>\n<li data-start=\"2456\" data-end=\"2498\">geen strenge regelgeving of vergunningen<\/li>\n<li data-start=\"2501\" data-end=\"2544\">veilig voor hond, trainer en oefenlocatie<\/li>\n<li data-start=\"2547\" data-end=\"2586\">geen ethische of logistieke problemen<\/li>\n<li data-start=\"2589\" data-end=\"2636\">geurprofielen blijven stabiel en voorspelbaar<\/li>\n<\/ul>\n<p data-start=\"2638\" data-end=\"2785\">Hierdoor kan de kit gebruikt worden op trainingsvelden, in gebouwen, lesruimtes, oefenterreinen, rampgebieden, waterlocaties en indoorfaciliteiten.<\/p>\n<p data-start=\"2638\" data-end=\"2785\"><a href=\"https:\/\/dogpride.nl\/de\/k9\/detectie\/detectie-geurstoffen\/sigma-geurstoffen\/\"><img loading=\"lazy\" decoding=\"async\" class=\"alignnone\" title=\"SIGMA Pseudo Corpse Scent Kit\" src=\"https:\/\/dogpride.nl\/wp-content\/uploads\/verybig-3685-1.jpg\" alt=\"SIGMA Pseudo Corpse Scent Kit\" width=\"161\" height=\"161\" \/><\/a><\/p>\n<hr data-start=\"2787\" data-end=\"2790\" \/>\n<h4 data-start=\"2792\" data-end=\"2848\"><strong data-start=\"2795\" data-end=\"2848\">Constante geurkwaliteit voor betrouwbare training<\/strong><\/h4>\n<p data-start=\"2850\" data-end=\"2907\">Echte ontbindingsgeuren veranderen sterk afhankelijk van:<\/p>\n<ul>\n<li data-start=\"2911\" data-end=\"2924\">temperatuur<\/li>\n<li data-start=\"2927\" data-end=\"2934\">vocht<\/li>\n<li data-start=\"2937\" data-end=\"2943\">tijd<\/li>\n<li data-start=\"2946\" data-end=\"2958\">ondergrond<\/li>\n<li data-start=\"2961\" data-end=\"2980\">omgevingsfactoren<\/li>\n<\/ul>\n<p data-start=\"2982\" data-end=\"3069\">Met synthetische SIGMA-geuren blijft de geur altijd consistent, wat essentieel is voor:<\/p>\n<ul>\n<li data-start=\"3073\" data-end=\"3097\">betrouwbare leeropbouw<\/li>\n<li data-start=\"3100\" data-end=\"3123\">voorspelbare training<\/li>\n<li data-start=\"3126\" data-end=\"3153\">betere detectieresultaten<\/li>\n<li data-start=\"3156\" data-end=\"3186\">minder verwarring bij honden<\/li>\n<li data-start=\"3189\" data-end=\"3233\">uniforme trainingsstandaarden tussen teams<\/li>\n<\/ul>\n<p data-start=\"3235\" data-end=\"3371\">Professionele K9-eenheden vertrouwen daarom op SIGMA voor het trainen van Human Remains Detection (HRD)-honden op internationaal niveau.<\/p>\n<hr data-start=\"3373\" data-end=\"3376\" \/>\n<h4 data-start=\"3378\" data-end=\"3436\"><strong data-start=\"3381\" data-end=\"3436\">Eenvoudig te gebruiken voor realistische scenario\u2019s<\/strong><\/h4>\n<p data-start=\"3438\" data-end=\"3505\">De geurcapsules uit de SIGMA Pseudo Corpse Scent Kit kunnen worden:<\/p>\n<ul>\n<li data-start=\"3509\" data-end=\"3557\">verstopt in gebouwen, auto\u2019s, bossen of velden<\/li>\n<li data-start=\"3560\" data-end=\"3611\">gebruikt in puinstructuren en ingestorte gebouwen<\/li>\n<li data-start=\"3614\" data-end=\"3674\">ingezet bij watertraining (met daarvoor ontworpen dragers)<\/li>\n<li data-start=\"3677\" data-end=\"3732\">verborgen in objecten voor nauwkeurige zoekopdrachten<\/li>\n<li data-start=\"3735\" data-end=\"3794\">gebruikt bij langeafstand detectie vanaf oever of hoogtes<\/li>\n<\/ul>\n<p data-start=\"3796\" data-end=\"4013\">Trainers kunnen vari\u00ebren in moeilijkheidsgraad door te spelen met ventilatie, terreincomplexiteit, verstopdiepte en oppervlakteverspreiding. Hierdoor worden honden voorbereid op de meest uiteenlopende echte situaties.<\/p>\n<hr data-start=\"4015\" data-end=\"4018\" \/>\n<h4 data-start=\"4020\" data-end=\"4062\"><strong data-start=\"4023\" data-end=\"4062\">Geschikt voor iedere HRD-specialist<\/strong><\/h4>\n<p data-start=\"4064\" data-end=\"4117\">De SIGMA Pseudo Corpse Scent Kit wordt gebruikt door:<\/p>\n<ul>\n<li data-start=\"4121\" data-end=\"4151\">politie en forensische teams<\/li>\n<li data-start=\"4154\" data-end=\"4205\">rampenbestrijding en internationale reddingsteams<\/li>\n<li data-start=\"4208\" data-end=\"4244\">waterzoek- en bergingsspecialisten<\/li>\n<li data-start=\"4247\" data-end=\"4270\">SAR- en USAR-eenheden<\/li>\n<li data-start=\"4273\" data-end=\"4293\">K9-trainingscentra<\/li>\n<li data-start=\"4296\" data-end=\"4338\">particuliere professionele reddingsteams<\/li>\n<\/ul>\n<p data-start=\"4340\" data-end=\"4445\">De kit ondersteunt zowel beginnende honden als zeer ervaren HRD-K9\u2019s bij verfijning van hun vaardigheden.<\/p>\n<hr data-start=\"4447\" data-end=\"4450\" \/>\n<h4 data-start=\"4452\" data-end=\"4508\"><strong data-start=\"4455\" data-end=\"4508\">Waarom kiezen voor SIGMA Pseudo Corpse Scent Kit?<\/strong><\/h4>\n<ul>\n<li data-start=\"4512\" data-end=\"4563\">Complete set voor alle cadaver-detectiescenario\u2019s<\/li>\n<li data-start=\"4566\" data-end=\"4602\">Veilige synthetische geurprofielen<\/li>\n<li data-start=\"4605\" data-end=\"4641\">Langdurig houdbaar en zeer stabiel<\/li>\n<li data-start=\"4644\" data-end=\"4693\">Geschikt voor binnen-, buiten- en watertraining<\/li>\n<li data-start=\"4696\" data-end=\"4740\">Geen vergunningen of speciale opslag nodig<\/li>\n<li data-start=\"4743\" data-end=\"4779\">Eenvoudig en veelzijdig in gebruik<\/li>\n<li data-start=\"4782\" data-end=\"4829\">Ideaal voor intensieve professionele training<\/li>\n<\/ul>\n<p data-start=\"4831\" data-end=\"4981\">De SIGMA Pseudo Corpse Scent Kit is d\u00e9 standaard voor moderne HRD-detectiehondentraining, waar betrouwbaarheid, veiligheid en realisme centraal staan.<\/p>\n<p data-start=\"4831\" data-end=\"4981\">\n<\/div>\n<p data-start=\"4831\" data-end=\"4981\"><img loading=\"lazy\" decoding=\"async\" class=\"alignnone wp-image-147094 size-medium\" title=\"SIGMA Pseudo Corpse Scent Kit\" src=\"https:\/\/dogpride.nl\/wp-content\/uploads\/MERCK_MSIG_RGreen_RGB.jpg-650-300x150.webp\" alt=\"SIGMA Pseudo Corpse Scent Kit\" width=\"300\" height=\"150\" srcset=\"https:\/\/dogpride.nl\/wp-content\/uploads\/MERCK_MSIG_RGreen_RGB.jpg-650-300x150.webp 300w, https:\/\/dogpride.nl\/wp-content\/uploads\/MERCK_MSIG_RGreen_RGB.jpg-650-18x9.webp 18w, https:\/\/dogpride.nl\/wp-content\/uploads\/MERCK_MSIG_RGreen_RGB.jpg-650-250x125.webp 250w, https:\/\/dogpride.nl\/wp-content\/uploads\/MERCK_MSIG_RGreen_RGB.jpg-650-400x199.webp 400w, https:\/\/dogpride.nl\/wp-content\/uploads\/MERCK_MSIG_RGreen_RGB.jpg-650.webp 650w\" sizes=\"auto, (max-width: 300px) 100vw, 300px\" \/><\/p>\n<div id=\"CatDescribe\">\n<p>&nbsp;<\/p>\n<\/div>\n<\/div>\n<div><span style=\"color: #ffffff;\"><a style=\"color: #ffffff;\" href=\"https:\/\/www.sigmaaldrich.com\/NL\/en\/search\/psci-1kt?focus=products&amp;page=1&amp;perpage=30&amp;sort=relevance&amp;term=PSCI-1KT&amp;type=product\" target=\"_blank\" rel=\"noopener\">PSCI-1KT | Sigma-Aldrich<\/a><\/span><\/div>","protected":false},"excerpt":{"rendered":"<p>Der <strong data-start=\"392\" data-end=\"425\">SIGMA Pseudo Corpse Scent Kit<\/strong> is een complete, hoogwaardige trainingsset die bestaat uit verschillende synthetische geurprofielen die worden gebruikt om detectiehonden te trainen in het herkennen van menselijke resten in diverse omstandigheden.<\/p>","protected":false},"featured_media":73591,"template":"","meta":[],"product_brand":[],"product_cat":[4023],"product_tag":[16449,16453,3147,3148,16450,16458,16368,16448,16455,16457,3153,16459,16454,3228,16451,16447,16456,16446,16452,3151],"class_list":{"0":"post-73590","1":"product","2":"type-product","3":"status-publish","4":"has-post-thumbnail","6":"product_cat-sigma-geurstoffen","7":"product_tag-cadaver-training-scent","8":"product_tag-corpse-detection-dog-scent","9":"product_tag-detectie-geurstof","10":"product_tag-detectiehond","11":"product_tag-drowned-victim-scent","12":"product_tag-forensic-detection-dog-scent","13":"product_tag-hrd-dog-training-scent","14":"product_tag-human-remains-detection-scent-kit","15":"product_tag-human-remains-training-odor","16":"product_tag-k9-cadaver-scent-kit","17":"product_tag-lijk","18":"product_tag-professional-hrd-scent-kit","19":"product_tag-sar-search-dog-scent-kit","20":"product_tag-scent-detection","21":"product_tag-sigma-corpse-scent","22":"product_tag-sigma-hrd-scent","23":"product_tag-sigma-pseudo-corpse-odor","24":"product_tag-sigma-pseudo-corpse-scent-kit","25":"product_tag-synthetic-cadaver-odor","26":"product_tag-trainen","27":"product_shipping_class-vast-tarief-eu-overig","29":"first","30":"instock","31":"taxable","32":"shipping-taxable","33":"purchasable","34":"product-type-simple"},"mb":[],"mfb_rest_fields":["title"],"_links":{"self":[{"href":"https:\/\/dogpride.nl\/de\/wp-json\/wp\/v2\/product\/73590","targetHints":{"allow":["GET"]}}],"collection":[{"href":"https:\/\/dogpride.nl\/de\/wp-json\/wp\/v2\/product"}],"about":[{"href":"https:\/\/dogpride.nl\/de\/wp-json\/wp\/v2\/types\/product"}],"wp:featuredmedia":[{"embeddable":true,"href":"https:\/\/dogpride.nl\/de\/wp-json\/wp\/v2\/media\/73591"}],"wp:attachment":[{"href":"https:\/\/dogpride.nl\/de\/wp-json\/wp\/v2\/media?parent=73590"}],"wp:term":[{"taxonomy":"product_brand","embeddable":true,"href":"https:\/\/dogpride.nl\/de\/wp-json\/wp\/v2\/product_brand?post=73590"},{"taxonomy":"product_cat","embeddable":true,"href":"https:\/\/dogpride.nl\/de\/wp-json\/wp\/v2\/product_cat?post=73590"},{"taxonomy":"product_tag","embeddable":true,"href":"https:\/\/dogpride.nl\/de\/wp-json\/wp\/v2\/product_tag?post=73590"}],"curies":[{"name":"wp","href":"https:\/\/api.w.org\/{rel}","templated":true}]}}