{"id":73510,"date":"2021-09-17T10:27:28","date_gmt":"2021-09-17T08:27:28","guid":{"rendered":"https:\/\/dogpride1.wpengine.com\/?post_type=product&#038;p=73510"},"modified":"2025-11-26T16:41:58","modified_gmt":"2025-11-26T15:41:58","slug":"scentlogix-ammonium-nitrate-aid","status":"publish","type":"product","link":"https:\/\/dogpride.nl\/de\/scentlogix-ammonium-nitrate-aid\/","title":{"rendered":"SCENTLOGIX Ammonium Nitrate Aid"},"content":{"rendered":"<h4 class=\"txt-title-fichier\">SCENTLOGIX Ammonium Nitrate Aid<\/h4>\n<p><span class=\"\">SCENTLOGIX Ammonium Nitrate Aid<\/span><\/p>\n<p><span class=\"\"> ScentLogix-Produkte sind Produkte, die f\u00fcr die Ausbildung und Ausbildung von Sprengstoffsp\u00fcrhunden bestimmt sind.<\/span><\/p>\n<p>Die Marke ScentLogix bietet Produkte, die zuverl\u00e4ssig, sicher, inert und risikofrei in der Anwendung sind.<br \/>\nF\u00fcr die Aufbewahrung, Lagerung und den Transport ist keine Genehmigung erforderlich, diese Produkte k\u00f6nnen ohne Sicherheitseinschr\u00e4nkungen verwendet werden.<br \/>\nScent Logix ist der weltweit f\u00fchrende Hersteller von Trainingshilfen f\u00fcr TATP- und HMTD-Produkte.<br \/>\nDie ScentLogix-Kits werden von vielen Regierungsbeh\u00f6rden auf der ganzen Welt verwendet.<\/p>\n<p>Wenn Sie das Produkt nicht verwenden, empfiehlt es sich, es im K\u00fchl- oder Gefrierschrank aufzubewahren.<br \/>\n<span class=\"goog-text-highlight\">Das Produkt kann mehrere Tage au\u00dferhalb des Gefrierschranks bleiben, ohne dass es ver\u00e4ndert wird (Transport- und Nutzungsphase gem\u00e4\u00df Expl).<\/span><\/p>\n<h4><strong>Erh\u00e4ltlich als:<\/strong><\/h4>\n<ul>\n<li>Nachf\u00fcllung<\/li>\n<li>Duftset<\/li>\n<\/ul>\n<p><a href=\"https:\/\/dogpride.nl\/de\/k9\/detectie\/detectie-geurstoffen\/scentlogix-geurstoffen\/\"><img loading=\"lazy\" decoding=\"async\" class=\"alignnone wp-image-145128 size-thumbnail\" title=\"SCENTLOGIX Ammonium Nitrate Aid\" src=\"https:\/\/dogpride.nl\/wp-content\/uploads\/Ammonium-Nitrate-Aid-150x150.png\" alt=\"SCENTLOGIX Ammonium Nitrate Aid\" width=\"150\" height=\"150\" srcset=\"https:\/\/dogpride.nl\/wp-content\/uploads\/Ammonium-Nitrate-Aid-150x150.png 150w, https:\/\/dogpride.nl\/wp-content\/uploads\/Ammonium-Nitrate-Aid-300x300.png 300w, https:\/\/dogpride.nl\/wp-content\/uploads\/Ammonium-Nitrate-Aid-1024x1020.png 1024w, https:\/\/dogpride.nl\/wp-content\/uploads\/Ammonium-Nitrate-Aid-768x765.png 768w, https:\/\/dogpride.nl\/wp-content\/uploads\/Ammonium-Nitrate-Aid-12x12.png 12w, https:\/\/dogpride.nl\/wp-content\/uploads\/Ammonium-Nitrate-Aid-250x249.png 250w, https:\/\/dogpride.nl\/wp-content\/uploads\/Ammonium-Nitrate-Aid-400x398.png 400w, https:\/\/dogpride.nl\/wp-content\/uploads\/Ammonium-Nitrate-Aid-100x100.png 100w, https:\/\/dogpride.nl\/wp-content\/uploads\/Ammonium-Nitrate-Aid.png 1054w\" sizes=\"auto, (max-width: 150px) 100vw, 150px\" \/><\/a><\/p>\n<h4 data-start=\"192\" data-end=\"288\"><strong data-start=\"194\" data-end=\"288\">SCENTLOGIX Ammonium Nitrate Aid \u2013 Professionele trainingsgeur voor detectiehonden<\/strong><\/h4>\n<p data-start=\"290\" data-end=\"876\">Der <strong data-start=\"293\" data-end=\"337\">SCENTLOGIX Ammonium Nitrate Aid<\/strong> is een hoogwaardige en volledig veilige trainingsgeur die speciaal is ontworpen voor professionele K9-teams, beveiligingsdiensten en explosievendetectiespecialisten. Ammoniumnitraat wordt wereldwijd gebruikt als belangrijke oxidator in industri\u00eble toepassingen, maar komt ook veelvuldig voor in ge\u00efmproviseerde explosieven (HME\u2019s). Daarom is het essentieel dat detectiehonden worden getraind op een betrouwbare geurbron die het geurprofiel van ammoniumnitraat nauwkeurig simuleert, zonder het gevaar van daadwerkelijk explosief materiaal.<\/p>\n<p data-start=\"878\" data-end=\"1166\">SCENTLOGIX staat wereldwijd bekend om zijn wetenschappelijk ontwikkelde geurtechnologie en hoogwaardige trainingsproducten voor explosievendetectie. De Ammonium Nitrate variant behoort tot de meest gebruikte en meest betrouwbare geurreplica\u2019s binnen professionele K9-trainingsprogramma\u2019s.<\/p>\n<h4 data-start=\"1168\" data-end=\"1253\"><strong data-start=\"1171\" data-end=\"1253\">Wetenschappelijk ontwikkelde geurreplicatie \u2013 volledig veilig en non-explosief<\/strong><\/h4>\n<p data-start=\"1255\" data-end=\"1626\">Der <strong data-start=\"4894\" data-end=\"4938\">SCENTLOGIX Ammonium Nitrate Aid<\/strong> bevat geen echte explosieve componenten. In plaats van te werken met risicovolle stoffen, maakt SCENTLOGIX gebruik van geavanceerde <strong data-start=\"1422\" data-end=\"1453\">moleculaire geurtechnologie<\/strong> die het volledige geurprofiel van ammoniumnitraat reproduceert. Deze methode bootst de vluchtige componenten exact na die honden in echte situaties moeten kunnen herkennen.<\/p>\n<p data-start=\"1628\" data-end=\"1671\">Dankzij deze benadering is de training aid:<\/p>\n<ul>\n<li data-start=\"1675\" data-end=\"1711\">Veilig voor mens, dier en omgeving<\/li>\n<li data-start=\"1714\" data-end=\"1766\">Niet-explosief en vrij van gevaarlijke chemicali\u00ebn<\/li>\n<li data-start=\"1769\" data-end=\"1817\">Eenvoudig te transporteren zonder vergunningen<\/li>\n<li data-start=\"1820\" data-end=\"1879\">Geschikt voor gebruik in vrijwel elke trainingsfaciliteit<\/li>\n<\/ul>\n<p data-start=\"1881\" data-end=\"2026\">Trainers genieten van de voordelen van realistische geurtraining zonder de risico\u2019s van het hanteren, opslaan of vervoeren van echte chemicali\u00ebn.<\/p>\n<h4 data-start=\"2028\" data-end=\"2096\"><strong data-start=\"2031\" data-end=\"2096\">Onmisbaar voor K9-teams die HME-componenten moeten detecteren<\/strong><\/h4>\n<p data-start=\"2098\" data-end=\"2385\">Ammoniumnitraat is een van de meest voorkomende oxidatoren in het spectrum van zelfgemaakte explosieven. Daarom is het trainen van honden met een accurate geurbron cruciaal om operationele effectiviteit te waarborgen. De <strong data-start=\"2319\" data-end=\"2354\">SCENTLOGIX Ammonium Nitrate Aid<\/strong> wordt wereldwijd ingezet door:<\/p>\n<ul>\n<li data-start=\"2389\" data-end=\"2417\">Politie- en douanediensten<\/li>\n<li data-start=\"2420\" data-end=\"2446\">EOD-eenheden en defensie<\/li>\n<li data-start=\"2449\" data-end=\"2472\">Luchthavenbeveiliging<\/li>\n<li data-start=\"2475\" data-end=\"2511\">Particuliere beveiligingsbedrijven<\/li>\n<li data-start=\"2514\" data-end=\"2549\">Professionele K9-opleidingscentra<\/li>\n<\/ul>\n<p data-start=\"2551\" data-end=\"2693\">De training aid is geschikt voor alle niveaus, van puppy imprinting tot gevorderde scenariotrainingen in realistische operationele omgevingen.<\/p>\n<h4 data-start=\"2695\" data-end=\"2737\"><strong data-start=\"2698\" data-end=\"2737\">Constante en langdurige geurafgifte<\/strong><\/h4>\n<p data-start=\"2739\" data-end=\"2891\">SCENTLOGIX staat bekend om zijn uitstekende geurconsistentie en de lange levensduur van zijn trainingsproducten. De <strong data-start=\"4894\" data-end=\"4938\">SCENTLOGIX Ammonium Nitrate Aid<\/strong> biedt:<\/p>\n<ul>\n<li data-start=\"2895\" data-end=\"2931\">Een langdurige actieve geurafgifte<\/li>\n<li data-start=\"2934\" data-end=\"2986\">Minimale geurvervaging, zelfs na intensief gebruik<\/li>\n<li data-start=\"2989\" data-end=\"3050\">Stabiele prestaties onder uiteenlopende weersomstandigheden<\/li>\n<li data-start=\"3053\" data-end=\"3109\">Hoge kosteneffici\u00ebntie doordat de unit herbruikbaar is<\/li>\n<\/ul>\n<p data-start=\"3111\" data-end=\"3257\">Of de training nu plaatsvindt in een kleine indoor trainingsruimte of in een groot buitenterrein, de geurprestatie blijft constant en betrouwbaar.<\/p>\n<p data-start=\"3111\" data-end=\"3257\"><img loading=\"lazy\" decoding=\"async\" class=\"alignnone wp-image-145129 size-thumbnail\" title=\"SCENTLOGIX Ammonium Nitrate Aid\" src=\"https:\/\/dogpride.nl\/wp-content\/uploads\/Amonio_doble-150x150.png\" alt=\"SCENTLOGIX Ammonium Nitrate Aid\" width=\"150\" height=\"150\" srcset=\"https:\/\/dogpride.nl\/wp-content\/uploads\/Amonio_doble-150x150.png 150w, https:\/\/dogpride.nl\/wp-content\/uploads\/Amonio_doble-300x300.png 300w, https:\/\/dogpride.nl\/wp-content\/uploads\/Amonio_doble-1024x1024.png 1024w, https:\/\/dogpride.nl\/wp-content\/uploads\/Amonio_doble-768x768.png 768w, https:\/\/dogpride.nl\/wp-content\/uploads\/Amonio_doble-12x12.png 12w, https:\/\/dogpride.nl\/wp-content\/uploads\/Amonio_doble-250x250.png 250w, https:\/\/dogpride.nl\/wp-content\/uploads\/Amonio_doble-400x400.png 400w, https:\/\/dogpride.nl\/wp-content\/uploads\/Amonio_doble-100x100.png 100w, https:\/\/dogpride.nl\/wp-content\/uploads\/Amonio_doble.png 1200w\" sizes=\"auto, (max-width: 150px) 100vw, 150px\" \/><\/p>\n<h4 data-start=\"3259\" data-end=\"3309\"><strong data-start=\"3262\" data-end=\"3309\">Flexibel inzetbaar in elk trainingsscenario<\/strong><\/h4>\n<p data-start=\"3311\" data-end=\"3484\">Elke <strong data-start=\"4894\" data-end=\"4938\">SCENTLOGIX Ammonium Nitrate Aid<\/strong> is compact, gebruiksklaar en ontworpen om flexibel te worden gebruikt in diverse trainingsopstellingen. Plaats de geurbron eenvoudig in:<\/p>\n<ul>\n<li data-start=\"3488\" data-end=\"3523\">Rugzakken, koffers en sporttassen<\/li>\n<li data-start=\"3526\" data-end=\"3553\">Voertuigen en laadruimtes<\/li>\n<li data-start=\"3556\" data-end=\"3590\">Opslagruimtes, kasten of lockers<\/li>\n<li data-start=\"3593\" data-end=\"3629\">Detectiepijpen en trainingstunnels<\/li>\n<li data-start=\"3632\" data-end=\"3672\">Buitenterreinen en stedelijke locaties<\/li>\n<\/ul>\n<p data-start=\"3674\" data-end=\"3852\">Doordat de geur zich goed verspreidt, kunnen honden effectief worden getraind in realistische scenario\u2019s die vergelijkbaar zijn met situaties die ze in het echte werk tegenkomen.<\/p>\n<h4 data-start=\"3854\" data-end=\"3918\"><strong data-start=\"3857\" data-end=\"3918\">Veilig, wetenschappelijk gevalideerd en wereldwijd erkend<\/strong><\/h4>\n<p data-start=\"3920\" data-end=\"4096\">Alle SCENTLOGIX-producten worden geproduceerd op basis van uitgebreid geuronderzoek en voldoen aan strenge internationale kwaliteitsnormen. De Ammonium Nitrate Training Aid is:<\/p>\n<ul>\n<li data-start=\"4100\" data-end=\"4132\">Veilig voor honden en trainers<\/li>\n<li data-start=\"4135\" data-end=\"4179\">Vrij van explosieve of gevaarlijke stoffen<\/li>\n<li data-start=\"4182\" data-end=\"4226\">Geschikt voor gebruik in publieke locaties<\/li>\n<li data-start=\"4229\" data-end=\"4292\">Wetenschappelijk gevalideerd voor realistische geurreplicatie<\/li>\n<\/ul>\n<p data-start=\"4294\" data-end=\"4463\">Professionele organisaties over de hele wereld vertrouwen op SCENTLOGIX omdat het merk bekend staat om zijn constante kwaliteit, betrouwbaarheid en technische innovatie.<\/p>\n<h4 data-start=\"4465\" data-end=\"4532\"><strong data-start=\"4468\" data-end=\"4532\">Waarom kiezen voor SCENTLOGIX Ammonium Nitrate Aid?<\/strong><\/h4>\n<ul>\n<li data-start=\"4536\" data-end=\"4582\">Realistische geurreplica van ammoniumnitraat<\/li>\n<li data-start=\"4585\" data-end=\"4634\">Volledig veilig, non-hazardous en non-explosief<\/li>\n<li data-start=\"4637\" data-end=\"4684\">Ideaal voor HME-detectietraining bij K9-teams<\/li>\n<li data-start=\"4687\" data-end=\"4732\">Consistente geurafgifte en lange levensduur<\/li>\n<li data-start=\"4735\" data-end=\"4778\">Geschikt voor binnen- en buitentrainingen<\/li>\n<li data-start=\"4781\" data-end=\"4838\">Wereldwijd gebruikt in politie, defensie en beveiliging<\/li>\n<li data-start=\"4841\" data-end=\"4885\">Direct inzetbaar en eenvoudig te gebruiken<\/li>\n<\/ul>\n<p data-start=\"4887\" data-end=\"5186\">Mit dem <strong data-start=\"4894\" data-end=\"4938\">SCENTLOGIX Ammonium Nitrate Aid<\/strong> kies je voor een professionele, veilige en uiterst effectieve geurbron die essentieel is voor het trainen van detectiehonden op ammoniumnitraat. Perfect voor teams die streven naar het hoogste niveau van betrouwbaarheid en operationele gereedheid.<\/p>\n<p data-start=\"4887\" data-end=\"5186\"><a href=\"https:\/\/scentlogix.com\/s\/\" target=\"_blank\" rel=\"noopener\"><img loading=\"lazy\" decoding=\"async\" class=\"alignnone\" title=\"SCENTLOGIX Ammonium Nitrate Training Aid\" src=\"https:\/\/dogpride.nl\/wp-content\/uploads\/ScentLogix-logo-1.jpg\" alt=\"SCENTLOGIX Ammonium Nitrate Training Aid\" width=\"292\" height=\"89\" \/><\/a><\/p>","protected":false},"excerpt":{"rendered":"<p class=\"txt-title-fichier\">Der <strong data-start=\"293\" data-end=\"337\">SCENTLOGIX Ammonium Nitrate Aid<\/strong> is een hoogwaardige en volledig veilige trainingsgeur die speciaal is ontworpen voor professionele K9-teams, beveiligingsdiensten en explosievendetectiespecialisten.<\/p>","protected":false},"featured_media":145128,"template":"","meta":[],"product_brand":[],"product_cat":[4011],"product_tag":[14976,14969,3245,14970,14975,14979,3147,3148,14890,3235,3230,14660,14977,14974,14886,14971,10848,14972,3240,14899,14933,14973,3228,3252,14968,12062,3243,3229,14978,3232,14930],"class_list":{"0":"post-73510","1":"product","2":"type-product","3":"status-publish","4":"has-post-thumbnail","6":"product_cat-scentlogix-geurstoffen","7":"product_tag-ammonium-nitrate-detection-aid","8":"product_tag-ammonium-nitrate-geurtraining","9":"product_tag-ammoniumnitraat","10":"product_tag-ammoniumnitraat-detectiehond","11":"product_tag-ammoniumnitraat-geurbron","12":"product_tag-ammoniumnitraat-k9-opleiding","13":"product_tag-detectie-geurstof","14":"product_tag-detectiehond","15":"product_tag-detectiehond-hme-training","16":"product_tag-detectietraining","17":"product_tag-explosievendetectie","18":"product_tag-explosievenhond-training","19":"product_tag-geurreplica-oxidator-training","20":"product_tag-geurset-explosieven-training","21":"product_tag-hme-trainingsgeur","22":"product_tag-k9-ammonium-nitrate-training","23":"product_tag-k9-explosievendetectie","24":"product_tag-non-explosieve-geurbron","25":"product_tag-nosework","26":"product_tag-oxidator-detectie-training","27":"product_tag-professionele-k9-training-aids","28":"product_tag-realistische-ammoniumnitraat-geurreplica","29":"product_tag-scent-detection","30":"product_tag-scentlogix","31":"product_tag-scentlogix-ammonium-nitrate-training-aid","32":"product_tag-scentlogix-nederland","33":"product_tag-simulatiemiddel","34":"product_tag-sniffer-dogs","35":"product_tag-trainingsmateriaal-detectiehond","36":"product_tag-trainingssimulant","37":"product_tag-veilige-trainingsgeur-explosieven","38":"product_shipping_class-groot-pakket","40":"first","41":"instock","42":"taxable","43":"shipping-taxable","44":"purchasable","45":"product-type-variable"},"mb":[],"mfb_rest_fields":["title"],"_links":{"self":[{"href":"https:\/\/dogpride.nl\/de\/wp-json\/wp\/v2\/product\/73510","targetHints":{"allow":["GET"]}}],"collection":[{"href":"https:\/\/dogpride.nl\/de\/wp-json\/wp\/v2\/product"}],"about":[{"href":"https:\/\/dogpride.nl\/de\/wp-json\/wp\/v2\/types\/product"}],"wp:featuredmedia":[{"embeddable":true,"href":"https:\/\/dogpride.nl\/de\/wp-json\/wp\/v2\/media\/145128"}],"wp:attachment":[{"href":"https:\/\/dogpride.nl\/de\/wp-json\/wp\/v2\/media?parent=73510"}],"wp:term":[{"taxonomy":"product_brand","embeddable":true,"href":"https:\/\/dogpride.nl\/de\/wp-json\/wp\/v2\/product_brand?post=73510"},{"taxonomy":"product_cat","embeddable":true,"href":"https:\/\/dogpride.nl\/de\/wp-json\/wp\/v2\/product_cat?post=73510"},{"taxonomy":"product_tag","embeddable":true,"href":"https:\/\/dogpride.nl\/de\/wp-json\/wp\/v2\/product_tag?post=73510"}],"curies":[{"name":"wp","href":"https:\/\/api.w.org\/{rel}","templated":true}]}}