{"id":73490,"date":"2021-09-16T17:21:32","date_gmt":"2021-09-16T15:21:32","guid":{"rendered":"https:\/\/dogpride1.wpengine.com\/?post_type=product&#038;p=73490"},"modified":"2025-12-22T12:17:05","modified_gmt":"2025-12-22T11:17:05","slug":"precision-explosives-potassium-chlorate","status":"publish","type":"product","link":"https:\/\/dogpride.nl\/de\/precision-explosives-potassium-chlorate\/","title":{"rendered":"PRECISION Explosives Potassium Chlorate"},"content":{"rendered":"<h4 class=\"txt-title-fichier\">PRECISION Explosives Potassium Chlorate<\/h4>\n<p><span class=\"\">PRECISION Explosives Potassium Chlorate. Deze fabrikant gebruikt het geurdrukproces om een \u200b\u200bhoog kwaliteitsniveau te garanderen.<\/span><\/p>\n<p>Es handelt sich um ein System zur Impr\u00e4gnierung des echten Dufts des Produkts und nicht um einen Pseudoduft.<\/p>\n<p>Die Produkte von Precision Explosives werden in den USA hergestellt und bieten Trainingshilfen f\u00fcr Sprengstoffsp\u00fcrhunde.<br \/>\nSie erm\u00f6glichen Spezialeinheiten den Zugang zu echten explosiven Ger\u00fcchen ohne Explosionsgefahr.<\/p>\n<p>F\u00fcr diese Art von Produkten ist keine Lagergenehmigung, keine Transportbeschr\u00e4nkungen oder besondere Lagerbeschr\u00e4nkungen f\u00fcr die Einheiten erforderlich.<\/p>\n<p>Die Precision Explosives-Produkte sind daher f\u00fcr alle Arten von Training praktisch einsetzbar. Der Herstellungsprozess von Precision Explosives garantiert einen h\u00f6heren Geruchsdruck als einige echte Sprengstoffe.<\/p>\n<p>Im wiederverschlie\u00dfbaren Mylar-Beutel aufbewahren. Solange Sie diesen Beutel nicht ge\u00f6ffnet haben, ist die Haltbarkeit unbegrenzt. Der Beutel minimiert den freien Raum um das Produkt herum und verhindert die Verdunstung von Ger\u00fcchen. Der Beutel sorgt au\u00dferdem daf\u00fcr, dass das Produkt nicht von au\u00dfen verunreinigt wird.<\/p>\n<p>Es wird empfohlen, das Produkt mit puderfreien Nitrilhandschuhen zu entfernen und zu handhaben, um eine Kontamination des Menschen zu vermeiden.<br \/>\nDie Haltbarkeit des Produkts nach Gebrauch h\u00e4ngt von der Handhabung und Lagerung ab. Dies kann zwischen etwa 4 und 6 Monaten variieren. Ein k\u00fcrzlich in den USA durchgef\u00fchrter Labortest ergab, dass auf einem gebrauchten Druck, der 4 Monate alt war, nur der Kabelgeruch vorhanden war. Die betreffende Probe wurde in Schulungen eingesetzt und von mehreren Personen unter Beachtung der Handhabungs- und Lagerungshinweise gehandhabt.<\/p>\n<p>Der Geruchseindruck entsteht durch die Versiegelung des Filtermediums zwischen zwei vernieteten Aluminiumscheiben. Dabei wird kein Klebstoff verwendet und der Zusammenbau erfolgt von Hand in einer Laborumgebung, wobei alle notwendigen Vorsichtsma\u00dfnahmen getroffen werden, um jegliches Risiko einer Kontamination w\u00e4hrend der Herstellung zu vermeiden.<\/p>\n<ul>\n<li><strong>Technische Daten:<\/strong><\/li>\n<\/ul>\n<p>Abmessungen: Durchmesser 7,6 cm, Dicke 0,635 cm.<\/p>\n<p>Materialien: Filtermedien in Laborqualit\u00e4t, 2 Aluminium-Schutzschichten, die mit Nieten befestigt und in der Mylar-H\u00fclle aufbewahrt werden.<\/p>\n<p>Duft: Wirklich explosiv, verarbeitet in einem patentierten Verfahren<\/p>\n<p>Kontingent: unbegrenzt, solange Sie die Tasche nicht ge\u00f6ffnet haben. Dann etwa 4 bis 6 Monate, sobald das Produkt ge\u00f6ffnet und zum Training verwendet wird. Eine K\u00fchlung ist nicht erforderlich, aber eine kalte Temperatur ohne direkte Sonneneinstrahlung verl\u00e4ngert die Haltbarkeit.<\/p>\n<p>\u00c4quivalentes Sprengstoffgewicht: Der verf\u00fcgbare Geruch basiert auf der exponierten Fl\u00e4che und nicht auf dem vorhandenen Gesamtgewicht.<\/p>\n<p>Anwendungen: Die Aluminiumscheibe sollte in einem Nylon-, Cordura- oder anderen Beuteltyp, wie z. B. den von uns verkauften, untergebracht werden.\u00a0<span class=\"goog-text-highlight\">Der Beutel sollte als st\u00f6rende Unterst\u00fctzung w\u00e4hrend der Trainingsphase verwendet werden.<\/span><\/p>\n<p>&nbsp;<\/p>\n<p><a href=\"https:\/\/dogpride.nl\/de\/k9\/detectie\/detectie-geurstoffen\/precision-geurstoffen\/\"><img loading=\"lazy\" decoding=\"async\" class=\"alignnone\" title=\"PRECISION Explosives - Potassium Chlorate\" src=\"https:\/\/dogpride.nl\/wp-content\/uploads\/Kali.jpg\" alt=\"PRECISION Explosives - Potassium Chlorate\" width=\"131\" height=\"131\" \/><\/a><\/p>\n<h4 data-start=\"390\" data-end=\"497\"><strong data-start=\"392\" data-end=\"497\">PRECISION Explosives Potassium Chlorate: veilige geurmaterialen voor professionele detectietraining<\/strong><\/h4>\n<p data-start=\"499\" data-end=\"981\">Binnen de veiligheidssector is het essentieel om betrouwbare en veilige trainingsmaterialen te gebruiken voor het opsporen van explosieve stoffen. <strong data-start=\"646\" data-end=\"691\">PRECISION Explosives &#8211; Potassium Chlorate<\/strong> biedt een gecontroleerd en wetenschappelijk ontwikkeld geurprofiel dat speciaal is ontworpen voor K9-training, detectiesystemen en forensische opleidingsomgevingen. Hierdoor kunnen professionals explosieven detecteren zonder ooit met echte gevaarlijke stoffen in aanraking te hoeven komen.<\/p>\n<p data-start=\"983\" data-end=\"1343\">Potassium chlorate is in de veiligheidswereld een bekende component die regelmatig wordt aangetroffen in zelfgemaakte explosieven (HME\u2019s). Juist om die reden moeten K9-teams goed worden getraind om de geursporen ervan te herkennen. De oplossingen van PRECISION Explosives maken dit mogelijk op een <strong data-start=\"1281\" data-end=\"1335\">volledig veilige, stabiele en wettelijk toegestane<\/strong> manier.<\/p>\n<hr data-start=\"1345\" data-end=\"1348\" \/>\n<h4 data-start=\"1350\" data-end=\"1406\"><strong data-start=\"1353\" data-end=\"1406\">Wat is PRECISION Explosives Potassium Chlorate?<\/strong><\/h4>\n<p data-start=\"1408\" data-end=\"1742\">PRECISION Explosives ontwikkelt gecontroleerde, veilige geurmaterialen die speciaal zijn ontworpen voor detectiehonden en sensortechnologie. De versie voor <strong data-start=\"1564\" data-end=\"1586\">Potassium Chlorate<\/strong> bevat <strong data-start=\"1593\" data-end=\"1620\">g\u00e9\u00e9n explosieve stoffen<\/strong>, maar reproduceert alleen de relevante geurcomponenten die nodig zijn om detectiedieren en systemen effectief te trainen.<\/p>\n<p data-start=\"1744\" data-end=\"1799\">Professionals kiezen voor deze geurmaterialen omdat ze:<\/p>\n<ul>\n<li data-start=\"1803\" data-end=\"1836\"><strong data-start=\"1803\" data-end=\"1829\">volledig non-hazardous<\/strong> zijn<\/li>\n<li data-start=\"1839\" data-end=\"1891\"><strong data-start=\"1839\" data-end=\"1869\">laboratorium-gecontroleerd<\/strong> worden geproduceerd<\/li>\n<li data-start=\"1894\" data-end=\"1935\"><strong data-start=\"1894\" data-end=\"1933\">consistent zijn van batch tot batch<\/strong><\/li>\n<li data-start=\"1938\" data-end=\"1982\"><strong data-start=\"1938\" data-end=\"1980\">veilig te transporteren en op te slaan<\/strong><\/li>\n<li data-start=\"1985\" data-end=\"2049\"><strong data-start=\"1985\" data-end=\"2047\">perfect geschikt zijn voor K9-training en sensorkalibratie<\/strong><\/li>\n<\/ul>\n<hr data-start=\"2051\" data-end=\"2054\" \/>\n<h4 data-start=\"2056\" data-end=\"2111\"><strong data-start=\"2059\" data-end=\"2111\">Waarom Potassium Chlorate-detectie belangrijk is<\/strong><\/h4>\n<p data-start=\"2113\" data-end=\"2353\">Potassium chlorate is een chemische stof die in diverse illegale explosiefmengsels kan voorkomen. Hoewel het in de industrie ook legale toepassingen kent, wordt het in de veiligheidssector vooral bestudeerd als geurcomponent voor opsporing.<\/p>\n<p data-start=\"2355\" data-end=\"2412\">Von <strong data-start=\"2359\" data-end=\"2404\">PRECISION Explosives Potassium Chlorate<\/strong> kunnen:<\/p>\n<ul>\n<li data-start=\"2416\" data-end=\"2429\">douaneteams<\/li>\n<li data-start=\"2432\" data-end=\"2464\">politie- en militaire eenheden<\/li>\n<li data-start=\"2467\" data-end=\"2492\">forensische laboratoria<\/li>\n<li data-start=\"2495\" data-end=\"2517\">beveiligingsdiensten<\/li>\n<li data-start=\"2520\" data-end=\"2541\">K9-opleidingscentra<\/li>\n<\/ul>\n<p data-start=\"2543\" data-end=\"2626\">hun detectiestrategie\u00ebn trainen zonder dat er echte gevaarlijke stoffen nodig zijn.<\/p>\n<p data-start=\"2628\" data-end=\"2801\">De geurmaterialen vormen een realistische basis voor detectie, maar zonder de risico\u2019s die gepaard gaan met het gebruik van daadwerkelijke oxidatoren of explosieve mengsels.<\/p>\n<hr data-start=\"2803\" data-end=\"2806\" \/>\n<h4 data-start=\"2808\" data-end=\"2858\"><strong data-start=\"2811\" data-end=\"2858\">Voordelen voor K9-teams en detectiesystemen<\/strong><\/h4>\n<h4 data-start=\"2860\" data-end=\"2892\"><strong data-start=\"2864\" data-end=\"2890\">1. Maximale veiligheid<\/strong><\/h4>\n<p data-start=\"2893\" data-end=\"3007\">Er komt geen echte stof aan te pas. Het product is volledig veilig voor instructeurs, honden en trainingslocaties.<\/p>\n<h4 data-start=\"3009\" data-end=\"3047\"><strong data-start=\"3013\" data-end=\"3045\">2. Reproduceerbare kwaliteit<\/strong><\/h4>\n<p data-start=\"3048\" data-end=\"3148\">De geurprofielen blijven identiek, waardoor K9-teams consistente trainingsresultaten kunnen behalen.<\/p>\n<h4 data-start=\"3150\" data-end=\"3192\"><strong data-start=\"3154\" data-end=\"3190\">3. Realistische detectietraining<\/strong><\/h4>\n<p data-start=\"3193\" data-end=\"3283\">Geurcomponenten die in forensische context relevant zijn, worden natuurgetrouw nagebootst.<\/p>\n<h4 data-start=\"3285\" data-end=\"3330\"><strong data-start=\"3289\" data-end=\"3328\">4. Compatibel met sensortechnologie<\/strong><\/h4>\n<p data-start=\"3331\" data-end=\"3395\">PRECISION Explosives Potassium Chlorate wordt gebruikt voor:<\/p>\n<ul>\n<li data-start=\"3398\" data-end=\"3445\">kalibratie van elektronische detectiesensoren<\/li>\n<li data-start=\"3448\" data-end=\"3499\">testopstellingen voor chemische analyseapparatuur<\/li>\n<li data-start=\"3502\" data-end=\"3547\">trainingssimulaties in beveiligingsomgevingen<\/li>\n<\/ul>\n<h4 data-start=\"3549\" data-end=\"3588\"><strong data-start=\"3553\" data-end=\"3586\">5. Eenvoudig te implementeren<\/strong><\/h4>\n<p data-start=\"3589\" data-end=\"3712\">De materialen zijn lichtgewicht, non-hazardous en ideaal voor mobiele trainingsunits, oefenterreinen en indoorfaciliteiten.<\/p>\n<p data-start=\"3589\" data-end=\"3712\"><img loading=\"lazy\" decoding=\"async\" class=\"alignnone\" title=\"PRECISION Explosives - Potassium Chlorate\" src=\"https:\/\/dogpride.nl\/wp-content\/uploads\/Kali.jpg\" alt=\"PRECISION Explosives - Potassium Chlorate\" width=\"150\" height=\"150\" \/><\/p>\n<hr data-start=\"3714\" data-end=\"3717\" \/>\n<h4 data-start=\"3719\" data-end=\"3784\"><strong data-start=\"3722\" data-end=\"3784\">Toepassingen van PRECISION Explosives Potassium Chlorate<\/strong><\/h4>\n<p data-start=\"3786\" data-end=\"3833\">Professionals zetten de geurmaterialen in voor:<\/p>\n<ul>\n<li data-start=\"3837\" data-end=\"3858\">K9-hercertificering<\/li>\n<li data-start=\"3861\" data-end=\"3927\">realistische oefenopstellingen in voertuigen, gebouwen en bagage<\/li>\n<li data-start=\"3930\" data-end=\"3992\">training in HME-detectie (Home-Made Explosive odor profiles)<\/li>\n<li data-start=\"3995\" data-end=\"4045\">verificatie en kalibratie van detectieapparatuur<\/li>\n<li data-start=\"4048\" data-end=\"4082\">forensische trainingsprogramma\u2019s<\/li>\n<\/ul>\n<p data-start=\"4084\" data-end=\"4245\">Omdat het product geen explosieve werking heeft, zijn transport, opslag en gebruik eenvoudig en veilig \u2014 zonder speciale vergunningen of beveiligde faciliteiten.<\/p>\n<hr data-start=\"4247\" data-end=\"4250\" \/>\n<h4 data-start=\"4252\" data-end=\"4268\"><strong data-start=\"4255\" data-end=\"4268\">Conclusie<\/strong><\/h4>\n<p data-start=\"4270\" data-end=\"4634\"><strong data-start=\"4270\" data-end=\"4315\">PRECISION Explosives Potassium Chlorate<\/strong> biedt een vooruitstrevende, veilige en wetenschappelijk onderbouwde methode om explosievengerelateerde geurcomponenten te trainen zonder risico\u2019s. Voor K9-teams, douane, politie en detectietechnologie vormt dit geurmateriaal een betrouwbare basis voor professionele opleiding, certificering en operationele gereedheid.<\/p>\n<p data-start=\"4270\" data-end=\"4634\"><a href=\"https:\/\/www.pre-exp.com\/\" target=\"_blank\" rel=\"noopener\"><img loading=\"lazy\" decoding=\"async\" class=\"alignnone wp-image-145806 size-full\" title=\"PRECISION Explosives - Potassium Chlorate\" src=\"https:\/\/dogpride.nl\/wp-content\/uploads\/Logo-9.jpg\" alt=\"PRECISION Explosives - Potassium Chlorate\" width=\"124\" height=\"91\" srcset=\"https:\/\/dogpride.nl\/wp-content\/uploads\/Logo-9.jpg 124w, https:\/\/dogpride.nl\/wp-content\/uploads\/Logo-9-16x12.jpg 16w\" sizes=\"auto, (max-width: 124px) 100vw, 124px\" \/><\/a><\/p>","protected":false},"excerpt":{"rendered":"<p class=\"txt-title-fichier\"><strong data-start=\"646\" data-end=\"691\">PRECISION Explosives Potassium Chlorate<\/strong> biedt een gecontroleerd en wetenschappelijk ontwikkeld geurprofiel dat speciaal is ontworpen voor K9-training, detectiesystemen en forensische opleidingsomgevingen.<\/p>","protected":false},"featured_media":73491,"template":"","meta":[],"product_brand":[],"product_cat":[4021],"product_tag":[3147,3148,3235,3230,3254,3240,3259,3228,3243,3229,3232],"class_list":{"0":"post-73490","1":"product","2":"type-product","3":"status-publish","4":"has-post-thumbnail","6":"product_cat-precision-geurstoffen","7":"product_tag-detectie-geurstof","8":"product_tag-detectiehond","9":"product_tag-detectietraining","10":"product_tag-explosievendetectie","11":"product_tag-kaliumchloraat","12":"product_tag-nosework","13":"product_tag-precision-explosives","14":"product_tag-scent-detection","15":"product_tag-simulatiemiddel","16":"product_tag-sniffer-dogs","17":"product_tag-trainingssimulant","19":"first","20":"instock","21":"taxable","22":"shipping-taxable","23":"purchasable","24":"product-type-simple"},"mb":[],"mfb_rest_fields":["title"],"_links":{"self":[{"href":"https:\/\/dogpride.nl\/de\/wp-json\/wp\/v2\/product\/73490","targetHints":{"allow":["GET"]}}],"collection":[{"href":"https:\/\/dogpride.nl\/de\/wp-json\/wp\/v2\/product"}],"about":[{"href":"https:\/\/dogpride.nl\/de\/wp-json\/wp\/v2\/types\/product"}],"wp:featuredmedia":[{"embeddable":true,"href":"https:\/\/dogpride.nl\/de\/wp-json\/wp\/v2\/media\/73491"}],"wp:attachment":[{"href":"https:\/\/dogpride.nl\/de\/wp-json\/wp\/v2\/media?parent=73490"}],"wp:term":[{"taxonomy":"product_brand","embeddable":true,"href":"https:\/\/dogpride.nl\/de\/wp-json\/wp\/v2\/product_brand?post=73490"},{"taxonomy":"product_cat","embeddable":true,"href":"https:\/\/dogpride.nl\/de\/wp-json\/wp\/v2\/product_cat?post=73490"},{"taxonomy":"product_tag","embeddable":true,"href":"https:\/\/dogpride.nl\/de\/wp-json\/wp\/v2\/product_tag?post=73490"}],"curies":[{"name":"wp","href":"https:\/\/api.w.org\/{rel}","templated":true}]}}