{"id":73486,"date":"2021-09-16T17:10:34","date_gmt":"2021-09-16T15:10:34","guid":{"rendered":"https:\/\/dogpride1.wpengine.com\/?post_type=product&#038;p=73486"},"modified":"2025-12-22T12:19:53","modified_gmt":"2025-12-22T11:19:53","slug":"precision-explosives-rdx","status":"publish","type":"product","link":"https:\/\/dogpride.nl\/de\/precision-explosives-rdx\/","title":{"rendered":"Precision Explosives RDX"},"content":{"rendered":"<h4 class=\"txt-title-fichier\">PRECISION Explosives RDX<\/h4>\n<p>PRECISION Explosives RDX. Deze fabrikant gebruikt het geurdrukproces om een \u200b\u200bhoog kwaliteitsniveau te garanderen.<\/p>\n<p>Es handelt sich um ein System zur Impr\u00e4gnierung des echten Dufts des Produkts und nicht um einen Pseudoduft.<\/p>\n<p>Die Produkte von Precision Explosives werden in den USA hergestellt und bieten Trainingshilfen f\u00fcr Sprengstoffsp\u00fcrhunde.<br \/>\nSie erm\u00f6glichen Spezialeinheiten den Zugang zu echten explosiven Ger\u00fcchen, ohne dass Explosionsgefahr besteht.<\/p>\n<p>F\u00fcr diese Art von Produkten ist keine Lagergenehmigung, keine Transportbeschr\u00e4nkungen oder besondere Lagerbeschr\u00e4nkungen f\u00fcr die Einheiten erforderlich.<\/p>\n<p>Die Produkte von Precision Explosives sind daher f\u00fcr alle Arten von Schulungen praktisch einsetzbar. Der Herstellungsprozess von Precision Explosives garantiert einen h\u00f6heren Geruchsdruck als einige echte Sprengstoffe.<\/p>\n<p>Im wiederverschlie\u00dfbaren Mylar-Beutel aufbewahren. Solange Sie diesen Beutel nicht ge\u00f6ffnet haben, ist die Haltbarkeit unbegrenzt. Der Beutel minimiert den freien Raum um das Produkt herum und verhindert die Verdunstung von Ger\u00fcchen. Der Beutel sorgt au\u00dferdem daf\u00fcr, dass das Produkt nicht von au\u00dfen verunreinigt wird.<\/p>\n<p>Es wird empfohlen, das Produkt mit puderfreien Nitrilhandschuhen (auf unserer Website erh\u00e4ltlich) zu entfernen und zu handhaben, um eine Kontamination des Menschen zu vermeiden.<br \/>\nDie Haltbarkeit des Produkts nach Gebrauch h\u00e4ngt von der Handhabung und Lagerung ab und kann zwischen etwa 4 und 6 Monaten variieren. Ein k\u00fcrzlich in den USA durchgef\u00fchrter Labortest ergab, dass auf einem gebrauchten Druck, der 4 Monate alt war, nur der Kabelgeruch vorhanden war. Die betreffende Probe wurde in Schulungen und Schulungen eingesetzt, von mehreren Personen unter Beachtung der Handhabungs- und Lagerungshinweise gehandhabt.<\/p>\n<p>Der Geruchseindruck entsteht durch die Versiegelung des Filtermediums zwischen zwei vernieteten Aluminiumscheiben. Dabei wird kein Klebstoff verwendet und der Zusammenbau erfolgt von Hand in einer Laborumgebung, wobei alle notwendigen Vorsichtsma\u00dfnahmen getroffen werden, um jegliches Risiko einer Kontamination w\u00e4hrend der Herstellung zu vermeiden.<\/p>\n<ul>\n<li><strong>Technische Daten:<\/strong><\/li>\n<\/ul>\n<p>Abmessungen: Durchmesser 7,6 cm, Dicke 0,635 cm.<\/p>\n<p>Materialien: Filtermedien in Laborqualit\u00e4t, 2 Aluminium-Schutzschichten, die mit Nieten befestigt und in der Mylar-H\u00fclle aufbewahrt werden.<\/p>\n<p>Duft: Wirklich explosiv, verarbeitet in einem patentierten Verfahren<\/p>\n<p>Kontingent: unbegrenzt, solange Sie die Tasche nicht ge\u00f6ffnet haben. Dann etwa 4 bis 6 Monate, sobald das Produkt ge\u00f6ffnet und zum Training verwendet wird. Eine K\u00fchlung ist nicht erforderlich, aber eine kalte Temperatur ohne direkte Sonneneinstrahlung verl\u00e4ngert die Haltbarkeit.<\/p>\n<p>\u00c4quivalentes Sprengstoffgewicht: Der verf\u00fcgbare Geruch basiert auf der exponierten Fl\u00e4che und nicht auf dem vorhandenen Gesamtgewicht.<\/p>\n<p>Anwendungen: Die Aluminiumscheibe sollte in einem Nylon-, Cordura- oder anderen Beuteltyp, wie z. B. den von uns verkauften, untergebracht werden.\u00a0<span class=\"goog-text-highlight\">Der Beutel sollte als st\u00f6rende Unterst\u00fctzung w\u00e4hrend der Trainingsphase verwendet werden.<\/span><\/p>\n<p><a href=\"https:\/\/dogpride.nl\/de\/k9\/detectie\/detectie-geurstoffen\/precision-geurstoffen\/\"><img loading=\"lazy\" decoding=\"async\" class=\"alignnone\" title=\"PRECISION Explosives - RDX\" src=\"https:\/\/dogpride.nl\/wp-content\/uploads\/RDX.jpg\" alt=\"PRECISION Explosives - RDX\" width=\"157\" height=\"157\" \/><\/a><\/p>\n<h4 data-start=\"315\" data-end=\"407\"><strong data-start=\"317\" data-end=\"407\">PRECISION Explosives RDX: veilige geurmaterialen voor professionele detectietraining<\/strong><\/h4>\n<p data-start=\"409\" data-end=\"1010\">Binnen de hedendaagse veiligheidssector is het cruciaal om te werken met betrouwbare, veilige en wetenschappelijk ondersteunde trainingsmaterialen. <strong data-start=\"557\" data-end=\"587\">PRECISION Explosives &#8211; RDX<\/strong> is ontwikkeld om K9-teams, beveiligingsspecialisten en detectiesystemen te trainen op geurcomponenten die verband houden met RDX, een stof die in de forensische wereld bekendstaat als een veelvoorkomende militaire explosiefcomponent. De producten van PRECISION Explosives bevatten zelf <em data-start=\"874\" data-end=\"905\">geen explosieve eigenschappen<\/em>, maar bootsen uitsluitend de relevante geursporen na die nodig zijn voor professionele detectietraining.<\/p>\n<p data-start=\"1012\" data-end=\"1146\">Hierdoor kunnen detectiehonden, grensbewakers en beveiligingsteams op hoog niveau trainen zonder risico\u2019s voor mens, dier of omgeving.<\/p>\n<hr data-start=\"1148\" data-end=\"1151\" \/>\n<h4 data-start=\"1153\" data-end=\"1194\"><strong data-start=\"1156\" data-end=\"1194\">Wat is PRECISION Explosives RDX?<\/strong><\/h4>\n<p data-start=\"1196\" data-end=\"1356\">PRECISION Explosives ontwikkelt geurprofielen die speciaal zijn gemaakt voor veilige, gecontroleerde K9-training en sensorkalibratie.<br data-start=\"1329\" data-end=\"1332\" \/>De variant voor <strong data-start=\"1348\" data-end=\"1355\">RDX<\/strong>:<\/p>\n<ul>\n<li data-start=\"1360\" data-end=\"1396\">bevat <strong data-start=\"1366\" data-end=\"1394\">g\u00e9\u00e9n explosief materiaal<\/strong><\/li>\n<li data-start=\"1399\" data-end=\"1430\">is <strong data-start=\"1402\" data-end=\"1428\">volledig non-hazardous<\/strong><\/li>\n<li data-start=\"1433\" data-end=\"1493\">wordt geproduceerd onder <strong data-start=\"1458\" data-end=\"1491\">strikte laboratoriumcondities<\/strong><\/li>\n<li data-start=\"1496\" data-end=\"1557\">biedt <strong data-start=\"1502\" data-end=\"1529\">constante geurprofielen<\/strong> voor betrouwbare training<\/li>\n<\/ul>\n<p data-start=\"1559\" data-end=\"1801\">De geurmaterialen zijn wereldwijd erkend binnen politie, douane, militaire opleidingscentra en forensische laboratoria. Ze helpen teams gevoeligheid, nauwkeurigheid en prestaties te verbeteren zonder dat echte stoffen aanwezig hoeven te zijn.<\/p>\n<hr data-start=\"1803\" data-end=\"1806\" \/>\n<h4 data-start=\"1808\" data-end=\"1848\"><strong data-start=\"1811\" data-end=\"1848\">Waarom RDX-detectie belangrijk is<\/strong><\/h4>\n<p data-start=\"1850\" data-end=\"1999\">RDX komt voor in diverse militaire en industri\u00eble explosieven. Hoewel de stof in trainingssituaties nooit gebruikt mag worden, is het essentieel dat:<\/p>\n<ul>\n<li data-start=\"2003\" data-end=\"2016\">speurhonden<\/li>\n<li data-start=\"2019\" data-end=\"2037\">detectiesensoren<\/li>\n<li data-start=\"2040\" data-end=\"2068\">explosievenopsporingsteams<\/li>\n<li data-start=\"2071\" data-end=\"2098\">beveiligingsprofessionals<\/li>\n<\/ul>\n<p data-start=\"2100\" data-end=\"2200\">de karakteristieke geurcomponenten kunnen herkennen die van belang zijn voor opsporing en preventie.<\/p>\n<p data-start=\"2202\" data-end=\"2307\">Von <strong data-start=\"2206\" data-end=\"2236\">PRECISION Explosives RDX<\/strong> wordt dit mogelijk op een volledig veilige, wettelijk conforme manier.<\/p>\n<hr data-start=\"2309\" data-end=\"2312\" \/>\n<h4 data-start=\"2314\" data-end=\"2364\"><strong data-start=\"2317\" data-end=\"2364\">Voordelen voor K9-teams en detectiesystemen<\/strong><\/h4>\n<h4 data-start=\"2366\" data-end=\"2398\"><strong data-start=\"2370\" data-end=\"2396\">1. Maximale veiligheid<\/strong><\/h4>\n<p data-start=\"2399\" data-end=\"2509\">Er is geen explosieve werking aanwezig. Het product is 100% veilig voor honden, trainers en trainingslocaties.<\/p>\n<h4 data-start=\"2511\" data-end=\"2553\"><strong data-start=\"2515\" data-end=\"2551\">2. Reproduceerbare geurprofielen<\/strong><\/h4>\n<p data-start=\"2554\" data-end=\"2666\">PRECISION Explosives &#8211; RDX biedt identieke geurafgifte per batch, ideaal voor certificering en hercertificering.<\/p>\n<h4 data-start=\"2668\" data-end=\"2704\"><strong data-start=\"2672\" data-end=\"2702\">3. Realistisch maar legaal<\/strong><\/h4>\n<p data-start=\"2705\" data-end=\"2792\">De geurcomponenten zijn natuurgetrouw, maar zonder gevaarlijke of gereguleerde stoffen.<\/p>\n<h4 data-start=\"2794\" data-end=\"2842\"><strong data-start=\"2798\" data-end=\"2840\">4. Geschikt voor sensoren en apparaten<\/strong><\/h4>\n<p data-start=\"2843\" data-end=\"2889\">Professionals gebruiken deze geurprofielen om:<\/p>\n<ul>\n<li data-start=\"2893\" data-end=\"2935\">elektronische detectiesensoren te testen<\/li>\n<li data-start=\"2938\" data-end=\"2974\">kalibratieprocedures te verbeteren<\/li>\n<li data-start=\"2977\" data-end=\"3037\">detectieapparatuur te valideren in realistische scenario\u2019s<\/li>\n<\/ul>\n<h4 data-start=\"3039\" data-end=\"3070\"><strong data-start=\"3043\" data-end=\"3068\">5. Flexibel inzetbaar<\/strong><\/h4>\n<p data-start=\"3071\" data-end=\"3165\">Dankzij het compacte, non-hazardous ontwerp kan PRECISION Explosives RDX gebruikt worden in:<\/p>\n<ul>\n<li data-start=\"3169\" data-end=\"3181\">voertuigen<\/li>\n<li data-start=\"3184\" data-end=\"3192\">bagage<\/li>\n<li data-start=\"3195\" data-end=\"3205\">gebouwen<\/li>\n<li data-start=\"3208\" data-end=\"3236\">logistieke trainingslijnen<\/li>\n<li data-start=\"3239\" data-end=\"3263\">mobiele trainingsunits<\/li>\n<\/ul>\n<p><a href=\"https:\/\/dogpride.nl\/de\/k9\/detectie\/detectie-geurstoffen\/precision-geurstoffen\/\"><img loading=\"lazy\" decoding=\"async\" class=\"alignnone\" title=\"PRECISION Explosives - RDX\" src=\"https:\/\/dogpride.nl\/wp-content\/uploads\/RDX.jpg\" alt=\"PRECISION Explosives - RDX\" width=\"157\" height=\"157\" \/><\/a><\/p>\n<hr data-start=\"3265\" data-end=\"3268\" \/>\n<h4 data-start=\"3270\" data-end=\"3324\"><strong data-start=\"3273\" data-end=\"3324\">Toepassing in professionele trainingsomgevingen<\/strong><\/h4>\n<p data-start=\"3326\" data-end=\"3384\">PRECISION Explosives RDX wordt wereldwijd gebruikt voor:<\/p>\n<ul>\n<li data-start=\"3388\" data-end=\"3407\">K9-basisopleiding<\/li>\n<li data-start=\"3410\" data-end=\"3453\">geavanceerde explosievendetectie-training<\/li>\n<li data-start=\"3456\" data-end=\"3517\">scenario-oefeningen in havens, luchthavens en grensgebieden<\/li>\n<li data-start=\"3520\" data-end=\"3554\">forensische onderwijsprogramma\u2019s<\/li>\n<li data-start=\"3557\" data-end=\"3609\">testopstellingen voor chemische detectieapparatuur<\/li>\n<\/ul>\n<p data-start=\"3611\" data-end=\"3750\">Omdat het product geen speciale opslag, vergunningen of veiligheidszones vereist, is het ideaal voor zowel grote als kleinere organisaties.<\/p>\n<hr data-start=\"3752\" data-end=\"3755\" \/>\n<h4 data-start=\"3757\" data-end=\"3773\"><strong data-start=\"3760\" data-end=\"3773\">Conclusie<\/strong><\/h4>\n<p data-start=\"3775\" data-end=\"4104\"><strong data-start=\"3775\" data-end=\"3805\">PRECISION Explosives RDX<\/strong> vertegenwoordigt de moderne standaard voor veilige, effectieve en betrouwbare detectietraining. Door gecontroleerde geurmaterialen te combineren met wetenschappelijke precisie kunnen K9-teams en detectiesystemen worden voorbereid op realistische operationele uitdagingen \u2014 volledig zonder risico\u2019s.<\/p>\n<p data-start=\"3775\" data-end=\"4104\"><a href=\"https:\/\/www.pre-exp.com\/\" target=\"_blank\" rel=\"noopener\"><img loading=\"lazy\" decoding=\"async\" class=\"alignnone wp-image-145806 size-full\" title=\"PRECISION Explosives - RDX\" src=\"https:\/\/dogpride.nl\/wp-content\/uploads\/Logo-9.jpg\" alt=\"PRECISION Explosives - RDX\" width=\"124\" height=\"91\" srcset=\"https:\/\/dogpride.nl\/wp-content\/uploads\/Logo-9.jpg 124w, https:\/\/dogpride.nl\/wp-content\/uploads\/Logo-9-16x12.jpg 16w\" sizes=\"auto, (max-width: 124px) 100vw, 124px\" \/><\/a><\/p>","protected":false},"excerpt":{"rendered":"<p class=\"txt-title-fichier\"><strong data-start=\"557\" data-end=\"587\">PRECISION Explosives RDX<\/strong> is ontwikkeld om K9-teams, beveiligingsspecialisten en detectiesystemen te trainen op geurcomponenten die verband houden met RDX, een stof die in de forensische wereld bekendstaat als een veelvoorkomende militaire explosiefcomponent.<\/p>","protected":false},"featured_media":73487,"template":"","meta":[],"product_brand":[],"product_cat":[4021],"product_tag":[3147,3148,3235,3230,3240,3259,3239,3228,3243,3229,3232],"class_list":{"0":"post-73486","1":"product","2":"type-product","3":"status-publish","4":"has-post-thumbnail","6":"product_cat-precision-geurstoffen","7":"product_tag-detectie-geurstof","8":"product_tag-detectiehond","9":"product_tag-detectietraining","10":"product_tag-explosievendetectie","11":"product_tag-nosework","12":"product_tag-precision-explosives","13":"product_tag-rdx","14":"product_tag-scent-detection","15":"product_tag-simulatiemiddel","16":"product_tag-sniffer-dogs","17":"product_tag-trainingssimulant","19":"first","20":"instock","21":"taxable","22":"shipping-taxable","23":"purchasable","24":"product-type-simple"},"mb":[],"mfb_rest_fields":["title"],"_links":{"self":[{"href":"https:\/\/dogpride.nl\/de\/wp-json\/wp\/v2\/product\/73486","targetHints":{"allow":["GET"]}}],"collection":[{"href":"https:\/\/dogpride.nl\/de\/wp-json\/wp\/v2\/product"}],"about":[{"href":"https:\/\/dogpride.nl\/de\/wp-json\/wp\/v2\/types\/product"}],"wp:featuredmedia":[{"embeddable":true,"href":"https:\/\/dogpride.nl\/de\/wp-json\/wp\/v2\/media\/73487"}],"wp:attachment":[{"href":"https:\/\/dogpride.nl\/de\/wp-json\/wp\/v2\/media?parent=73486"}],"wp:term":[{"taxonomy":"product_brand","embeddable":true,"href":"https:\/\/dogpride.nl\/de\/wp-json\/wp\/v2\/product_brand?post=73486"},{"taxonomy":"product_cat","embeddable":true,"href":"https:\/\/dogpride.nl\/de\/wp-json\/wp\/v2\/product_cat?post=73486"},{"taxonomy":"product_tag","embeddable":true,"href":"https:\/\/dogpride.nl\/de\/wp-json\/wp\/v2\/product_tag?post=73486"}],"curies":[{"name":"wp","href":"https:\/\/api.w.org\/{rel}","templated":true}]}}