{"id":73484,"date":"2021-09-16T17:06:35","date_gmt":"2021-09-16T15:06:35","guid":{"rendered":"https:\/\/dogpride1.wpengine.com\/?post_type=product&#038;p=73484"},"modified":"2025-12-22T12:21:15","modified_gmt":"2025-12-22T11:21:15","slug":"precision-explosives-hmtd","status":"publish","type":"product","link":"https:\/\/dogpride.nl\/de\/precision-explosives-hmtd\/","title":{"rendered":"Precision Explosives HMTD"},"content":{"rendered":"<h4 class=\"txt-title-fichier\">PRECISION Explosives HMTD<\/h4>\n<p><span class=\"\">PRECISION Explosives HMTD. Deze fabrikant gebruikt het geurdrukproces om een \u200b\u200bhoog kwaliteitsniveau te garanderen.<\/span><\/p>\n<p>Es handelt sich um ein System zur Impr\u00e4gnierung des echten Dufts des Produkts und nicht um einen Pseudoduft.<\/p>\n<p>Die Produkte von Precision Explosives werden in den USA hergestellt und bieten Trainingshilfen f\u00fcr Sprengstoffsp\u00fcrhunde.<br \/>\nSie erm\u00f6glichen Spezialeinheiten den Zugang zu echten explosiven Ger\u00fcchen, ohne dass Explosionsgefahr besteht.<\/p>\n<p>F\u00fcr diese Art von Produkten ist keine Lagergenehmigung, keine Transportbeschr\u00e4nkungen oder besondere Lagerbeschr\u00e4nkungen f\u00fcr die Einheiten erforderlich.<\/p>\n<p>Die Produkte von Precision Explosives sind daher f\u00fcr alle Arten von Schulungen praktisch einsetzbar. Der Herstellungsprozess von Precision Explosives garantiert einen h\u00f6heren Geruchsdruck als einige echte Sprengstoffe.<\/p>\n<p>Im wiederverschlie\u00dfbaren Mylar-Beutel aufbewahren. Solange Sie diesen Beutel nicht ge\u00f6ffnet haben, ist die Haltbarkeit unbegrenzt. Der Beutel minimiert den freien Raum um das Produkt herum und verhindert die Verdunstung von Ger\u00fcchen. Der Beutel sorgt au\u00dferdem daf\u00fcr, dass das Produkt nicht von au\u00dfen verunreinigt wird.<\/p>\n<p>Es wird empfohlen, das Produkt mit puderfreien Nitrilhandschuhen (auf unserer Website erh\u00e4ltlich) zu entfernen und zu handhaben, um eine Kontamination des Menschen zu vermeiden.<br \/>\nDie Haltbarkeit des Produkts nach Gebrauch h\u00e4ngt von der Handhabung und Lagerung ab und kann zwischen etwa 4 und 6 Monaten variieren. Ein k\u00fcrzlich in den USA durchgef\u00fchrter Labortest ergab, dass auf einem gebrauchten Druck, der 4 Monate alt war, nur der Kabelgeruch vorhanden war. Die betreffende Probe wurde in Schulungen und Schulungen eingesetzt, von mehreren Personen unter Beachtung der Handhabungs- und Lagerungshinweise gehandhabt.<\/p>\n<p>Der Geruchseindruck entsteht durch die Versiegelung des Filtermediums zwischen zwei vernieteten Aluminiumscheiben. Dabei wird kein Klebstoff verwendet und der Zusammenbau erfolgt von Hand in einer Laborumgebung, wobei alle notwendigen Vorsichtsma\u00dfnahmen getroffen werden, um jegliches Risiko einer Kontamination w\u00e4hrend der Herstellung zu vermeiden.<\/p>\n<ul>\n<li><strong>Technische Daten:<\/strong><\/li>\n<\/ul>\n<p>Abmessungen: Durchmesser 7,6 cm, Dicke 0,635 cm.<\/p>\n<p><span class=\"goog-text-highlight\">Materialien: Filtermedien in Laborqualit\u00e4t, 2 Aluminium-Schutzschichten, die mit Nieten befestigt und in der Mylar-H\u00fclle aufbewahrt werden.<\/span><\/p>\n<p>Duft: Wirklich explosiv, verarbeitet in einem patentierten Verfahren<\/p>\n<p>Kontingent: unbegrenzt, solange Sie die Tasche nicht ge\u00f6ffnet haben. Dann etwa 4 bis 6 Monate, sobald das Produkt ge\u00f6ffnet und zum Training verwendet wird. Eine K\u00fchlung ist nicht erforderlich, aber eine kalte Temperatur ohne direkte Sonneneinstrahlung verl\u00e4ngert die Haltbarkeit.<\/p>\n<p>\u00c4quivalentes Sprengstoffgewicht: Der verf\u00fcgbare Geruch basiert auf der exponierten Fl\u00e4che und nicht auf dem vorhandenen Gesamtgewicht.<\/p>\n<p>Anwendungen: Die Aluminiumscheibe sollte in einem Nylon-, Cordura- oder anderen Beuteltyp, wie z. B. den von uns verkauften, untergebracht werden. Der Beutel sollte als st\u00f6rende Unterst\u00fctzung w\u00e4hrend der Trainingsphase verwendet werden.<\/p>\n<p><a href=\"https:\/\/dogpride.nl\/de\/k9\/detectie\/detectie-geurstoffen\/precision-geurstoffen\/\"><img loading=\"lazy\" decoding=\"async\" class=\"alignnone\" title=\"PRECISION Explosives - HMTD\" src=\"https:\/\/dogpride.nl\/wp-content\/uploads\/HMTD.jpg\" alt=\"PRECISION Explosives - HMTD\" width=\"159\" height=\"159\" \/><\/a><\/p>\n<h4 data-start=\"324\" data-end=\"417\"><strong data-start=\"326\" data-end=\"417\">PRECISION Explosives HMTD: veilige geurmaterialen voor professionele detectietraining<\/strong><\/h4>\n<p data-start=\"419\" data-end=\"826\">Binnen de moderne veiligheids- en opsporingssector is het essentieel dat K9-teams en detectiesystemen kunnen trainen met betrouwbare en veilige geurmaterialen. <strong data-start=\"579\" data-end=\"610\">PRECISION Explosives HMTD<\/strong> biedt een geavanceerde, wetenschappelijk onderbouwde oplossing om detectiehonden en sensoren te trainen op geurcomponenten die geassocieerd worden met HMTD, zonder dat er ooit echte explosieve stoffen aanwezig zijn.<\/p>\n<p data-start=\"828\" data-end=\"1193\">HMTD is in forensische context bekend als een instabiele component die soms voorkomt in illegale zelfgemaakte explosieven (HME\u2019s). Omdat het hanteren van echte HMTD extreem gevaarlijk en verboden is, maken veiligheidsorganisaties gebruik van gecontroleerde geurprofielen. PRECISION Explosives levert deze geurmaterialen veilig, consistent en volledig non-hazardous.<\/p>\n<hr data-start=\"1195\" data-end=\"1198\" \/>\n<h4 data-start=\"1200\" data-end=\"1242\"><strong data-start=\"1203\" data-end=\"1242\">Wat is PRECISION Explosives HMTD?<\/strong><\/h4>\n<p data-start=\"1244\" data-end=\"1315\"><strong data-start=\"1244\" data-end=\"1275\">PRECISION Explosives HMTD<\/strong> is een professioneel geurmateriaal dat:<\/p>\n<ul>\n<li data-start=\"1319\" data-end=\"1360\"><strong data-start=\"1319\" data-end=\"1352\">g\u00e9\u00e9n explosieve eigenschappen<\/strong> bevat<\/li>\n<li data-start=\"1363\" data-end=\"1394\">volledig <strong data-start=\"1372\" data-end=\"1389\">non-hazardous<\/strong> is<\/li>\n<li data-start=\"1397\" data-end=\"1457\">onder <strong data-start=\"1403\" data-end=\"1436\">strikte laboratoriumcondities<\/strong> wordt geproduceerd<\/li>\n<li data-start=\"1460\" data-end=\"1514\">Ein <strong data-start=\"1464\" data-end=\"1506\">constante, reproduceerbare geurafgifte<\/strong> biedt<\/li>\n<li data-start=\"1517\" data-end=\"1579\">geschikt is voor zowel <strong data-start=\"1540\" data-end=\"1555\">K9-training<\/strong> Wenn <strong data-start=\"1560\" data-end=\"1579\">sensorvalidatie<\/strong><\/li>\n<\/ul>\n<p data-start=\"1581\" data-end=\"1773\">De geurprofielen zijn ontworpen om de relevante vluchtige componenten na te bootsen die speurhonden dienen te herkennen. Zo kunnen teams zeer realistisch trainen zonder enig veiligheidsrisico.<\/p>\n<hr data-start=\"1775\" data-end=\"1778\" \/>\n<h4 data-start=\"1780\" data-end=\"1821\"><strong data-start=\"1783\" data-end=\"1821\">Waarom HMTD-detectie belangrijk is<\/strong><\/h4>\n<p data-start=\"1823\" data-end=\"2048\">Hoewel HMTD in training nooit fysiek aanwezig mag zijn, wordt het in de forensische wereld regelmatig genoemd als geurcomponent in rechercheonderzoek naar ge\u00efmproviseerde explosieven. Daarom is het cruciaal dat detectieteams:<\/p>\n<ul>\n<li data-start=\"2052\" data-end=\"2081\">geursporen kunnen herkennen<\/li>\n<li data-start=\"2084\" data-end=\"2122\">op een veilige manier kunnen trainen<\/li>\n<li data-start=\"2125\" data-end=\"2152\">consistent kunnen oefenen<\/li>\n<li data-start=\"2155\" data-end=\"2199\">voorbereid zijn op operationele scenario\u2019s<\/li>\n<\/ul>\n<p data-start=\"2201\" data-end=\"2319\"><strong data-start=\"2201\" data-end=\"2232\">PRECISION Explosives HMTD<\/strong> maakt dit mogelijk zonder vergunningen, speciale opslagruimtes of gevaarlijke stoffen.<\/p>\n<hr data-start=\"2321\" data-end=\"2324\" \/>\n<h4 data-start=\"2326\" data-end=\"2376\"><strong data-start=\"2329\" data-end=\"2376\">Voordelen voor K9-teams en detectiesensoren<\/strong><\/h4>\n<h4 data-start=\"2378\" data-end=\"2410\"><strong data-start=\"2382\" data-end=\"2408\">1. Maximale veiligheid<\/strong><\/h4>\n<p data-start=\"2411\" data-end=\"2498\">Het product bevat g\u00e9\u00e9n explosieve stoffen en vormt geen enkel risico voor mens of dier.<\/p>\n<h4 data-start=\"2500\" data-end=\"2542\"><strong data-start=\"2504\" data-end=\"2540\">2. Reproduceerbare geurkwaliteit<\/strong><\/h4>\n<p data-start=\"2543\" data-end=\"2663\">Elke batch van PRECISION Explosives HMTD bevat identieke geurprofielen. Ideaal voor certificering en hercertificering.<\/p>\n<h4 data-start=\"2665\" data-end=\"2700\"><strong data-start=\"2669\" data-end=\"2698\">3. Realisme zonder gevaar<\/strong><\/h4>\n<p data-start=\"2701\" data-end=\"2833\">De geurcomponenten die relevant zijn voor detectie worden natuurgetrouw nagebootst, maar zonder enige fysieke of chemische risico\u2019s.<\/p>\n<h4 data-start=\"2835\" data-end=\"2885\"><strong data-start=\"2839\" data-end=\"2883\">4. Geschikt voor sensoren en laboratoria<\/strong><\/h4>\n<p data-start=\"2886\" data-end=\"2933\">Professionele teams gebruiken het materiaal om:<\/p>\n<ul>\n<li data-start=\"2937\" data-end=\"2983\">elektronische detectiesensoren te kalibreren<\/li>\n<li data-start=\"2986\" data-end=\"3026\">chemische detectieapparatuur te testen<\/li>\n<li data-start=\"3029\" data-end=\"3092\">onderzoeksopstellingen in forensische context te ondersteunen<\/li>\n<\/ul>\n<h4 data-start=\"3094\" data-end=\"3125\"><strong data-start=\"3098\" data-end=\"3123\">5. Flexibel inzetbaar<\/strong><\/h4>\n<p data-start=\"3126\" data-end=\"3215\">Dankzij het compacte, veilige ontwerp kan PRECISION Explosives HMTD gebruikt worden in:<\/p>\n<ul>\n<li data-start=\"3219\" data-end=\"3231\">voertuigen<\/li>\n<li data-start=\"3234\" data-end=\"3242\">bagage<\/li>\n<li data-start=\"3245\" data-end=\"3264\">trainingsgebouwen<\/li>\n<li data-start=\"3267\" data-end=\"3282\">opslagruimtes<\/li>\n<li data-start=\"3285\" data-end=\"3308\">logistieke scenario\u2019s<\/li>\n<\/ul>\n<p><a href=\"https:\/\/dogpride.nl\/de\/k9\/detectie\/detectie-geurstoffen\/precision-geurstoffen\/\"><img loading=\"lazy\" decoding=\"async\" class=\"alignnone\" title=\"PRECISION Explosives - HMTD\" src=\"https:\/\/dogpride.nl\/wp-content\/uploads\/HMTD.jpg\" alt=\"PRECISION Explosives - HMTD\" width=\"159\" height=\"159\" \/><\/a><\/p>\n<hr data-start=\"3310\" data-end=\"3313\" \/>\n<h4 data-start=\"3315\" data-end=\"3366\"><strong data-start=\"3318\" data-end=\"3366\">Toepassingen van PRECISION Explosives HMTD<\/strong><\/h4>\n<p data-start=\"3368\" data-end=\"3416\">Het geurmateriaal wordt wereldwijd ingezet voor:<\/p>\n<ul>\n<li data-start=\"3420\" data-end=\"3464\">explosievendetectie-training voor K9-teams<\/li>\n<li data-start=\"3467\" data-end=\"3535\">geavanceerde oefenscenario\u2019s op luchthavens, havens en grensposten<\/li>\n<li data-start=\"3538\" data-end=\"3572\">forensische onderwijsprogramma\u2019s<\/li>\n<li data-start=\"3575\" data-end=\"3604\">sensortesten en verificatie<\/li>\n<li data-start=\"3607\" data-end=\"3657\">operationele simulaties in beveiligde omgevingen<\/li>\n<\/ul>\n<p data-start=\"3659\" data-end=\"3802\">Organisaties waarderen vooral dat PRECISION-geurprofielen geen speciale vergunningen, strikte veiligheidszones of gevaarlijke stoffen vereisen.<\/p>\n<hr data-start=\"3804\" data-end=\"3807\" \/>\n<h4 data-start=\"3809\" data-end=\"3825\"><strong data-start=\"3812\" data-end=\"3825\">Conclusie<\/strong><\/h4>\n<p data-start=\"3827\" data-end=\"4195\"><strong data-start=\"3827\" data-end=\"3858\">PRECISION Explosives HMTD<\/strong> is een veilige, professionele en uiterst betrouwbare oplossing voor het trainen van detectiehonden en detectiesystemen. Door uitsluitend gecontroleerde geurcomponenten te gebruiken, zonder enige explosieve eigenschappen, kunnen veiligheidsdiensten hun teams voorbereiden op realistische en kritieke situaties \u2014 volledig zonder risico\u2019s.<\/p>\n<p data-start=\"3827\" data-end=\"4195\"><a href=\"https:\/\/www.pre-exp.com\/\" target=\"_blank\" rel=\"noopener\"><img loading=\"lazy\" decoding=\"async\" class=\"alignnone wp-image-145806 size-full\" title=\"PRECISION Explosives - HMTD\" src=\"https:\/\/dogpride.nl\/wp-content\/uploads\/Logo-9.jpg\" alt=\"PRECISION Explosives - HMTD\" width=\"124\" height=\"91\" srcset=\"https:\/\/dogpride.nl\/wp-content\/uploads\/Logo-9.jpg 124w, https:\/\/dogpride.nl\/wp-content\/uploads\/Logo-9-16x12.jpg 16w\" sizes=\"auto, (max-width: 124px) 100vw, 124px\" \/><\/a><\/p>","protected":false},"excerpt":{"rendered":"<p class=\"txt-title-fichier\"><strong data-start=\"579\" data-end=\"610\">PRECISION Explosives HMTD<\/strong> biedt een geavanceerde, wetenschappelijk onderbouwde oplossing om detectiehonden en sensoren te trainen op geurcomponenten die geassocieerd worden met HMTD, zonder dat er ooit echte explosieve stoffen aanwezig zijn.<\/p>","protected":false},"featured_media":73485,"template":"","meta":[],"product_brand":[],"product_cat":[4021],"product_tag":[3147,3148,3235,3230,3255,3240,3259,3228,3243,3229,3232],"class_list":{"0":"post-73484","1":"product","2":"type-product","3":"status-publish","4":"has-post-thumbnail","6":"product_cat-precision-geurstoffen","7":"product_tag-detectie-geurstof","8":"product_tag-detectiehond","9":"product_tag-detectietraining","10":"product_tag-explosievendetectie","11":"product_tag-hmtd","12":"product_tag-nosework","13":"product_tag-precision-explosives","14":"product_tag-scent-detection","15":"product_tag-simulatiemiddel","16":"product_tag-sniffer-dogs","17":"product_tag-trainingssimulant","19":"first","20":"instock","21":"taxable","22":"shipping-taxable","23":"purchasable","24":"product-type-simple"},"mb":[],"mfb_rest_fields":["title"],"_links":{"self":[{"href":"https:\/\/dogpride.nl\/de\/wp-json\/wp\/v2\/product\/73484","targetHints":{"allow":["GET"]}}],"collection":[{"href":"https:\/\/dogpride.nl\/de\/wp-json\/wp\/v2\/product"}],"about":[{"href":"https:\/\/dogpride.nl\/de\/wp-json\/wp\/v2\/types\/product"}],"wp:featuredmedia":[{"embeddable":true,"href":"https:\/\/dogpride.nl\/de\/wp-json\/wp\/v2\/media\/73485"}],"wp:attachment":[{"href":"https:\/\/dogpride.nl\/de\/wp-json\/wp\/v2\/media?parent=73484"}],"wp:term":[{"taxonomy":"product_brand","embeddable":true,"href":"https:\/\/dogpride.nl\/de\/wp-json\/wp\/v2\/product_brand?post=73484"},{"taxonomy":"product_cat","embeddable":true,"href":"https:\/\/dogpride.nl\/de\/wp-json\/wp\/v2\/product_cat?post=73484"},{"taxonomy":"product_tag","embeddable":true,"href":"https:\/\/dogpride.nl\/de\/wp-json\/wp\/v2\/product_tag?post=73484"}],"curies":[{"name":"wp","href":"https:\/\/api.w.org\/{rel}","templated":true}]}}