{"id":73476,"date":"2021-09-16T16:37:30","date_gmt":"2021-09-16T14:37:30","guid":{"rendered":"https:\/\/dogpride1.wpengine.com\/?post_type=product&#038;p=73476"},"modified":"2025-12-22T12:54:13","modified_gmt":"2025-12-22T11:54:13","slug":"precision-explosives-ryl-tetryl","status":"publish","type":"product","link":"https:\/\/dogpride.nl\/de\/precision-explosives-ryl-tetryl\/","title":{"rendered":"PRECISION Explosives RYL Tetryl"},"content":{"rendered":"<h4 class=\"txt-title-fichier\">PRECISION Explosives RYL Tetryl<\/h4>\n<p>PRECISION Explosives RYL Tetryl. Deze fabrikant gebruikt het geurdrukproces om een \u200b\u200bhoog kwaliteitsniveau te garanderen.<\/p>\n<p>Es handelt sich um ein System zur Impr\u00e4gnierung des echten Dufts des Produkts und nicht um einen Pseudoduft.<\/p>\n<p>Die Produkte von Precision Explosives werden in den USA hergestellt und bieten Trainingshilfen f\u00fcr Sprengstoffsp\u00fcrhunde.<br \/>\nSie erm\u00f6glichen Spezialeinheiten den Zugang zu echten explosiven Ger\u00fcchen, ohne dass Explosionsgefahr besteht.<\/p>\n<p><span class=\"\">F\u00fcr diese Art von Produkten ist keine Lagergenehmigung, keine Transportbeschr\u00e4nkungen oder besondere Lagerbeschr\u00e4nkungen f\u00fcr die Einheiten erforderlich.<\/span><\/p>\n<p>Die Produkte von Precision Explosives sind daher f\u00fcr alle Arten von Schulungen praktisch einsetzbar. Der Herstellungsprozess von Precision Explosives garantiert einen h\u00f6heren Geruchsdruck als einige echte Sprengstoffe.<\/p>\n<p>Im wiederverschlie\u00dfbaren Mylar-Beutel aufbewahren. Solange Sie diesen Beutel nicht ge\u00f6ffnet haben, ist die Haltbarkeit unbegrenzt. Der Beutel minimiert den freien Raum um das Produkt herum und verhindert die Verdunstung von Ger\u00fcchen. Der Beutel sorgt au\u00dferdem daf\u00fcr, dass das Produkt nicht von au\u00dfen verunreinigt wird.<\/p>\n<p><span class=\"\">Es wird empfohlen, das Produkt mit puderfreien Nitrilhandschuhen zu entfernen und zu handhaben, um eine Kontamination des Menschen zu vermeiden.<\/span><br \/>\nDie Haltbarkeit des Produkts nach Gebrauch h\u00e4ngt von der Handhabung und Lagerung ab und kann zwischen etwa 4 und 6 Monaten variieren. Ein k\u00fcrzlich in den USA durchgef\u00fchrter Labortest ergab, dass auf einem gebrauchten Druck, der 4 Monate alt war, nur der Kabelgeruch vorhanden war. Die betreffende Probe wurde in Schulungen und Schulungen eingesetzt, von mehreren Personen unter Beachtung der Handhabungs- und Lagerungshinweise gehandhabt.<\/p>\n<p>Der Geruchseindruck entsteht durch die Versiegelung des Filtermediums zwischen zwei vernieteten Aluminiumscheiben. Dabei wird kein Klebstoff verwendet und der Zusammenbau erfolgt von Hand in einer Laborumgebung, wobei alle notwendigen Vorsichtsma\u00dfnahmen getroffen werden, um jegliches Risiko einer Kontamination w\u00e4hrend der Herstellung zu vermeiden.<\/p>\n<ul>\n<li><strong>Technische Daten:<\/strong><\/li>\n<\/ul>\n<p>Abmessungen: Durchmesser 7,6 cm, Dicke 0,635 cm.<\/p>\n<p>Materialien: Filtermedien in Laborqualit\u00e4t, 2 Aluminium-Schutzschichten, die mit Nieten befestigt und in der Mylar-H\u00fclle aufbewahrt werden.<\/p>\n<p>Duft: Wirklich explosiv, verarbeitet in einem patentierten Verfahren<\/p>\n<p>Kontingent: unbegrenzt, solange Sie die Tasche nicht ge\u00f6ffnet haben. Dann etwa 4 bis 6 Monate, sobald das Produkt ge\u00f6ffnet und zum Training verwendet wird. Eine K\u00fchlung ist nicht erforderlich, aber eine kalte Temperatur ohne direkte Sonneneinstrahlung verl\u00e4ngert die Haltbarkeit.<\/p>\n<p>\u00c4quivalentes Sprengstoffgewicht: Der verf\u00fcgbare Geruch basiert auf der exponierten Fl\u00e4che und nicht auf dem vorhandenen Gesamtgewicht.<\/p>\n<p>Anwendungen: Die Aluminiumscheibe sollte in einem Nylon-, Cordura- oder anderen Beuteltyp, wie z. B. den von uns verkauften, untergebracht werden.\u00a0<span class=\"goog-text-highlight\">Der Beutel sollte als st\u00f6rende Unterst\u00fctzung w\u00e4hrend der Trainingsphase verwendet werden.<\/span><\/p>\n<p><a href=\"https:\/\/dogpride.nl\/de\/k9\/detectie\/detectie-geurstoffen\/precision-geurstoffen\/?product-page=2\"><img loading=\"lazy\" decoding=\"async\" class=\"alignnone\" title=\"PRECISION Explosives - RYL (Tetryl)\" src=\"https:\/\/dogpride.nl\/wp-content\/uploads\/RYL.jpg\" alt=\"PRECISION Explosives - RYL (Tetryl)\" width=\"130\" height=\"130\" \/><\/a><\/p>\n<h4 data-start=\"367\" data-end=\"471\"><strong data-start=\"369\" data-end=\"471\">PRECISION Explosives RYL Tetryl: veilige geurmaterialen voor professionele explosievendetectie<\/strong><\/h4>\n<p data-start=\"473\" data-end=\"848\">Voor veiligheidsdiensten, K9-trainers en forensische specialisten is het cruciaal om te beschikken over veilige, reproduceerbare en professionele geurmaterialen. PRECISION Explosives RYL Tetryl is ontwikkeld om detectieteams te trainen op herkenbare geurcomponenten die forensisch relevant zijn voor Tetryl, zonder dat er enige vorm van explosieve stof aanwezig is.<\/p>\n<p data-start=\"850\" data-end=\"1258\">Tetryl is historisch bekend als een militair explosief, maar vanwege de risico\u2019s en wettelijke beperkingen mag het nooit worden gebruikt in trainingssituaties. Daarom vormen laboratorium-gecontroleerde geurprofielen de enige veilige, effectieve en realistische manier om detectiehonden en sensoren te trainen. PRECISION Explosives levert hiervoor een non-hazardous, consistent en volledig legaal alternatief.<\/p>\n<hr data-start=\"1260\" data-end=\"1263\" \/>\n<h4 data-start=\"1265\" data-end=\"1315\"><strong data-start=\"1268\" data-end=\"1315\">Wat is PRECISION Explosives RYL Tetryl?<\/strong><\/h4>\n<p data-start=\"1317\" data-end=\"1403\"><strong>PRECISION Explosives RYL Tetryl<\/strong> is een synthetisch ontwikkeld geurprofiel dat:<\/p>\n<ul>\n<li data-start=\"1407\" data-end=\"1448\"><strong data-start=\"1407\" data-end=\"1440\">g\u00e9\u00e9n explosieve eigenschappen<\/strong> bezit<\/li>\n<li data-start=\"1451\" data-end=\"1492\">volledig <strong data-start=\"1460\" data-end=\"1487\">veilig en non-hazardous<\/strong> is<\/li>\n<li data-start=\"1495\" data-end=\"1557\">de relevante geurcomponenten van Tetryl realistisch nabootst<\/li>\n<li data-start=\"1560\" data-end=\"1620\">onder <strong data-start=\"1566\" data-end=\"1599\">strikte laboratoriumcondities<\/strong> wordt geproduceerd<\/li>\n<li data-start=\"1623\" data-end=\"1676\">ideaal is voor <strong data-start=\"1638\" data-end=\"1653\">K9-training<\/strong> \u00e9n <strong data-start=\"1657\" data-end=\"1676\">sensorvalidatie<\/strong><\/li>\n<\/ul>\n<p data-start=\"1678\" data-end=\"1839\">Omdat het product geen gevaarlijke stoffen bevat, kan het worden ingezet in vrijwel elke trainingsomgeving, van binnenruimtes tot mobiele trainings\u00adopstellingen.<\/p>\n<hr data-start=\"1841\" data-end=\"1844\" \/>\n<h4 data-start=\"1846\" data-end=\"1893\"><strong data-start=\"1849\" data-end=\"1893\">Waarom Tetryl detectie belangrijk blijft<\/strong><\/h4>\n<p data-start=\"1895\" data-end=\"2030\">Hoewel Tetryl tegenwoordig minder vaak voorkomt in moderne toepassingen, blijft het in forensische onderzoeken regelmatig voorkomen in:<\/p>\n<ul>\n<li data-start=\"2034\" data-end=\"2050\">oudere munitie<\/li>\n<li data-start=\"2053\" data-end=\"2079\">militaire opslagplaatsen<\/li>\n<li data-start=\"2082\" data-end=\"2117\">historische explosieve materialen<\/li>\n<li data-start=\"2120\" data-end=\"2147\">legacy-detectiescenario\u2019s<\/li>\n<\/ul>\n<p data-start=\"2149\" data-end=\"2376\">Daarom moeten detectieteams voorbereid zijn op het herkennen van de geurprofielen die geassocieerd worden met Tetryl.<br data-start=\"2266\" data-end=\"2269\" \/><strong>PRECISION Explosives RYL Tetryl<\/strong> biedt hiervoor een veilige, consistente en professionele oplossing.<\/p>\n<hr data-start=\"2378\" data-end=\"2381\" \/>\n<h4 data-start=\"2383\" data-end=\"2444\"><strong data-start=\"2386\" data-end=\"2444\">Voordelen voor K9-teams en technische detectiesystemen<\/strong><\/h4>\n<h4 data-start=\"2446\" data-end=\"2476\"><strong data-start=\"2450\" data-end=\"2476\">1. Volledig risicovrij<\/strong><\/h4>\n<p data-start=\"2477\" data-end=\"2605\">Het product bevat geen Tetryl of explosieve bestanddelen, waardoor het veilig is voor honden, trainers en trainingsfaciliteiten.<\/p>\n<h4 data-start=\"2607\" data-end=\"2639\"><strong data-start=\"2611\" data-end=\"2639\">2. Constante geurafgifte<\/strong><\/h4>\n<p data-start=\"2640\" data-end=\"2790\">Elke batch van <strong>PRECISION Explosives RYL Tetryl<\/strong> biedt dezelfde geurprofielen, wat essentieel is voor betrouwbare certificering en hercertificering.<\/p>\n<h4 data-start=\"2792\" data-end=\"2826\"><strong data-start=\"2796\" data-end=\"2826\">3. Realistisch geurprofiel<\/strong><\/h4>\n<p data-start=\"2827\" data-end=\"2951\">Gebaseerd op wetenschappelijke analyse van vluchtige componenten, zodat K9-teams effectief relevante sporen leren herkennen.<\/p>\n<h4 data-start=\"2953\" data-end=\"2994\"><strong data-start=\"2957\" data-end=\"2994\">4. Ideaal voor sensorontwikkeling<\/strong><\/h4>\n<p data-start=\"2995\" data-end=\"3049\">Professionele detectietechnologie kan met dit product:<\/p>\n<ul>\n<li data-start=\"3053\" data-end=\"3074\">worden gekalibreerd<\/li>\n<li data-start=\"3077\" data-end=\"3119\">worden getest in realistische scenario\u2019s<\/li>\n<li data-start=\"3122\" data-end=\"3169\">worden geverifieerd voor operationeel gebruik<\/li>\n<\/ul>\n<h4 data-start=\"3171\" data-end=\"3217\"><strong data-start=\"3175\" data-end=\"3217\">5. Geschikt voor elk trainingsscenario<\/strong><\/h4>\n<p data-start=\"3218\" data-end=\"3347\">Van gebouwinspecties en voertuigtraining tot logistieke omgevingen \u2014 het product is flexibel te gebruiken zonder speciale opslag.<\/p>\n<p data-start=\"3218\" data-end=\"3347\"><a href=\"https:\/\/dogpride.nl\/de\/k9\/detectie\/detectie-geurstoffen\/precision-geurstoffen\/?product-page=2\"><img loading=\"lazy\" decoding=\"async\" class=\"alignnone\" title=\"PRECISION Explosives - RYL (Tetryl)\" src=\"https:\/\/dogpride.nl\/wp-content\/uploads\/RYL.jpg\" alt=\"PRECISION Explosives - RYL (Tetryl)\" width=\"130\" height=\"130\" \/><\/a><\/p>\n<h4 data-start=\"3354\" data-end=\"3413\"><strong data-start=\"3357\" data-end=\"3413\">Toepassingen van PRECISION Explosives RYL Tetryl<\/strong><\/h4>\n<p data-start=\"3415\" data-end=\"3461\">Dit geurprofiel wordt wereldwijd ingezet door:<\/p>\n<ul>\n<li data-start=\"3465\" data-end=\"3500\">politie- en militaire K9-eenheden<\/li>\n<li data-start=\"3503\" data-end=\"3528\">douane en grensbewaking<\/li>\n<li data-start=\"3531\" data-end=\"3569\">explosievendetectie-opleidingscentra<\/li>\n<li data-start=\"3572\" data-end=\"3606\">forensische onderzoeksinstituten<\/li>\n<li data-start=\"3609\" data-end=\"3645\">ontwikkelaars van detectiesensoren<\/li>\n<\/ul>\n<p data-start=\"3647\" data-end=\"3788\">Omdat het product volledig non-hazardous is, kan het zonder vergunningen worden gebruikt in educatieve, operationele en onderzoeksomgevingen.<\/p>\n<hr data-start=\"3790\" data-end=\"3793\" \/>\n<h4 data-start=\"3795\" data-end=\"3811\"><strong data-start=\"3798\" data-end=\"3811\">Conclusie<\/strong><\/h4>\n<p data-start=\"3813\" data-end=\"4179\"><strong>PRECISION Explosives RYL Tetryl<\/strong> biedt een veilige, betrouwbare en hoogwaardige methode om Tetryl-gerelateerde geurcomponenten te trainen zonder enige explosieve risico\u2019s. Het product ondersteunt K9-teams, forensische specialisten en technologische systemen bij het voorbereiden op realistische detectiescenario\u2019s \u2014 volledig legaal en met maximale veiligheid.<\/p>\n<p data-start=\"3813\" data-end=\"4179\"><a href=\"https:\/\/www.pre-exp.com\/\" target=\"_blank\" rel=\"noopener\"><img loading=\"lazy\" decoding=\"async\" class=\"alignnone wp-image-145806 size-full\" title=\"PRECISION Explosives - RYL (Tetryl)\" src=\"https:\/\/dogpride.nl\/wp-content\/uploads\/Logo-9.jpg\" alt=\"PRECISION Explosives - RYL (Tetryl)\" width=\"124\" height=\"91\" srcset=\"https:\/\/dogpride.nl\/wp-content\/uploads\/Logo-9.jpg 124w, https:\/\/dogpride.nl\/wp-content\/uploads\/Logo-9-16x12.jpg 16w\" sizes=\"auto, (max-width: 124px) 100vw, 124px\" \/><\/a><\/p>","protected":false},"excerpt":{"rendered":"<p class=\"txt-title-fichier\"><strong>PRECISION Explosives RYL Tetryl<\/strong> is ontwikkeld om detectieteams te trainen op herkenbare geurcomponenten die forensisch relevant zijn voor Tetryl, zonder dat er enige vorm van explosieve stof aanwezig is.<\/p>","protected":false},"featured_media":73477,"template":"","meta":[],"product_brand":[],"product_cat":[4021],"product_tag":[3147,3148,16078,3235,16134,3230,9747,10369,16074,16198,3240,3259,16206,3262,16208,3228,16102,3243,3229,3263,16207,3232,16200],"class_list":{"0":"post-73476","1":"product","2":"type-product","3":"status-publish","4":"has-post-thumbnail","6":"product_cat-precision-geurstoffen","7":"product_tag-detectie-geurstof","8":"product_tag-detectiehond","9":"product_tag-detectiehonden-explosieven","10":"product_tag-detectietraining","11":"product_tag-explosieven-geurprofilering","12":"product_tag-explosievendetectie","13":"product_tag-explosievendetectie-training","14":"product_tag-forensische-detectie","15":"product_tag-geurmaterialen-detectie","16":"product_tag-non-hazardous-explosieven-training","17":"product_tag-nosework","18":"product_tag-precision-explosives","19":"product_tag-precision-explosives-ryl","20":"product_tag-ryl","21":"product_tag-ryl-detectie-training","22":"product_tag-scent-detection","23":"product_tag-sensor-kalibratie-explosieven","24":"product_tag-simulatiemiddel","25":"product_tag-sniffer-dogs","26":"product_tag-teryl","27":"product_tag-tetryl-geurprofiel","28":"product_tag-trainingssimulant","29":"product_tag-veiligheidsdiensten-explosieven-training","30":"product_shipping_class-vast-tarief-eu-overig","32":"first","33":"instock","34":"taxable","35":"shipping-taxable","36":"purchasable","37":"product-type-simple"},"mb":[],"mfb_rest_fields":["title"],"_links":{"self":[{"href":"https:\/\/dogpride.nl\/de\/wp-json\/wp\/v2\/product\/73476","targetHints":{"allow":["GET"]}}],"collection":[{"href":"https:\/\/dogpride.nl\/de\/wp-json\/wp\/v2\/product"}],"about":[{"href":"https:\/\/dogpride.nl\/de\/wp-json\/wp\/v2\/types\/product"}],"wp:featuredmedia":[{"embeddable":true,"href":"https:\/\/dogpride.nl\/de\/wp-json\/wp\/v2\/media\/73477"}],"wp:attachment":[{"href":"https:\/\/dogpride.nl\/de\/wp-json\/wp\/v2\/media?parent=73476"}],"wp:term":[{"taxonomy":"product_brand","embeddable":true,"href":"https:\/\/dogpride.nl\/de\/wp-json\/wp\/v2\/product_brand?post=73476"},{"taxonomy":"product_cat","embeddable":true,"href":"https:\/\/dogpride.nl\/de\/wp-json\/wp\/v2\/product_cat?post=73476"},{"taxonomy":"product_tag","embeddable":true,"href":"https:\/\/dogpride.nl\/de\/wp-json\/wp\/v2\/product_tag?post=73476"}],"curies":[{"name":"wp","href":"https:\/\/api.w.org\/{rel}","templated":true}]}}