{"id":73472,"date":"2021-09-16T16:33:41","date_gmt":"2021-09-16T14:33:41","guid":{"rendered":"https:\/\/dogpride1.wpengine.com\/?post_type=product&#038;p=73472"},"modified":"2025-12-22T13:40:16","modified_gmt":"2025-12-22T12:40:16","slug":"precision-explosives-petn","status":"publish","type":"product","link":"https:\/\/dogpride.nl\/de\/precision-explosives-petn\/","title":{"rendered":"PRECISION Explosives PETN"},"content":{"rendered":"<h4 class=\"txt-title-fichier\">PRECISION Explosives PETN<\/h4>\n<p><span class=\"\">PRECISION Explosives PETN. Deze fabrikant gebruikt het geurdrukproces om een \u200b\u200bhoog kwaliteitsniveau te garanderen.<\/span><\/p>\n<p>Es handelt sich um ein System zur Impr\u00e4gnierung des echten Dufts des Produkts und nicht um einen Pseudoduft.<\/p>\n<p>Die Produkte von Precision Explosives werden in den USA hergestellt und bieten Trainingshilfen f\u00fcr Sprengstoffsp\u00fcrhunde.<br \/>\nSie erm\u00f6glichen Spezialeinheiten den Zugang zu echten explosiven Ger\u00fcchen, ohne dass Explosionsgefahr besteht.<\/p>\n<p>F\u00fcr diese Art von Produkten ist keine Lagergenehmigung, keine Transportbeschr\u00e4nkungen oder besondere Lagerbeschr\u00e4nkungen f\u00fcr die Einheiten erforderlich.<\/p>\n<p>Die Produkte von Precision Explosives sind daher f\u00fcr alle Arten von Schulungen praktisch einsetzbar. Der Herstellungsprozess von Precision Explosives garantiert einen h\u00f6heren Geruchsdruck als einige echte Sprengstoffe.<\/p>\n<p>Im wiederverschlie\u00dfbaren Mylar-Beutel aufbewahren. Solange Sie diesen Beutel nicht ge\u00f6ffnet haben, ist die Haltbarkeit unbegrenzt. Der Beutel minimiert den freien Raum um das Produkt herum und verhindert die Verdunstung von Ger\u00fcchen. Der Beutel sorgt au\u00dferdem daf\u00fcr, dass das Produkt nicht von au\u00dfen verunreinigt wird.<\/p>\n<p>Es wird empfohlen, das Produkt mit puderfreien Nitrilhandschuhen zu entfernen und zu handhaben, um eine Kontamination des Menschen zu vermeiden.<br \/>\nDie Haltbarkeit des Produkts nach Gebrauch h\u00e4ngt von der Handhabung und Lagerung ab und kann zwischen etwa 4 und 6 Monaten variieren. Ein k\u00fcrzlich in den USA durchgef\u00fchrter Labortest ergab, dass auf einem gebrauchten Druck, der 4 Monate alt war, nur der Kabelgeruch vorhanden war. Die betreffende Probe wurde in Schulungen und Schulungen eingesetzt, von mehreren Personen unter Beachtung der Handhabungs- und Lagerungshinweise gehandhabt.<\/p>\n<p>Der Geruchseindruck entsteht durch die Versiegelung des Filtermediums zwischen zwei vernieteten Aluminiumscheiben. Dabei wird kein Klebstoff verwendet und der Zusammenbau erfolgt von Hand in einer Laborumgebung, wobei alle notwendigen Vorsichtsma\u00dfnahmen getroffen werden, um jegliches Risiko einer Kontamination w\u00e4hrend der Herstellung zu vermeiden.<\/p>\n<ul>\n<li><strong>Technische Daten:<\/strong><\/li>\n<\/ul>\n<p>Abmessungen: Durchmesser 7,6 cm, Dicke 0,635 cm.<\/p>\n<p>Materialien: Filtermedien in Laborqualit\u00e4t, 2 Aluminium-Schutzschichten, die mit Nieten befestigt und in der Mylar-H\u00fclle aufbewahrt werden.<\/p>\n<p>Duft: Wirklich explosiv, verarbeitet in einem patentierten Verfahren<\/p>\n<p>Kontingent: unbegrenzt, solange Sie die Tasche nicht ge\u00f6ffnet haben. Dann etwa 4 bis 6 Monate, sobald das Produkt ge\u00f6ffnet und zum Training verwendet wird. Eine K\u00fchlung ist nicht erforderlich, aber eine kalte Temperatur ohne direkte Sonneneinstrahlung verl\u00e4ngert die Haltbarkeit.<\/p>\n<p>\u00c4quivalentes Sprengstoffgewicht: Der verf\u00fcgbare Geruch basiert auf der exponierten Fl\u00e4che und nicht auf dem vorhandenen Gesamtgewicht.<\/p>\n<p>Anwendungen: Die Aluminiumscheibe sollte in einem Nylon-, Cordura- oder anderen Beuteltyp, wie z. B. den von uns verkauften, untergebracht werden.\u00a0<span class=\"goog-text-highlight\">Der Beutel sollte als st\u00f6rende Unterst\u00fctzung w\u00e4hrend der Trainingsphase verwendet werden.<\/span><\/p>\n<p><a href=\"https:\/\/dogpride.nl\/de\/k9\/detectie\/detectie-geurstoffen\/precision-geurstoffen\/?product-page=2\"><img loading=\"lazy\" decoding=\"async\" class=\"alignnone\" title=\"PRECISION Explosives - PETN\" src=\"https:\/\/dogpride.nl\/wp-content\/uploads\/PETN.jpg\" alt=\"PRECISION Explosives - PETN\" width=\"156\" height=\"156\" \/><\/a><\/p>\n<h4 data-start=\"366\" data-end=\"459\"><strong data-start=\"368\" data-end=\"459\">PRECISION Explosives PETN: veilige geurmaterialen voor professionele detectietraining<\/strong><\/h4>\n<p data-start=\"461\" data-end=\"871\">Binnen de wereld van explosievendetectie, grensbewaking en forensisch onderzoek groeit de noodzaak aan veilige, reproduceerbare en hoogwaardige geurmaterialen. <strong data-start=\"621\" data-end=\"652\">PRECISION Explosives PETN<\/strong> is speciaal ontwikkeld om detectiehonden, forensische specialisten en geavanceerde detectiesystemen te trainen op geurcomponenten die geassocieerd worden met PETN &#8211; volledig zonder explosieve eigenschappen of risico\u2019s.<\/p>\n<p data-start=\"873\" data-end=\"1275\">PETN is in forensische context bekend als een hoogenergetische stof die voorkomt in bepaalde militaire en industri\u00eble explosieven. Omdat de echte stof te gevaarlijk en wettelijk verboden is voor trainingssituaties, vormen synthetische geurprofielen de enige veilige en realistische optie. PRECISION Explosives levert deze geurprofielen in een volledig non-hazardous, consistent en professioneel format.<\/p>\n<hr data-start=\"1277\" data-end=\"1280\" \/>\n<h4 data-start=\"1282\" data-end=\"1324\"><strong data-start=\"1285\" data-end=\"1324\">Wat is PRECISION Explosives PETN?<\/strong><\/h4>\n<p data-start=\"1326\" data-end=\"1407\"><strong data-start=\"1326\" data-end=\"1357\">PRECISION Explosives PETN<\/strong> is een laboratorium-geproduceerd geurprofiel dat:<\/p>\n<ul>\n<li data-start=\"1411\" data-end=\"1446\"><strong data-start=\"1411\" data-end=\"1438\">g\u00e9\u00e9n explosieve werking<\/strong> bevat<\/li>\n<li data-start=\"1449\" data-end=\"1490\">volledig <strong data-start=\"1458\" data-end=\"1475\">non-hazardous<\/strong> en veilig is<\/li>\n<li data-start=\"1493\" data-end=\"1555\">de relevante geurcomponenten van PETN natuurgetrouw nabootst<\/li>\n<li data-start=\"1558\" data-end=\"1613\">onder <strong data-start=\"1564\" data-end=\"1594\">strikte kwaliteitscontrole<\/strong> wordt ontwikkeld<\/li>\n<li data-start=\"1616\" data-end=\"1669\">ideaal is voor <strong data-start=\"1631\" data-end=\"1646\">K9-training<\/strong> Und <strong data-start=\"1650\" data-end=\"1669\">sensorvalidatie<\/strong><\/li>\n<\/ul>\n<p data-start=\"1671\" data-end=\"1814\">Dankzij het veilige karakter kan het product worden gebruikt in vrijwel elke trainingsomgeving, van binnenruimtes tot mobiele detectielocaties.<\/p>\n<hr data-start=\"1816\" data-end=\"1819\" \/>\n<h4 data-start=\"1821\" data-end=\"1862\"><strong data-start=\"1824\" data-end=\"1862\">Waarom PETN-detectie belangrijk is<\/strong><\/h4>\n<p data-start=\"1864\" data-end=\"2010\">PETN blijft een relevant onderwerp binnen internationale veiligheidsoperaties en forensisch onderzoek. Het is daarom essentieel dat detectieteams:<\/p>\n<ul>\n<li data-start=\"2014\" data-end=\"2053\">geursporen effectief kunnen herkennen<\/li>\n<li data-start=\"2056\" data-end=\"2098\">consistent en betrouwbaar kunnen trainen<\/li>\n<li data-start=\"2101\" data-end=\"2143\">realistische scenario\u2019s kunnen nabootsen<\/li>\n<li data-start=\"2146\" data-end=\"2192\">voorbereid zijn op incidenten in de praktijk<\/li>\n<\/ul>\n<p data-start=\"2194\" data-end=\"2328\">Von <strong data-start=\"2198\" data-end=\"2229\">PRECISION Explosives PETN<\/strong> wordt dit mogelijk zonder de gevaren, vergunningen of logistieke beperkingen van echte materialen.<\/p>\n<hr data-start=\"2330\" data-end=\"2333\" \/>\n<h4 data-start=\"2335\" data-end=\"2388\"><strong data-start=\"2338\" data-end=\"2388\">Voordelen voor K9-teams en detectietechnologie<\/strong><\/h4>\n<h4 data-start=\"2390\" data-end=\"2422\"><strong data-start=\"2394\" data-end=\"2420\">1. Maximale veiligheid<\/strong><\/h4>\n<p data-start=\"2423\" data-end=\"2525\">Het product bevat geen PETN en vormt geen enkel risico voor honden, trainers of trainingsfaciliteiten.<\/p>\n<h4 data-start=\"2527\" data-end=\"2571\"><strong data-start=\"2531\" data-end=\"2569\">2. Reproduceerbare geurkwaliteiten<\/strong><\/h4>\n<p data-start=\"2572\" data-end=\"2695\">Elke batch van PRECISION Explosives PETN levert dezelfde geurconsistentie, ideaal voor certificering en hercertificering.<\/p>\n<h4 data-start=\"2697\" data-end=\"2742\"><strong data-start=\"2701\" data-end=\"2740\">3. Realistisch maar volledig legaal<\/strong><\/h4>\n<p data-start=\"2743\" data-end=\"2846\">De geurcomponenten zijn gebaseerd op wetenschappelijke analyse van PETN-gerelateerde vluchtige stoffen.<\/p>\n<h4 data-start=\"2848\" data-end=\"2892\"><strong data-start=\"2852\" data-end=\"2890\">4. Compatibel met detectiesensoren<\/strong><\/h4>\n<p data-start=\"2893\" data-end=\"2940\">Professionals gebruiken dit geurmateriaal voor:<\/p>\n<ul>\n<li data-start=\"2944\" data-end=\"2961\">sensorvalidatie<\/li>\n<li data-start=\"2964\" data-end=\"3001\">kalibratie van explosievendetectors<\/li>\n<li data-start=\"3004\" data-end=\"3048\">testopstellingen in beveiligingsomgevingen<\/li>\n<\/ul>\n<h4 data-start=\"3050\" data-end=\"3094\"><strong data-start=\"3054\" data-end=\"3092\">5. Breed inzetbaar in elk scenario<\/strong><\/h4>\n<p data-start=\"3095\" data-end=\"3122\">Het product is ideaal voor:<\/p>\n<ul>\n<li data-start=\"3126\" data-end=\"3157\">voertuig- en bagageoefeningen<\/li>\n<li data-start=\"3160\" data-end=\"3178\">gebouwinspecties<\/li>\n<li data-start=\"3181\" data-end=\"3214\">grootschalige scenario-training<\/li>\n<li data-start=\"3217\" data-end=\"3251\">forensische onderwijsprogramma\u2019s<\/li>\n<li data-start=\"3254\" data-end=\"3287\">grens- en luchthavenbeveiliging<\/li>\n<\/ul>\n<p><a href=\"https:\/\/dogpride.nl\/de\/k9\/detectie\/detectie-geurstoffen\/precision-geurstoffen\/?product-page=2\"><img loading=\"lazy\" decoding=\"async\" class=\"alignnone\" title=\"PRECISION Explosives - PETN\" src=\"https:\/\/dogpride.nl\/wp-content\/uploads\/PETN.jpg\" alt=\"PRECISION Explosives - PETN\" width=\"156\" height=\"156\" \/><\/a><\/p>\n<hr data-start=\"3289\" data-end=\"3292\" \/>\n<h4 data-start=\"3294\" data-end=\"3345\"><strong data-start=\"3297\" data-end=\"3345\">Toepassingen van PRECISION Explosives PETN<\/strong><\/h4>\n<p data-start=\"3347\" data-end=\"3393\">Dit geurprofiel wordt wereldwijd ingezet door:<\/p>\n<ul>\n<li data-start=\"3397\" data-end=\"3432\">politie- en militaire K9-eenheden<\/li>\n<li data-start=\"3435\" data-end=\"3467\">douane- en grensbewakingsteams<\/li>\n<li data-start=\"3470\" data-end=\"3500\">forensische opleidingscentra<\/li>\n<li data-start=\"3503\" data-end=\"3542\">ontwikkelaars van detectietechnologie<\/li>\n<li data-start=\"3545\" data-end=\"3568\">onderzoekslaboratoria<\/li>\n<\/ul>\n<p data-start=\"3570\" data-end=\"3704\">Doordat het product volledig non-hazardous is, zijn geen speciale vergunningen, veiligheidszones of complexe opslagprocedures vereist.<\/p>\n<hr data-start=\"3706\" data-end=\"3709\" \/>\n<h4 data-start=\"3711\" data-end=\"3727\"><strong data-start=\"3714\" data-end=\"3727\">Conclusie<\/strong><\/h4>\n<p data-start=\"3729\" data-end=\"4084\"><strong data-start=\"3729\" data-end=\"3760\">PRECISION Explosives PETN<\/strong> biedt een betrouwbare, veilige en wetenschappelijk onderbouwde oplossing voor professionele detectietraining. Met zorgvuldig ontwikkelde geurprofielen, zonder explosieve eigenschappen, ondersteunt dit product K9-teams, forensische specialisten en detectiesystemen in hun voorbereiding op realistische en kritieke situaties.<\/p>\n<p data-start=\"3729\" data-end=\"4084\"><a href=\"https:\/\/www.pre-exp.com\/\" target=\"_blank\" rel=\"noopener\"><img loading=\"lazy\" decoding=\"async\" class=\"alignnone wp-image-145806 size-full\" title=\"PRECISION Explosives - PETN\" src=\"https:\/\/dogpride.nl\/wp-content\/uploads\/Logo-9.jpg\" alt=\"PRECISION Explosives - PETN\" width=\"124\" height=\"91\" srcset=\"https:\/\/dogpride.nl\/wp-content\/uploads\/Logo-9.jpg 124w, https:\/\/dogpride.nl\/wp-content\/uploads\/Logo-9-16x12.jpg 16w\" sizes=\"auto, (max-width: 124px) 100vw, 124px\" \/><\/a><\/p>","protected":false},"excerpt":{"rendered":"<p class=\"txt-title-fichier\"><strong data-start=\"621\" data-end=\"652\">PRECISION Explosives PETN<\/strong> is speciaal ontwikkeld om detectiehonden, forensische specialisten en geavanceerde detectiesystemen te trainen op geurcomponenten die geassocieerd worden met PETN &#8211; volledig zonder explosieve eigenschappen of risico\u2019s.<\/p>","protected":false},"featured_media":73475,"template":"","meta":[],"product_brand":[],"product_cat":[4021],"product_tag":[3147,3148,16078,3235,16134,3230,16108,10369,16074,16198,3240,3238,15030,16210,3259,16209,3228,16102,3243,3229,3232,16211],"class_list":{"0":"post-73472","1":"product","2":"type-product","3":"status-publish","4":"has-post-thumbnail","6":"product_cat-precision-geurstoffen","7":"product_tag-detectie-geurstof","8":"product_tag-detectiehond","9":"product_tag-detectiehonden-explosieven","10":"product_tag-detectietraining","11":"product_tag-explosieven-geurprofilering","12":"product_tag-explosievendetectie","13":"product_tag-explosievendetectie-k9","14":"product_tag-forensische-detectie","15":"product_tag-geurmaterialen-detectie","16":"product_tag-non-hazardous-explosieven-training","17":"product_tag-nosework","18":"product_tag-petn","19":"product_tag-petn-detectie-training","20":"product_tag-petn-geurprofiel-training","21":"product_tag-precision-explosives","22":"product_tag-precision-explosives-petn","23":"product_tag-scent-detection","24":"product_tag-sensor-kalibratie-explosieven","25":"product_tag-simulatiemiddel","26":"product_tag-sniffer-dogs","27":"product_tag-trainingssimulant","28":"product_tag-veiligheidsdiensten-training-petn","29":"product_shipping_class-vast-tarief-eu-overig","31":"first","32":"instock","33":"taxable","34":"shipping-taxable","35":"purchasable","36":"product-type-simple"},"mb":[],"mfb_rest_fields":["title"],"_links":{"self":[{"href":"https:\/\/dogpride.nl\/de\/wp-json\/wp\/v2\/product\/73472","targetHints":{"allow":["GET"]}}],"collection":[{"href":"https:\/\/dogpride.nl\/de\/wp-json\/wp\/v2\/product"}],"about":[{"href":"https:\/\/dogpride.nl\/de\/wp-json\/wp\/v2\/types\/product"}],"wp:featuredmedia":[{"embeddable":true,"href":"https:\/\/dogpride.nl\/de\/wp-json\/wp\/v2\/media\/73475"}],"wp:attachment":[{"href":"https:\/\/dogpride.nl\/de\/wp-json\/wp\/v2\/media?parent=73472"}],"wp:term":[{"taxonomy":"product_brand","embeddable":true,"href":"https:\/\/dogpride.nl\/de\/wp-json\/wp\/v2\/product_brand?post=73472"},{"taxonomy":"product_cat","embeddable":true,"href":"https:\/\/dogpride.nl\/de\/wp-json\/wp\/v2\/product_cat?post=73472"},{"taxonomy":"product_tag","embeddable":true,"href":"https:\/\/dogpride.nl\/de\/wp-json\/wp\/v2\/product_tag?post=73472"}],"curies":[{"name":"wp","href":"https:\/\/api.w.org\/{rel}","templated":true}]}}