{"id":73441,"date":"2021-09-16T14:56:28","date_gmt":"2021-09-16T12:56:28","guid":{"rendered":"https:\/\/dogpride1.wpengine.com\/?post_type=product&#038;p=73441"},"modified":"2025-12-01T17:52:36","modified_gmt":"2025-12-01T16:52:36","slug":"precision-explosives-modd-en-hme-odor-kit","status":"publish","type":"product","link":"https:\/\/dogpride.nl\/de\/precision-explosives-modd-en-hme-odor-kit\/","title":{"rendered":"PRECISION Explosives MODD en HME ODOR kit"},"content":{"rendered":"<h4 class=\"txt-title-fichier\">PRECISION Explosives MODD en HME ODOR kit<\/h4>\n<p><span class=\"\">PRECISION Explosives MODD en HME ODOR kit . Het MODD ODOR TRACE is ideaal voor het trainen van honden in het detecteren van explosieven.<\/span><\/p>\n<p>Durch verschiedene Kombinationen ist es m\u00f6glich, wirklich explosive D\u00fcfte zu erzeugen.<br \/>\nHME-Duftflaschen sind mit farbigen und digitalen Etiketten ausgestattet. Dadurch k\u00f6nnen Sie schnell eine Duftkombination kreieren, die letztendlich einem echten Duft entspricht, um Ihren Hund effektiv zu trainieren.<br \/>\nDas MODD ist v\u00f6llig sicher in der Anwendung, inert und ohne Einschr\u00e4nkungen.<\/p>\n<p>Erh\u00e4ltlich als Basis-MODD-Version oder als Mini-MODD-Version.<\/p>\n<h4>Die Mini MODD-Version ist mit k9BSD-Trainingsbalken kompatibel.<\/h4>\n<p><span class=\"VIiyi\" lang=\"fr\">Das Precision Explosives\u00ae Recognition Kit wird mit dreiundzwanzig (23) 2-ml-Fl\u00e4schchen geliefert.<br \/>\nMit den g\u00e4ngigsten Kraftstoffen\/organischen Stoffen in einer versiegelten ABS-Box.<br \/>\nDiese sekund\u00e4ren und terti\u00e4ren Materialien werden gekennzeichnet und codiert, um die Kombination von Sprengstoffen zu optimieren. Erm\u00f6glicht die Anpassung von Kombinationen, wenn neue Bedrohungen auftauchen. <\/span><\/p>\n<p><span class=\"VIiyi\" lang=\"fr\">Die Zieloxidationsmittel sind sauber, rein und ordnungsgem\u00e4\u00df verpackt, um die Integrit\u00e4t der Substanzen sicherzustellen. Die Oxidationsmittel sind so verpackt, dass sie wiederholt verwendet werden k\u00f6nnen.<br \/>\nJede Menge ist in einem anorganischen Fl\u00e4schchen mit einem anorganischen Deckel enthalten, der so dimensioniert ist, dass er genau in das MODD passt. Durch diesen Prozess werden Kreuzkontaminationsprobleme vermieden.<\/span><\/p>\n<h4><span class=\"VIiyi\" lang=\"fr\">Der MODD-Mini erm\u00f6glicht die Verwendung von vier (4) Fl\u00e4schchen mit 2 ml pro Fl\u00e4schchen.\u00a0<\/span><\/h4>\n<p><span class=\"VIiyi\" lang=\"fr\">Der Praktiker w\u00e4hlt den gew\u00fcnschten Zielgeruch und dann andere Ger\u00fcche aus, die \u00fcblicherweise mit dem Endziel (Bombe und\/oder Drogen) in Verbindung gebracht werden.<br \/>\nD\u00e4mpfe der einzelnen Substanzen sammeln sich an und vermischen sich im MODD oder MODD-Mini, bis ein ausreichender Dampfdruck vorhanden ist, um den nun kombinierten Geruch aus dem Kombinationsbereich nach oben und in die Atmosph\u00e4re auszusto\u00dfen.<br \/>\n<\/span><span class=\"VIiyi\" lang=\"fr\">Dar\u00fcber hinaus kann der Praktiker die Menge des abgegebenen Geruchs weiter begrenzen, indem er die verschiedenen Drosselstopfen einsetzt und so die wahrgenommene \u201eGr\u00f6\u00dfe\u201c des Ziels anpasst.<br \/>\nDas Endziel (Bombe oder Drogen) wird mit Substanzen vermischt, die wahrscheinlich einen h\u00f6heren Druck und eine h\u00f6here Zersetzungsrate aufweisen als der Endzielgeruch. <\/span><\/p>\n<p><span class=\"VIiyi\" lang=\"fr\">Het andere voordeel van dit systeem is dat de MODD of MODD-Mini is ontworpen voor <a href=\"https:\/\/dogpride.nl\/de\/k9\/detectie\/detectie-trainingskit\/\">K-9 BSD<\/a>-producten.\u00a0<\/span><\/p>\n<h4><span class=\"VIiyi\" lang=\"fr\">Es passt perfekt in das Loch in der BSD K-9-Box, das f\u00fcr die Aufnahme eines Diffusionstopfs vorgesehen ist.<\/span><\/h4>\n<p><span class=\"VIiyi\" lang=\"fr\">Mit dem FOX Box of Fuel\/Oxidizer Kit k\u00f6nnen Hundef\u00fchrer und Trainer sicher eine unbegrenzte Anzahl hausgemachter explosiver D\u00fcfte erzeugen.<\/span><\/p>\n<p>Inhalt:<\/p>\n<p><span class=\"VIiyi\" lang=\"fr\">drei (3) Oxidationsmittel (Ammoniumnitrat, Kaliumchlorat, Wasserstoffperoxid) und zw\u00f6lf (12) kompatible Kraftstoffe<br \/>\n(AL, Motor\u00f6l, Nitromethan, Puderzucker, Automatikgetriebe\u00f6l, Mais\u00f6l, Gelee, Erd\u00f6l, Schwefel, Kreuzk\u00fcmmel, schwarzer Pfeffer, Kaffee, Aroma).<br \/>\nJedes Material ist in einer Durchstechflasche aus Borosilikatglas mit einem mit Aluminium ausgekleideten Deckel enthalten. Dies ist f\u00fcr den Einsatz im Odor Trace MODD-Mini geeignet.<br \/>\nAlle Materialien sind in einer wasserdichten ABS-Box mit Schaumstoffeinlagen untergebracht.<\/span><\/p>\n<ul>\n<li><span class=\"VIiyi\" lang=\"fr\"><span class=\"JLqJ4b\">Jede Flasche in der FOX-Box ist farbig und digital codiert, sodass der Benutzer schnell explosive zusammengesetzte D\u00fcfte kreieren kann.<\/span><\/span><\/li>\n<\/ul>\n<p><span style=\"color: #ff0000;\"><strong><span class=\"goog-text-highlight\">VERMISCHEN SIE DEN INHALT DER DURCHSTECHFLASCHE NICHT, da sonst eine explosive Mischung entsteht.<\/span><\/strong><\/span><\/p>\n<p><a href=\"https:\/\/dogpride.nl\/de\/k9\/detectie\/detectie-geurstoffen\/precision-geurstoffen\/\"><img loading=\"lazy\" decoding=\"async\" class=\"alignnone\" title=\"PRECISION Explosives MODD en HME ODOR kit\" src=\"https:\/\/dogpride.nl\/wp-content\/uploads\/verybig-5396-1.jpg\" alt=\"PRECISION Explosives MODD en HME ODOR kit\" width=\"174\" height=\"174\" \/><\/a><\/p>\n<h4 data-start=\"359\" data-end=\"466\"><strong data-start=\"361\" data-end=\"466\">PRECISION Explosives MODD en HME ODOR Kit: professionele geurmaterialen voor veilige detectietraining<\/strong><\/h4>\n<p data-start=\"468\" data-end=\"947\">Binnen de moderne veiligheidssector is het essentieel om te werken met veilige, gestandaardiseerde en realistische trainingsmaterialen. De <strong data-start=\"607\" data-end=\"652\">PRECISION Explosives MODD en HME ODOR Kit<\/strong> is speciaal ontwikkeld om detectiehonden, sensortechnologie en forensische teams te trainen op geurcomponenten die worden geassocieerd met uiteenlopende Home-Made Explosives (HME\u2019s). Alles gebeurt volledig <strong data-start=\"859\" data-end=\"876\">non-hazardous<\/strong>, zonder enige explosieve eigenschap en binnen alle wettelijke grenzen.<\/p>\n<p data-start=\"949\" data-end=\"1145\">Deze kits bieden een professionele, veilige en wetenschappelijk onderbouwde benadering voor organisaties die hun detectiecapaciteiten willen verbeteren zonder risico\u2019s voor mens, dier of omgeving.<\/p>\n<hr data-start=\"1147\" data-end=\"1150\" \/>\n<h4 data-start=\"1152\" data-end=\"1211\"><strong data-start=\"1155\" data-end=\"1211\">Wat is de PRECISION Explosives MODD en HME ODOR kit ?<\/strong><\/h4>\n<p data-start=\"1213\" data-end=\"1297\">Der <strong data-start=\"1216\" data-end=\"1240\">MODD en HME ODOR Kit<\/strong> van PRECISION Explosives bestaat uit geurmaterialen die:<\/p>\n<ul>\n<li data-start=\"1301\" data-end=\"1378\"><strong data-start=\"1301\" data-end=\"1330\">g\u00e9\u00e9n explosieven bevatten<\/strong>, maar wel relevante geurcomponenten simuleren<\/li>\n<li data-start=\"1381\" data-end=\"1432\">volledig <strong data-start=\"1390\" data-end=\"1425\">veilig, legaal en non-hazardous<\/strong> zijn<\/li>\n<li data-start=\"1435\" data-end=\"1505\">ontworpen zijn om <strong data-start=\"1453\" data-end=\"1487\">K9-detectie en sensoronderzoek<\/strong> te ondersteunen<\/li>\n<li data-start=\"1508\" data-end=\"1570\">elk een <strong data-start=\"1516\" data-end=\"1561\">consistent en reproduceerbaar geurprofiel<\/strong> hebben<\/li>\n<li data-start=\"1573\" data-end=\"1644\">bruikbaar zijn in <strong data-start=\"1591\" data-end=\"1644\">basisopleiding, certificering en praktijktraining<\/strong><\/li>\n<\/ul>\n<p data-start=\"1646\" data-end=\"1778\">De kit is wereldwijd erkend door politie-eenheden, douane, grensbewaking, forensische instituten en gespecialiseerde detectiecentra.<\/p>\n<hr data-start=\"1780\" data-end=\"1783\" \/>\n<h4 data-start=\"1785\" data-end=\"1810\"><strong data-start=\"1788\" data-end=\"1810\">Wat betekent MODD?<\/strong><\/h4>\n<p data-start=\"1812\" data-end=\"2027\"><strong data-start=\"1812\" data-end=\"1820\">MODD<\/strong> staat voor <strong data-start=\"1832\" data-end=\"1865\">Mixture Odor Detection Device<\/strong> \u2014 een geavanceerd geurdragersysteem dat vluchtige componenten uit HME-gerelateerde geurprofielen op een gecontroleerde manier afgeeft. Dit maakt het ideaal voor:<\/p>\n<ul>\n<li data-start=\"2031\" data-end=\"2056\">geurherkenningstraining<\/li>\n<li data-start=\"2059\" data-end=\"2078\">geurdiscriminatie<\/li>\n<li data-start=\"2081\" data-end=\"2102\">scenario-oefeningen<\/li>\n<li data-start=\"2105\" data-end=\"2145\">testopstellingen voor detectiesensoren<\/li>\n<\/ul>\n<p data-start=\"2147\" data-end=\"2272\">De MODD-technologie zorgt ervoor dat geurcomponenten op een stabiele, langdurige en gecontroleerde manier worden vrijgegeven.<\/p>\n<hr data-start=\"2274\" data-end=\"2277\" \/>\n<h4 data-start=\"2279\" data-end=\"2310\"><strong data-start=\"2282\" data-end=\"2310\">Waarom een HME ODOR Kit?<\/strong><\/h4>\n<p data-start=\"2312\" data-end=\"2566\">Home-Made Explosives (HME\u2019s) spelen wereldwijd een rol in forensisch onderzoek en veiligheidsoperaties. Omdat echte HME\u2019s gevaarlijk, instabiel en verboden zijn voor training, biedt de <strong>PRECISION Explosives MODD en HME ODOR kit<\/strong> \u00a0een volledig veilige oplossing.<\/p>\n<p data-start=\"2568\" data-end=\"2659\">Deze kit helpt organisaties bij het trainen op geurcomponenten die geassocieerd worden met:<\/p>\n<ul>\n<li data-start=\"2663\" data-end=\"2675\">oxidatoren<\/li>\n<li data-start=\"2678\" data-end=\"2696\">precursor-geuren<\/li>\n<li data-start=\"2699\" data-end=\"2736\">HME-kenmerkende vluchtige moleculen<\/li>\n<li data-start=\"2739\" data-end=\"2775\">forensisch relevante geurafdrukken<\/li>\n<\/ul>\n<p data-start=\"2777\" data-end=\"2842\">Alles binnen een veilige, gecontroleerde en applicatieklare vorm.<\/p>\n<hr data-start=\"2844\" data-end=\"2847\" \/>\n<h4 data-start=\"2849\" data-end=\"2914\"><strong data-start=\"2852\" data-end=\"2914\">Voordelen van de PRECISION Explosives MODD en HME ODOR kit <\/strong><\/h4>\n<h4 data-start=\"2916\" data-end=\"2949\"><strong data-start=\"2920\" data-end=\"2949\">1. Volledig non-hazardous<\/strong><\/h4>\n<p data-start=\"2950\" data-end=\"3078\">Geen explosieve componenten, geen gevaar. Veilig te gebruiken in scholen, trainingscentra, binnenruimtes en publieke omgevingen.<\/p>\n<h4 data-start=\"3080\" data-end=\"3133\"><strong data-start=\"3084\" data-end=\"3133\">2. Wetenschappelijk onderbouwde geurprofielen<\/strong><\/h4>\n<p data-start=\"3134\" data-end=\"3245\">Elke geurdrager wordt ontwikkeld op basis van forensisch geuronderzoek en gecontroleerde laboratoriumproductie.<\/p>\n<h4 data-start=\"3247\" data-end=\"3278\"><strong data-start=\"3251\" data-end=\"3278\">3. Consistent per batch<\/strong><\/h4>\n<p data-start=\"3279\" data-end=\"3358\">Ideaal voor certificering, hercertificering en betrouwbare trainingsresultaten.<\/p>\n<h4 data-start=\"3360\" data-end=\"3411\"><strong data-start=\"3364\" data-end=\"3411\">4. Geschikt voor honden en detectiesensoren<\/strong><\/h4>\n<p data-start=\"3412\" data-end=\"3449\">Organisaties gebruiken deze kit voor:<\/p>\n<ul>\n<li data-start=\"3453\" data-end=\"3479\">K9-training en evaluatie<\/li>\n<li data-start=\"3482\" data-end=\"3500\">sensorkalibratie<\/li>\n<li data-start=\"3503\" data-end=\"3536\">testopstellingen in laboratoria<\/li>\n<li data-start=\"3539\" data-end=\"3611\">verificatie van detectiesystemen in transport- en beveiligingssectoren<\/li>\n<\/ul>\n<h4 data-start=\"3613\" data-end=\"3642\"><strong data-start=\"3617\" data-end=\"3642\">5. Flexibel inzetbaar<\/strong><\/h4>\n<p data-start=\"3643\" data-end=\"3673\">De kit kan worden gebruikt in:<\/p>\n<ul>\n<li data-start=\"3677\" data-end=\"3689\">voertuigen<\/li>\n<li data-start=\"3692\" data-end=\"3702\">gebouwen<\/li>\n<li data-start=\"3705\" data-end=\"3734\">bagage- en vrachtomgevingen<\/li>\n<li data-start=\"3737\" data-end=\"3753\">oefenterreinen<\/li>\n<li data-start=\"3756\" data-end=\"3796\">trainingsfaciliteiten binnen en buiten<\/li>\n<\/ul>\n<p><img loading=\"lazy\" decoding=\"async\" class=\"alignnone\" title=\"PRECISION Explosives MODD en HME ODOR kit\" src=\"https:\/\/dogpride.nl\/wp-content\/uploads\/verybig-5396-2-1-150x150.jpg\" alt=\"PRECISION Explosives MODD en HME ODOR kit\" width=\"150\" height=\"150\" \/><\/p>\n<hr data-start=\"3798\" data-end=\"3801\" \/>\n<h4 data-start=\"3803\" data-end=\"3859\"><strong data-start=\"3806\" data-end=\"3859\">Toepassingen in professionele detectie-omgevingen<\/strong><\/h4>\n<p data-start=\"3861\" data-end=\"3942\">Der\u00a0<strong data-start=\"1155\" data-end=\"1211\">PRECISION Explosives MODD en HME ODOR kit <\/strong>wordt wereldwijd toegepast door:<\/p>\n<ul>\n<li data-start=\"3946\" data-end=\"3980\">politie en militaire K9-eenheden<\/li>\n<li data-start=\"3983\" data-end=\"4015\">douane- en grensbewakingsteams<\/li>\n<li data-start=\"4018\" data-end=\"4053\">explosievenruimingsdiensten (EOD)<\/li>\n<li data-start=\"4056\" data-end=\"4089\">luchthavens en havenbeveiliging<\/li>\n<li data-start=\"4092\" data-end=\"4122\">forensische onderzoekscentra<\/li>\n<li data-start=\"4125\" data-end=\"4161\">ontwikkelaars van detectiesensoren<\/li>\n<\/ul>\n<p data-start=\"4163\" data-end=\"4250\">Het product is ideaal voor zowel basisopleidingen als geavanceerde detectie-oefeningen.<\/p>\n<hr data-start=\"4252\" data-end=\"4255\" \/>\n<h4 data-start=\"4257\" data-end=\"4273\"><strong data-start=\"4260\" data-end=\"4273\">Conclusie<\/strong><\/h4>\n<p data-start=\"4275\" data-end=\"4646\">Der\u00a0<strong data-start=\"1155\" data-end=\"1211\">PRECISION Explosives MODD en HME ODOR kit <\/strong>is een essenti\u00eble trainingsoplossing voor organisaties die zich bezighouden met explosievendetectie, forensisch onderzoek en veiligheidsoperaties. De kit biedt veilige, betrouwbare en reproduceerbare geurprofielen die detectieteams voorbereiden op realistische situaties \u2014 volledig zonder risico of wettelijke beperkingen.<\/p>\n<p data-start=\"4275\" data-end=\"4646\">\n<p data-start=\"4275\" data-end=\"4646\"><a href=\"https:\/\/www.pre-exp.com\/\" target=\"_blank\" rel=\"noopener\"><img loading=\"lazy\" decoding=\"async\" class=\"alignnone wp-image-145806 size-full\" title=\"PRECISION Explosives MODD en HME ODOR kit\" src=\"https:\/\/dogpride.nl\/wp-content\/uploads\/Logo-9.jpg\" alt=\"PRECISION Explosives MODD en HME ODOR kit\" width=\"124\" height=\"91\" srcset=\"https:\/\/dogpride.nl\/wp-content\/uploads\/Logo-9.jpg 124w, https:\/\/dogpride.nl\/wp-content\/uploads\/Logo-9-16x12.jpg 16w\" sizes=\"auto, (max-width: 124px) 100vw, 124px\" \/><\/a><\/p>\n<p>&nbsp;<\/p>","protected":false},"excerpt":{"rendered":"<p class=\"txt-title-fichier\">Der <strong data-start=\"607\" data-end=\"652\">PRECISION Explosives MODD en HME ODOR kit<\/strong> is speciaal ontwikkeld om detectiehonden, sensortechnologie en forensische teams te trainen op geurcomponenten die worden geassocieerd met uiteenlopende Home-Made Explosives (HME\u2019s).<\/p>","protected":false},"featured_media":73442,"template":"","meta":[],"product_brand":[],"product_cat":[4021],"product_tag":[3147,3148,3235,3230,16108,10369,16064,16238,16080,3268,16239,3267,16235,16236,3240,3259,16234,3228,16237,3243,3229,3232,16142],"class_list":{"0":"post-73441","1":"product","2":"type-product","3":"status-publish","4":"has-post-thumbnail","6":"product_cat-precision-geurstoffen","7":"product_tag-detectie-geurstof","8":"product_tag-detectiehond","9":"product_tag-detectietraining","10":"product_tag-explosievendetectie","11":"product_tag-explosievendetectie-k9","12":"product_tag-forensische-detectie","13":"product_tag-geurmaterialen-training","14":"product_tag-geurprofilering-explosieven","15":"product_tag-hme-detectie-training","16":"product_tag-hme-odor-kit","17":"product_tag-k9-hme-training","18":"product_tag-modd","19":"product_tag-modd-geurtraining","20":"product_tag-non-hazardous-geurmaterialen","21":"product_tag-nosework","22":"product_tag-precision-explosives","23":"product_tag-precision-explosives-modd","24":"product_tag-scent-detection","25":"product_tag-sensor-kalibratie-hme","26":"product_tag-simulatiemiddel","27":"product_tag-sniffer-dogs","28":"product_tag-trainingssimulant","29":"product_tag-veiligheidsdiensten-training","31":"first","32":"instock","33":"taxable","34":"shipping-taxable","35":"purchasable","36":"product-type-variable"},"mb":[],"mfb_rest_fields":["title"],"_links":{"self":[{"href":"https:\/\/dogpride.nl\/de\/wp-json\/wp\/v2\/product\/73441","targetHints":{"allow":["GET"]}}],"collection":[{"href":"https:\/\/dogpride.nl\/de\/wp-json\/wp\/v2\/product"}],"about":[{"href":"https:\/\/dogpride.nl\/de\/wp-json\/wp\/v2\/types\/product"}],"wp:featuredmedia":[{"embeddable":true,"href":"https:\/\/dogpride.nl\/de\/wp-json\/wp\/v2\/media\/73442"}],"wp:attachment":[{"href":"https:\/\/dogpride.nl\/de\/wp-json\/wp\/v2\/media?parent=73441"}],"wp:term":[{"taxonomy":"product_brand","embeddable":true,"href":"https:\/\/dogpride.nl\/de\/wp-json\/wp\/v2\/product_brand?post=73441"},{"taxonomy":"product_cat","embeddable":true,"href":"https:\/\/dogpride.nl\/de\/wp-json\/wp\/v2\/product_cat?post=73441"},{"taxonomy":"product_tag","embeddable":true,"href":"https:\/\/dogpride.nl\/de\/wp-json\/wp\/v2\/product_tag?post=73441"}],"curies":[{"name":"wp","href":"https:\/\/api.w.org\/{rel}","templated":true}]}}