{"id":73435,"date":"2021-09-16T14:38:12","date_gmt":"2021-09-16T12:38:12","guid":{"rendered":"https:\/\/dogpride1.wpengine.com\/?post_type=product&#038;p=73435"},"modified":"2025-12-22T14:00:23","modified_gmt":"2025-12-22T13:00:23","slug":"sokks-cites-wild-animals-threatened-with-extinction","status":"publish","type":"product","link":"https:\/\/dogpride.nl\/de\/sokks-cites-wild-animals-threatened-with-extinction\/","title":{"rendered":"SOKKS CITES wild animals threatened with extinction"},"content":{"rendered":"<h4 class=\"txt-title-fichier\">SOKKS CITES wild animals threatened with extinction<\/h4>\n<p><span class=\"\">SOKKS CITES wild animals threatened with extinction. SOKKS\u00ae CITES is een reeks producten bedoeld voor de detectie van dieren of delen van beschermde soorten. Bijvoorbeeld ivoor, neushoorn, reptielen, papegaaien, roofvogels etc.<\/span><\/p>\n<p>CITES: Konzentration auf den internationalen Handel mit gef\u00e4hrdeten Arten freilebender Tiere und Pflanzen = \u00dcbereinkommen \u00fcber den internationalen Handel mit gef\u00e4hrdeten Arten freilebender Tiere und Pflanzen.<\/p>\n<p>SOKKS\u00ae CITES wurde in Zusammenarbeit mit den Professoren Wolf A. Kafka (Deutschland) und Harald Schwammer (Experte f\u00fcr Naturschutz, Artenschutz, Heimtierhandel, Tiergarten Sch\u00f6nbrunn Wien (\u00d6sterreich)) und Alexander Gampl (zertifizierte Duftquelle f\u00fcr Tiere und Hunde) entwickelt ). Trainer f\u00fcr Detektion, \u00d6sterreich). SOKKS\u00ae CITES ist eine hervorragende Unterst\u00fctzung f\u00fcr Zollinstitutionen.<\/p>\n<p>SOKKS\u00ae CITES-Produkte k\u00f6nnen eine Lieferzeit von ca. 4 bis 6 Wochen haben.<\/p>\n<p>Besonderheit: SOKKS\u00ae Ivory:<br \/>\nSOKKS\u00ae Ivory hilft Ihnen, Ihrem Hund beizubringen, Elfenbein zu erkennen (insbesondere Elefantenz\u00e4hne und deren Teile).<\/p>\n<p>SOKKS\u00ae Nashorn<br \/>\n<span class=\"goog-text-highlight\">Mit dem SOKKS\u00ae Rhinoceros k\u00f6nnen Sie Ihrem Hund beibringen, Nashornh\u00f6rner und deren Teile zu erkennen.<\/span><\/p>\n<ul>\n<li>Glas mit 50 Tuben<\/li>\n<\/ul>\n<p><a href=\"https:\/\/dogpride.nl\/de\/k9\/detectie\/detectie-geurstoffen\/sokks-geurstoffen\/\"><img loading=\"lazy\" decoding=\"async\" class=\"alignnone\" title=\"Sokks CITES (wild animals threatened with extinction)\" src=\"https:\/\/dogpride.nl\/wp-content\/uploads\/verybig-3962-2-150x150.jpg\" alt=\"Sokks CITES (wild animals threatened with extinction)\" width=\"150\" height=\"150\" \/><\/a><\/p>\n<p>&nbsp;<\/p>\n<h4 data-start=\"263\" data-end=\"377\"><strong data-start=\"266\" data-end=\"377\">SOKKS CITES wild animals threatened with extinction \u2013 Geurbron voor detectiehonden die bedreigde diersoorten en illegale wildlifeproducten opsporen<\/strong><\/h4>\n<p data-start=\"379\" data-end=\"939\">SOKKS CITES wild animals threatened with extinction is een gespecialiseerde, wetenschappelijk ontwikkelde geurbron die wordt gebruikt voor het trainen van detectiehonden in het opsporen van illegale producten afkomstig van bedreigde diersoorten. Deze synthetische geurcapsules zijn gebaseerd op geurprofielen van goederen die vallen onder de CITES-wetgeving (Convention on International Trade in Endangered Species). Denk hierbij aan materialen zoals ivoor, hoorn, schubben, botten, reptielenhuiden, exotisch haar, bont en andere wildlifeproducten die wereldwijd worden verhandeld op de zwarte markt.<\/p>\n<p data-start=\"941\" data-end=\"1464\">Doordat er <strong data-start=\"952\" data-end=\"982\">geen echte dierenproducten<\/strong> worden gebruikt in de capsules, biedt SOKKS een veilige, duurzame en legale manier om honden te trainen in het herkennen van deze verboden materialen. SOKKS CITES wild animals threatened with extinction\u00a0wordt wereldwijd toegepast door douane, grensbewaking, natuurbeschermingsorganisaties, NGO\u2019s, politie-eenheden en gespecialiseerde K9-teams die zich inzetten tegen wildlifecriminaliteit. Het product speelt een belangrijke rol in de bescherming van bedreigde diersoorten en helpt bij de bestrijding van illegale handel.<\/p>\n<hr data-start=\"1466\" data-end=\"1469\" \/>\n<h4 data-start=\"1471\" data-end=\"1546\"><strong data-start=\"1474\" data-end=\"1546\">Waarom SOKKS CITES wild animals threatened with extinction\u00a0essentieel is voor moderne wildlife-detectieteams<\/strong><\/h4>\n<p data-start=\"1548\" data-end=\"2020\">Wildlifecriminaliteit is uitgegroeid tot een miljardenindustrie en vormt een ernstige bedreiging voor tal van diersoorten. Ivoor, pangolinschubben, tijgervellen, zeldzame reptielenhuiden en andere illegale producten worden in enorme hoeveelheden gesmokkeld via havens, luchthavens, grensovergangen en pakketdiensten. De inzet van detectiehonden is daarbij cruciaal: hun uitzonderlijke reukvermogen maakt het mogelijk om contrabande te vinden die anders onopgemerkt blijft.<\/p>\n<p data-start=\"2022\" data-end=\"2388\">SOKKS CITES wild animals threatened with extinction ondersteunt dit werk door een <strong data-start=\"2064\" data-end=\"2117\">realistisch maar volledig synthetisch geurprofiel<\/strong> te leveren dat consistent en betrouwbaar is. Waar echte wildlifeproducten qua geur sterk kunnen vari\u00ebren, biedt SOKKS een constante geursterkte die honden effectief helpt opbouwen van herkenning en focus. Hierdoor kunnen K9-teams sneller en nauwkeuriger worden getraind.<\/p>\n<hr data-start=\"2390\" data-end=\"2393\" \/>\n<h4 data-start=\"2395\" data-end=\"2446\"><strong data-start=\"2398\" data-end=\"2446\">100% veilig, legaal en hygi\u00ebnisch in gebruik<\/strong><\/h4>\n<p data-start=\"2448\" data-end=\"2746\">SOKKS CITES wild animals threatened with extinction bevat g\u00e9\u00e9n echte dierlijke materialen, geen organische resten en geen schadelijke stoffen. Trainers hoeven geen speciale vergunningen aan te vragen, kunnen overal trainen en hoeven zich geen zorgen te maken over besmetting, opslagvoorschriften of de verspreiding van verboden producten.<\/p>\n<p data-start=\"2748\" data-end=\"2769\">De geurcapsules zijn:<\/p>\n<ul>\n<li data-start=\"2772\" data-end=\"2788\">waterbestendig<\/li>\n<li data-start=\"2791\" data-end=\"2800\">lekvrij<\/li>\n<li data-start=\"2803\" data-end=\"2833\">compact en licht van gewicht<\/li>\n<li data-start=\"2836\" data-end=\"2859\">geurtechnisch stabiel<\/li>\n<li data-start=\"2862\" data-end=\"2883\">langdurig bruikbaar<\/li>\n<\/ul>\n<p data-start=\"2885\" data-end=\"3031\">Deze eigenschappen maken de capsules uiterst geschikt voor intensieve trainingsprogramma\u2019s en voor gebruik in uiteenlopende klimaatomstandigheden.<\/p>\n<hr data-start=\"3033\" data-end=\"3036\" \/>\n<h4 data-start=\"3038\" data-end=\"3082\"><strong data-start=\"3041\" data-end=\"3082\">Toepassingen binnen wildlife-detectie<\/strong><\/h4>\n<p data-start=\"3084\" data-end=\"3144\">SOKKS CITES wild animals threatened with extinction wordt ingezet binnen uiteenlopende werkgebieden:<\/p>\n<h4 data-start=\"3146\" data-end=\"3178\"><strong data-start=\"3150\" data-end=\"3176\">Douane &amp; grensbewaking<\/strong><\/h4>\n<p data-start=\"3179\" data-end=\"3305\">Honden helpen bij het opsporen van illegale fauna in koffers, vrachtwagens, containers, schepen, postpakketten en luchtvracht.<\/p>\n<h4 data-start=\"3307\" data-end=\"3351\"><strong data-start=\"3311\" data-end=\"3349\">Natuurhandhavingsdiensten en NGO\u2019s<\/strong><\/h4>\n<p data-start=\"3352\" data-end=\"3481\">Detectiehonden ondersteunen controles op markten, havens, natuurgebieden en opslaglocaties waar smokkelwaar kan worden verborgen.<\/p>\n<h4 data-start=\"3483\" data-end=\"3541\"><strong data-start=\"3487\" data-end=\"3539\">K9-trainers gespecialiseerd in wildlife-detectie<\/strong><\/h4>\n<p data-start=\"3542\" data-end=\"3666\">Trainers kunnen realistische scenario\u2019s opzetten zonder afhankelijk te zijn van illegaal of moeilijk verkrijgbaar materiaal.<\/p>\n<h4 data-start=\"3668\" data-end=\"3709\"><strong data-start=\"3672\" data-end=\"3707\">Onderwijs en preventieprojecten<\/strong><\/h4>\n<p data-start=\"3710\" data-end=\"3864\">Van opleidingscentra tot bewustwordingscampagnes: SOKKS CITES wild animals threatened with extinction\u00a0maakt veilige, educatieve demonstraties mogelijk zonder gebruik van echte wildlifeproducten.<\/p>\n<p data-start=\"3710\" data-end=\"3864\"><img loading=\"lazy\" decoding=\"async\" class=\"alignnone wp-image-147060 size-thumbnail\" title=\"Sokks CITES (wild animals threatened with extinction)\" src=\"https:\/\/dogpride.nl\/wp-content\/uploads\/sokks-cites-ivoiry-k9-520x520-1-150x150.jpg\" alt=\"Sokks CITES (wild animals threatened with extinction)\" width=\"150\" height=\"150\" srcset=\"https:\/\/dogpride.nl\/wp-content\/uploads\/sokks-cites-ivoiry-k9-520x520-1-150x150.jpg 150w, https:\/\/dogpride.nl\/wp-content\/uploads\/sokks-cites-ivoiry-k9-520x520-1-300x300.jpg 300w, https:\/\/dogpride.nl\/wp-content\/uploads\/sokks-cites-ivoiry-k9-520x520-1-12x12.jpg 12w, https:\/\/dogpride.nl\/wp-content\/uploads\/sokks-cites-ivoiry-k9-520x520-1-250x250.jpg 250w, https:\/\/dogpride.nl\/wp-content\/uploads\/sokks-cites-ivoiry-k9-520x520-1-400x400.jpg 400w, https:\/\/dogpride.nl\/wp-content\/uploads\/sokks-cites-ivoiry-k9-520x520-1-100x100.jpg 100w, https:\/\/dogpride.nl\/wp-content\/uploads\/sokks-cites-ivoiry-k9-520x520-1.jpg 520w\" sizes=\"auto, (max-width: 150px) 100vw, 150px\" \/><\/p>\n<hr data-start=\"3866\" data-end=\"3869\" \/>\n<h4 data-start=\"3871\" data-end=\"3936\"><strong data-start=\"3874\" data-end=\"3936\">Eenvoudig te gebruiken in realistische trainingsscenario\u2019s<\/strong><\/h4>\n<p data-start=\"3938\" data-end=\"4290\">De capsules zijn klein en eenvoudig te plaatsen in tassen, koffers, houten kisten, voertuigen, gebouwen, containers of tussen ladingen. Hierdoor kan de trainer uiteenlopende en uitdagende zoekopdrachten cre\u00ebren. De constante geurafgifte zorgt ervoor dat de hond steeds dezelfde betrouwbare prikkel ontvangt, wat de leerprestaties aanzienlijk verbetert.<\/p>\n<p data-start=\"4292\" data-end=\"4470\">Trainers kunnen vari\u00ebren in afstand, hoogte, materiaalsoorten en complexiteit van de verstopplek. Zo leren honden om in de praktijk onder alle omstandigheden effectief te werken.<\/p>\n<hr data-start=\"4472\" data-end=\"4475\" \/>\n<h4 data-start=\"4477\" data-end=\"4543\"><strong data-start=\"4480\" data-end=\"4543\">Een krachtige tool in de strijd tegen wildlifecriminaliteit<\/strong><\/h4>\n<p data-start=\"4545\" data-end=\"4954\">Door te kiezen voor SOKKS CITES wild animals threatened with extinction ondersteun je direct internationale natuurbescherming. Professioneel getrainde honden vergroten de kans dat illegale wildlifeproducten worden onderschept, waardoor de druk op handelaren toeneemt en bedreigde diersoorten beter beschermd worden. SOKKS CITES wild animals threatened with extinction\u00a0is daarmee niet alleen een hulpmiddel, maar een instrument dat daadwerkelijk bijdraagt aan het behoud van biodiversiteit.<\/p>\n<p data-start=\"4545\" data-end=\"4954\">\n<p data-start=\"4545\" data-end=\"4954\"><a href=\"https:\/\/www.sokksk9international.com\/EN\/product-myces-k9.html\" target=\"_blank\" rel=\"noopener\"><img loading=\"lazy\" decoding=\"async\" class=\"alignnone wp-image-147048 size-full\" title=\"Sokks CITES (wild animals threatened with extinction)\" src=\"https:\/\/dogpride.nl\/wp-content\/uploads\/sokks-248x95-1.png\" alt=\"Sokks CITES (wild animals threatened with extinction)\" width=\"248\" height=\"95\" srcset=\"https:\/\/dogpride.nl\/wp-content\/uploads\/sokks-248x95-1.png 248w, https:\/\/dogpride.nl\/wp-content\/uploads\/sokks-248x95-1-18x7.png 18w\" sizes=\"auto, (max-width: 248px) 100vw, 248px\" \/><\/a><\/p>","protected":false},"excerpt":{"rendered":"<p class=\"txt-title-fichier\"><strong>SOKKS CITES wild animals threatened with extinction<\/strong> is een gespecialiseerde, wetenschappelijk ontwikkelde geurbron die wordt gebruikt voor het trainen van detectiehonden in het opsporen van illegale producten afkomstig van bedreigde diersoorten.<\/p>","protected":false},"featured_media":147060,"template":"","meta":[],"product_brand":[],"product_cat":[4020],"product_tag":[16340,3272,3273,16345,16333,3147,3148,3235,16337,16335,16336,16341,3240,3228,3243,3229,3269,16331,16342,16332,16338,3232,16339,16334,16344,16343],"class_list":{"0":"post-73435","1":"product","2":"type-product","3":"status-publish","4":"has-post-thumbnail","6":"product_cat-sokks-geurstoffen","7":"product_tag-bedreigde-diersoorten-opsporen-hond","8":"product_tag-bedreigde-wilde-dieren","9":"product_tag-cites","10":"product_tag-cites-geurbron-hond","11":"product_tag-cites-scent-odor","12":"product_tag-detectie-geurstof","13":"product_tag-detectiehond","14":"product_tag-detectietraining","15":"product_tag-endangered-species-detection","16":"product_tag-illegal-wildlife-trade-detection-dog","17":"product_tag-ivory-detection-dog","18":"product_tag-k9-wildlife-detection-training","19":"product_tag-nosework","20":"product_tag-scent-detection","21":"product_tag-simulatiemiddel","22":"product_tag-sniffer-dogs","23":"product_tag-sokks","24":"product_tag-sokks-cites","25":"product_tag-sokks-cites-capsules","26":"product_tag-sokks-wildlife-detection","27":"product_tag-synthetische-wildlife-geur","28":"product_tag-trainingssimulant","29":"product_tag-wildlife-contraband-detection","30":"product_tag-wildlife-detectiehond","31":"product_tag-wildlife-k9-training-scent","32":"product_tag-wildlife-smuggling-detection","33":"product_shipping_class-vast-tarief-eu-overig","35":"first","36":"instock","37":"taxable","38":"shipping-taxable","39":"purchasable","40":"product-type-simple"},"mb":[],"mfb_rest_fields":["title"],"_links":{"self":[{"href":"https:\/\/dogpride.nl\/de\/wp-json\/wp\/v2\/product\/73435","targetHints":{"allow":["GET"]}}],"collection":[{"href":"https:\/\/dogpride.nl\/de\/wp-json\/wp\/v2\/product"}],"about":[{"href":"https:\/\/dogpride.nl\/de\/wp-json\/wp\/v2\/types\/product"}],"wp:featuredmedia":[{"embeddable":true,"href":"https:\/\/dogpride.nl\/de\/wp-json\/wp\/v2\/media\/147060"}],"wp:attachment":[{"href":"https:\/\/dogpride.nl\/de\/wp-json\/wp\/v2\/media?parent=73435"}],"wp:term":[{"taxonomy":"product_brand","embeddable":true,"href":"https:\/\/dogpride.nl\/de\/wp-json\/wp\/v2\/product_brand?post=73435"},{"taxonomy":"product_cat","embeddable":true,"href":"https:\/\/dogpride.nl\/de\/wp-json\/wp\/v2\/product_cat?post=73435"},{"taxonomy":"product_tag","embeddable":true,"href":"https:\/\/dogpride.nl\/de\/wp-json\/wp\/v2\/product_tag?post=73435"}],"curies":[{"name":"wp","href":"https:\/\/api.w.org\/{rel}","templated":true}]}}