{"id":73414,"date":"2021-09-16T11:32:35","date_gmt":"2021-09-16T09:32:35","guid":{"rendered":"https:\/\/dogpride1.wpengine.com\/?post_type=product&#038;p=73414"},"modified":"2025-12-02T18:28:04","modified_gmt":"2025-12-02T17:28:04","slug":"sigma-pseudo-narcotic-scent-heroin-formulation","status":"publish","type":"product","link":"https:\/\/dogpride.nl\/de\/sigma-pseudo-narcotic-scent-heroin-formulation\/","title":{"rendered":"SIGMA Pseudo Narcotic Scent Heroin formulation"},"content":{"rendered":"<h4>SIGMA Pseudo Narcotic Scent Heroin formulation<\/h4>\n<p><span class=\"\">SIGMA Pseudo Narcotic Scent Heroin formulation. Formulering die de geur van Heroine imiteert en kan worden gebruikt als vervanging voor echte Heroine bij het trainen van speurhonden<\/span><\/p>\n<p><span class=\"\">Produkte bestimmt f\u00fcr\u00a0<\/span><span class=\"\">Hundeteams\u00a0<\/span><span class=\"\">die sich auf Drogenermittlungen spezialisiert haben.<\/span><\/p>\n<p>Regulierter Verkauf, Export, konsultieren Sie uns.<br \/>\nBitte achten Sie darauf, die Unversehrtheit des Produkts sicherzustellen. Umtausch oder R\u00fcckgabe werden nicht akzeptiert.<\/p>\n<p>SIGMA-Produkte sollten im Gefrierschrank bei Minustemperaturen gelagert werden, das Produkt kann von Zeit zu Zeit f\u00fcr einen Zeitraum von ca. 3 bis 4 Tagen unver\u00e4ndert Umgebungstemperatur annehmen (z. B. Transportphase).<br \/>\n<span class=\"goog-text-highlight\">F\u00fcr den regelm\u00e4\u00dfigen Transport empfehlen wir die Verwendung unserer optional erh\u00e4ltlichen Spezialkoffer.<\/span><\/p>\n<p><a href=\"https:\/\/dogpride.nl\/de\/k9\/detectie\/detectie-geurstoffen\/sigma-geurstoffen\/\"><img loading=\"lazy\" decoding=\"async\" class=\"alignnone\" title=\"SIGMA Pseudo Narcotic Scent Heroin formulation\" src=\"https:\/\/dogpride.nl\/wp-content\/uploads\/verybig-3681-1.jpg\" alt=\"SIGMA Pseudo Narcotic Scent Heroin formulation\" width=\"142\" height=\"142\" \/><\/a><\/p>\n<h4 data-start=\"270\" data-end=\"324\">**SIGMA Pseudo Narcotic Scent Heroin Formulation<\/h4>\n<p data-start=\"325\" data-end=\"407\">Geavanceerde synthetische geurbron voor professionele drugdetectiehondentraining**<\/p>\n<p data-start=\"409\" data-end=\"872\"><strong data-start=\"409\" data-end=\"461\">SIGMA Pseudo Narcotic Scent Heroin Formulation<\/strong> is een hoogwaardige, synthetische geurbron die speciaal is ontwikkeld om detectiehonden te trainen in het herkennen van de geurcomponenten van hero\u00efne. Deze formulering is ontworpen voor politie, douane, beveiligingsdiensten, grenscontrole, K9-opleidingscentra en recherche-afdelingen die honden op een veilige, legale en uiterst realistische manier willen voorbereiden op het opsporen van verdovende middelen.<\/p>\n<p data-start=\"874\" data-end=\"1294\">Waar training met echte narcotica gepaard gaat met risico\u2019s, wettelijke beperkingen en strenge opslagvoorschriften, biedt SIGMA een volledig veilig alternatief zonder enige werkzame drugs. De geurcapsules bevatten uitsluitend synthetische componenten die het geurprofiel van hero\u00efne nauwkeurig nabootsen. Hierdoor kunnen handlers en instructeurs overal en op elk moment trainen, zonder gevaren of juridische uitdagingen.<\/p>\n<hr data-start=\"1296\" data-end=\"1299\" \/>\n<h4 data-start=\"1301\" data-end=\"1362\"><strong data-start=\"1304\" data-end=\"1362\">Realistische geurformule gebaseerd op hero\u00efneprofielen<\/strong><\/h4>\n<p data-start=\"1364\" data-end=\"1628\">SIGMA Pseudo Narcotic Scent Heroin Formulation is ontwikkeld op basis van diepgaand chemisch en forensisch onderzoek naar de vluchtige moleculen die kenmerkend zijn voor hero\u00efne en de stoffen waarmee het vaak versneden wordt. De formulering bootst onder meer na:<\/p>\n<ul>\n<li data-start=\"1632\" data-end=\"1665\">geurcomponenten van hero\u00efnebase<\/li>\n<li data-start=\"1668\" data-end=\"1714\">markers van zuiverdere en gemengde varianten<\/li>\n<li data-start=\"1717\" data-end=\"1755\">vluchtige chemische afbraakproducten<\/li>\n<li data-start=\"1758\" data-end=\"1820\">geursporen die ontstaan door verpakking, transport of opslag<\/li>\n<\/ul>\n<p data-start=\"1822\" data-end=\"1992\">Deze nauwkeurige benadering zorgt ervoor dat honden getraind worden met een geurprofiel dat vrijwel identiek is aan realistische situaties waarin hero\u00efne verborgen wordt.<\/p>\n<p data-start=\"1994\" data-end=\"2099\">Het resultaat: <strong data-start=\"2009\" data-end=\"2098\">snellere herkenning, betere focus en hogere succespercentages tijdens echte operaties<\/strong>.<\/p>\n<hr data-start=\"2101\" data-end=\"2104\" \/>\n<h4 data-start=\"2106\" data-end=\"2169\"><strong data-start=\"2109\" data-end=\"2169\">100% synthetisch \u2013 volledig veilig, legaal en hygi\u00ebnisch<\/strong><\/h4>\n<p data-start=\"2171\" data-end=\"2256\">In tegenstelling tot traditionele trainingsmethoden bevat SIGMA\u2019s Heroin Formulation:<\/p>\n<ul>\n<li data-start=\"2260\" data-end=\"2297\"><strong data-start=\"2260\" data-end=\"2295\">geen echte hero\u00efne of derivaten<\/strong><\/li>\n<li data-start=\"2300\" data-end=\"2343\"><strong data-start=\"2300\" data-end=\"2341\">geen verboden of gereguleerde stoffen<\/strong><\/li>\n<li data-start=\"2346\" data-end=\"2376\"><strong data-start=\"2346\" data-end=\"2374\">geen gezondheidsrisico\u2019s<\/strong><\/li>\n<li data-start=\"2379\" data-end=\"2420\"><strong data-start=\"2379\" data-end=\"2418\">geen risico op misbruik of diefstal<\/strong><\/li>\n<li data-start=\"2423\" data-end=\"2472\"><strong data-start=\"2423\" data-end=\"2470\">geen speciale vergunning of opslagvereisten<\/strong><\/li>\n<\/ul>\n<p data-start=\"2474\" data-end=\"2676\">Dit maakt trainen met SIGMA niet alleen veiliger, maar ook aanzienlijk praktischer.<br data-start=\"2557\" data-end=\"2560\" \/>De capsules zijn robuust, lekvrij, waterbestendig en ontworpen voor intensief gebruik in binnen- \u00e9n buitensituaties.<\/p>\n<hr data-start=\"2678\" data-end=\"2681\" \/>\n<h2 data-start=\"2683\" data-end=\"2738\"><strong data-start=\"2686\" data-end=\"2738\">Consistent geurprofiel voor betrouwbare detectie<\/strong><\/h2>\n<p data-start=\"2740\" data-end=\"2802\">Echte hero\u00efne varieert vaak sterk in geur door verschillen in:<\/p>\n<ul>\n<li data-start=\"2806\" data-end=\"2818\">zuiverheid<\/li>\n<li data-start=\"2821\" data-end=\"2843\">versnijdingsmiddelen<\/li>\n<li data-start=\"2846\" data-end=\"2853\">vocht<\/li>\n<li data-start=\"2856\" data-end=\"2866\">ouderdom<\/li>\n<li data-start=\"2869\" data-end=\"2886\">opslagcondities<\/li>\n<\/ul>\n<p data-start=\"2888\" data-end=\"2966\">Deze variatie maakt het lastig om honden betrouwbare basisgeuren aan te leren.<\/p>\n<p data-start=\"2968\" data-end=\"3019\">SIGMA\u2019s synthetische formulering biedt daarentegen:<\/p>\n<ul>\n<li data-start=\"3023\" data-end=\"3056\"><strong data-start=\"3023\" data-end=\"3054\">altijd dezelfde geursterkte<\/strong><\/li>\n<li data-start=\"3059\" data-end=\"3098\"><strong data-start=\"3059\" data-end=\"3096\">altijd dezelfde chemische markers<\/strong><\/li>\n<li data-start=\"3101\" data-end=\"3135\"><strong data-start=\"3101\" data-end=\"3133\">betere trainingsconsistentie<\/strong><\/li>\n<li data-start=\"3138\" data-end=\"3174\"><strong data-start=\"3138\" data-end=\"3172\">snellere opbouw van herkenning<\/strong><\/li>\n<\/ul>\n<p data-start=\"3176\" data-end=\"3264\">Professionele K9-teams gebruiken de SIGMA-geuren juist vanwege deze constante kwaliteit.<\/p>\n<p data-start=\"3176\" data-end=\"3264\"><a href=\"https:\/\/dogpride.nl\/de\/k9\/detectie\/detectie-geurstoffen\/sigma-geurstoffen\/\"><img loading=\"lazy\" decoding=\"async\" class=\"alignnone\" title=\"SIGMA Pseudo Narcotic Scent Heroin formulation\" src=\"https:\/\/dogpride.nl\/wp-content\/uploads\/verybig-3681-1.jpg\" alt=\"SIGMA Pseudo Narcotic Scent Heroin formulation\" width=\"142\" height=\"142\" \/><\/a><\/p>\n<hr data-start=\"3266\" data-end=\"3269\" \/>\n<h4 data-start=\"3271\" data-end=\"3326\"><strong data-start=\"3274\" data-end=\"3326\">Geschikt voor diverse professionele toepassingen<\/strong><\/h4>\n<p data-start=\"3328\" data-end=\"3408\">SIGMA Pseudo Narcotic Scent Heroin Formulation wordt wereldwijd gebruikt door:<\/p>\n<h4 data-start=\"3410\" data-end=\"3439\"><strong data-start=\"3414\" data-end=\"3437\">Politie &amp; recherche<\/strong><\/h4>\n<p data-start=\"3440\" data-end=\"3556\">Voor het trainen van honden op het opsporen van hero\u00efne in woningen, voertuigen, personen, bagage en opslagplaatsen.<\/p>\n<h4 data-start=\"3558\" data-end=\"3590\"><strong data-start=\"3562\" data-end=\"3588\">Douane &amp; grensbewaking<\/strong><\/h4>\n<p data-start=\"3591\" data-end=\"3710\">Voor het detecteren van verborgen hero\u00efne in vracht, containers, pakketten, koffers en ge\u00efmproviseerde verstoplocaties.<\/p>\n<h4 data-start=\"3712\" data-end=\"3753\"><strong data-start=\"3716\" data-end=\"3751\">Beveiligings- en antidrugsteams<\/strong><\/h4>\n<p data-start=\"3754\" data-end=\"3844\">Voor het verbeteren van preventieve controles op luchthavens, havens en logistieke centra.<\/p>\n<h4 data-start=\"3846\" data-end=\"3874\"><strong data-start=\"3850\" data-end=\"3872\">K9-trainingscentra<\/strong><\/h4>\n<p data-start=\"3875\" data-end=\"3966\">Voor gestandaardiseerde, veilige en internationaal erkende training van drugdetectiehonden.<\/p>\n<hr data-start=\"3968\" data-end=\"3971\" \/>\n<h4 data-start=\"3973\" data-end=\"4040\"><strong data-start=\"3976\" data-end=\"4040\">Eenvoudig in te zetten voor realistische trainingsscenario\u2019s<\/strong><\/h4>\n<p data-start=\"4042\" data-end=\"4081\">De capsules kunnen worden verborgen in:<\/p>\n<ul>\n<li data-start=\"4085\" data-end=\"4097\">voertuigen<\/li>\n<li data-start=\"4100\" data-end=\"4116\">kledingstukken<\/li>\n<li data-start=\"4119\" data-end=\"4137\">bagage en tassen<\/li>\n<li data-start=\"4140\" data-end=\"4178\">dozen, kratten of pakketverpakkingen<\/li>\n<li data-start=\"4181\" data-end=\"4218\">muren, meubels en trainingsobjecten<\/li>\n<\/ul>\n<p data-start=\"4220\" data-end=\"4248\">Trainers kunnen vari\u00ebren in:<\/p>\n<ul>\n<li data-start=\"4252\" data-end=\"4271\">hoogte en afstand<\/li>\n<li data-start=\"4274\" data-end=\"4293\">ventilatiestromen<\/li>\n<li data-start=\"4296\" data-end=\"4313\">verstopmethodes<\/li>\n<li data-start=\"4316\" data-end=\"4346\">complexiteit van de omgeving<\/li>\n<\/ul>\n<p data-start=\"4348\" data-end=\"4436\">Hierdoor ontwikkelen honden vaardigheden die direct toepasbaar zijn bij echte operaties.<\/p>\n<hr data-start=\"4438\" data-end=\"4441\" \/>\n<h4 data-start=\"4443\" data-end=\"4518\"><strong data-start=\"4446\" data-end=\"4518\">Waarom kiezen voor SIGMA Pseudo Narcotic Scent Heroin Formulation?<\/strong><\/h4>\n<ul>\n<li data-start=\"4522\" data-end=\"4562\">volledig synthetisch, veilig en legaal<\/li>\n<li data-start=\"4565\" data-end=\"4622\">realistisch geurprofiel gebaseerd op hero\u00efnecomponenten<\/li>\n<li data-start=\"4625\" data-end=\"4658\">langdurig stabiel en consistent<\/li>\n<li data-start=\"4661\" data-end=\"4707\">ideaal voor iedere fase van K9-drugstraining<\/li>\n<li data-start=\"4710\" data-end=\"4766\">geschikt voor professionele opsporingsteams wereldwijd<\/li>\n<li data-start=\"4769\" data-end=\"4815\">eenvoudig inzetbaar in elk trainingsscenario<\/li>\n<li data-start=\"4818\" data-end=\"4874\">geen vergunning nodig, geen risico\u2019s, geen beperkingen<\/li>\n<\/ul>\n<p data-start=\"4443\" data-end=\"4518\"><strong data-start=\"4446\" data-end=\"4518\">SIGMA Pseudo Narcotic Scent Heroin Formulation <\/strong>geeft detectiehonden de solide basis die ze nodig hebben om hero\u00efne effectief en betrouwbaar op te sporen, waar het ook verborgen is.<\/p>\n<p data-start=\"4443\" data-end=\"4518\">\n<p data-start=\"4443\" data-end=\"4518\"><img loading=\"lazy\" decoding=\"async\" class=\"alignnone wp-image-147094 size-medium\" title=\"SIGMA Pseudo Narcotic Scent Heroin Formulation\" src=\"https:\/\/dogpride.nl\/wp-content\/uploads\/MERCK_MSIG_RGreen_RGB.jpg-650-300x150.webp\" alt=\"SIGMA Pseudo Narcotic Scent Heroin Formulation\" width=\"300\" height=\"150\" srcset=\"https:\/\/dogpride.nl\/wp-content\/uploads\/MERCK_MSIG_RGreen_RGB.jpg-650-300x150.webp 300w, https:\/\/dogpride.nl\/wp-content\/uploads\/MERCK_MSIG_RGreen_RGB.jpg-650-18x9.webp 18w, https:\/\/dogpride.nl\/wp-content\/uploads\/MERCK_MSIG_RGreen_RGB.jpg-650-250x125.webp 250w, https:\/\/dogpride.nl\/wp-content\/uploads\/MERCK_MSIG_RGreen_RGB.jpg-650-400x199.webp 400w, https:\/\/dogpride.nl\/wp-content\/uploads\/MERCK_MSIG_RGreen_RGB.jpg-650.webp 650w\" sizes=\"auto, (max-width: 300px) 100vw, 300px\" \/><\/p>\n<p data-start=\"4443\" data-end=\"4518\">\n<p data-start=\"4443\" data-end=\"4518\"><span style=\"color: #ffffff;\"><a style=\"color: #ffffff;\" href=\"https:\/\/www.sigmaaldrich.com\/NL\/en\/search\/p2548?focus=products&amp;page=1&amp;perpage=30&amp;sort=relevance&amp;term=P2548&amp;type=product\" target=\"_blank\" rel=\"noopener\">P2548 | Sigma-Aldrich<\/a><\/span><\/p>","protected":false},"excerpt":{"rendered":"<p><strong data-start=\"409\" data-end=\"461\">SIGMA Pseudo Narcotic Scent Heroin Formulation<\/strong> is een hoogwaardige, synthetische geurbron die speciaal is ontwikkeld om detectiehonden te trainen in het herkennen van de geurcomponenten van hero\u00efne.<\/p>","protected":false},"featured_media":73415,"template":"","meta":[],"product_brand":[],"product_cat":[4023],"product_tag":[3147,3148,3235,16512,14596,16511,3281,16523,16514,16520,16516,3240,16518,16517,16521,3228,3280,16519,16515,16510,3243,3229,16513,16522,3232],"class_list":{"0":"post-73414","1":"product","2":"type-product","3":"status-publish","4":"has-post-thumbnail","6":"product_cat-sigma-geurstoffen","7":"product_tag-detectie-geurstof","8":"product_tag-detectiehond","9":"product_tag-detectietraining","10":"product_tag-drug-detection-dog-scent","11":"product_tag-heroin-detection-dog-training","12":"product_tag-heroin-scent-training","13":"product_tag-heroine","14":"product_tag-k9-heroin-detection-scent","15":"product_tag-k9-narcotic-scent-heroin","16":"product_tag-narcotic-dog-training-scent","17":"product_tag-narcotic-odor-capsule-synthetic","18":"product_tag-nosework","19":"product_tag-professionele-drugdetectie-geur","20":"product_tag-pseudo-heroin-scent","21":"product_tag-safe-heroin-training-scent","22":"product_tag-scent-detection","23":"product_tag-sigma","24":"product_tag-sigma-heroin-formulation","25":"product_tag-sigma-narcotic-training-scent","26":"product_tag-sigma-pseudo-narcotic-scent-heroin","27":"product_tag-simulatiemiddel","28":"product_tag-sniffer-dogs","29":"product_tag-synthetic-heroin-odor","30":"product_tag-synthetic-narcotic-odor","31":"product_tag-trainingssimulant","32":"product_shipping_class-vast-tarief-eu-overig","34":"first","35":"instock","36":"taxable","37":"shipping-taxable","38":"purchasable","39":"product-type-variable"},"mb":[],"mfb_rest_fields":["title"],"_links":{"self":[{"href":"https:\/\/dogpride.nl\/de\/wp-json\/wp\/v2\/product\/73414","targetHints":{"allow":["GET"]}}],"collection":[{"href":"https:\/\/dogpride.nl\/de\/wp-json\/wp\/v2\/product"}],"about":[{"href":"https:\/\/dogpride.nl\/de\/wp-json\/wp\/v2\/types\/product"}],"wp:featuredmedia":[{"embeddable":true,"href":"https:\/\/dogpride.nl\/de\/wp-json\/wp\/v2\/media\/73415"}],"wp:attachment":[{"href":"https:\/\/dogpride.nl\/de\/wp-json\/wp\/v2\/media?parent=73414"}],"wp:term":[{"taxonomy":"product_brand","embeddable":true,"href":"https:\/\/dogpride.nl\/de\/wp-json\/wp\/v2\/product_brand?post=73414"},{"taxonomy":"product_cat","embeddable":true,"href":"https:\/\/dogpride.nl\/de\/wp-json\/wp\/v2\/product_cat?post=73414"},{"taxonomy":"product_tag","embeddable":true,"href":"https:\/\/dogpride.nl\/de\/wp-json\/wp\/v2\/product_tag?post=73414"}],"curies":[{"name":"wp","href":"https:\/\/api.w.org\/{rel}","templated":true}]}}