{"id":73366,"date":"2021-09-16T09:39:06","date_gmt":"2021-09-16T07:39:06","guid":{"rendered":"https:\/\/dogpride1.wpengine.com\/?post_type=product&#038;p=73366"},"modified":"2022-01-24T10:39:37","modified_gmt":"2022-01-24T09:39:37","slug":"guardian-adventure-light-lamp","status":"publish","type":"product","link":"https:\/\/dogpride.nl\/de\/guardian-adventure-light-lamp\/","title":{"rendered":"Guardian Adventure Gl\u00fchbirne"},"content":{"rendered":"<h4 class=\"txt-title-fichier\">Guardian Adventure Gl\u00fchbirne<\/h4>\n<p>Guardian Adventure Gl\u00fchbirne. Die Guardian\u2122 Dual Function-Lampe ist robust, wasserdicht und sehr einfach zu bedienen. Farben: Rot oder Infrarot<\/p>\n<p>Mit seiner doppelten Dauerblinkfunktion kann der Guardian\u2122 \u00fcber 250 Stunden lang verwendet werden und ist aus \u00fcber 5 km Entfernung sichtbar.<br \/>\nGanz gleich, ob Sie mit dem Stra\u00dfenpersonal auf einer dunklen Stra\u00dfe unterwegs sind oder sich auf einer n\u00e4chtlichen Mission befinden, der Guardian\u2122 ist ein Licht, das Sie immer dabei haben sollten, wenn Sie gesehen werden m\u00fcssen.<\/p>\n<p><strong><span class=\"goog-text-highlight\">Eigenschaften:<br \/>\n<\/span><\/strong><br \/>\n<span class=\"goog-text-highlight\">Wasserdicht bis 100 Meter und betriebsbereit von -40 \u00b0C bis +50 \u00b0C<\/span><br \/>\n<span class=\"goog-text-highlight\">Lieferung mit G\u00fcrtelclip<\/span><br \/>\n<span class=\"goog-text-highlight\">Schrauben Sie den Guardian an, um ihn einzuschalten. Drehen Sie die Batterie (2x CR2032) um, um den Modus auszuw\u00e4hlen: Dauerlicht (fest) oder blinkend (Stroboskop)<\/span><br \/>\n<span class=\"goog-text-highlight\">Abmessungen: 4,12 cm x 3,49 cm x 2,54 cm<\/span><br \/>\n<span class=\"goog-text-highlight\">Batterielebensdauer: Dauerlicht = 100 Stunden \/ Blinken = 250 Stunden<\/span><br \/>\n<span class=\"goog-text-highlight\">LED-Lebensdauer: 44+ Jahre<\/span><br \/>\n<span class=\"goog-text-highlight\">Gewicht: 20 g mit Batterien und G\u00fcrtelclip<\/span><br \/>\nBatterietyp: 2 x CR-2032 (im Lieferumfang enthalten)<\/p>\n<p>Verf\u00fcgbare Farben: Rot oder Infrarot<\/p>","protected":false},"excerpt":{"rendered":"<p class=\"txt-title-fichier\"><span class=\"goog-text-highlight\">Die Guardian Adventure Light Lampe ist robust, wasserdicht und sehr einfach zu bedienen. Farben: Rot oder Infrarot.<\/span><\/p>","protected":false},"featured_media":73367,"template":"","meta":[],"product_brand":[],"product_cat":[2814,2919],"product_tag":[],"class_list":{"0":"post-73366","1":"product","2":"type-product","3":"status-publish","4":"has-post-thumbnail","6":"product_cat-hondenharnassen","7":"product_cat-verlichting-voor-k9-handlers","9":"first","10":"instock","11":"taxable","12":"shipping-taxable","13":"purchasable","14":"product-type-variable"},"mb":[],"mfb_rest_fields":["title"],"_links":{"self":[{"href":"https:\/\/dogpride.nl\/de\/wp-json\/wp\/v2\/product\/73366","targetHints":{"allow":["GET"]}}],"collection":[{"href":"https:\/\/dogpride.nl\/de\/wp-json\/wp\/v2\/product"}],"about":[{"href":"https:\/\/dogpride.nl\/de\/wp-json\/wp\/v2\/types\/product"}],"wp:featuredmedia":[{"embeddable":true,"href":"https:\/\/dogpride.nl\/de\/wp-json\/wp\/v2\/media\/73367"}],"wp:attachment":[{"href":"https:\/\/dogpride.nl\/de\/wp-json\/wp\/v2\/media?parent=73366"}],"wp:term":[{"taxonomy":"product_brand","embeddable":true,"href":"https:\/\/dogpride.nl\/de\/wp-json\/wp\/v2\/product_brand?post=73366"},{"taxonomy":"product_cat","embeddable":true,"href":"https:\/\/dogpride.nl\/de\/wp-json\/wp\/v2\/product_cat?post=73366"},{"taxonomy":"product_tag","embeddable":true,"href":"https:\/\/dogpride.nl\/de\/wp-json\/wp\/v2\/product_tag?post=73366"}],"curies":[{"name":"wp","href":"https:\/\/api.w.org\/{rel}","templated":true}]}}