{"id":73284,"date":"2021-09-15T14:26:11","date_gmt":"2021-09-15T12:26:11","guid":{"rendered":"https:\/\/dogpride1.wpengine.com\/?post_type=product&#038;p=73284"},"modified":"2025-10-27T09:27:57","modified_gmt":"2025-10-27T08:27:57","slug":"guardian-sport-dog-verlicht-volgsysteem","status":"publish","type":"product","link":"https:\/\/dogpride.nl\/de\/guardian-sport-dog-verlicht-volgsysteem\/","title":{"rendered":"GUARDIAN Sport Dog beleuchtetes Ortungssystem"},"content":{"rendered":"<h4>GUARDIAN Sport Dog beleuchtetes Ortungssystem<\/h4>\n<p><span class=\"\">Sport Dog beleuchtetes Ortungssystem zur besseren Ortung Ihres Hundes bei Nacht.<\/span><\/p>\n<p><span class=\"\">Lieferung mit 1 Lampenset + Nylon-Kit mit Karabiner + integrierter Cliphalterung.<\/span><\/p>\n<p>Lampe sehr sto\u00dffest, 250 Stunden Autonomie, wasserdicht bis 100 m, funktioniert bei Temperaturen von -40 \u00b0 C bis + 50 \u00b0 C.<br \/>\nDauer- oder Blitzz\u00fcndung.<br \/>\n<span class=\"goog-text-highlight\">Lithiumbatterien 2 CR2032, sehr gute Sicht 2 km in der Ebene.<\/span><br \/>\nIdeale Lampe zum Anklemmen an ein Questage-Geschirr oder zum Befestigen an einem Halsband.<br \/>\nPassend f\u00fcr ein 19- bis 25-mm-Band<\/p>\n<p>Verf\u00fcgbare Farben: Blau, Orange, Gr\u00fcn, Rot und Wei\u00df<\/p>\n<p><a href=\"https:\/\/dogpride.nl\/de\/guardian-sport-dog-verlicht-volgsysteem\/\"><img loading=\"lazy\" decoding=\"async\" class=\"alignnone\" title=\"GUARDIAN Sport Dog beleuchtetes Ortungssystem\" src=\"https:\/\/dogpride.nl\/wp-content\/uploads\/verybig-2494-3.jpg\" alt=\"GUARDIAN Sport Dog verlicht volgsysteem\" width=\"103\" height=\"103\" \/><\/a><\/p>\n<p><span style=\"color: #ffffff;\"><a style=\"color: #ffffff;\" href=\"https:\/\/www.k9dynamics.com\/guardian-light\" target=\"_blank\" rel=\"noopener\">https:\/\/www.k9dynamics.com\/guardian-light<\/a><\/span><\/p>","protected":false},"excerpt":{"rendered":"<p>GUARDIAN Sport Dog beleuchtetes Ortungssystem. Verf\u00fcgbare Farben: Blau, Orange, Gr\u00fcn, Rot und Wei\u00df<\/p>","protected":false},"featured_media":73285,"template":"","meta":[],"product_brand":[],"product_cat":[2814],"product_tag":[],"class_list":{"0":"post-73284","1":"product","2":"type-product","3":"status-publish","4":"has-post-thumbnail","6":"product_cat-hondenharnassen","8":"first","9":"instock","10":"taxable","11":"shipping-taxable","12":"purchasable","13":"product-type-variable"},"mb":[],"mfb_rest_fields":["title"],"_links":{"self":[{"href":"https:\/\/dogpride.nl\/de\/wp-json\/wp\/v2\/product\/73284","targetHints":{"allow":["GET"]}}],"collection":[{"href":"https:\/\/dogpride.nl\/de\/wp-json\/wp\/v2\/product"}],"about":[{"href":"https:\/\/dogpride.nl\/de\/wp-json\/wp\/v2\/types\/product"}],"wp:featuredmedia":[{"embeddable":true,"href":"https:\/\/dogpride.nl\/de\/wp-json\/wp\/v2\/media\/73285"}],"wp:attachment":[{"href":"https:\/\/dogpride.nl\/de\/wp-json\/wp\/v2\/media?parent=73284"}],"wp:term":[{"taxonomy":"product_brand","embeddable":true,"href":"https:\/\/dogpride.nl\/de\/wp-json\/wp\/v2\/product_brand?post=73284"},{"taxonomy":"product_cat","embeddable":true,"href":"https:\/\/dogpride.nl\/de\/wp-json\/wp\/v2\/product_cat?post=73284"},{"taxonomy":"product_tag","embeddable":true,"href":"https:\/\/dogpride.nl\/de\/wp-json\/wp\/v2\/product_tag?post=73284"}],"curies":[{"name":"wp","href":"https:\/\/api.w.org\/{rel}","templated":true}]}}