{"id":73276,"date":"2021-09-15T14:05:56","date_gmt":"2021-09-15T12:05:56","guid":{"rendered":"https:\/\/dogpride1.wpengine.com\/?post_type=product&#038;p=73276"},"modified":"2025-12-17T13:51:22","modified_gmt":"2025-12-17T12:51:22","slug":"kurgo-nylon-harnas-voor-go-pro-camera","status":"publish","type":"product","link":"https:\/\/dogpride.nl\/de\/kurgo-nylon-harnas-voor-go-pro-camera\/","title":{"rendered":"KURGO Nylongurt f\u00fcr GO PRO Kamera"},"content":{"rendered":"<h4>KURGO Nylongurt f\u00fcr GO PRO Kamera<\/h4>\n<p>KURGO Nylongurt f\u00fcr GO PRO Kamera.<\/p>\n<p>Het KURGO Nylon harnas voor GO PRO camera is speciaal ontworpen voor het installeren van een GO PRO- of Sony Action Cam-type camera op uw hond.<br \/>\nDamit k\u00f6nnen Sie die Welt aus der H\u00f6he Ihres Hundes betrachten. Oder Sie schicken Ihren Hund zur Erkundung bestimmter Gebiete.<\/p>\n<p><span class=\"\">Je nach Kameratyp ist der Gurt mit Metallplatten zur Montage auf dem R\u00fccken (auf Schulterh\u00f6he) oder auf der Brust ausgestattet.<\/span><\/p>\n<p>GO PRO: R\u00fccken- oder Brustbefestigung<br \/>\nSony Action Cam: Nur auf der R\u00fcckseite.<\/p>\n<p>Der Gurt wird ohne Montagekleber geliefert.<\/p>\n<p>5 Verstellpunkte f\u00fcr perfekte Platzierung am Tier.<\/p>\n<p><strong>Gr\u00f6\u00dfen:<\/strong><\/p>\n<ul>\n<li>Gr\u00f6\u00dfe S: Halsumfang 30 bis 50 cm, Brustumfang 41 bis 56 cm, f\u00fcr Hunde von 5 bis 11 kg.<\/li>\n<li><span class=\"goog-text-highlight\">Gr\u00f6\u00dfe M: Halsumfang von 40 bis 63 cm, Brustumfang von 46 bis 71 cm, f\u00fcr Hunde von 11 bis 23 kg<\/span><\/li>\n<li><span class=\"goog-text-highlight\">Gr\u00f6\u00dfe L: Halsumfang von 46 bis 76 cm, Brustumfang von 61 bis 86 cm, f\u00fcr Hunde von 23 bis 36 kg<\/span><\/li>\n<li><span class=\"goog-text-highlight\">Gr\u00f6\u00dfe XL: Halsumfang von 61 bis 89 cm, Brustumfang von 71 bis 112 cm, f\u00fcr Hunde von 36 bis 50 kg<\/span><\/li>\n<\/ul>\n<p><a href=\"https:\/\/dogpride.nl\/de\/kurgo-nylon-harnas-voor-go-pro-camera\/\"><img loading=\"lazy\" decoding=\"async\" class=\"alignnone\" title=\"KURGO Nylongurt f\u00fcr GO PRO Kamera\" src=\"https:\/\/dogpride.nl\/wp-content\/uploads\/verybig-3758-1.jpg\" alt=\"KURGO Nylon harnas voor GO PRO camera\" width=\"172\" height=\"172\" \/><\/a><a href=\"https:\/\/www.kurgo.com\/?srsltid=AfmBOoqmH77vc-nbgpMX9kBGtPkv47ih2CFLaTvgXG-Wa9NGQ4TWCKDM\" target=\"_blank\" rel=\"noopener\"><img loading=\"lazy\" decoding=\"async\" class=\"alignnone\" src=\"https:\/\/dogpride.nl\/wp-content\/uploads\/verybig-3758-1.jpg\" alt=\"\" width=\"145\" height=\"145\" \/><\/a><\/p>","protected":false},"excerpt":{"rendered":"<p>Nylongurt f\u00fcr GO PRO-Kamera. Damit k\u00f6nnen Sie die Welt aus der H\u00f6he Ihres Hundes betrachten oder Ihren Hund auf die Erkundung bestimmter Gebiete schicken. GO PRO: R\u00fccken- oder Brustbefestigung.<\/p>","protected":false},"featured_media":73277,"template":"","meta":[],"product_brand":[],"product_cat":[2814,374],"product_tag":[],"class_list":{"0":"post-73276","1":"product","2":"type-product","3":"status-publish","4":"has-post-thumbnail","6":"product_cat-hondenharnassen","7":"product_cat-overige-hondentuigjes","9":"first","10":"instock","11":"taxable","12":"shipping-taxable","13":"purchasable","14":"product-type-variable"},"mb":[],"mfb_rest_fields":["title"],"_links":{"self":[{"href":"https:\/\/dogpride.nl\/de\/wp-json\/wp\/v2\/product\/73276","targetHints":{"allow":["GET"]}}],"collection":[{"href":"https:\/\/dogpride.nl\/de\/wp-json\/wp\/v2\/product"}],"about":[{"href":"https:\/\/dogpride.nl\/de\/wp-json\/wp\/v2\/types\/product"}],"wp:featuredmedia":[{"embeddable":true,"href":"https:\/\/dogpride.nl\/de\/wp-json\/wp\/v2\/media\/73277"}],"wp:attachment":[{"href":"https:\/\/dogpride.nl\/de\/wp-json\/wp\/v2\/media?parent=73276"}],"wp:term":[{"taxonomy":"product_brand","embeddable":true,"href":"https:\/\/dogpride.nl\/de\/wp-json\/wp\/v2\/product_brand?post=73276"},{"taxonomy":"product_cat","embeddable":true,"href":"https:\/\/dogpride.nl\/de\/wp-json\/wp\/v2\/product_cat?post=73276"},{"taxonomy":"product_tag","embeddable":true,"href":"https:\/\/dogpride.nl\/de\/wp-json\/wp\/v2\/product_tag?post=73276"}],"curies":[{"name":"wp","href":"https:\/\/api.w.org\/{rel}","templated":true}]}}