{"id":73243,"date":"2021-09-15T13:29:51","date_gmt":"2021-09-15T11:29:51","guid":{"rendered":"https:\/\/dogpride1.wpengine.com\/?post_type=product&#038;p=73243"},"modified":"2026-03-19T11:03:03","modified_gmt":"2026-03-19T10:03:03","slug":"morin-speur-identificatieharnas-voor-brandweerlieden","status":"publish","type":"product","link":"https:\/\/dogpride.nl\/de\/morin-speur-identificatieharnas-voor-brandweerlieden\/","title":{"rendered":"MORIN Such-\/Identifikationsgeschirr f\u00fcr Feuerwehrleute"},"content":{"rendered":"<h4>MORIN Such-\/Identifikationsgeschirr f\u00fcr Feuerwehrleute<\/h4>\n<p>Speziell f\u00fcr die Versorgungsforschung hergestellte R\u00fcstung.<br \/>\nTolle Sicht.<\/p>\n<p><a href=\"https:\/\/dogpride.nl\/de\/\"><img loading=\"lazy\" decoding=\"async\" class=\"alignnone\" title=\"MORIN Such-\/Identifikationsgeschirr f\u00fcr Feuerwehrleute\" src=\"https:\/\/dogpride.nl\/wp-content\/uploads\/verybig-2493-2-150x150.jpg\" alt=\"MORIN speur- \/ identificatieharnas voor brandweerlieden\" width=\"150\" height=\"150\" \/><\/a><br \/>\nAus gepolstertem PVC-Canvas, verstellbarer Bauch- und 50-mm-Brustgurt, extra starke Schnellverschlussschnalle, 1 geschwei\u00dfter Ring, Schlaufe zur Befestigung von Blitz oder Festlicht (optionales Licht).<br \/>\nUltrabest\u00e4ndiges gelbes PVC-Gewebe, 50 mm reflektierende Streifen (Feuerwehrstreifen).<br \/>\nProdukt auch in Orange und Rot erh\u00e4ltlich.<br \/>\nM\u00f6glichkeit der Personalisierung mit Abzeichen oder Markierung (kontaktieren Sie uns).<\/p>\n<p>Gr\u00f6\u00dfe 1: Malinois<br \/>\nGr\u00f6\u00dfe 2: Deutscher Sch\u00e4ferhund<\/p>\n<p><a href=\"https:\/\/www.licg.nl\/honden\/\" target=\"_blank\" rel=\"noopener\"><img loading=\"lazy\" decoding=\"async\" class=\"alignnone\" src=\"https:\/\/dogpride.nl\/wp-content\/uploads\/verybig-2493-2-150x150.jpg\" alt=\"\" width=\"150\" height=\"150\" \/><\/a><\/p>","protected":false},"excerpt":{"rendered":"<p>MORIN Such-\/Identifikationsgeschirr f\u00fcr Feuerwehrleute. Speziell f\u00fcr die Versorgungsforschung hergestellte R\u00fcstung.<\/p>","protected":false},"featured_media":73244,"template":"","meta":[],"product_brand":[],"product_cat":[2814],"product_tag":[3116,3117],"class_list":{"0":"post-73243","1":"product","2":"type-product","3":"status-publish","4":"has-post-thumbnail","6":"product_cat-hondenharnassen","7":"product_tag-identificatieharnas-voor-brandweerlieden","8":"product_tag-utiliteitsonderzoek","10":"first","11":"instock","12":"taxable","13":"shipping-taxable","14":"purchasable","15":"product-type-variable"},"mb":[],"mfb_rest_fields":["title"],"_links":{"self":[{"href":"https:\/\/dogpride.nl\/de\/wp-json\/wp\/v2\/product\/73243","targetHints":{"allow":["GET"]}}],"collection":[{"href":"https:\/\/dogpride.nl\/de\/wp-json\/wp\/v2\/product"}],"about":[{"href":"https:\/\/dogpride.nl\/de\/wp-json\/wp\/v2\/types\/product"}],"wp:featuredmedia":[{"embeddable":true,"href":"https:\/\/dogpride.nl\/de\/wp-json\/wp\/v2\/media\/73244"}],"wp:attachment":[{"href":"https:\/\/dogpride.nl\/de\/wp-json\/wp\/v2\/media?parent=73243"}],"wp:term":[{"taxonomy":"product_brand","embeddable":true,"href":"https:\/\/dogpride.nl\/de\/wp-json\/wp\/v2\/product_brand?post=73243"},{"taxonomy":"product_cat","embeddable":true,"href":"https:\/\/dogpride.nl\/de\/wp-json\/wp\/v2\/product_cat?post=73243"},{"taxonomy":"product_tag","embeddable":true,"href":"https:\/\/dogpride.nl\/de\/wp-json\/wp\/v2\/product_tag?post=73243"}],"curies":[{"name":"wp","href":"https:\/\/api.w.org\/{rel}","templated":true}]}}