{"id":73225,"date":"2021-09-15T13:05:07","date_gmt":"2021-09-15T11:05:07","guid":{"rendered":"https:\/\/dogpride1.wpengine.com\/?post_type=product&#038;p=73225"},"modified":"2026-03-19T11:13:21","modified_gmt":"2026-03-19T10:13:21","slug":"elite-canine-speciaal-interventieharnas","status":"publish","type":"product","link":"https:\/\/dogpride.nl\/de\/elite-canine-speciaal-interventieharnas\/","title":{"rendered":"ELITE CANINE Spezial-Einsatzgeschirr"},"content":{"rendered":"<h4>ELITE CANINE Spezial-Einsatzgeschirr<\/h4>\n<p>ELITE CANINE Spezial-Einsatzgeschirr<\/p>\n<p><span class=\"\">Dieses Geschirr wurde f\u00fcr Hunde der Special Forces bei Outdoor-Aktivit\u00e4ten entwickelt, um ihnen die Erf\u00fcllung einer Vielzahl von Eins\u00e4tzen zu erm\u00f6glichen. <\/span><\/p>\n<p><span class=\"\">A <\/span><span class=\"\">Gr\u00f6\u00dfe \u2013 einstellbar f\u00fcr alle Hunde von 20 kg bis 55 kg.<\/span><br \/>\nHergestellt aus Cordura-Canvas und Nylongewebe.<\/p>\n<p><a href=\"https:\/\/dogpride.nl\/de\/\"><img loading=\"lazy\" decoding=\"async\" class=\"alignnone\" title=\"ELITE CANINE Spezial-Einsatzgeschirr\" src=\"https:\/\/dogpride.nl\/wp-content\/uploads\/verybig-3788-2-1-150x150.jpg\" alt=\"ELITE CANINE Speciaal interventieharnas\" width=\"150\" height=\"150\" \/><\/a><\/p>\n<p><span class=\"\">ELITE CANINE Speciaal interventieharnas Robuust ontwerp, met dit harnas kunt u verschillende situaties aan: abseilen, klimmen, paraspringen &#8230;<\/span><\/p>\n<p><span class=\"\">Ausgestattet mit zwei Hebegriffen an der Oberseite des Geschirrs k\u00f6nnen Sie Ihren Hund einfach greifen und ihm helfen, Hindernisse zu \u00fcberwinden oder in die Truppentransporter zu \u201eladen\u201c.<\/span><\/p>\n<p>Zwei Mil-Spec-V-Ringe an der Oberseite des Geschirrs erm\u00f6glichen eine schnelle Befestigung des Hundes an Ihrem K\u00f6rpergeschirr. Die beiden V-Ringe erm\u00f6glichen auch das Einh\u00e4ngen eines G\u00fcrtels vorne und\/oder hinten.<\/p>\n<p>Die beidseitigen PALS-Gurte erm\u00f6glichen die Befestigung aller Arten von Taschen oder Zubeh\u00f6r mit MOLLE-System.<\/p>\n<p>Die Oberseite des Gurtes ist mit einem breiten Klettband zum Anbringen verschiedener Zubeh\u00f6rteile oder der Installation von Erkennungskamerazubeh\u00f6r (optional) ausgestattet.<\/p>\n<p>Die Unterseite des Geschirrs, die mit dem Hund in Kontakt kommt, besteht aus einem bequemen Wabenmaterial, das eine gute Ableitung des Schwei\u00dfes des Hundes erm\u00f6glicht (in Bereichen mit hoher Hitze). Die Zellen bieten au\u00dferdem hervorragenden Komfort und D\u00e4mpfung w\u00e4hrend des Trainings, wenn der Gurt mit Taschen oder anderem Zubeh\u00f6r ausgestattet ist.<\/p>\n<p>F\u00fcr die Version mit COBRA-Schnallen:<br \/>\nMit den Cobra-Metallschnallen von Mil-Spec k\u00f6nnen Sie den Gurt in Sekundenschnelle an- und ausziehen.<\/p>\n<p><a href=\"https:\/\/nl.wikipedia.org\/wiki\/Hoofdpagina\" target=\"_blank\" rel=\"noopener\"><img loading=\"lazy\" decoding=\"async\" class=\"alignnone\" src=\"https:\/\/dogpride.nl\/wp-content\/uploads\/verybig-3788-2-1-150x150.jpg\" alt=\"ELITE CANINE Speciaal interventieharnas\" width=\"150\" height=\"150\" \/><\/a><\/p>\n<p><span class=\"goog-text-highlight\">F\u00fcr die Version mit klassischen Schnallen:<\/span><br \/>\n<span class=\"goog-text-highlight\">Die klassischen Schnallen sind mit einem Sicherheitsknopf ausgestattet, der ein \u00d6ffnen w\u00e4hrend eines Eingriffs oder in technischen Passagen verhindert.<\/span><\/p>","protected":false},"excerpt":{"rendered":"<p>ELITE CANINE Spezial-Einsatzgeschirr. <span class=\"\">Dieses Geschirr wurde f\u00fcr Hunde der Special Forces bei Outdoor-Aktivit\u00e4ten entwickelt, um ihnen die Erf\u00fcllung einer Vielzahl von Eins\u00e4tzen zu erm\u00f6glichen. Einheitsgr\u00f6\u00dfe \u2013 verstellbar f\u00fcr alle Hunde von 20 kg bis 55 kg.<\/span><\/p>","protected":false},"featured_media":113593,"template":"","meta":[],"product_brand":[],"product_cat":[2814],"product_tag":[3119,3120,3121,3118],"class_list":{"0":"post-73225","1":"product","2":"type-product","3":"status-publish","4":"has-post-thumbnail","6":"product_cat-hondenharnassen","7":"product_tag-abseilen","8":"product_tag-klimmen","9":"product_tag-paraspringen-special-forces-honden","10":"product_tag-speciaal-interventieharnas","12":"first","13":"instock","14":"taxable","15":"shipping-taxable","16":"purchasable","17":"product-type-variable"},"mb":[],"mfb_rest_fields":["title"],"_links":{"self":[{"href":"https:\/\/dogpride.nl\/de\/wp-json\/wp\/v2\/product\/73225","targetHints":{"allow":["GET"]}}],"collection":[{"href":"https:\/\/dogpride.nl\/de\/wp-json\/wp\/v2\/product"}],"about":[{"href":"https:\/\/dogpride.nl\/de\/wp-json\/wp\/v2\/types\/product"}],"wp:featuredmedia":[{"embeddable":true,"href":"https:\/\/dogpride.nl\/de\/wp-json\/wp\/v2\/media\/113593"}],"wp:attachment":[{"href":"https:\/\/dogpride.nl\/de\/wp-json\/wp\/v2\/media?parent=73225"}],"wp:term":[{"taxonomy":"product_brand","embeddable":true,"href":"https:\/\/dogpride.nl\/de\/wp-json\/wp\/v2\/product_brand?post=73225"},{"taxonomy":"product_cat","embeddable":true,"href":"https:\/\/dogpride.nl\/de\/wp-json\/wp\/v2\/product_cat?post=73225"},{"taxonomy":"product_tag","embeddable":true,"href":"https:\/\/dogpride.nl\/de\/wp-json\/wp\/v2\/product_tag?post=73225"}],"curies":[{"name":"wp","href":"https:\/\/api.w.org\/{rel}","templated":true}]}}