{"id":73213,"date":"2021-09-15T11:25:52","date_gmt":"2021-09-15T09:25:52","guid":{"rendered":"https:\/\/dogpride1.wpengine.com\/?post_type=product&#038;p=73213"},"modified":"2026-03-19T11:19:01","modified_gmt":"2026-03-19T10:19:01","slug":"dogart-pro-honden-harnas","status":"publish","type":"product","link":"https:\/\/dogpride.nl\/de\/dogart-pro-honden-harnas\/","title":{"rendered":"DOGART PRO+ Hundegeschirr"},"content":{"rendered":"<h4>DOGART PRO+ Hundegeschirr<\/h4>\n<p><span class=\"\">Das DOGART PRO+ Geschirr ist ein Geschirr f\u00fcr Streifen- oder Interventionshunde.<\/span><\/p>\n<p>Geschirr mit Ring zum Aufh\u00e4ngen der Leine und Griff f\u00fcr optimalen Halt.<br \/>\nAus atmungsaktivem Gummi und 3D-Gewebe.<\/p>\n<p><a href=\"https:\/\/dogpride.nl\/de\/\"><img loading=\"lazy\" decoding=\"async\" class=\"alignnone\" title=\"DOGART PRO+ Hundegeschirr\" src=\"https:\/\/dogpride.nl\/wp-content\/uploads\/verybig-5039-3-150x150.jpg\" alt=\"DOGART PRO+ HONDEN harnas\" width=\"150\" height=\"150\" \/><\/a><\/p>\n<p>Das Geschirr ist standardm\u00e4\u00dfig mit 1 Schnellverschluss ausgestattet und kann optional mit einem zweiten Schnellverschluss (1 rechts \/ 1 links) ausgestattet werden, um das Anlegen des Hundes zu erleichtern.<br \/>\nAu\u00dferdem mit einem Klettverschluss auf jeder Seite zur Personalisierung des Geschirrs ausgestattet (Band misst ca. 16 x 3 cm).<\/p>\n<p><span class=\"\">Das PRO+ Geschirr bietet perfekten Komfort und sitzt Ihrem Hund wie eine zweite Haut.<\/span><\/p>\n<p>Es schmiegt sich buchst\u00e4blich an die Kurven des Hundes an und l\u00e4sst ihm gleichzeitig Bewegungsfreiheit.<br \/>\nLeichter, widerstandsf\u00e4higer und innovativer Gurt.\u00a0<span class=\"goog-text-highlight\">Es hat eine schr\u00e4ge Form mit durchdachter Ergonomie, die die Atmung, das Bellen oder die Motivationsarbeit nicht beeintr\u00e4chtigt.\u00a0<\/span><span class=\"\">Passt sich dem K\u00f6rper des Hundes an und verformt sich dank seiner Halbsteifigkeit nicht.<\/span><\/p>\n<p><a href=\"https:\/\/nl.wikipedia.org\/wiki\/Hoofdpagina\" target=\"_blank\" rel=\"noopener\"><img loading=\"lazy\" decoding=\"async\" class=\"alignnone\" src=\"https:\/\/dogpride.nl\/wp-content\/uploads\/verybig-5039-3-150x150.jpg\" alt=\"\" width=\"150\" height=\"150\" \/><\/a><\/p>\n<p>Gr\u00f6\u00dfe 1: f\u00fcr Hunde zwischen 25 und 32 kg<br \/>\nGr\u00f6\u00dfe 2: f\u00fcr Hunde zwischen 32,1 und 50 kg<\/p>\n<p><strong>Dieses Geschirr wird auf Bestellung gefertigt. Die Lieferzeit betr\u00e4gt ca. 3-4 Monate!<\/strong><\/p>","protected":false},"excerpt":{"rendered":"<p>DOGART PRO+ Hundegeschirr. <span class=\"\">Das DOGART PRO+ Geschirr ist ein Geschirr f\u00fcr Streifen- oder Interventionshunde.<\/span><\/p>","protected":false},"featured_media":73214,"template":"","meta":[],"product_brand":[],"product_cat":[2814],"product_tag":[3122],"class_list":{"0":"post-73213","1":"product","2":"type-product","3":"status-publish","4":"has-post-thumbnail","6":"product_cat-hondenharnassen","7":"product_tag-patrouille-of-interventiehonden","9":"first","10":"instock","11":"taxable","12":"shipping-taxable","13":"purchasable","14":"product-type-variable"},"mb":[],"mfb_rest_fields":["title"],"_links":{"self":[{"href":"https:\/\/dogpride.nl\/de\/wp-json\/wp\/v2\/product\/73213","targetHints":{"allow":["GET"]}}],"collection":[{"href":"https:\/\/dogpride.nl\/de\/wp-json\/wp\/v2\/product"}],"about":[{"href":"https:\/\/dogpride.nl\/de\/wp-json\/wp\/v2\/types\/product"}],"wp:featuredmedia":[{"embeddable":true,"href":"https:\/\/dogpride.nl\/de\/wp-json\/wp\/v2\/media\/73214"}],"wp:attachment":[{"href":"https:\/\/dogpride.nl\/de\/wp-json\/wp\/v2\/media?parent=73213"}],"wp:term":[{"taxonomy":"product_brand","embeddable":true,"href":"https:\/\/dogpride.nl\/de\/wp-json\/wp\/v2\/product_brand?post=73213"},{"taxonomy":"product_cat","embeddable":true,"href":"https:\/\/dogpride.nl\/de\/wp-json\/wp\/v2\/product_cat?post=73213"},{"taxonomy":"product_tag","embeddable":true,"href":"https:\/\/dogpride.nl\/de\/wp-json\/wp\/v2\/product_tag?post=73213"}],"curies":[{"name":"wp","href":"https:\/\/api.w.org\/{rel}","templated":true}]}}