{"id":73193,"date":"2021-09-14T16:37:40","date_gmt":"2021-09-14T14:37:40","guid":{"rendered":"https:\/\/dogpride1.wpengine.com\/?post_type=product&#038;p=73193"},"modified":"2026-03-19T11:20:08","modified_gmt":"2026-03-19T10:20:08","slug":"morin-special-forces-interventieharnas","status":"publish","type":"product","link":"https:\/\/dogpride.nl\/de\/morin-special-forces-interventieharnas\/","title":{"rendered":"MORIN Special Forces interventieharnas"},"content":{"rendered":"<h4>MORIN Special Forces interventieharnas<\/h4>\n<p>Speziell f\u00fcr Interventionsgruppen konzipierter Gurt.<\/p>\n<p>Interventionsr\u00fcstung \u201eSpezialkr\u00e4fte\u201c.<\/p>\n<p><a href=\"https:\/\/dogpride.nl\/de\/\"><img loading=\"lazy\" decoding=\"async\" class=\"alignnone\" title=\"MORIN Special Forces interventieharnas\" src=\"https:\/\/dogpride.nl\/wp-content\/uploads\/verybig-2991-2-150x150.jpg\" alt=\"MORIN Special Forces interventieharnas\" width=\"150\" height=\"150\" \/><\/a><\/p>\n<p>Hergestellt aus sehr strapazierf\u00e4higem schwarzem Cordura.<br \/>\nAusgestattet mit 2 Griffen zum Tragen des Hundes oder als Hilfe bei technischen Passagen.<br \/>\nSchnelll\u00f6sesystem durch einen Griff, der den Hund sofort freigibt, bevor der Angriff beginnt.<br \/>\nMit diesem Geschirr k\u00f6nnen Sie sich auch mit Ihrem Hund abseilen (je nachdem, welches Abseilsystem Sie verwenden).<\/p>\n<p>Einheitsgr\u00f6\u00dfe f\u00fcr Malinois.<br \/>\nM\u00f6glichkeit der Sonderanfertigung, bitte kontaktieren Sie uns<br \/>\nGeben Sie uns in diesem Fall den Umfang des Brustkorbs an<\/p>\n<p><a href=\"https:\/\/nl.wikipedia.org\/wiki\/Hoofdpagina\" target=\"_blank\" rel=\"noopener\"><img loading=\"lazy\" decoding=\"async\" class=\"alignnone\" src=\"https:\/\/dogpride.nl\/wp-content\/uploads\/verybig-2991-2-150x150.jpg\" alt=\"\" width=\"150\" height=\"150\" \/><\/a><\/p>\n<p>*****<br \/>\nDesign auf europ\u00e4ischer Ebene eingetragen.<br \/>\n<span class=\"goog-text-highlight\">Jegliche Vervielf\u00e4ltigung, auch teilweise, ist unter Androhung einer Strafe strengstens untersagt.<\/span><\/p>","protected":false},"excerpt":{"rendered":"<p>MORIN \u201eSpecial Forces\u201c-Einsatzpanzer. Ausgestattet mit 2 Griffen zum Tragen des Hundes oder als Hilfe bei technischen Passagen.<\/p>","protected":false},"featured_media":73194,"template":"","meta":[],"product_brand":[],"product_cat":[2814],"product_tag":[3125,3124],"class_list":{"0":"post-73193","1":"product","2":"type-product","3":"status-publish","4":"has-post-thumbnail","6":"product_cat-hondenharnassen","7":"product_tag-interventieharnas-voor-honden","8":"product_tag-special-forces-interventieharnas","10":"first","11":"instock","12":"taxable","13":"shipping-taxable","14":"purchasable","15":"product-type-simple"},"mb":[],"mfb_rest_fields":["title"],"_links":{"self":[{"href":"https:\/\/dogpride.nl\/de\/wp-json\/wp\/v2\/product\/73193","targetHints":{"allow":["GET"]}}],"collection":[{"href":"https:\/\/dogpride.nl\/de\/wp-json\/wp\/v2\/product"}],"about":[{"href":"https:\/\/dogpride.nl\/de\/wp-json\/wp\/v2\/types\/product"}],"wp:featuredmedia":[{"embeddable":true,"href":"https:\/\/dogpride.nl\/de\/wp-json\/wp\/v2\/media\/73194"}],"wp:attachment":[{"href":"https:\/\/dogpride.nl\/de\/wp-json\/wp\/v2\/media?parent=73193"}],"wp:term":[{"taxonomy":"product_brand","embeddable":true,"href":"https:\/\/dogpride.nl\/de\/wp-json\/wp\/v2\/product_brand?post=73193"},{"taxonomy":"product_cat","embeddable":true,"href":"https:\/\/dogpride.nl\/de\/wp-json\/wp\/v2\/product_cat?post=73193"},{"taxonomy":"product_tag","embeddable":true,"href":"https:\/\/dogpride.nl\/de\/wp-json\/wp\/v2\/product_tag?post=73193"}],"curies":[{"name":"wp","href":"https:\/\/api.w.org\/{rel}","templated":true}]}}