{"id":73186,"date":"2021-09-14T16:26:57","date_gmt":"2021-09-14T14:26:57","guid":{"rendered":"https:\/\/dogpride1.wpengine.com\/?post_type=product&#038;p=73186"},"modified":"2026-03-19T11:21:38","modified_gmt":"2026-03-19T10:21:38","slug":"petzl-harnas-voor-luchttouwhonden","status":"publish","type":"product","link":"https:\/\/dogpride.nl\/de\/petzl-harnas-voor-luchttouwhonden\/","title":{"rendered":"PETZL-Geschirr f\u00fcr Luftseilhunde"},"content":{"rendered":"<h4>PETZL-Geschirr f\u00fcr Luftseilhunde<\/h4>\n<p>PETZL-Geschirr f\u00fcr Luftseilhunde<\/p>\n<p><span class=\"\">Petzl ist seit \u00fcber drei\u00dfig Jahren Spezialist f\u00fcr Vertikalit\u00e4t und \u201ehands-free\u201c-Beleuchtung und bekr\u00e4ftigt einen klaren Wunsch: Ausr\u00fcstung zu entwerfen und zu vertreiben, die Menschen dabei hilft, sich in vertikalem Gel\u00e4nde zu engagieren, voranzukommen und sich weiterzuentwickeln. Maximale Effizienz, Freiheit und Sicherheit.<\/span><\/p>\n<p>Deze producten integreren alle beperkingen die u dagelijks tegenkomt: herhaald en intensief gebruik van de uitrusting, klimatologische gevaren, diversiteit van het terrein.<br \/>\nZe bevorderen maximale ergonomie, eenvoud en gebruikscomfort, met inachtneming van een absolute vereiste van kwaliteit en betrouwbaarheid .<\/p>\n<p><a href=\"https:\/\/dogpride.nl\/de\/\"><img loading=\"lazy\" decoding=\"async\" class=\"alignnone\" title=\"PETZL-Geschirr f\u00fcr Luftseilhunde\" src=\"https:\/\/dogpride.nl\/wp-content\/uploads\/verybig-3600-1.jpg\" alt=\"PETZL harnas voor luchttouwhonden\" width=\"217\" height=\"217\" \/><\/a><\/p>\n<p>Geschirr f\u00fcr das Luftseil eines Hundes<br \/>\nErm\u00f6glicht das Luftseil und die Verwendung von Lanyards in der Suchphase.<br \/>\nM\u00f6glicher Eingriff des mit dem Geschirr ausgestatteten Hundes (Suche und Streik).<br \/>\nVorpositionierendes Gummiband zur einfachen Anpassung des Geschirrs an den Hund.<br \/>\nZahlreiche Einstellungen, die eine Anpassung an unterschiedliche K\u00f6rpertypen (Malinois, Deutscher Sch\u00e4ferhund etc.) erm\u00f6glichen.<br \/>\nAbnehmbare Schaumstoffe f\u00fcr einfache Wartung.<br \/>\nLeicht und platzsparend.<\/p>\n<p><a href=\"https:\/\/www.licg.nl\/honden\/\" target=\"_blank\" rel=\"noopener\"><img loading=\"lazy\" decoding=\"async\" class=\"alignnone\" title=\"PETZL-Geschirr f\u00fcr Luftseilhunde\" src=\"https:\/\/dogpride.nl\/wp-content\/uploads\/verybig-3600-1.jpg\" alt=\"PETZL harnas voor luchttouwhonden\" width=\"217\" height=\"217\" \/><\/a><\/p>\n<p><span class=\"goog-text-highlight\">Spezifikationen:<\/span><br \/>\n<span class=\"goog-text-highlight\">Gewicht: 890g<\/span><\/p>","protected":false},"excerpt":{"rendered":"<p>PETZL-Geschirr f\u00fcr Luftseilhunde. Zahlreiche Einstellungen, die eine Anpassung an unterschiedliche K\u00f6rpertypen (Malinois, Deutscher Sch\u00e4ferhund etc.) erm\u00f6glichen.<\/p>","protected":false},"featured_media":73187,"template":"","meta":[],"product_brand":[],"product_cat":[2814],"product_tag":[3130,4606,3128,3288,8905,8904,6964,8906,3132,3129,3131],"class_list":{"0":"post-73186","1":"product","2":"type-product","3":"status-publish","4":"has-post-thumbnail","6":"product_cat-hondenharnassen","7":"product_tag-efficientie","8":"product_tag-harnas","9":"product_tag-harnas-voor-luchttouwhonden","10":"product_tag-honden","11":"product_tag-luchttouwhonden","12":"product_tag-petzl","13":"product_tag-sar","14":"product_tag-touwen","15":"product_tag-veiligheid","16":"product_tag-verticaliteit","17":"product_tag-vrijheid","18":"product_shipping_class-vast-tarief-eu-overig","20":"first","21":"instock","22":"taxable","23":"shipping-taxable","24":"purchasable","25":"product-type-simple"},"mb":[],"mfb_rest_fields":["title"],"_links":{"self":[{"href":"https:\/\/dogpride.nl\/de\/wp-json\/wp\/v2\/product\/73186","targetHints":{"allow":["GET"]}}],"collection":[{"href":"https:\/\/dogpride.nl\/de\/wp-json\/wp\/v2\/product"}],"about":[{"href":"https:\/\/dogpride.nl\/de\/wp-json\/wp\/v2\/types\/product"}],"wp:featuredmedia":[{"embeddable":true,"href":"https:\/\/dogpride.nl\/de\/wp-json\/wp\/v2\/media\/73187"}],"wp:attachment":[{"href":"https:\/\/dogpride.nl\/de\/wp-json\/wp\/v2\/media?parent=73186"}],"wp:term":[{"taxonomy":"product_brand","embeddable":true,"href":"https:\/\/dogpride.nl\/de\/wp-json\/wp\/v2\/product_brand?post=73186"},{"taxonomy":"product_cat","embeddable":true,"href":"https:\/\/dogpride.nl\/de\/wp-json\/wp\/v2\/product_cat?post=73186"},{"taxonomy":"product_tag","embeddable":true,"href":"https:\/\/dogpride.nl\/de\/wp-json\/wp\/v2\/product_tag?post=73186"}],"curies":[{"name":"wp","href":"https:\/\/api.w.org\/{rel}","templated":true}]}}