{"id":73176,"date":"2021-09-14T15:55:12","date_gmt":"2021-09-14T13:55:12","guid":{"rendered":"https:\/\/dogpride1.wpengine.com\/?post_type=product&#038;p=73176"},"modified":"2022-01-19T13:02:12","modified_gmt":"2022-01-19T12:02:12","slug":"morin-pro-helikopter-harnas","status":"publish","type":"product","link":"https:\/\/dogpride.nl\/de\/morin-pro-helikopter-harnas\/","title":{"rendered":"MORIN Pro Hubschraubergurt"},"content":{"rendered":"<h4>MORIN Pro Hubschraubergurt<\/h4>\n<p><span class=\"\">Der MORIN Pro-Hubschraubergurt wurde speziell f\u00fcr Eliteeinheiten und Einsatzkr\u00e4fte der Polizei, Armee und Feuerwehr hergestellt<\/span><\/p>\n<p>Sehr sicheres Produkt, robustes Design. Aus gef\u00fcttertem Cordura-Canvas.<\/p>\n<p>M\u00f6glichkeit, den Hund auf der Brust oder auf dem R\u00fccken zu tragen (Schultergurte im Lieferumfang enthalten)<br \/>\nM\u00f6glichkeit, den Hund selbstst\u00e4ndig abzusenken (Befestigungspunkte in der Mitte des Geschirrs)<\/p>\n<p><strong>Ausr\u00fcstungs- und R\u00fcstungsdesign:<\/strong><\/p>\n<ul>\n<li>Geschirr \/ Schultergurte zum Tragen auf dem R\u00fccken oder der Brust:<\/li>\n<li>Herrengurt aus 50 mm Nylongewebe + 65 mm Filzverst\u00e4rkung f\u00fcr maximalen Komfort auf den Schultern.<\/li>\n<li>Die beiden Schultergurte sind durch einen 20 mm verstellbaren Gurt mit Schnellverschluss verbunden.<\/li>\n<li>Gurt ausgestattet mit 4 Hochsicherheitskarabinern mit Schraubverschluss. Die verwendeten Karabiner sind CE-gepr\u00fcft und garantieren absolute Sicherheit.<\/li>\n<\/ul>\n<p><strong><span class=\"\">R\u00fcstung:<\/span><\/strong><br \/>\n<span class=\"\">Internes System des Gurtes durch verstellbare 25-mm-Nylongurte und einfache Befestigung:<\/span><br \/>\n<span class=\"\">2 Vorder-\/R\u00fcckengurte + 2 Brust-\/Seitengurte<\/span><br \/>\n<span class=\"\">3 von au\u00dfen verstellbare Gurte erm\u00f6glichen eine optimale Anpassung an den K\u00f6rper und sorgen f\u00fcr hervorragenden Halt und Komfort f\u00fcr den Hund.<\/span><br \/>\n1 verstellbarer Sicherheitsgurt zur zus\u00e4tzlichen Sicherung des Brustgurtes.<br \/>\nGeschirr mit 4 geschwei\u00dften Ringen zum Einh\u00e4ngen des Herrengeschirrs (wird auch zum Aufh\u00e4ngen an bestimmten Abseilsystemen der Gendarmerie verwendet).<\/p>\n<p>25-mm-Befestigungspunktsystem aus Nylongewebe, sehr widerstandsf\u00e4hig, garantiert absolute Sicherheit. Bei diesem System kann der Hund nur durch Abseilen oder Seilrutschen absteigen.<br \/>\n<span class=\"\">F\u00fcr maximalen Komfort und Sicherheit bei dieser Abstiegskonfiguration \u201erollen\u201c zwei gen\u00e4hte Gurte den Gurt von einer Seite zur anderen und sind in einem einzigen integralen Teil integriert.<\/span><\/p>\n<h4>Geschirr in \u201eanatomischer\u201c Form, das sich m\u00f6glichst gut an die Brustform des Hundes anpasst.<\/h4>\n<p>Der Hund kann urinieren, ohne den Schlitz f\u00fcr R\u00fcden zu lockern.<\/p>","protected":false},"excerpt":{"rendered":"<p>MORIN Pro Hubschraubergurt. M\u00f6glichkeit, den Hund auf der Brust oder auf dem R\u00fccken zu tragen (Schultergurte im Lieferumfang enthalten). M\u00f6glichkeit, den Hund selbstst\u00e4ndig abzusenken (Befestigungspunkte in der Mitte des Geschirrs)<\/p>","protected":false},"featured_media":73177,"template":"","meta":[],"product_brand":[],"product_cat":[2814],"product_tag":[3136,3133,3138,3139,3134,3135,3137],"class_list":{"0":"post-73176","1":"product","2":"type-product","3":"status-publish","4":"has-post-thumbnail","6":"product_cat-hondenharnassen","7":"product_tag-brandweer","8":"product_tag-elite-eenheden","9":"product_tag-helicopterharnas-voor-honden","10":"product_tag-hond-op-de-borst-of-rug-dragen","11":"product_tag-interventiepolitie","12":"product_tag-leger","13":"product_tag-pro-helikopterharnas","15":"first","16":"instock","17":"taxable","18":"shipping-taxable","19":"purchasable","20":"product-type-variable"},"mb":[],"mfb_rest_fields":["title"],"_links":{"self":[{"href":"https:\/\/dogpride.nl\/de\/wp-json\/wp\/v2\/product\/73176","targetHints":{"allow":["GET"]}}],"collection":[{"href":"https:\/\/dogpride.nl\/de\/wp-json\/wp\/v2\/product"}],"about":[{"href":"https:\/\/dogpride.nl\/de\/wp-json\/wp\/v2\/types\/product"}],"wp:featuredmedia":[{"embeddable":true,"href":"https:\/\/dogpride.nl\/de\/wp-json\/wp\/v2\/media\/73177"}],"wp:attachment":[{"href":"https:\/\/dogpride.nl\/de\/wp-json\/wp\/v2\/media?parent=73176"}],"wp:term":[{"taxonomy":"product_brand","embeddable":true,"href":"https:\/\/dogpride.nl\/de\/wp-json\/wp\/v2\/product_brand?post=73176"},{"taxonomy":"product_cat","embeddable":true,"href":"https:\/\/dogpride.nl\/de\/wp-json\/wp\/v2\/product_cat?post=73176"},{"taxonomy":"product_tag","embeddable":true,"href":"https:\/\/dogpride.nl\/de\/wp-json\/wp\/v2\/product_tag?post=73176"}],"curies":[{"name":"wp","href":"https:\/\/api.w.org\/{rel}","templated":true}]}}