{"id":73170,"date":"2021-09-14T15:47:10","date_gmt":"2021-09-14T13:47:10","guid":{"rendered":"https:\/\/dogpride1.wpengine.com\/?post_type=product&#038;p=73170"},"modified":"2026-03-19T11:23:05","modified_gmt":"2026-03-19T10:23:05","slug":"morin-hondenlier-hefharnas","status":"publish","type":"product","link":"https:\/\/dogpride.nl\/de\/morin-hondenlier-hefharnas\/","title":{"rendered":"MORIN Hundewinde \/ Hebegeschirr"},"content":{"rendered":"<h4>MORIN Hundewinde \/ Hebegeschirr<\/h4>\n<p><span class=\"\">Mit diesem Windengeschirr k\u00f6nnen Sie Ihren Hund in geringer H\u00f6he winden oder heben.<\/span><\/p>\n<p>Dieses Geschirr eignet sich ideal zum Windenfahren in geringer H\u00f6he und um Ihrem Hund beim \u00dcberwinden technischer Hindernisse zu helfen (in einen LKW einsteigen, einen Zaun \u00fcberqueren usw.) oder wenn er mit zunehmendem Alter seine Beweglichkeit verliert.<\/p>\n<p><a href=\"https:\/\/dogpride.nl\/de\/\"><img loading=\"lazy\" decoding=\"async\" class=\"alignnone\" title=\"MORIN Hundewinde \/ Hebegeschirr\" src=\"https:\/\/dogpride.nl\/wp-content\/uploads\/verybig-3616-1.jpg\" alt=\"MORIN Hondenlier \/ hefharnas\" width=\"170\" height=\"170\" \/><\/a><\/p>\n<p>Die Schlingen k\u00f6nnen mithilfe der Ringe an einer Hebevorrichtung befestigt oder als Haltegriff verwendet werden, um Ihrem Hund beim Gehen und Bewegen zu helfen, wenn er verletzt, alt oder behindert ist.<br \/>\nZur unterst\u00fctzenden Nutzung weisen wir Sie darauf hin, dass dieses Geschirr m\u00e4nnlichen Hunden nicht das Urinieren erm\u00f6glicht, da hierf\u00fcr kein Schlitz vorgesehen ist.<\/p>\n<p><a href=\"https:\/\/www.licg.nl\/honden\/\" target=\"_blank\" rel=\"noopener\"><img loading=\"lazy\" decoding=\"async\" class=\"alignnone\" title=\"MORIN Hundewinde \/ Hebegeschirr\" src=\"https:\/\/dogpride.nl\/wp-content\/uploads\/verybig-3616-1.jpg\" alt=\"MORIN Hondenlier \/ hefharnas\" width=\"170\" height=\"170\" \/><\/a><\/p>\n<p>Schnell und einfach einzurichten<\/p>\n<p>Aus Nylon mit Schaumstoffpolsterung. St\u00fctzgurt mit Schnellverschluss vorne und hinten.<\/p>\n<p><strong><span class=\"goog-text-highlight\">SICHERHEITSHINWEIS: Achtung, f\u00fcr eine Winde oder Winde mittlerer und gro\u00dfer H\u00f6he empfehlen wir unser Modell \u201eHelikopter Pro\u201c, das viel sicherer ist!<\/span><\/strong><\/p>","protected":false},"excerpt":{"rendered":"<p>MORIN Hundewinde \/ Hebegeschirr. Dieses Geschirr eignet sich ideal f\u00fcr Winden in geringer H\u00f6he und hilft Ihrem Hund, technische Hindernisse zu \u00fcberwinden (Einsteigen in einen Lastwagen zur Ortung, \u00dcberqueren eines Zauns usw.).<\/p>","protected":false},"featured_media":73171,"template":"","meta":[],"product_brand":[],"product_cat":[2814],"product_tag":[3142,3140,3141],"class_list":{"0":"post-73170","1":"product","2":"type-product","3":"status-publish","4":"has-post-thumbnail","6":"product_cat-hondenharnassen","7":"product_tag-een-hek-oversteken","8":"product_tag-liertuig-voor-honden","9":"product_tag-voor-detectie","11":"first","12":"instock","13":"taxable","14":"shipping-taxable","15":"purchasable","16":"product-type-variable"},"mb":[],"mfb_rest_fields":["title"],"_links":{"self":[{"href":"https:\/\/dogpride.nl\/de\/wp-json\/wp\/v2\/product\/73170","targetHints":{"allow":["GET"]}}],"collection":[{"href":"https:\/\/dogpride.nl\/de\/wp-json\/wp\/v2\/product"}],"about":[{"href":"https:\/\/dogpride.nl\/de\/wp-json\/wp\/v2\/types\/product"}],"wp:featuredmedia":[{"embeddable":true,"href":"https:\/\/dogpride.nl\/de\/wp-json\/wp\/v2\/media\/73171"}],"wp:attachment":[{"href":"https:\/\/dogpride.nl\/de\/wp-json\/wp\/v2\/media?parent=73170"}],"wp:term":[{"taxonomy":"product_brand","embeddable":true,"href":"https:\/\/dogpride.nl\/de\/wp-json\/wp\/v2\/product_brand?post=73170"},{"taxonomy":"product_cat","embeddable":true,"href":"https:\/\/dogpride.nl\/de\/wp-json\/wp\/v2\/product_cat?post=73170"},{"taxonomy":"product_tag","embeddable":true,"href":"https:\/\/dogpride.nl\/de\/wp-json\/wp\/v2\/product_tag?post=73170"}],"curies":[{"name":"wp","href":"https:\/\/api.w.org\/{rel}","templated":true}]}}