{"id":73163,"date":"2021-09-14T15:35:00","date_gmt":"2021-09-14T13:35:00","guid":{"rendered":"https:\/\/dogpride1.wpengine.com\/?post_type=product&#038;p=73163"},"modified":"2026-03-19T11:24:15","modified_gmt":"2026-03-19T10:24:15","slug":"morin-multi-k9-harnas","status":"publish","type":"product","link":"https:\/\/dogpride.nl\/de\/morin-multi-k9-harnas\/","title":{"rendered":"MORIN MULTI K9-Gurt"},"content":{"rendered":"<h4>MORIN MULTI K9-Gurt<\/h4>\n<p><span class=\"\">Het MORIN MULTI K9 harnas is een veelzijdig hondentuigje dat voor meerdere functies kan worden gebruikt<\/span><\/p>\n<p>Leicht zu tragende modulare taktische Hundeweste, die verschiedene Konfigurationsoptionen bietet, um sie an das Einsatzprofil anzupassen.<br \/>\nDie Gurte sind gepolstert und verstellbar f\u00fcr eine ergonomische Gewichtsverteilung, maximalen Komfort und uneingeschr\u00e4nkte Mobilit\u00e4t.<br \/>\nDer aus MIL-SPEC-best\u00e4ndigen Beschl\u00e4gen und Materialien gefertigte Gurt ist so konzipiert, dass er der Kampfumgebung standh\u00e4lt und zum Abseilen, Heben und Hochgeschwindigkeits-Tauziehen geeignet ist.<\/p>\n<p><a href=\"https:\/\/dogpride.nl\/de\/\"><img loading=\"lazy\" decoding=\"async\" class=\"alignnone\" title=\"MORIN MULTI K9-Gurt\" src=\"https:\/\/dogpride.nl\/wp-content\/uploads\/verybig-4515-1-1-150x150.jpg\" alt=\"MORIN MULTI K9 harnas\" width=\"150\" height=\"150\" \/><\/a><\/p>\n<ul>\n<li>MIlSPEC V-Ring-Befestigungspunkte<\/li>\n<li>Verst\u00e4rkte Griffe zum Heben, Laden, Transportieren.<\/li>\n<li>Extrem dehnbares 4-Wege-Aerodynamiknetz f\u00fcr maximale Luftzirkulation und Komfort.<\/li>\n<li><span class=\"\">Tragegurt aus harzbehandeltem Nylon<\/span><\/li>\n<li><span class=\"\">Seitenw\u00e4nde aus Klettverschluss zum Anbringen von Abzeichen<\/span><\/li>\n<li><span class=\"\">Integrierte Befestigungspunkte f\u00fcr verschiedene Beleuchtungs- oder Markierungssysteme.<\/span><\/li>\n<li>MOLLE-Seitenteile<\/li>\n<li>2 Befestigungspunkte f\u00fcr die Leine<\/li>\n<li>Abnehmbarer hinterer St\u00fctzgurt<\/li>\n<li>MOLLE-Oberseite mit GoPro-Mund.<\/li>\n<li>Adapter voor verschillende rugcamerasystemen op COBRA- harnas met 6 gespen.<\/li>\n<\/ul>\n<p><a href=\"https:\/\/www.licg.nl\/honden\/\" target=\"_blank\" rel=\"noopener\"><img loading=\"lazy\" decoding=\"async\" class=\"alignnone\" src=\"https:\/\/dogpride.nl\/wp-content\/uploads\/verybig-4515-1-1-150x150.jpg\" alt=\"\" width=\"150\" height=\"150\" \/><\/a><\/p>\n<p><strong>Jedes Geschirr wird auf Bestellung gefertigt und an die Gr\u00f6\u00dfe jedes Hundes angepasst.<\/strong><br \/>\n<strong>Lieferzeit ca. 30 bis 45 Tage!<\/strong><\/p>\n<p>Farbe: gr\u00fcn oder schwarz<\/p>","protected":false},"excerpt":{"rendered":"<p>Der aus MIL-SPEC-best\u00e4ndigen Beschl\u00e4gen und Materialien gefertigte Gurt ist so konzipiert, dass er der Kampfumgebung standh\u00e4lt und zum Abseilen, Heben und Hochgeschwindigkeits-Tauziehen geeignet ist.<\/p>\n<p style=\"text-align: center;\"><span style=\"color: #ff0000;\"><strong>Preis auf Anfrage!<\/strong><\/span><\/p>","protected":false},"featured_media":73162,"template":"","meta":[],"product_brand":[],"product_cat":[2814],"product_tag":[3119,7995,3146,3143,3145,3144],"class_list":{"0":"post-73163","1":"product","2":"type-product","3":"status-publish","4":"has-post-thumbnail","6":"product_cat-hondenharnassen","7":"product_tag-abseilen","8":"product_tag-mil-spec","9":"product_tag-modulair-tactisch-hondenvest","10":"product_tag-multi-k9-harnas","11":"product_tag-tillen","12":"product_tag-veelzijdig-hondentuigje","14":"first","15":"instock","16":"taxable","17":"shipping-taxable","18":"product-type-simple"},"mb":[],"mfb_rest_fields":["title"],"_links":{"self":[{"href":"https:\/\/dogpride.nl\/de\/wp-json\/wp\/v2\/product\/73163","targetHints":{"allow":["GET"]}}],"collection":[{"href":"https:\/\/dogpride.nl\/de\/wp-json\/wp\/v2\/product"}],"about":[{"href":"https:\/\/dogpride.nl\/de\/wp-json\/wp\/v2\/types\/product"}],"wp:featuredmedia":[{"embeddable":true,"href":"https:\/\/dogpride.nl\/de\/wp-json\/wp\/v2\/media\/73162"}],"wp:attachment":[{"href":"https:\/\/dogpride.nl\/de\/wp-json\/wp\/v2\/media?parent=73163"}],"wp:term":[{"taxonomy":"product_brand","embeddable":true,"href":"https:\/\/dogpride.nl\/de\/wp-json\/wp\/v2\/product_brand?post=73163"},{"taxonomy":"product_cat","embeddable":true,"href":"https:\/\/dogpride.nl\/de\/wp-json\/wp\/v2\/product_cat?post=73163"},{"taxonomy":"product_tag","embeddable":true,"href":"https:\/\/dogpride.nl\/de\/wp-json\/wp\/v2\/product_tag?post=73163"}],"curies":[{"name":"wp","href":"https:\/\/api.w.org\/{rel}","templated":true}]}}