{"id":73146,"date":"2021-09-14T15:12:37","date_gmt":"2021-09-14T13:12:37","guid":{"rendered":"https:\/\/dogpride1.wpengine.com\/?post_type=product&#038;p=73146"},"modified":"2022-10-25T12:32:38","modified_gmt":"2022-10-25T10:32:38","slug":"morin-kogelvrij-vest-voor-honden-met-molle-systeem","status":"publish","type":"product","link":"https:\/\/dogpride.nl\/de\/morin-kogelvrij-vest-voor-honden-met-molle-systeem\/","title":{"rendered":"MORIN Kugelsichere Weste f\u00fcr Hunde mit MOLLE-System"},"content":{"rendered":"<h1>MORIN Kugelsichere Weste f\u00fcr Hunde mit MOLLE-System<\/h1>\n<p>MORIN Kugelsichere Weste f\u00fcr Hunde mit MOLLE-System<\/p>\n<p><span class=\"goog-text-highlight\">Die kugelsichere Weste f\u00fcr Hunde bietet Schutz f\u00fcr Brust, R\u00fccken und Seiten der Klasse IIIA NIJ 0101.06 bei gleichzeitiger Wahrung der maximalen Bewegungsfreiheit des Hundes.<br \/>\n<\/span>Diese Weste hat eine ergonomische Form.<br \/>\nDie Verstellm\u00f6glichkeiten durch seitliche Gurte und die flexiblen Ballistiktaschen passen sich bestm\u00f6glich der K\u00f6rperform des Hundes an.<br \/>\nDie Umschl\u00e4ge, in denen das Ballistikpaket untergebracht ist, sind dank der Rei\u00dfverschl\u00fcsse leicht zug\u00e4nglich.<\/p>\n<p>Es ist auf die Morphologie des Hundes abgestimmt und in drei Gr\u00f6\u00dfen erh\u00e4ltlich.<br \/>\nDiese Weste ist mit einem Ring f\u00fcr die Leine am Halsband ausgestattet. Und zwei Riemen auf der R\u00fcckseite zum Tragen oder Halten des Hundes.<br \/>\n<span class=\"\">Diese beiden Leinen sind mit einem System ausgestattet, das es erm\u00f6glicht, sie bei Nichtgebrauch herunterzuklappen, sodass der Hund nicht an Hindernissen h\u00e4ngenbleibt.<\/span><\/p>\n<ul>\n<li>Hergestellt aus Cordura-Canvas, Polyesterfutter.<\/li>\n<li>Gewicht ca. 2,04 kg in Gr\u00f6\u00dfe 1 mit ballistischer Verpackung<\/li>\n<\/ul>\n<p>Erh\u00e4ltlich in den Gr\u00f6\u00dfen 1, 2 und 3<\/p>\n<p><strong>Gr\u00f6\u00dfentabelle:<\/strong><\/p>\n<p><img loading=\"lazy\" decoding=\"async\" class=\"alignnone wp-image-73150 size-full\" src=\"https:\/\/www.dogpride.nl\/wp-content\/uploads\/verybig-3730-5.jpg\" alt=\"\" width=\"520\" height=\"520\" srcset=\"https:\/\/dogpride.nl\/wp-content\/uploads\/verybig-3730-5.jpg 520w, https:\/\/dogpride.nl\/wp-content\/uploads\/verybig-3730-5-250x250.jpg 250w, https:\/\/dogpride.nl\/wp-content\/uploads\/verybig-3730-5-100x100.jpg 100w, https:\/\/dogpride.nl\/wp-content\/uploads\/verybig-3730-5-400x400.jpg 400w, https:\/\/dogpride.nl\/wp-content\/uploads\/verybig-3730-5-300x300.jpg 300w, https:\/\/dogpride.nl\/wp-content\/uploads\/verybig-3730-5-150x150.jpg 150w, https:\/\/dogpride.nl\/wp-content\/uploads\/verybig-3730-5-66x66.jpg 66w, https:\/\/dogpride.nl\/wp-content\/uploads\/verybig-3730-5-200x200.jpg 200w\" sizes=\"auto, (max-width: 520px) 100vw, 520px\" \/><\/p>","protected":false},"excerpt":{"rendered":"<p>MORIN Kugelsichere Weste f\u00fcr Hunde mit MOLLE-System. <span class=\"goog-text-highlight\">Die kugelsichere Weste f\u00fcr Hunde bietet Schutz f\u00fcr Brust, R\u00fccken und Seiten der Klasse IIIA NIJ 0101.06 bei gleichzeitiger Wahrung der maximalen Bewegungsfreiheit des Hundes.<\/span><\/p>","protected":false},"featured_media":73147,"template":"","meta":[],"product_brand":[],"product_cat":[2808],"product_tag":[3110,3111],"class_list":{"0":"post-73146","1":"product","2":"type-product","3":"status-publish","4":"has-post-thumbnail","6":"product_cat-honden-veiligheidsvesten","7":"product_tag-kogelvrij-harnas-voor-honden","8":"product_tag-molle-systeem","10":"first","11":"instock","12":"taxable","13":"shipping-taxable","14":"purchasable","15":"product-type-variable"},"mb":[],"mfb_rest_fields":["title"],"_links":{"self":[{"href":"https:\/\/dogpride.nl\/de\/wp-json\/wp\/v2\/product\/73146","targetHints":{"allow":["GET"]}}],"collection":[{"href":"https:\/\/dogpride.nl\/de\/wp-json\/wp\/v2\/product"}],"about":[{"href":"https:\/\/dogpride.nl\/de\/wp-json\/wp\/v2\/types\/product"}],"wp:featuredmedia":[{"embeddable":true,"href":"https:\/\/dogpride.nl\/de\/wp-json\/wp\/v2\/media\/73147"}],"wp:attachment":[{"href":"https:\/\/dogpride.nl\/de\/wp-json\/wp\/v2\/media?parent=73146"}],"wp:term":[{"taxonomy":"product_brand","embeddable":true,"href":"https:\/\/dogpride.nl\/de\/wp-json\/wp\/v2\/product_brand?post=73146"},{"taxonomy":"product_cat","embeddable":true,"href":"https:\/\/dogpride.nl\/de\/wp-json\/wp\/v2\/product_cat?post=73146"},{"taxonomy":"product_tag","embeddable":true,"href":"https:\/\/dogpride.nl\/de\/wp-json\/wp\/v2\/product_tag?post=73146"}],"curies":[{"name":"wp","href":"https:\/\/api.w.org\/{rel}","templated":true}]}}