{"id":73128,"date":"2021-09-14T14:43:00","date_gmt":"2021-09-14T12:43:00","guid":{"rendered":"https:\/\/dogpride1.wpengine.com\/?post_type=product&#038;p=73128"},"modified":"2022-10-27T10:48:28","modified_gmt":"2022-10-27T08:48:28","slug":"sioen-balistics-beschermings-harnas-sts-k9","status":"publish","type":"product","link":"https:\/\/dogpride.nl\/de\/sioen-balistics-beschermings-harnas-sts-k9\/","title":{"rendered":"SIOEN BALISTICS Schutzgurt STS-K9"},"content":{"rendered":"<h1>SIOEN BALISTICS Schutzgurt STS-K9<\/h1>\n<p>SIOEN BALISTICS Schutzgurt STS-K9 + MOLLE + Stichschutz + Auftrieb<\/p>\n<p><span class=\"\">Komplettes Schutzgeschirr f\u00fcr Hunde und Hundebrigade<\/span><\/p>\n<p>Dieses Hundegeschirr ist sehr komplett:<\/p>\n<ul>\n<li>Ballistischer Schutz IIIA<\/li>\n<li>Klingenschutz<\/li>\n<li>Schwebende Kraft<\/li>\n<li>MOLLE-System<\/li>\n<\/ul>\n<p>Die STS-K9 ist die kugelsichere Hundeweste der neuesten Generation von Sioen Balistics, die in Zusammenarbeit mit Interventionseinheiten entwickelt wurde.<br \/>\nDiese Weste basiert auf zahlreichen R\u00fcckmeldungen franz\u00f6sischer und ausl\u00e4ndischer Hundef\u00fchrer. Es setzt einen neuen Standard f\u00fcr den Schutz von Hunden, die bei Eins\u00e4tzen mit hohem Risiko betroffen sind.<\/p>\n<p>Ob Schutz, Flexibilit\u00e4t oder Ergonomie, der STS K9 ist ein einzigartiges Produkt. Es bietet kugelsicheren und messerbest\u00e4ndigen Schutz in verschiedenen Stufen und bewahrt gleichzeitig die Beweglichkeit und den Komfort des Tieres weitestgehend.<\/p>\n<p>Diese Weste profitiert von den neuesten Entwicklungen in der Ballistik und bietet einen 270\u00b0-Schutz (R\u00fccken, Bauch und Seiten) und sch\u00fctzt so lebenswichtige Organe.<br \/>\nEs l\u00e4sst sich schnell anlegen und dank Abstandshaltern an die Gr\u00f6\u00dfe des Tieres anpassen.<br \/>\nAuf der Materialseite besteht die Weste haupts\u00e4chlich aus Mesh f\u00fcr maximale Bel\u00fcftung, Cordura f\u00fcr die reibungsbeanspruchten Teile und elastischen Teilen, um den Tragekomfort der Weste zu erh\u00f6hen.<\/p>\n<h2><strong>Die Verm\u00f6genswerte:<\/strong><\/h2>\n<ul>\n<li>MOLLE-System<\/li>\n<li>Mehrere Ankerpunkte<\/li>\n<li>Mehrere Missionen<\/li>\n<li>Modularit\u00e4t des Schutzes<\/li>\n<li>Schutz lebenswichtiger Organe<\/li>\n<li>Komfortabel<\/li>\n<li>Leicht, d\u00fcnn und flexibel<\/li>\n<li>Best\u00e4ndig<\/li>\n<li>Verschiedene Gr\u00f6\u00dfen verf\u00fcgbar und anpassbar<\/li>\n<li>Mehrere Farben<\/li>\n<li>Inklusive Flotationspaket<\/li>\n<li>Inklusive 2 Tragegurten<\/li>\n<\/ul>\n<p>Dieses Geschirr verf\u00fcgt \u00fcber mehrere Tragepunkte, die es dem Hundef\u00fchrer erm\u00f6glichen, eine Leine vorw\u00e4rts oder r\u00fcckw\u00e4rts einzuh\u00e4ngen, um Fahrbefehle auszuf\u00fchren, aber auch den Hund auf dem R\u00fccken oder auf Arml\u00e4nge zu tragen. Die drei Gurte verlaufen um das Tier herum, um die Zugkraft auf eine breite und f\u00fcr den Hund angenehme Fl\u00e4che zu verteilen. Anschlie\u00dfend werden sie im Bereich der CObra Austrialpin-Schnallen geschlossen (zwei verstellbare Gurte sind im Lieferumfang enthalten).<\/p>\n<p>Bei Eins\u00e4tzen, die eine Fluss- oder Meereskomponente beinhalten, gleicht der Auftriebsk\u00f6rper das Gewicht der Weste aus, falls der Hund ins Wasser f\u00e4llt. Absorption der r\u00fcckw\u00e4rtigen Verformung der ballistischen Packungen bei einem Munitionsaufprall).<\/p>\n<h2>Dieses Geschirr besteht aus Materialien, die eine feuerhemmende Wirkung haben.<\/h2>\n<p>Je nach Einsatzgebiet ist die Weste in verschiedenen Farben erh\u00e4ltlich: Multicam (auf Bestellung), Olivgr\u00fcn (auf Lager) und Schwarz (auf Bestellung).<br \/>\nErh\u00e4ltlich in den Gr\u00f6\u00dfen XS, S, M und L<br \/>\nVerschiedene Schutzstufen NIJ IIIA, SK1, VPAM-Klasse, HOSBD \u2026)<\/p>\n<p>Aus Gr\u00fcnden der Wartung und der Modularit\u00e4t bei der Wahl des ballistischen Pakets lassen sich die verschiedenen Elemente der Weste je nach Bedarf leicht trennen. Der Bezug ist au\u00dferdem maschinenwaschbar.<br \/>\n<span class=\"\"><br \/>\nDas standardm\u00e4\u00dfig verkaufte Modell ist eine Version im ballistischen Paket NIJ IIIA<\/span><\/p>\n<p><strong>Gr\u00f6\u00dfentabelle:<\/strong><\/p>\n<p><img loading=\"lazy\" decoding=\"async\" class=\"alignnone size-full wp-image-96640\" src=\"https:\/\/www.dogpride.nl\/wp-content\/uploads\/Maattabel-Sioen-Ballistics.jpg\" alt=\"Maattabel\" width=\"721\" height=\"332\" srcset=\"https:\/\/dogpride.nl\/wp-content\/uploads\/Maattabel-Sioen-Ballistics.jpg 721w, https:\/\/dogpride.nl\/wp-content\/uploads\/Maattabel-Sioen-Ballistics-250x115.jpg 250w, https:\/\/dogpride.nl\/wp-content\/uploads\/Maattabel-Sioen-Ballistics-400x184.jpg 400w, https:\/\/dogpride.nl\/wp-content\/uploads\/Maattabel-Sioen-Ballistics-300x138.jpg 300w, https:\/\/dogpride.nl\/wp-content\/uploads\/Maattabel-Sioen-Ballistics-200x92.jpg 200w, https:\/\/dogpride.nl\/wp-content\/uploads\/Maattabel-Sioen-Ballistics-600x276.jpg 600w\" sizes=\"auto, (max-width: 721px) 100vw, 721px\" \/><\/p>","protected":false},"excerpt":{"rendered":"<p>Diese Weste basiert auf zahlreichen R\u00fcckmeldungen franz\u00f6sischer und ausl\u00e4ndischer Hundef\u00fchrer. Es setzt einen neuen Standard f\u00fcr den Schutz von Hunden, die bei Eins\u00e4tzen mit hohem Risiko betroffen sind.<\/p>","protected":false},"featured_media":73127,"template":"","meta":[],"product_brand":[],"product_cat":[2808],"product_tag":[3112,3113,3115,3114,4607],"class_list":{"0":"post-73128","1":"product","2":"type-product","3":"status-publish","4":"has-post-thumbnail","6":"product_cat-honden-veiligheidsvesten","7":"product_tag-ballistisch-beschermingsharnas","8":"product_tag-dragen","9":"product_tag-drijfvermogen","10":"product_tag-mesbeschermer","11":"product_tag-sts-k9","13":"first","14":"instock","15":"taxable","16":"shipping-taxable","17":"purchasable","18":"product-type-variable"},"mb":[],"mfb_rest_fields":["title"],"_links":{"self":[{"href":"https:\/\/dogpride.nl\/de\/wp-json\/wp\/v2\/product\/73128","targetHints":{"allow":["GET"]}}],"collection":[{"href":"https:\/\/dogpride.nl\/de\/wp-json\/wp\/v2\/product"}],"about":[{"href":"https:\/\/dogpride.nl\/de\/wp-json\/wp\/v2\/types\/product"}],"wp:featuredmedia":[{"embeddable":true,"href":"https:\/\/dogpride.nl\/de\/wp-json\/wp\/v2\/media\/73127"}],"wp:attachment":[{"href":"https:\/\/dogpride.nl\/de\/wp-json\/wp\/v2\/media?parent=73128"}],"wp:term":[{"taxonomy":"product_brand","embeddable":true,"href":"https:\/\/dogpride.nl\/de\/wp-json\/wp\/v2\/product_brand?post=73128"},{"taxonomy":"product_cat","embeddable":true,"href":"https:\/\/dogpride.nl\/de\/wp-json\/wp\/v2\/product_cat?post=73128"},{"taxonomy":"product_tag","embeddable":true,"href":"https:\/\/dogpride.nl\/de\/wp-json\/wp\/v2\/product_tag?post=73128"}],"curies":[{"name":"wp","href":"https:\/\/api.w.org\/{rel}","templated":true}]}}