{"id":72699,"date":"2021-09-10T14:51:06","date_gmt":"2021-09-10T12:51:06","guid":{"rendered":"https:\/\/dogpride1.wpengine.com\/?post_type=product&#038;p=72699"},"modified":"2026-02-19T13:13:49","modified_gmt":"2026-02-19T12:13:49","slug":"arrak-hybrid-pants-men-burnt-orange","status":"publish","type":"product","link":"https:\/\/dogpride.nl\/de\/arrak-hybrid-pants-men-burnt-orange\/","title":{"rendered":"Arrak Hybrid Hose Herren Burnt Orange"},"content":{"rendered":"<h4>Arrak Hybrid Hose Herren Burnt Orange<\/h4>\n<p>Arrak Hybrid Hose Herren Burnt Orange<\/p>\n<p>Arrak Hybrid Pants Men Burnt Orange ist eine strapazierf\u00e4hige Au\u00dfenhose mit kleinen Extradetails. Regul\u00e4re Passform f\u00fcr beste Bewegungsfreiheit f\u00fcr ein aktives Outdoor-Leben.<\/p>\n<p>Die Hose besteht aus flexiblem Stretchmaterial f\u00fcr beste Passform und hat einen elastischen Bund. Verst\u00e4rkte Eins\u00e4tze aus strapazierf\u00e4higem Polyester\/Baumwollmaterial.<\/p>\n<p>Die Hose ist DWR-behandelt, kann aber auch problemlos impr\u00e4gniert werden, um N\u00e4sse zu widerstehen.<br \/>\nOffene Seitentaschen oben.<br \/>\nD-Ring<br \/>\nGro\u00dfz\u00fcgige Oberschenkeltaschen, wobei die rechte Oberschenkeltasche \u00fcber 2 Rei\u00dfverschlusstaschen verf\u00fcgt. In der rechten Oberschenkeltasche befindet sich au\u00dferdem eine Tasche f\u00fcr Ihr Mobiltelefon.<\/p>\n<h5>Bel\u00fcftungsrei\u00dfverschl\u00fcsse an der Seite.<\/h5>\n<p>Knietaschen f\u00fcr Platz mit Knieschutz.<br \/>\nRei\u00dfverschluss zum leichteren Einstieg in Stiefel und Stiefel und zur Bel\u00fcftung.<br \/>\nVerst\u00e4rkung an der Innenseite des Beinabschlusses.<br \/>\nVerstellbarer Beinverschluss mit Druckkn\u00f6pfen und Haken zum Einh\u00e4ngen in den Schuhriemen, um das Hosenbein fest am Stiefel zu halten.<\/p>\n<p><strong>Spezifikationen:<\/strong><\/p>\n<ul>\n<li>4-Wege-Stretchstoff<\/li>\n<li>96% Polyamid \/ 4% Elasthan<\/li>\n<li>Verst\u00e4rkungseins\u00e4tze aus 65% Polyester \/ 35% Baumwolle<\/li>\n<li>Wasserabweisende Impr\u00e4gnierung<\/li>\n<li>7 G\u00fcrtelschlaufen<\/li>\n<li>Offene Seitentaschen<\/li>\n<li>Echte Oberschenkeltaschen mit mehreren Taschen<\/li>\n<li>Taschen f\u00fcr Kniesch\u00fctzer<\/li>\n<li>Seitliche Bel\u00fcftungsrei\u00dfverschl\u00fcsse<\/li>\n<li>Schlie\u00dfen Sie die Beinenden seitlich mit einem Rei\u00dfverschluss<\/li>\n<li>Verstellbarer Beinabschluss<\/li>\n<li>Stiefelhaken am Beinende<\/li>\n<li>Normale Passform<\/li>\n<\/ul>\n<p>&nbsp;<\/p>\n<p><img loading=\"lazy\" decoding=\"async\" class=\"alignnone wp-image-72595 size-full\" src=\"https:\/\/www.dogpride.nl\/wp-content\/uploads\/men_s_pants.jpg\" alt=\"\" width=\"822\" height=\"1200\" srcset=\"https:\/\/dogpride.nl\/wp-content\/uploads\/men_s_pants.jpg 822w, https:\/\/dogpride.nl\/wp-content\/uploads\/men_s_pants-250x365.jpg 250w, https:\/\/dogpride.nl\/wp-content\/uploads\/men_s_pants-400x584.jpg 400w, https:\/\/dogpride.nl\/wp-content\/uploads\/men_s_pants-206x300.jpg 206w, https:\/\/dogpride.nl\/wp-content\/uploads\/men_s_pants-701x1024.jpg 701w, https:\/\/dogpride.nl\/wp-content\/uploads\/men_s_pants-768x1121.jpg 768w, https:\/\/dogpride.nl\/wp-content\/uploads\/men_s_pants-200x292.jpg 200w, https:\/\/dogpride.nl\/wp-content\/uploads\/men_s_pants-600x876.jpg 600w, https:\/\/dogpride.nl\/wp-content\/uploads\/men_s_pants-800x1168.jpg 800w\" sizes=\"auto, (max-width: 822px) 100vw, 822px\" \/><\/p>\n<p><a href=\"https:\/\/arrakoutdoor.com\/\" target=\"_blank\" rel=\"noopener\"><img loading=\"lazy\" decoding=\"async\" class=\"alignnone wp-image-139301 size-medium\" src=\"https:\/\/dogpride.nl\/wp-content\/uploads\/Arrak-300x118.jpeg\" alt=\"Logo\" width=\"300\" height=\"118\" srcset=\"https:\/\/dogpride.nl\/wp-content\/uploads\/Arrak-300x118.jpeg 300w, https:\/\/dogpride.nl\/wp-content\/uploads\/Arrak-768x303.jpeg 768w, https:\/\/dogpride.nl\/wp-content\/uploads\/Arrak-18x7.jpeg 18w, https:\/\/dogpride.nl\/wp-content\/uploads\/Arrak-250x99.jpeg 250w, https:\/\/dogpride.nl\/wp-content\/uploads\/Arrak-400x158.jpeg 400w, https:\/\/dogpride.nl\/wp-content\/uploads\/Arrak.jpeg 916w\" sizes=\"auto, (max-width: 300px) 100vw, 300px\" \/><\/a><\/p>\n<p><a href=\"https:\/\/dogpride.nl\/de\/kleding\/broeken\/arrak-outdoor-broeken\/?product-page=2\"><img loading=\"lazy\" decoding=\"async\" class=\"alignnone\" title=\"Arrak Hybrid Hose Herren Burnt Orange\" src=\"https:\/\/dogpride.nl\/wp-content\/uploads\/23030_orange_front-150x150.jpg\" alt=\"Arrak Hybrid Pants Men Burnt Orange\" width=\"150\" height=\"150\" \/><\/a><\/p>","protected":false},"excerpt":{"rendered":"<p>Hybridhose Herren Burnt Orange. Die Hybrid Pants von Arrak sind strapazierf\u00e4hige Outdoor-Hosen mit kleinen Extradetails. Die Hose ist DWR-behandelt, kann aber auch problemlos impr\u00e4gniert werden, um N\u00e4sse zu widerstehen.<\/p>","protected":false},"featured_media":72700,"template":"","meta":[],"product_brand":[],"product_cat":[24458],"product_tag":[],"class_list":{"0":"post-72699","1":"product","2":"type-product","3":"status-publish","4":"has-post-thumbnail","6":"product_cat-arrak-outdoor-heren-broeken","8":"first","9":"instock","10":"taxable","11":"shipping-taxable","12":"purchasable","13":"product-type-variable"},"mb":[],"mfb_rest_fields":["title"],"_links":{"self":[{"href":"https:\/\/dogpride.nl\/de\/wp-json\/wp\/v2\/product\/72699","targetHints":{"allow":["GET"]}}],"collection":[{"href":"https:\/\/dogpride.nl\/de\/wp-json\/wp\/v2\/product"}],"about":[{"href":"https:\/\/dogpride.nl\/de\/wp-json\/wp\/v2\/types\/product"}],"wp:featuredmedia":[{"embeddable":true,"href":"https:\/\/dogpride.nl\/de\/wp-json\/wp\/v2\/media\/72700"}],"wp:attachment":[{"href":"https:\/\/dogpride.nl\/de\/wp-json\/wp\/v2\/media?parent=72699"}],"wp:term":[{"taxonomy":"product_brand","embeddable":true,"href":"https:\/\/dogpride.nl\/de\/wp-json\/wp\/v2\/product_brand?post=72699"},{"taxonomy":"product_cat","embeddable":true,"href":"https:\/\/dogpride.nl\/de\/wp-json\/wp\/v2\/product_cat?post=72699"},{"taxonomy":"product_tag","embeddable":true,"href":"https:\/\/dogpride.nl\/de\/wp-json\/wp\/v2\/product_tag?post=72699"}],"curies":[{"name":"wp","href":"https:\/\/api.w.org\/{rel}","templated":true}]}}