{"id":6731,"date":"2020-12-23T12:49:52","date_gmt":"2020-12-23T11:49:52","guid":{"rendered":"https:\/\/dogpride1.wpengine.com\/?post_type=product&#038;p=6731"},"modified":"2025-10-29T12:31:40","modified_gmt":"2025-10-29T11:31:40","slug":"pride-biothane-halsband-met-suede-voering","status":"publish","type":"product","link":"https:\/\/dogpride.nl\/de\/pride-biothane-halsband-met-suede-voering\/","title":{"rendered":"PRIDE Biothane-Halsband mit Wildlederfutter"},"content":{"rendered":"<h4>PRIDE Biothane-Halsband mit Wildlederfutter<\/h4>\n<p>Dieses Pride Biothane-Halsband mit Wildlederfutter ist ein wetterfestes Hundehalsband.<\/p>\n<p>Wir verwenden das allerbeste Leder, um ein glattes, weiches, gepolstertes Futter herzustellen, das die Seiten des Halsbandes \u00fcberlappt, um den Hals und die Luftr\u00f6hre Ihres Hundes zu sch\u00fctzen und den Druck zu reduzieren, der durch Ziehen oder Ausfallen an der Leine entsteht und sich \u00fcber einen m\u00f6glichst gro\u00dfen Bereich verteilt.<br \/>\nMit dem Ziel, die damit verbundenen Schmerzen und Gewebeprellungen zu minimieren, die aus diesem Verhalten bei einem Standardhalsband resultieren k\u00f6nnen.<\/p>\n<p><strong>Eigenschappen PRIDE Biothane halsband met su\u00e8de voering:<\/strong><\/p>\n<p>Wasserdicht<\/p>\n<p>Weiches Wildlederfutter f\u00fcr h\u00f6chsten Komfort<\/p>\n<p>Der Liner erh\u00f6ht die Breite des Kragens auf jeder Seite um etwa 5 mm oder etwas mehr, sodass ein Kragen, der mit einer Breite von 25 mm bestellt wird, eine tats\u00e4chliche Breite von ca. 35 mm h\u00e4tte.<br \/>\nProbieren Sie unser robustes Hundehalsband f\u00fcr eine bequeme, zuverl\u00e4ssige und langlebige Nutzung und ein stilvolles Aussehen f\u00fcr Ihren Hund. Ihr Haustier verdient die beste Qualit\u00e4t!<\/p>\n<p>Hergestellt aus einem revolution\u00e4ren Biothane\u00ae, Biothane\u00ae-Material, das sich nicht dehnt, verrottet oder schimmelt.<\/p>\n<p>Kein Trocknen erforderlich, bei Bedarf einfach abwischen. Diese Halsb\u00e4nder sind sehr flexibel. Sie eignen sich perfekt f\u00fcr alle Bedingungen, insbesondere f\u00fcr Hunde, die Zeit im Wasser verbringen.<\/p>\n<p>PRIDE Biothane halsband met su\u00e8de voering heeft geen behandeling nodig en kan met een simpele veegbeweging worden schoongemaakt.<\/p>\n<p>Material: Biothane GOLD STANDARD<\/p>\n<p>Farbe: Tarngr\u00fcn<\/p>\n<p>Farbe Futter: Dunkelgr\u00fcnes Wildleder<\/p>\n<p>Messingringe<\/p>\n<p>Breite: 25 mm<\/p>\n<p>Gr\u00f6\u00dfe: max. 56 cm<\/p>\n<p><a href=\"https:\/\/www.dogpride.eu\/\" target=\"_blank\" rel=\"noopener\"><img loading=\"lazy\" decoding=\"async\" class=\"alignnone wp-image-70657 size-medium\" src=\"https:\/\/dogpride.nl\/wp-content\/uploads\/Logo-Pride2-1-300x96.png\" alt=\"\" width=\"300\" height=\"96\" srcset=\"https:\/\/dogpride.nl\/wp-content\/uploads\/Logo-Pride2-1-300x96.png 300w, https:\/\/dogpride.nl\/wp-content\/uploads\/Logo-Pride2-1-250x80.png 250w, https:\/\/dogpride.nl\/wp-content\/uploads\/Logo-Pride2-1-200x64.png 200w, https:\/\/dogpride.nl\/wp-content\/uploads\/Logo-Pride2-1.png 327w\" sizes=\"auto, (max-width: 300px) 100vw, 300px\" \/><\/a><\/p>\n<p><a href=\"https:\/\/dogpride.nl\/de\/pride-biothane-halsband-met-suede-voering\/\"><img loading=\"lazy\" decoding=\"async\" class=\"alignnone wp-image-136925\" title=\"PRIDE Biothane-Halsband mit Wildlederfutter\" src=\"https:\/\/dogpride.nl\/wp-content\/uploads\/PRIDE-Biothane-halsband-met-suede-voering.jpg\" alt=\"PRIDE Biothane halsband met su\u00e8de voering\" width=\"321\" height=\"241\" srcset=\"https:\/\/dogpride.nl\/wp-content\/uploads\/PRIDE-Biothane-halsband-met-suede-voering.jpg 960w, https:\/\/dogpride.nl\/wp-content\/uploads\/PRIDE-Biothane-halsband-met-suede-voering-300x225.jpg 300w, https:\/\/dogpride.nl\/wp-content\/uploads\/PRIDE-Biothane-halsband-met-suede-voering-768x576.jpg 768w, https:\/\/dogpride.nl\/wp-content\/uploads\/PRIDE-Biothane-halsband-met-suede-voering-16x12.jpg 16w, https:\/\/dogpride.nl\/wp-content\/uploads\/PRIDE-Biothane-halsband-met-suede-voering-250x188.jpg 250w, https:\/\/dogpride.nl\/wp-content\/uploads\/PRIDE-Biothane-halsband-met-suede-voering-400x300.jpg 400w\" sizes=\"auto, (max-width: 321px) 100vw, 321px\" \/><\/a><\/p>\n<p>&nbsp;<\/p>","protected":false},"excerpt":{"rendered":"<p>PRIDE Biothane-Halsband mit Wildlederfutter. Dieses Biothane-Hundehalsband mit weichem Wildlederfutter ist ein wetterfestes Hundehalsband.<\/p>","protected":false},"featured_media":22476,"template":"","meta":[],"product_brand":[],"product_cat":[90],"product_tag":[8486,8254,6349,3332,10823,10759,10780,10824,4866,10825,3157,7444,3389],"class_list":{"0":"post-6731","1":"product","2":"type-product","3":"status-publish","4":"has-post-thumbnail","6":"product_cat-pride-hondenhalsbanden","7":"product_tag-comfortabel","8":"product_tag-duurzaam","9":"product_tag-hondenhalsband","10":"product_tag-hondensport","11":"product_tag-luxe-accessoire","12":"product_tag-pride-collectie","13":"product_tag-pride-halsband","14":"product_tag-robuust","15":"product_tag-sterke-halsband","16":"product_tag-stijlvol","17":"product_tag-training","18":"product_tag-verstelbaar","19":"product_tag-werkhond","21":"first","22":"instock","23":"taxable","24":"shipping-taxable","25":"purchasable","26":"product-type-simple"},"exclude_global_add_ons":[],"addons":[],"mb":[],"mfb_rest_fields":["title","exclude_global_add_ons","addons"],"_links":{"self":[{"href":"https:\/\/dogpride.nl\/de\/wp-json\/wp\/v2\/product\/6731","targetHints":{"allow":["GET"]}}],"collection":[{"href":"https:\/\/dogpride.nl\/de\/wp-json\/wp\/v2\/product"}],"about":[{"href":"https:\/\/dogpride.nl\/de\/wp-json\/wp\/v2\/types\/product"}],"wp:featuredmedia":[{"embeddable":true,"href":"https:\/\/dogpride.nl\/de\/wp-json\/wp\/v2\/media\/22476"}],"wp:attachment":[{"href":"https:\/\/dogpride.nl\/de\/wp-json\/wp\/v2\/media?parent=6731"}],"wp:term":[{"taxonomy":"product_brand","embeddable":true,"href":"https:\/\/dogpride.nl\/de\/wp-json\/wp\/v2\/product_brand?post=6731"},{"taxonomy":"product_cat","embeddable":true,"href":"https:\/\/dogpride.nl\/de\/wp-json\/wp\/v2\/product_cat?post=6731"},{"taxonomy":"product_tag","embeddable":true,"href":"https:\/\/dogpride.nl\/de\/wp-json\/wp\/v2\/product_tag?post=6731"}],"curies":[{"name":"wp","href":"https:\/\/api.w.org\/{rel}","templated":true}]}}