{"id":6697,"date":"2020-12-08T16:09:00","date_gmt":"2020-12-08T15:09:00","guid":{"rendered":"https:\/\/dogpride1.wpengine.com\/?post_type=product&#038;p=6697"},"modified":"2026-03-19T11:49:26","modified_gmt":"2026-03-19T10:49:26","slug":"schmidt-hondenaanhanger-sh-2","status":"publish","type":"product","link":"https:\/\/dogpride.nl\/de\/schmidt-hondenaanhanger-sh-2\/","title":{"rendered":"SCHMIDT Hundeanh\u00e4nger SH-2"},"content":{"rendered":"<h4>SCHMIDT Hundeanh\u00e4nger SH-2<\/h4>\n<p>SCHMIDT Hundeanh\u00e4nger SH-2<\/p>\n<p>2-Abteil-Anh\u00e4nger mit Staudach und exklusiver Ausstattung.<\/p>\n<p><a href=\"https:\/\/dogpride.nl\/de\/\"><img loading=\"lazy\" decoding=\"async\" class=\"alignnone\" title=\"SCHMIDT Hundeanh\u00e4nger SH-2\" src=\"https:\/\/dogpride.nl\/wp-content\/uploads\/ahw1-2.png\" alt=\"SCHMIDT hondenaanhanger SH-2\" width=\"241\" height=\"189\" \/><\/a><\/p>\n<p><strong>Standard Ausr\u00fcstung:<\/strong><\/p>\n<ul>\n<li>Staudach \u00fcber den Boxen, 18 cm tief<\/li>\n<li>Elastische Griffe an Deckel und Vorderseite<\/li>\n<li>Aluminium afdekframe met aluminium afdekplaat<\/li>\n<li>Aluminium-Innengittert\u00fcren mit Riegelverschluss, 20-mm-Rohrgitterlamellen<\/li>\n<li>Vier L\u00fcftungsklappen \u00fcber die gesamte Fahrzeugl\u00e4nge<\/li>\n<li>L\u00fcftungshaken f\u00fcr alle Au\u00dfent\u00fcren<\/li>\n<li>Zylinderschl\u00f6sser in allen Au\u00dfent\u00fcren und im Deckel<\/li>\n<li>Schlie\u00dfsystem 1 Schl\u00fcssel f\u00fcr alle Schl\u00f6sser (T\u00fcren und Staudach)<\/li>\n<li>Scharniere aus Edelstahl an allen T\u00fcren und Klappen<\/li>\n<li>Roestvrijstalen klinknagels<\/li>\n<li>Trennw\u00e4nde aus Aluminium k\u00f6nnen entfernt werden<\/li>\n<li>Gasdruckfedern zum \u00d6ffnen des Staudachdeckels und der seitlichen L\u00fcftungsklappen<\/li>\n<li>Tekst op zijkant \u00abS-Klasse voor sporthonden \u00bb<\/li>\n<li>Gebogenes Deichselrohr mit Kupplungssteuerung<\/li>\n<li>Weichgummifederachsen mit Einzelradaufh\u00e4ngung<\/li>\n<li>Schmutzf\u00e4nger auf Anfrage<\/li>\n<li>R\u00fcckfahrscheinwerfer<\/li>\n<li>13-adrige Verkabelung<\/li>\n<li>13-poliger Eurostecker<\/li>\n<li>195\/60\/14 Breitreifen f\u00fcr alle Einzelachsen<\/li>\n<li>St\u00fctzrad<\/li>\n<li>Scheidingswanden: De dwars op de rijrichting gemonteerde scheidingswanden zijn vast. Alle andere partities kunnen indien nodig worden verwijderd.<\/li>\n<\/ul>\n<p><a href=\"https:\/\/nl.wikipedia.org\/wiki\/Hoofdpagina\" target=\"_blank\" rel=\"noopener\"><img loading=\"lazy\" decoding=\"async\" class=\"alignnone\" title=\"SCHMIDT Hundeanh\u00e4nger SH-2\" src=\"https:\/\/dogpride.nl\/wp-content\/uploads\/ahw1-2.png\" alt=\"SCHMIDT hondenaanhanger SH-2\" width=\"241\" height=\"189\" \/><\/a><\/p>\n<p><strong>Ma\u00dfe:<\/strong><\/p>\n<p>Boxen: L = 75 cm, B = 105 cm, H = 69 cm<\/p>\n<p><img loading=\"lazy\" decoding=\"async\" class=\"alignnone size-full wp-image-132571\" src=\"https:\/\/dogpride.nl\/wp-content\/uploads\/SH-2.jpg\" alt=\"SH-2\" width=\"428\" height=\"225\" srcset=\"https:\/\/dogpride.nl\/wp-content\/uploads\/SH-2.jpg 428w, https:\/\/dogpride.nl\/wp-content\/uploads\/SH-2-300x158.jpg 300w, https:\/\/dogpride.nl\/wp-content\/uploads\/SH-2-18x9.jpg 18w, https:\/\/dogpride.nl\/wp-content\/uploads\/SH-2-250x131.jpg 250w, https:\/\/dogpride.nl\/wp-content\/uploads\/SH-2-400x210.jpg 400w\" sizes=\"auto, (max-width: 428px) 100vw, 428px\" \/><\/p>\n<p><strong>Gewicht:<\/strong>\u00a0 \u00a0Einzelachse 210 kg<br \/>\n<strong>Optionsliste:<\/strong><\/p>\n<p><a href=\"https:\/\/dogpride.nl\/wp-content\/uploads\/Optielijst-Schmidt.docx\">Optielijst Schmidt<\/a><\/p>\n<p><strong>Die oben genannten Preise beinhalten 21%Btw, AF Factory. <span style=\"color: #ff0000;\">Transportprijs naar Dinxperlo (Dogpride NL) \u20ac900,00.<\/span><\/strong><\/p>\n<p><strong>Kontaktieren Sie uns per E-Mail\u00a0<span style=\"color: #ff0000;\"><a style=\"color: #ff0000;\" href=\"mailto:info@dogpride.nl\">info@dogpride.nl<\/a>\u00a0<\/span>oder Telefon<span style=\"color: #ff0000;\">\u00a00315655930 \/ 0638147051<\/span>\u00a0f\u00fcr ein vollst\u00e4ndiges Angebot.<\/strong><\/p>\n<p>&nbsp;<\/p>\n<p><img loading=\"lazy\" decoding=\"async\" class=\"alignnone size-full wp-image-132575\" src=\"https:\/\/dogpride.nl\/wp-content\/uploads\/Logo-SCHMIDT-4.png\" alt=\"Logo Schmidt\" width=\"276\" height=\"117\" srcset=\"https:\/\/dogpride.nl\/wp-content\/uploads\/Logo-SCHMIDT-4.png 276w, https:\/\/dogpride.nl\/wp-content\/uploads\/Logo-SCHMIDT-4-18x8.png 18w, https:\/\/dogpride.nl\/wp-content\/uploads\/Logo-SCHMIDT-4-250x106.png 250w\" sizes=\"auto, (max-width: 276px) 100vw, 276px\" \/><\/p>","protected":false},"excerpt":{"rendered":"<p>SCHMIDT Hundeanh\u00e4nger SH-2. 2-Abteil-Anh\u00e4nger mit Staudach und exklusiver Ausstattung.<\/p>","protected":false},"featured_media":22465,"template":"","meta":[],"product_brand":[],"product_cat":[1292],"product_tag":[9013,9014,5932,5115,9012],"class_list":{"0":"post-6697","1":"product","2":"type-product","3":"status-publish","4":"has-post-thumbnail","6":"product_cat-schmidt-hondenaanhangers","7":"product_tag-2-vaks","8":"product_tag-enkel-asser","9":"product_tag-hondenaanhanger","10":"product_tag-schmidt","11":"product_tag-sh-2","13":"first","14":"instock","15":"featured","16":"taxable","17":"shipping-taxable","18":"purchasable","19":"product-type-simple"},"mb":[],"mfb_rest_fields":["title"],"_links":{"self":[{"href":"https:\/\/dogpride.nl\/de\/wp-json\/wp\/v2\/product\/6697","targetHints":{"allow":["GET"]}}],"collection":[{"href":"https:\/\/dogpride.nl\/de\/wp-json\/wp\/v2\/product"}],"about":[{"href":"https:\/\/dogpride.nl\/de\/wp-json\/wp\/v2\/types\/product"}],"wp:featuredmedia":[{"embeddable":true,"href":"https:\/\/dogpride.nl\/de\/wp-json\/wp\/v2\/media\/22465"}],"wp:attachment":[{"href":"https:\/\/dogpride.nl\/de\/wp-json\/wp\/v2\/media?parent=6697"}],"wp:term":[{"taxonomy":"product_brand","embeddable":true,"href":"https:\/\/dogpride.nl\/de\/wp-json\/wp\/v2\/product_brand?post=6697"},{"taxonomy":"product_cat","embeddable":true,"href":"https:\/\/dogpride.nl\/de\/wp-json\/wp\/v2\/product_cat?post=6697"},{"taxonomy":"product_tag","embeddable":true,"href":"https:\/\/dogpride.nl\/de\/wp-json\/wp\/v2\/product_tag?post=6697"}],"curies":[{"name":"wp","href":"https:\/\/api.w.org\/{rel}","templated":true}]}}