{"id":6695,"date":"2020-12-08T15:52:31","date_gmt":"2020-12-08T14:52:31","guid":{"rendered":"https:\/\/dogpride1.wpengine.com\/?post_type=product&#038;p=6695"},"modified":"2026-03-19T11:50:41","modified_gmt":"2026-03-19T10:50:41","slug":"schmidt-hondenaanhanger-sh-3-maxi","status":"publish","type":"product","link":"https:\/\/dogpride.nl\/de\/schmidt-hondenaanhanger-sh-3-maxi\/","title":{"rendered":"SCHMIDT Hundeanh\u00e4nger SH-3 Maxi"},"content":{"rendered":"<h4>SCHMIDT Hundeanh\u00e4nger SH-3 Maxi<\/h4>\n<p>3-Abteil-Anh\u00e4nger mit Staudach und exklusiver Ausstattung.<\/p>\n<h4><a href=\"https:\/\/nl.wikipedia.org\/wiki\/Hoofdpagina\" target=\"_blank\" rel=\"noopener\"><img loading=\"lazy\" decoding=\"async\" class=\"alignnone\" title=\"SCHMIDT Hundeanh\u00e4nger SH-3 Maxi\" src=\"https:\/\/dogpride.nl\/wp-content\/uploads\/ahw1-2.png\" alt=\"SCHMIDT hondenaanhanger SH-3 Maxi\" width=\"241\" height=\"189\" \/><\/a><\/h4>\n<p><strong>Standard Ausr\u00fcstung:<\/strong><\/p>\n<ul>\n<li>Staudach \u00fcber den Boxen, 18 cm tief<\/li>\n<li>Elastische Griffe an Deckel und Vorderseite<\/li>\n<li>Aluminium afdekframe met aluminium afdekplaat<\/li>\n<li>Aluminium-Innengittert\u00fcren mit Riegelverschluss, 20-mm-Rohrgitterlamellen<\/li>\n<li>Vier L\u00fcftungsklappen \u00fcber die gesamte Fahrzeugl\u00e4nge<\/li>\n<li>L\u00fcftungshaken f\u00fcr alle Au\u00dfent\u00fcren<\/li>\n<li>Zylinderschl\u00f6sser in allen Au\u00dfent\u00fcren und im Deckel<\/li>\n<li>Schlie\u00dfsystem 1 Schl\u00fcssel f\u00fcr alle Schl\u00f6sser (T\u00fcren und Staudach)<\/li>\n<li>Scharniere aus Edelstahl an allen T\u00fcren und Klappen<\/li>\n<li>Roestvrijstalen klinknagels<\/li>\n<li>Trennw\u00e4nde aus Aluminium k\u00f6nnen entfernt werden<\/li>\n<li>Gasdruckfedern zum \u00d6ffnen des Staudachdeckels und der seitlichen L\u00fcftungsklappen<\/li>\n<li>Tekst op zijkant \u00abS-Klasse voor sporthonden \u00bb<\/li>\n<li>Gebogenes Deichselrohr mit Kupplungssteuerung<\/li>\n<li>Weichgummifederachsen mit Einzelradaufh\u00e4ngung<\/li>\n<li>Schmutzf\u00e4nger auf Anfrage<\/li>\n<li>R\u00fcckfahrscheinwerfer<\/li>\n<li>13-adrige Verkabelung<\/li>\n<li>13-poliger Eurostecker<\/li>\n<li>195\/60\/14 Breitreifen f\u00fcr alle Einzelachsen<\/li>\n<li>St\u00fctzrad<\/li>\n<li>Scheidingswanden: De dwars op de rijrichting gemonteerde scheidingswanden zijn vast. Alle andere partities kunnen indien nodig worden verwijderd.<\/li>\n<\/ul>\n<p><a href=\"https:\/\/nl.wikipedia.org\/wiki\/Hoofdpagina\" target=\"_blank\" rel=\"noopener\"><img loading=\"lazy\" decoding=\"async\" class=\"alignnone\" title=\"SCHMIDT Hundeanh\u00e4nger SH-3 Maxi\" src=\"https:\/\/dogpride.nl\/wp-content\/uploads\/ahw1-2.png\" alt=\"SCHMIDT hondenaanhanger SH-3 Maxi\" width=\"241\" height=\"189\" \/><\/a><\/p>\n<p><strong>Ma\u00dfe:<\/strong><\/p>\n<p>Boxen:\u00a02 x L = 100 cm, B = 57 cm, H = 72 cm<br \/>\n1 x L = 115 cm, B = 62 cm, H = 72 cm<\/p>\n<p><img loading=\"lazy\" decoding=\"async\" class=\"alignnone size-full wp-image-132582\" src=\"https:\/\/dogpride.nl\/wp-content\/uploads\/SH-3-Maxi.jpg\" alt=\"Afmetingen SCHMIDT hondenaanhanger SH-3 Maxi\" width=\"457\" height=\"244\" srcset=\"https:\/\/dogpride.nl\/wp-content\/uploads\/SH-3-Maxi.jpg 457w, https:\/\/dogpride.nl\/wp-content\/uploads\/SH-3-Maxi-300x160.jpg 300w, https:\/\/dogpride.nl\/wp-content\/uploads\/SH-3-Maxi-18x10.jpg 18w, https:\/\/dogpride.nl\/wp-content\/uploads\/SH-3-Maxi-250x133.jpg 250w, https:\/\/dogpride.nl\/wp-content\/uploads\/SH-3-Maxi-400x214.jpg 400w\" sizes=\"auto, (max-width: 457px) 100vw, 457px\" \/><\/p>\n<p><strong>Gewicht:<\/strong> Einzelachse 240 kg<br \/>\nTandemachse 290 kg<\/p>\n<p><strong>Optionsliste:<\/strong><\/p>\n<p><a href=\"https:\/\/dogpride.nl\/wp-content\/uploads\/Optielijst-Schmidt.docx\">Optielijst Schmidt<\/a><\/p>\n<p><strong>Die oben genannten Preise beinhalten 21%Btw, AF Factory. <span style=\"color: #ff0000;\">Transportprijs naar Dinxperlo (Dogpride NL) \u20ac725,00.<\/span><\/strong><\/p>\n<p><strong>Kontaktieren Sie uns per E-Mail\u00a0<span style=\"color: #ff0000;\"><a style=\"color: #ff0000;\" href=\"mailto:info@dogpride.nl\">info@dogpride.nl<\/a><\/span>\u00a0oder Telefon\u00a0<span style=\"color: #ff0000;\">0315655930 \/ 0638147051<\/span>\u00a0f\u00fcr ein vollst\u00e4ndiges Angebot<\/strong><\/p>\n<p>&nbsp;<\/p>\n<p><img loading=\"lazy\" decoding=\"async\" class=\"alignnone size-full wp-image-132575\" src=\"https:\/\/dogpride.nl\/wp-content\/uploads\/Logo-SCHMIDT-4.png\" alt=\"Logo Schmidt\" width=\"276\" height=\"117\" srcset=\"https:\/\/dogpride.nl\/wp-content\/uploads\/Logo-SCHMIDT-4.png 276w, https:\/\/dogpride.nl\/wp-content\/uploads\/Logo-SCHMIDT-4-18x8.png 18w, https:\/\/dogpride.nl\/wp-content\/uploads\/Logo-SCHMIDT-4-250x106.png 250w\" sizes=\"auto, (max-width: 276px) 100vw, 276px\" \/><\/p>","protected":false},"excerpt":{"rendered":"<p>SCHMIDT Hundeanh\u00e4nger SH-3 Maxi. 3-Abteil-Anh\u00e4nger mit Staudach und exklusiver Ausstattung.<\/p>","protected":false},"featured_media":44493,"template":"","meta":[],"product_brand":[],"product_cat":[1292],"product_tag":[5928,9017,5932,3411,5115,9015,9016],"class_list":{"0":"post-6695","1":"product","2":"type-product","3":"status-publish","4":"has-post-thumbnail","6":"product_cat-schmidt-hondenaanhangers","7":"product_tag-3-vaks","8":"product_tag-dubbele-assen","9":"product_tag-hondenaanhanger","10":"product_tag-maxi","11":"product_tag-schmidt","12":"product_tag-sh-3","13":"product_tag-tandemasser","15":"first","16":"instock","17":"taxable","18":"shipping-taxable","19":"purchasable","20":"product-type-variable"},"mb":[],"mfb_rest_fields":["title"],"_links":{"self":[{"href":"https:\/\/dogpride.nl\/de\/wp-json\/wp\/v2\/product\/6695","targetHints":{"allow":["GET"]}}],"collection":[{"href":"https:\/\/dogpride.nl\/de\/wp-json\/wp\/v2\/product"}],"about":[{"href":"https:\/\/dogpride.nl\/de\/wp-json\/wp\/v2\/types\/product"}],"wp:featuredmedia":[{"embeddable":true,"href":"https:\/\/dogpride.nl\/de\/wp-json\/wp\/v2\/media\/44493"}],"wp:attachment":[{"href":"https:\/\/dogpride.nl\/de\/wp-json\/wp\/v2\/media?parent=6695"}],"wp:term":[{"taxonomy":"product_brand","embeddable":true,"href":"https:\/\/dogpride.nl\/de\/wp-json\/wp\/v2\/product_brand?post=6695"},{"taxonomy":"product_cat","embeddable":true,"href":"https:\/\/dogpride.nl\/de\/wp-json\/wp\/v2\/product_cat?post=6695"},{"taxonomy":"product_tag","embeddable":true,"href":"https:\/\/dogpride.nl\/de\/wp-json\/wp\/v2\/product_tag?post=6695"}],"curies":[{"name":"wp","href":"https:\/\/api.w.org\/{rel}","templated":true}]}}