{"id":6694,"date":"2020-12-08T15:41:51","date_gmt":"2020-12-08T14:41:51","guid":{"rendered":"https:\/\/dogpride1.wpengine.com\/?post_type=product&#038;p=6694"},"modified":"2026-03-19T11:51:15","modified_gmt":"2026-03-19T10:51:15","slug":"schmidt-hondenaanhanger-sh-4-maxi","status":"publish","type":"product","link":"https:\/\/dogpride.nl\/de\/schmidt-hondenaanhanger-sh-4-maxi\/","title":{"rendered":"SCHMIDT Hundeanh\u00e4nger SH-4 Maxi"},"content":{"rendered":"<h4>SCHMIDT Hundeanh\u00e4nger SH-4 Maxi<\/h4>\n<p>SCHMIDT hondenaanhanger SH-4 Maxi.\u00a04 Vaks aanhanger met opbergdak en exclusieve uitrusting.<\/p>\n<h4><a href=\"https:\/\/nl.wikipedia.org\/wiki\/Hoofdpagina\" target=\"_blank\" rel=\"noopener\"><img loading=\"lazy\" decoding=\"async\" class=\"alignnone\" title=\"SCHMIDT Hundeanh\u00e4nger SH-4 Maxi\" src=\"https:\/\/dogpride.nl\/wp-content\/uploads\/ahw1-2.png\" alt=\"SCHMIDT hondenaanhanger SH-4 Maxi\" width=\"241\" height=\"189\" \/><\/a><\/h4>\n<p><strong>Standard Ausr\u00fcstung:<\/strong><\/p>\n<ul>\n<li>Staudach \u00fcber den Boxen, 18 cm tief<\/li>\n<li>Elastische Griffe an Deckel und Vorderseite<\/li>\n<li>Aluminium afdekframe met aluminium afdekplaat<\/li>\n<li>Aluminium-Innengittert\u00fcren mit Riegelverschluss, 20-mm-Rohrgitterlamellen<\/li>\n<li>Vier L\u00fcftungsklappen \u00fcber die gesamte Fahrzeugl\u00e4nge<\/li>\n<li>L\u00fcftungshaken f\u00fcr alle Au\u00dfent\u00fcren<\/li>\n<li>Zylinderschl\u00f6sser in allen Au\u00dfent\u00fcren und im Deckel<\/li>\n<li>Schlie\u00dfsystem 1 Schl\u00fcssel f\u00fcr alle Schl\u00f6sser (T\u00fcren und Staudach)<\/li>\n<li>Scharniere aus Edelstahl an allen T\u00fcren und Klappen<\/li>\n<li>Roestvrijstalen klinknagels<\/li>\n<li>Trennw\u00e4nde aus Aluminium k\u00f6nnen entfernt werden<\/li>\n<li>Gasdruckfedern zum \u00d6ffnen des Staudachdeckels und der seitlichen L\u00fcftungsklappen<\/li>\n<li>Tekst op zijkant \u00abS-Klasse voor sporthonden \u00bb<\/li>\n<li>Gebogenes Deichselrohr mit Kupplungssteuerung<\/li>\n<li>Weichgummifederachsen mit Einzelradaufh\u00e4ngung<\/li>\n<li>Schmutzf\u00e4nger auf Anfrage<\/li>\n<li>R\u00fcckfahrscheinwerfer<\/li>\n<li>13-adrige Verkabelung<\/li>\n<li>13-poliger Eurostecker<\/li>\n<li>195\/60\/14 Breitreifen f\u00fcr alle Einzelachsen<\/li>\n<li>St\u00fctzrad<\/li>\n<li>Scheidingswanden: De dwars op de rijrichting gemonteerde scheidingswanden zijn vast. Alle andere partities kunnen indien nodig worden verwijderd.<\/li>\n<\/ul>\n<h4><a href=\"https:\/\/nl.wikipedia.org\/wiki\/Hoofdpagina\" target=\"_blank\" rel=\"noopener\"><img loading=\"lazy\" decoding=\"async\" class=\"alignnone\" title=\"SCHMIDT Hundeanh\u00e4nger SH-4 Maxi\" src=\"https:\/\/dogpride.nl\/wp-content\/uploads\/ahw1-2.png\" alt=\"SCHMIDT hondenaanhanger SH-4 Maxi\" width=\"241\" height=\"189\" \/><\/a><\/h4>\n<p><strong>Ma\u00dfe:<\/strong><\/p>\n<p><img loading=\"lazy\" decoding=\"async\" class=\"alignnone size-full wp-image-113995\" src=\"https:\/\/dogpride.nl\/wp-content\/uploads\/SH-4-Maxi.jpg\" alt=\"SH 4 Maxi\" width=\"462\" height=\"224\" srcset=\"https:\/\/dogpride.nl\/wp-content\/uploads\/SH-4-Maxi.jpg 462w, https:\/\/dogpride.nl\/wp-content\/uploads\/SH-4-Maxi-250x121.jpg 250w, https:\/\/dogpride.nl\/wp-content\/uploads\/SH-4-Maxi-400x194.jpg 400w, https:\/\/dogpride.nl\/wp-content\/uploads\/SH-4-Maxi-300x145.jpg 300w, https:\/\/dogpride.nl\/wp-content\/uploads\/SH-4-Maxi-18x9.jpg 18w\" sizes=\"auto, (max-width: 462px) 100vw, 462px\" \/><\/p>\n<p>&nbsp;<\/p>\n<p><strong>Gewicht:<\/strong>\u00a0 Einzelachse 270 kg<br \/>\nTandemachse 320 kg<\/p>\n<p>&nbsp;<\/p>\n<p><strong>Optionsliste:<\/strong><\/p>\n<p><a href=\"https:\/\/dogpride.nl\/wp-content\/uploads\/Optielijst-Schmidt.docx\">Optielijst Schmidt<\/a><\/p>\n<p><strong>Die oben genannten Preise beinhalten 21%Btw, AF Factory. <span style=\"color: #ff0000;\">Transportprijs naar Dinxperlo (Dogpride NL) \u20ac900,00.<\/span><\/strong><\/p>\n<p><strong>Kontaktieren Sie uns per E-Mail\u00a0<span style=\"color: #ff0000;\"><a style=\"color: #ff0000;\" href=\"mailto:info@dogpride.nl\">info@dogpride.nl<\/a><\/span>\u00a0oder Telefon <span style=\"color: #ff0000;\">0315655930 \/ 0638147051<\/span> f\u00fcr ein vollst\u00e4ndiges Angebot<\/strong><\/p>\n<p><img loading=\"lazy\" decoding=\"async\" class=\"alignnone size-full wp-image-113997\" src=\"https:\/\/dogpride.nl\/wp-content\/uploads\/Logo-SCHMIDT-3.png\" alt=\"Logo\" width=\"276\" height=\"117\" srcset=\"https:\/\/dogpride.nl\/wp-content\/uploads\/Logo-SCHMIDT-3.png 276w, https:\/\/dogpride.nl\/wp-content\/uploads\/Logo-SCHMIDT-3-250x106.png 250w, https:\/\/dogpride.nl\/wp-content\/uploads\/Logo-SCHMIDT-3-18x8.png 18w\" sizes=\"auto, (max-width: 276px) 100vw, 276px\" \/><\/p>","protected":false},"excerpt":{"rendered":"<p>SCHMIDT Hundeanh\u00e4nger SH-4 Maxi. 4-Abteil-Anh\u00e4nger mit Staudach und exklusiver Ausstattung.<\/p>","protected":false},"featured_media":44491,"template":"","meta":[],"product_brand":[],"product_cat":[1292],"product_tag":[5925,9017,5932,3411,5115,9018,9019],"class_list":{"0":"post-6694","1":"product","2":"type-product","3":"status-publish","4":"has-post-thumbnail","6":"product_cat-schmidt-hondenaanhangers","7":"product_tag-4-vaks","8":"product_tag-dubbele-assen","9":"product_tag-hondenaanhanger","10":"product_tag-maxi","11":"product_tag-schmidt","12":"product_tag-sh-4","13":"product_tag-tandem-asser","15":"first","16":"instock","17":"taxable","18":"shipping-taxable","19":"purchasable","20":"product-type-variable"},"mb":[],"mfb_rest_fields":["title"],"_links":{"self":[{"href":"https:\/\/dogpride.nl\/de\/wp-json\/wp\/v2\/product\/6694","targetHints":{"allow":["GET"]}}],"collection":[{"href":"https:\/\/dogpride.nl\/de\/wp-json\/wp\/v2\/product"}],"about":[{"href":"https:\/\/dogpride.nl\/de\/wp-json\/wp\/v2\/types\/product"}],"wp:featuredmedia":[{"embeddable":true,"href":"https:\/\/dogpride.nl\/de\/wp-json\/wp\/v2\/media\/44491"}],"wp:attachment":[{"href":"https:\/\/dogpride.nl\/de\/wp-json\/wp\/v2\/media?parent=6694"}],"wp:term":[{"taxonomy":"product_brand","embeddable":true,"href":"https:\/\/dogpride.nl\/de\/wp-json\/wp\/v2\/product_brand?post=6694"},{"taxonomy":"product_cat","embeddable":true,"href":"https:\/\/dogpride.nl\/de\/wp-json\/wp\/v2\/product_cat?post=6694"},{"taxonomy":"product_tag","embeddable":true,"href":"https:\/\/dogpride.nl\/de\/wp-json\/wp\/v2\/product_tag?post=6694"}],"curies":[{"name":"wp","href":"https:\/\/api.w.org\/{rel}","templated":true}]}}