{"id":6623,"date":"2020-11-25T12:29:43","date_gmt":"2020-11-25T11:29:43","guid":{"rendered":"https:\/\/dogpride1.wpengine.com\/?post_type=product&#038;p=6623"},"modified":"2025-11-16T11:33:59","modified_gmt":"2025-11-16T10:33:59","slug":"gappay-trainingskilt-zwart-rood","status":"publish","type":"product","link":"https:\/\/dogpride.nl\/de\/gappay-trainingskilt-zwart-rood\/","title":{"rendered":"GAPPAY Trainingskilt schwarz\/rot"},"content":{"rendered":"<h4>GAPPAY Trainingskilt schwarz\/rot<\/h4>\n<ul>\n<li>Erh\u00e4ltlich in verschiedenen Gr\u00f6\u00dfen<\/li>\n<li>Zwischengr\u00f6\u00dfen dank Gummizug und verstellbarem G\u00fcrtel<\/li>\n<li>Mit den \u00fcblichen H\u00fcfttaschen, wie bei der Weste<\/li>\n<li>Mit Schlaufe f\u00fcr optimalen Halt<\/li>\n<li>Tiefe Seitentaschen<\/li>\n<li>Ideal, wenn keine Weste gew\u00fcnscht wird<\/li>\n<li>Trainingskilt f\u00fcr F\u00e4hrtensuche oder Gehorsam<\/li>\n<\/ul>\n<p><img loading=\"lazy\" decoding=\"async\" class=\"alignnone wp-image-70190 size-full\" src=\"https:\/\/www.dogpride.nl\/wp-content\/uploads\/Tabelle-1550.jpg\" alt=\"Maattabel\" width=\"600\" height=\"600\" srcset=\"https:\/\/dogpride.nl\/wp-content\/uploads\/Tabelle-1550.jpg 600w, https:\/\/dogpride.nl\/wp-content\/uploads\/Tabelle-1550-250x250.jpg 250w, https:\/\/dogpride.nl\/wp-content\/uploads\/Tabelle-1550-100x100.jpg 100w, https:\/\/dogpride.nl\/wp-content\/uploads\/Tabelle-1550-400x400.jpg 400w, https:\/\/dogpride.nl\/wp-content\/uploads\/Tabelle-1550-300x300.jpg 300w, https:\/\/dogpride.nl\/wp-content\/uploads\/Tabelle-1550-150x150.jpg 150w, https:\/\/dogpride.nl\/wp-content\/uploads\/Tabelle-1550-66x66.jpg 66w, https:\/\/dogpride.nl\/wp-content\/uploads\/Tabelle-1550-200x200.jpg 200w\" sizes=\"auto, (max-width: 600px) 100vw, 600px\" \/><\/p>\n<p><a href=\"https:\/\/www.gappay-hundesport.com\/en\" target=\"_blank\" rel=\"noopener\"><img loading=\"lazy\" decoding=\"async\" class=\"alignnone wp-image-142913 size-medium\" src=\"https:\/\/dogpride.nl\/wp-content\/uploads\/gappay_logo-4-300x63.jpg\" alt=\"Logo Gappay\" width=\"300\" height=\"63\" srcset=\"https:\/\/dogpride.nl\/wp-content\/uploads\/gappay_logo-4-300x63.jpg 300w, https:\/\/dogpride.nl\/wp-content\/uploads\/gappay_logo-4-18x4.jpg 18w, https:\/\/dogpride.nl\/wp-content\/uploads\/gappay_logo-4-250x52.jpg 250w, https:\/\/dogpride.nl\/wp-content\/uploads\/gappay_logo-4.jpg 305w\" sizes=\"auto, (max-width: 300px) 100vw, 300px\" \/><\/a><\/p>\n<p><a href=\"https:\/\/dogpride.nl\/de\/kleding\/trainingsvesten\/gappay-trainingsvesten\/\"><img loading=\"lazy\" decoding=\"async\" class=\"alignnone\" title=\"GAPPAY Trainingskilt schwarz\/rot\" src=\"https:\/\/dogpride.nl\/wp-content\/uploads\/Gappay-Skirt-schwarz-rot2-2-150x150.jpg\" alt=\"GAPPAY Trainingskilt zwart\/rood\" width=\"150\" height=\"150\" \/><\/a><\/p>","protected":false},"excerpt":{"rendered":"<p>Trainingskilt schwarz\/rot. Erh\u00e4ltlich in verschiedenen Gr\u00f6\u00dfen. Zwischengr\u00f6\u00dfen dank Gummizug und verstellbarem G\u00fcrtel. Ideal, wenn keine Weste gew\u00fcnscht wird. Mit den \u00fcblichen H\u00fcfttaschen, wie bei der Weste.<\/p>","protected":false},"featured_media":44341,"template":"","meta":[],"product_brand":[],"product_cat":[3875],"product_tag":[],"class_list":{"0":"post-6623","1":"product","2":"type-product","3":"status-publish","4":"has-post-thumbnail","6":"product_cat-gappay-trainingsvesten","8":"first","9":"instock","10":"taxable","11":"shipping-taxable","12":"purchasable","13":"product-type-variable"},"mb":[],"mfb_rest_fields":["title"],"_links":{"self":[{"href":"https:\/\/dogpride.nl\/de\/wp-json\/wp\/v2\/product\/6623","targetHints":{"allow":["GET"]}}],"collection":[{"href":"https:\/\/dogpride.nl\/de\/wp-json\/wp\/v2\/product"}],"about":[{"href":"https:\/\/dogpride.nl\/de\/wp-json\/wp\/v2\/types\/product"}],"wp:featuredmedia":[{"embeddable":true,"href":"https:\/\/dogpride.nl\/de\/wp-json\/wp\/v2\/media\/44341"}],"wp:attachment":[{"href":"https:\/\/dogpride.nl\/de\/wp-json\/wp\/v2\/media?parent=6623"}],"wp:term":[{"taxonomy":"product_brand","embeddable":true,"href":"https:\/\/dogpride.nl\/de\/wp-json\/wp\/v2\/product_brand?post=6623"},{"taxonomy":"product_cat","embeddable":true,"href":"https:\/\/dogpride.nl\/de\/wp-json\/wp\/v2\/product_cat?post=6623"},{"taxonomy":"product_tag","embeddable":true,"href":"https:\/\/dogpride.nl\/de\/wp-json\/wp\/v2\/product_tag?post=6623"}],"curies":[{"name":"wp","href":"https:\/\/api.w.org\/{rel}","templated":true}]}}