{"id":6622,"date":"2020-11-25T12:16:07","date_gmt":"2020-11-25T11:16:07","guid":{"rendered":"https:\/\/dogpride1.wpengine.com\/?post_type=product&#038;p=6622"},"modified":"2025-11-16T11:35:39","modified_gmt":"2025-11-16T10:35:39","slug":"gappay-trainingsvest-kort","status":"publish","type":"product","link":"https:\/\/dogpride.nl\/de\/gappay-trainingsvest-kort\/","title":{"rendered":"GAPPAY Trainingsweste kurz"},"content":{"rendered":"<h4>GAPPAY Trainingsweste kurz<\/h4>\n<p>GAPPAY Trainingsweste kurz<\/p>\n<ul>\n<li>Kurzer, sportlicher Schnitt<br \/>\nMit schr\u00e4gen Eingrifftaschen auf der Brust<br \/>\nMit normalem YKK-Rei\u00dfverschluss<br \/>\nRechte Brusttasche mit Rei\u00dfverschluss<br \/>\nVerbundtasche an der H\u00fcfte<br \/>\nSehr ger\u00e4umig<br \/>\nSeitlicher Rei\u00dfverschluss zur Vergr\u00f6\u00dferung des Beckensackvolumens<br \/>\nkein Kragen,<br \/>\nOhne Logo auf der R\u00fcckseite<br \/>\nBeckentaschen mit schr\u00e4gen Eingriffen f\u00fcr schnellen Zugriff<\/li>\n<\/ul>\n<p><img loading=\"lazy\" decoding=\"async\" class=\"alignnone wp-image-70194 size-full\" src=\"https:\/\/www.dogpride.nl\/wp-content\/uploads\/MAATTABEL-1564.jpg\" alt=\"Maattabel\" width=\"667\" height=\"205\" srcset=\"https:\/\/dogpride.nl\/wp-content\/uploads\/MAATTABEL-1564.jpg 667w, https:\/\/dogpride.nl\/wp-content\/uploads\/MAATTABEL-1564-250x77.jpg 250w, https:\/\/dogpride.nl\/wp-content\/uploads\/MAATTABEL-1564-400x123.jpg 400w, https:\/\/dogpride.nl\/wp-content\/uploads\/MAATTABEL-1564-300x92.jpg 300w, https:\/\/dogpride.nl\/wp-content\/uploads\/MAATTABEL-1564-200x61.jpg 200w, https:\/\/dogpride.nl\/wp-content\/uploads\/MAATTABEL-1564-600x184.jpg 600w\" sizes=\"auto, (max-width: 667px) 100vw, 667px\" \/><\/p>\n<p><a href=\"https:\/\/www.gappay-hundesport.com\/en\" target=\"_blank\" rel=\"noopener\"><img loading=\"lazy\" decoding=\"async\" class=\"alignnone wp-image-142913 size-medium\" src=\"https:\/\/dogpride.nl\/wp-content\/uploads\/gappay_logo-4-300x63.jpg\" alt=\"Logo Gappay\" width=\"300\" height=\"63\" srcset=\"https:\/\/dogpride.nl\/wp-content\/uploads\/gappay_logo-4-300x63.jpg 300w, https:\/\/dogpride.nl\/wp-content\/uploads\/gappay_logo-4-18x4.jpg 18w, https:\/\/dogpride.nl\/wp-content\/uploads\/gappay_logo-4-250x52.jpg 250w, https:\/\/dogpride.nl\/wp-content\/uploads\/gappay_logo-4.jpg 305w\" sizes=\"auto, (max-width: 300px) 100vw, 300px\" \/><\/a><\/p>\n<p><a href=\"https:\/\/dogpride.nl\/de\/kleding\/trainingsvesten\/gappay-trainingsvesten\/\"><img loading=\"lazy\" decoding=\"async\" class=\"alignnone\" title=\"GAPPAY Trainingsweste kurz\" src=\"https:\/\/dogpride.nl\/wp-content\/uploads\/Gappay-Weste-kurz-schwarz2-2-150x150.jpg\" alt=\"GAPPAY Trainingsvest kort\" width=\"150\" height=\"150\" \/><\/a><\/p>","protected":false},"excerpt":{"rendered":"<p>Kurzer, sportlicher Schnitt. Mit schr\u00e4gen Eingrifftaschen auf der Brust. Rechte Brusttasche mit Rei\u00dfverschluss. Verbundtasche an der H\u00fcfte. Sehr ger\u00e4umig und mit seitlichem Rei\u00dfverschluss zur Vergr\u00f6\u00dferung des Beckensackvolumens.<\/p>","protected":false},"featured_media":44334,"template":"","meta":[],"product_brand":[],"product_cat":[3875],"product_tag":[],"class_list":{"0":"post-6622","1":"product","2":"type-product","3":"status-publish","4":"has-post-thumbnail","6":"product_cat-gappay-trainingsvesten","8":"first","9":"instock","10":"taxable","11":"shipping-taxable","12":"purchasable","13":"product-type-variable"},"mb":[],"mfb_rest_fields":["title"],"_links":{"self":[{"href":"https:\/\/dogpride.nl\/de\/wp-json\/wp\/v2\/product\/6622","targetHints":{"allow":["GET"]}}],"collection":[{"href":"https:\/\/dogpride.nl\/de\/wp-json\/wp\/v2\/product"}],"about":[{"href":"https:\/\/dogpride.nl\/de\/wp-json\/wp\/v2\/types\/product"}],"wp:featuredmedia":[{"embeddable":true,"href":"https:\/\/dogpride.nl\/de\/wp-json\/wp\/v2\/media\/44334"}],"wp:attachment":[{"href":"https:\/\/dogpride.nl\/de\/wp-json\/wp\/v2\/media?parent=6622"}],"wp:term":[{"taxonomy":"product_brand","embeddable":true,"href":"https:\/\/dogpride.nl\/de\/wp-json\/wp\/v2\/product_brand?post=6622"},{"taxonomy":"product_cat","embeddable":true,"href":"https:\/\/dogpride.nl\/de\/wp-json\/wp\/v2\/product_cat?post=6622"},{"taxonomy":"product_tag","embeddable":true,"href":"https:\/\/dogpride.nl\/de\/wp-json\/wp\/v2\/product_tag?post=6622"}],"curies":[{"name":"wp","href":"https:\/\/api.w.org\/{rel}","templated":true}]}}