{"id":6615,"date":"2020-11-25T10:54:46","date_gmt":"2020-11-25T09:54:46","guid":{"rendered":"https:\/\/dogpride1.wpengine.com\/?post_type=product&#038;p=6615"},"modified":"2025-11-16T11:41:23","modified_gmt":"2025-11-16T10:41:23","slug":"gappay-trainingsvest-suprima-unisex","status":"publish","type":"product","link":"https:\/\/dogpride.nl\/de\/gappay-trainingsvest-suprima-unisex\/","title":{"rendered":"GAPPAY Trainingsweste SUPRIMA Unisex IN 6 FARBEN"},"content":{"rendered":"<h4>GAPPAY Trainingsweste SUPRIMA Unisex IN 6 FARBEN<\/h4>\n<p>GAPPAY Trainingsweste SUPRIMA Unisex IN 6 FARBEN. Diese feine Trainingsweste verf\u00fcgt \u00fcber die folgenden Eigenschaften.<\/p>\n<ul>\n<li>Doppelter Rei\u00dfverschluss<\/li>\n<li>Erh\u00e4ltlich in sechs Farben (Schwarz, Rot, Gelb, Blau, Pink und Gr\u00fcn)<\/li>\n<li>Gro\u00dfe K\u00e4ngurutaschen f\u00fcr alle wichtigen Dinge<\/li>\n<li>Schr\u00e4ge Brusttaschen<\/li>\n<li>Einlass\u00f6ffnung hinten<\/li>\n<li>Versteckte Rei\u00dfverschlusstasche auf der Brust, z. B. Geld, Handy<\/li>\n<li>Hochmoderner Liner<\/li>\n<li>Glattes Design<\/li>\n<li>Feinste Verarbeitung in hochwertiger Gappay-Qualit\u00e4t<\/li>\n<li>moderne frische Farben<\/li>\n<li><strong>Dieses Modell ist Unisex<\/strong><\/li>\n<\/ul>\n<p><span style=\"color: #ff0000;\"><strong>LET OP: DIT IS EEN UITLOPEND PRODUCT. HET KAN ZIJN DAN UW GEWENSTE VEST NIET MEER LEVERBAAR IS.<\/strong><\/span><\/p>\n<p><img loading=\"lazy\" decoding=\"async\" class=\"alignnone wp-image-70213 size-full\" src=\"https:\/\/www.dogpride.nl\/wp-content\/uploads\/Tabelle-1562-1.jpg\" alt=\"Maattabel\" width=\"600\" height=\"600\" srcset=\"https:\/\/dogpride.nl\/wp-content\/uploads\/Tabelle-1562-1.jpg 600w, https:\/\/dogpride.nl\/wp-content\/uploads\/Tabelle-1562-1-250x250.jpg 250w, https:\/\/dogpride.nl\/wp-content\/uploads\/Tabelle-1562-1-100x100.jpg 100w, https:\/\/dogpride.nl\/wp-content\/uploads\/Tabelle-1562-1-400x400.jpg 400w, https:\/\/dogpride.nl\/wp-content\/uploads\/Tabelle-1562-1-300x300.jpg 300w, https:\/\/dogpride.nl\/wp-content\/uploads\/Tabelle-1562-1-150x150.jpg 150w, https:\/\/dogpride.nl\/wp-content\/uploads\/Tabelle-1562-1-66x66.jpg 66w, https:\/\/dogpride.nl\/wp-content\/uploads\/Tabelle-1562-1-200x200.jpg 200w\" sizes=\"auto, (max-width: 600px) 100vw, 600px\" \/><\/p>\n<p><a href=\"https:\/\/www.gappay-hundesport.com\/en\" target=\"_blank\" rel=\"noopener\"><img loading=\"lazy\" decoding=\"async\" class=\"alignnone wp-image-142913 size-medium\" src=\"https:\/\/dogpride.nl\/wp-content\/uploads\/gappay_logo-4-300x63.jpg\" alt=\"Logo Gappay\" width=\"300\" height=\"63\" srcset=\"https:\/\/dogpride.nl\/wp-content\/uploads\/gappay_logo-4-300x63.jpg 300w, https:\/\/dogpride.nl\/wp-content\/uploads\/gappay_logo-4-18x4.jpg 18w, https:\/\/dogpride.nl\/wp-content\/uploads\/gappay_logo-4-250x52.jpg 250w, https:\/\/dogpride.nl\/wp-content\/uploads\/gappay_logo-4.jpg 305w\" sizes=\"auto, (max-width: 300px) 100vw, 300px\" \/><\/a><\/p>\n<p><a href=\"https:\/\/dogpride.nl\/de\/kleding\/trainingsvesten\/gappay-trainingsvesten\/\"><img loading=\"lazy\" decoding=\"async\" class=\"alignnone\" title=\"GAPPAY Trainingsvest SUPRIMA Unisex\" src=\"https:\/\/dogpride.nl\/wp-content\/uploads\/3176-60decc56bf7d3-150x150.jpg\" alt=\"GAPPAY Trainingsvest SUPRIMA Unisex\" width=\"150\" height=\"150\" \/><\/a><\/p>","protected":false},"excerpt":{"rendered":"<p>Diese feine Gappay-Trainingsweste verf\u00fcgt \u00fcber die folgenden Eigenschaften. Doppelter Rei\u00dfverschluss. Erh\u00e4ltlich in sechs Farben (Schwarz, Rot, Gelb, Blau, Pink und Gr\u00fcn). Gro\u00dfe K\u00e4ngurutaschen f\u00fcr alle wichtigen Dinge.<\/p>","protected":false},"featured_media":88018,"template":"","meta":[],"product_brand":[],"product_cat":[3875],"product_tag":[],"class_list":{"0":"post-6615","1":"product","2":"type-product","3":"status-publish","4":"has-post-thumbnail","6":"product_cat-gappay-trainingsvesten","8":"first","9":"instock","10":"taxable","11":"shipping-taxable","12":"purchasable","13":"product-type-variable"},"mb":[],"mfb_rest_fields":["title"],"_links":{"self":[{"href":"https:\/\/dogpride.nl\/de\/wp-json\/wp\/v2\/product\/6615","targetHints":{"allow":["GET"]}}],"collection":[{"href":"https:\/\/dogpride.nl\/de\/wp-json\/wp\/v2\/product"}],"about":[{"href":"https:\/\/dogpride.nl\/de\/wp-json\/wp\/v2\/types\/product"}],"wp:featuredmedia":[{"embeddable":true,"href":"https:\/\/dogpride.nl\/de\/wp-json\/wp\/v2\/media\/88018"}],"wp:attachment":[{"href":"https:\/\/dogpride.nl\/de\/wp-json\/wp\/v2\/media?parent=6615"}],"wp:term":[{"taxonomy":"product_brand","embeddable":true,"href":"https:\/\/dogpride.nl\/de\/wp-json\/wp\/v2\/product_brand?post=6615"},{"taxonomy":"product_cat","embeddable":true,"href":"https:\/\/dogpride.nl\/de\/wp-json\/wp\/v2\/product_cat?post=6615"},{"taxonomy":"product_tag","embeddable":true,"href":"https:\/\/dogpride.nl\/de\/wp-json\/wp\/v2\/product_tag?post=6615"}],"curies":[{"name":"wp","href":"https:\/\/api.w.org\/{rel}","templated":true}]}}