{"id":6611,"date":"2020-11-25T08:33:54","date_gmt":"2020-11-25T07:33:54","guid":{"rendered":"https:\/\/dogpride1.wpengine.com\/?post_type=product&#038;p=6611"},"modified":"2025-11-16T11:48:18","modified_gmt":"2025-11-16T10:48:18","slug":"gappay-trainingsvest-profi-met-balldrop","status":"publish","type":"product","link":"https:\/\/dogpride.nl\/de\/gappay-trainingsvest-profi-met-balldrop\/","title":{"rendered":"GAPPAY Trainingsweste PROFI mit Balldrop"},"content":{"rendered":"<h4>GAPPAY Trainingsweste PROFI mit Balldrop<\/h4>\n<p>GAPPAY Trainingsweste PROFI mit Balldrop<\/p>\n<ul>\n<li>Das Original vom Erfinder des Ballwerfens in der Kleidung!<\/li>\n<li>Oft kopiert, nie erreicht! Ballabwurfweste nach dem \u00d6ffnungstaschenprinzip.<\/li>\n<li>Verwenden Sie das Kabel zur Steuerung. Dieses Kabel befindet sich auf der anderen Seite<\/li>\n<li>Eine gro\u00dfe K\u00e4ngurutasche an den H\u00fcften<\/li>\n<li>Zwei verschlie\u00dfbare Brusttaschen<\/li>\n<li>Ring am Becken f\u00fcr den G\u00fcrtel<\/li>\n<li>Eine gro\u00dfe durchgehende Tasche am Ges\u00e4\u00df<\/li>\n<li>Dank spezieller Ecken sind die Taschen leicht zu erreichen<\/li>\n<li>Der Ballauswerfer kann wie gewohnt von der Weste abgenommen werden<\/li>\n<li>Die Weste besteht aus leichtem Nylonmaterial, ist sehr gut verarbeitet, angenehm zu tragen und verf\u00fcgt \u00fcber ger\u00e4umige Taschen.\n<p><strong>Dieses Modell ist Unisex<\/strong><\/li>\n<\/ul>\n<p><img loading=\"lazy\" decoding=\"async\" class=\"alignnone wp-image-70213 size-full\" src=\"https:\/\/www.dogpride.nl\/wp-content\/uploads\/Tabelle-1562-1.jpg\" alt=\"Maattabel\" width=\"600\" height=\"600\" srcset=\"https:\/\/dogpride.nl\/wp-content\/uploads\/Tabelle-1562-1.jpg 600w, https:\/\/dogpride.nl\/wp-content\/uploads\/Tabelle-1562-1-250x250.jpg 250w, https:\/\/dogpride.nl\/wp-content\/uploads\/Tabelle-1562-1-100x100.jpg 100w, https:\/\/dogpride.nl\/wp-content\/uploads\/Tabelle-1562-1-400x400.jpg 400w, https:\/\/dogpride.nl\/wp-content\/uploads\/Tabelle-1562-1-300x300.jpg 300w, https:\/\/dogpride.nl\/wp-content\/uploads\/Tabelle-1562-1-150x150.jpg 150w, https:\/\/dogpride.nl\/wp-content\/uploads\/Tabelle-1562-1-66x66.jpg 66w, https:\/\/dogpride.nl\/wp-content\/uploads\/Tabelle-1562-1-200x200.jpg 200w\" sizes=\"auto, (max-width: 600px) 100vw, 600px\" \/><\/p>\n<p><a href=\"https:\/\/www.gappay-hundesport.com\/en\" target=\"_blank\" rel=\"noopener\"><img loading=\"lazy\" decoding=\"async\" class=\"alignnone wp-image-142913 size-medium\" src=\"https:\/\/dogpride.nl\/wp-content\/uploads\/gappay_logo-4-300x63.jpg\" alt=\"Logo Gappay\" width=\"300\" height=\"63\" srcset=\"https:\/\/dogpride.nl\/wp-content\/uploads\/gappay_logo-4-300x63.jpg 300w, https:\/\/dogpride.nl\/wp-content\/uploads\/gappay_logo-4-18x4.jpg 18w, https:\/\/dogpride.nl\/wp-content\/uploads\/gappay_logo-4-250x52.jpg 250w, https:\/\/dogpride.nl\/wp-content\/uploads\/gappay_logo-4.jpg 305w\" sizes=\"auto, (max-width: 300px) 100vw, 300px\" \/><\/a><\/p>\n<p><a href=\"https:\/\/dogpride.nl\/de\/kleding\/trainingsvesten\/gappay-trainingsvesten\/\"><img loading=\"lazy\" decoding=\"async\" class=\"alignnone\" title=\"GAPPAY Trainingsweste PROFI mit Balldrop\" src=\"https:\/\/dogpride.nl\/wp-content\/uploads\/3230-60decef441d4f-150x150.jpg\" alt=\"GAPPAY Trainingsvest PROFI met balldrop\" width=\"150\" height=\"150\" \/><\/a><\/p>","protected":false},"excerpt":{"rendered":"<p>Trainingsweste PROFI mit Ballwurf. Das Original vom Erfinder des Ballwerfens in der Kleidung! Oft kopiert, nie erreicht!<\/p>","protected":false},"featured_media":88188,"template":"","meta":[],"product_brand":[],"product_cat":[3875],"product_tag":[],"class_list":{"0":"post-6611","1":"product","2":"type-product","3":"status-publish","4":"has-post-thumbnail","6":"product_cat-gappay-trainingsvesten","8":"first","9":"instock","10":"taxable","11":"shipping-taxable","12":"purchasable","13":"product-type-variable"},"mb":[],"mfb_rest_fields":["title"],"_links":{"self":[{"href":"https:\/\/dogpride.nl\/de\/wp-json\/wp\/v2\/product\/6611","targetHints":{"allow":["GET"]}}],"collection":[{"href":"https:\/\/dogpride.nl\/de\/wp-json\/wp\/v2\/product"}],"about":[{"href":"https:\/\/dogpride.nl\/de\/wp-json\/wp\/v2\/types\/product"}],"wp:featuredmedia":[{"embeddable":true,"href":"https:\/\/dogpride.nl\/de\/wp-json\/wp\/v2\/media\/88188"}],"wp:attachment":[{"href":"https:\/\/dogpride.nl\/de\/wp-json\/wp\/v2\/media?parent=6611"}],"wp:term":[{"taxonomy":"product_brand","embeddable":true,"href":"https:\/\/dogpride.nl\/de\/wp-json\/wp\/v2\/product_brand?post=6611"},{"taxonomy":"product_cat","embeddable":true,"href":"https:\/\/dogpride.nl\/de\/wp-json\/wp\/v2\/product_cat?post=6611"},{"taxonomy":"product_tag","embeddable":true,"href":"https:\/\/dogpride.nl\/de\/wp-json\/wp\/v2\/product_tag?post=6611"}],"curies":[{"name":"wp","href":"https:\/\/api.w.org\/{rel}","templated":true}]}}