{"id":6581,"date":"2020-11-13T13:37:07","date_gmt":"2020-11-13T12:37:07","guid":{"rendered":"https:\/\/dogpride1.wpengine.com\/?post_type=product&#038;p=6581"},"modified":"2025-11-19T12:56:12","modified_gmt":"2025-11-19T11:56:12","slug":"niggeloh-halsband-trail-rood-geel","status":"publish","type":"product","link":"https:\/\/dogpride.nl\/de\/niggeloh-halsband-trail-rood-geel\/","title":{"rendered":"Niggeloh-Halsband TRAIL Rot\/Gelb"},"content":{"rendered":"<h4>Niggeloh-Halsband TRAIL Rot\/Gelb<\/h4>\n<p>Mit allen Elementen des beliebten und seit Jahren bew\u00e4hrten Niggeloh-Halsbandes.<br \/>\nAbgerundet mit einem Schnellspanner: Neu gestaltet, sehr stabil und einfach zu bedienen.<br \/>\nDurch Ziehen an der Verschlussh\u00fclse \u00f6ffnet sich das Halsband und gibt den Hund frei. OHNE ihn zu st\u00f6ren!<\/p>\n<p>Erh\u00e4ltlich in 3 Gr\u00f6\u00dfen:<br \/>\nXS: Verstellbereich 30 bis 40 cm<br \/>\nS: Verstellbereich 40 bis 50 cm<br \/>\nM: Verstellbereich 48 bis 60 cm<\/p>\n<p><a href=\"https:\/\/dogpride.nl\/de\/hondenhalsbanden\/niggeloh-hondenhalsbanden\/\"><img loading=\"lazy\" decoding=\"async\" class=\"alignnone\" title=\"Niggeloh-Halsband TRAIL Rot\/Gelb\" src=\"https:\/\/dogpride.nl\/wp-content\/uploads\/niggeloh-schweishalsung-trail-2-150x150.jpg\" alt=\"Niggeloh halsband TRAIL Rood\/Geel\" width=\"150\" height=\"150\" \/><\/a><\/p>\n<p>&nbsp;<\/p>\n<p><a href=\"https:\/\/www.niggeloh.de\/en\/home.html\" target=\"_blank\" rel=\"noopener\"><img loading=\"lazy\" decoding=\"async\" class=\"alignnone wp-image-70909 size-full\" src=\"https:\/\/dogpride.nl\/wp-content\/uploads\/logo_niggeloh.png\" alt=\"\" width=\"196\" height=\"90\" \/><\/a><\/p>","protected":false},"excerpt":{"rendered":"<p>Niggeloh-Halsband TRAIL Rot\/Gelb. Mit allen Elementen des beliebten und seit Jahren bew\u00e4hrten Niggeloh-Halsbandes.<\/p>","protected":false},"featured_media":22419,"template":"","meta":[],"product_brand":[],"product_cat":[1050],"product_tag":[],"class_list":{"0":"post-6581","1":"product","2":"type-product","3":"status-publish","4":"has-post-thumbnail","6":"product_cat-niggeloh-hondenhalsbanden","8":"first","9":"instock","10":"taxable","11":"shipping-taxable","12":"purchasable","13":"product-type-variable"},"mb":[],"mfb_rest_fields":["title"],"_links":{"self":[{"href":"https:\/\/dogpride.nl\/de\/wp-json\/wp\/v2\/product\/6581","targetHints":{"allow":["GET"]}}],"collection":[{"href":"https:\/\/dogpride.nl\/de\/wp-json\/wp\/v2\/product"}],"about":[{"href":"https:\/\/dogpride.nl\/de\/wp-json\/wp\/v2\/types\/product"}],"wp:featuredmedia":[{"embeddable":true,"href":"https:\/\/dogpride.nl\/de\/wp-json\/wp\/v2\/media\/22419"}],"wp:attachment":[{"href":"https:\/\/dogpride.nl\/de\/wp-json\/wp\/v2\/media?parent=6581"}],"wp:term":[{"taxonomy":"product_brand","embeddable":true,"href":"https:\/\/dogpride.nl\/de\/wp-json\/wp\/v2\/product_brand?post=6581"},{"taxonomy":"product_cat","embeddable":true,"href":"https:\/\/dogpride.nl\/de\/wp-json\/wp\/v2\/product_cat?post=6581"},{"taxonomy":"product_tag","embeddable":true,"href":"https:\/\/dogpride.nl\/de\/wp-json\/wp\/v2\/product_tag?post=6581"}],"curies":[{"name":"wp","href":"https:\/\/api.w.org\/{rel}","templated":true}]}}