{"id":6576,"date":"2020-11-13T11:46:03","date_gmt":"2020-11-13T10:46:03","guid":{"rendered":"https:\/\/dogpride1.wpengine.com\/?post_type=product&#038;p=6576"},"modified":"2025-12-22T12:52:45","modified_gmt":"2025-12-22T11:52:45","slug":"niggeloh-harnas-follow-start-zwart","status":"publish","type":"product","link":"https:\/\/dogpride.nl\/de\/niggeloh-harnas-follow-start-zwart\/","title":{"rendered":"Niggeloh harnas Follow START Zwart"},"content":{"rendered":"<h4>Niggeloh harnas Follow START Zwart<\/h4>\n<p>Niggeloh harnas Follow START Zwart<\/p>\n<p><strong>Produktbeschreibung<\/strong><\/p>\n<ul>\n<li>Niggeloh harnas Follow START Zwart is het \u201cinstapmodel\u201d in de Follow-wereld<\/li>\n<li>Optimale Passform<\/li>\n<li>Met 2 kliksluitingen, dus in een handomdraai te openen; Verstelbare heupband<\/li>\n<li>Applicaties gemaakt van het beste rundleer<\/li>\n<li>aantrekkelijk vormgegeven, vederlicht en gemakkelijk te onderhouden.<\/li>\n<\/ul>\n<p><a href=\"https:\/\/dogpride.nl\/de\/\"><img loading=\"lazy\" decoding=\"async\" class=\"alignnone\" title=\"Niggeloh harnas Follow START Zwart\" src=\"https:\/\/dogpride.nl\/wp-content\/uploads\/niggeloh-harnas-follow-start-zwartzwart.jpg\" alt=\"Niggeloh harnas Follow START Zwart\" width=\"182\" height=\"182\" \/><\/a><\/p>\n<p><strong>Gr\u00f6\u00dfen:<\/strong><\/p>\n<p>XXS \/ XS:<br \/>\nTerrierrassen (klein und mittelgro\u00df), Dackel, Havaneser, Malteser, Mops, Pekinesen, Pinscher, Dackel usw.<\/p>\n<p>S\/M:<br \/>\nDackel, Terrierrassen (gro\u00dfe Rasse), Beagle, Pudel, Zwergspitz, Zwergschnauzer, Kopov \/ Brandlbracke, Griffon Bleu deGascogne, BGS, Dalmatiner, Border Collie, Kleiner M\u00fcnsterl\u00e4nder, Husky, Wachtelhund, Spaniel<\/p>\n<p><a href=\"https:\/\/dogpride.nl\/de\/\"><img loading=\"lazy\" decoding=\"async\" class=\"alignnone\" title=\"Niggeloh Geschirr Follow START Schwarz\/Schwarz\" src=\"https:\/\/dogpride.nl\/wp-content\/uploads\/niggeloh-harnas-follow-start-zwartzwart.jpg\" alt=\"Niggeloh harnas Follow START Zwart\/Zwart\" width=\"182\" height=\"182\" \/><\/a><\/p>\n<p>Ma\u00dftabelle f\u00fcr Gurtzeug Folgen Sie START:<\/p>\n<p><strong>Verstellbarer H\u00fcftgurt f\u00fcr den Halsumfang<br \/>\n<\/strong><br \/>\nXXS \/ XS ca. 33 cm ca. 33 - 45 cm<br \/>\nS\/M ca. 45 cm ca. 52-70 cm<\/p>\n<p>&nbsp;<\/p>\n<p><a href=\"https:\/\/www.niggeloh.de\/en\/home.html\" target=\"_blank\" rel=\"noopener\"><img loading=\"lazy\" decoding=\"async\" class=\"alignnone wp-image-70909 size-full\" src=\"https:\/\/dogpride.nl\/wp-content\/uploads\/logo_niggeloh.png\" alt=\"\" width=\"196\" height=\"90\" \/><\/a><\/p>","protected":false},"excerpt":{"rendered":"<p>Geschirr Follow START von Niggeloh. Der Follow START ist das \u201eEinstiegsmodell\u201c in die Follow-Welt. Mit 2 Klickverschl\u00fcssen, sodass es im Handumdrehen ge\u00f6ffnet werden kann; Verstellbarer H\u00fcftgurt.<\/p>","protected":false},"featured_media":44234,"template":"","meta":[],"product_brand":[],"product_cat":[1909],"product_tag":[15788,15787,15785,4094,15783,15782,15789,10817,15784,15786],"class_list":{"0":"post-6576","1":"product","2":"type-product","3":"status-publish","4":"has-post-thumbnail","6":"product_cat-niggeloh-hondentuigjes","7":"product_tag-comfort-harnas-hond","8":"product_tag-duurzaam-hondentuig","9":"product_tag-hondenjachtuitrusting","10":"product_tag-hondentuig","11":"product_tag-jachtharnas","12":"product_tag-niggeloh-harnas","13":"product_tag-niggeloh-tuig","14":"product_tag-outdoor-hondenuitrusting","15":"product_tag-premium-hondentuig","16":"product_tag-verstelbaar-harnas","18":"first","19":"instock","20":"taxable","21":"shipping-taxable","22":"purchasable","23":"product-type-variable"},"mb":[],"mfb_rest_fields":["title"],"_links":{"self":[{"href":"https:\/\/dogpride.nl\/de\/wp-json\/wp\/v2\/product\/6576","targetHints":{"allow":["GET"]}}],"collection":[{"href":"https:\/\/dogpride.nl\/de\/wp-json\/wp\/v2\/product"}],"about":[{"href":"https:\/\/dogpride.nl\/de\/wp-json\/wp\/v2\/types\/product"}],"wp:featuredmedia":[{"embeddable":true,"href":"https:\/\/dogpride.nl\/de\/wp-json\/wp\/v2\/media\/44234"}],"wp:attachment":[{"href":"https:\/\/dogpride.nl\/de\/wp-json\/wp\/v2\/media?parent=6576"}],"wp:term":[{"taxonomy":"product_brand","embeddable":true,"href":"https:\/\/dogpride.nl\/de\/wp-json\/wp\/v2\/product_brand?post=6576"},{"taxonomy":"product_cat","embeddable":true,"href":"https:\/\/dogpride.nl\/de\/wp-json\/wp\/v2\/product_cat?post=6576"},{"taxonomy":"product_tag","embeddable":true,"href":"https:\/\/dogpride.nl\/de\/wp-json\/wp\/v2\/product_tag?post=6576"}],"curies":[{"name":"wp","href":"https:\/\/api.w.org\/{rel}","templated":true}]}}