{"id":6572,"date":"2020-11-13T11:04:25","date_gmt":"2020-11-13T10:04:25","guid":{"rendered":"https:\/\/dogpride1.wpengine.com\/?post_type=product&#038;p=6572"},"modified":"2025-11-29T11:31:17","modified_gmt":"2025-11-29T10:31:17","slug":"niggeloh-harnas-follow-2-zwart","status":"publish","type":"product","link":"https:\/\/dogpride.nl\/de\/niggeloh-harnas-follow-2-zwart\/","title":{"rendered":"Niggeloh Geschirr Follow 2 Schwarz"},"content":{"rendered":"<h4>Niggeloh Geschirr Follow 2 Schwarz<\/h4>\n<p>Niggeloh Geschirr Follow 2 Schwarz<\/p>\n<p>Ein einzigartiges Y-Hundegeschirr. Das Grundkonzept \u00e4hnelt dem Geschirr von Schlittenhunden. Robust und dennoch angenehm zu tragen dank Neopren und Gurtband.<br \/>\nOben und unten ist jeweils ein Wirbel angebracht. Wird ein Haken nicht ben\u00f6tigt, wird er mit einem Gurt sicher am Gurt befestigt.<br \/>\nDie stark beanspruchten Teile sind mit Lederst\u00fccken verst\u00e4rkt.<\/p>\n<p><a href=\"https:\/\/dogpride.nl\/de\/\"><img loading=\"lazy\" decoding=\"async\" class=\"alignnone\" title=\"Niggeloh Geschirr Follow 2 Schwarz\" src=\"https:\/\/dogpride.nl\/wp-content\/uploads\/niggeloh-harnas-follow-2-zwart.jpg\" alt=\"Niggeloh harnas Follow 2 Zwart\" width=\"116\" height=\"113\" \/><\/a><\/p>\n<p>Gr\u00f6\u00dfen:<br \/>\nM = geeignet f\u00fcr BGS, Dalmatiner, Border Collie, Kleiner M\u00fcnsterl\u00e4nder, Husky usw.<br \/>\nL = geeignet f\u00fcr Vorsteh- und F\u00e4hrtenhunde, Deutscher Drahthaar, Collie, Berner Sennerhund, Bullterrier, Boxer, Golden Retriever, Deutscher Sch\u00e4ferhund, Labrador, Ridgeback usw.<br \/>\nXL = geeignet f\u00fcr Ridgeback, Berner Sennenhund, Deutsche Dogge, Bluthund und Landseer<\/p>\n<p><a href=\"https:\/\/dogpride.nl\/de\/\"><img loading=\"lazy\" decoding=\"async\" class=\"alignnone\" title=\"Niggeloh Geschirr Follow 2 Schwarz\" src=\"https:\/\/dogpride.nl\/wp-content\/uploads\/niggeloh-harnas-follow-2-zwart.jpg\" alt=\"Niggeloh harnas Follow 2 Zwart\" width=\"116\" height=\"113\" \/><\/a><\/p>\n<p>F\u00e4rben:<br \/>\n\u2013 Olivorange<br \/>\n- braun<br \/>\n- Schwarz<\/p>\n<p><strong>Gr\u00f6\u00dfentabelle:<\/strong><\/p>\n<p><img loading=\"lazy\" decoding=\"async\" class=\"alignnone size-full wp-image-112160\" src=\"https:\/\/dogpride.nl\/wp-content\/uploads\/Maattabel-Follow-2-1.png\" alt=\"Maattabel\" width=\"471\" height=\"117\" srcset=\"https:\/\/dogpride.nl\/wp-content\/uploads\/Maattabel-Follow-2-1.png 471w, https:\/\/dogpride.nl\/wp-content\/uploads\/Maattabel-Follow-2-1-250x62.png 250w, https:\/\/dogpride.nl\/wp-content\/uploads\/Maattabel-Follow-2-1-400x99.png 400w, https:\/\/dogpride.nl\/wp-content\/uploads\/Maattabel-Follow-2-1-300x75.png 300w, https:\/\/dogpride.nl\/wp-content\/uploads\/Maattabel-Follow-2-1-18x4.png 18w\" sizes=\"auto, (max-width: 471px) 100vw, 471px\" \/><\/p>\n<p>Hinweis: Dies ist die \u201ealte\u201c Version des Follow-Gurts mit 2 Schnallen.<\/p>\n<p>&nbsp;<\/p>\n<p><a href=\"https:\/\/www.niggeloh.de\/en\/home.html\" target=\"_blank\" rel=\"noopener\"><img loading=\"lazy\" decoding=\"async\" class=\"alignnone wp-image-70909 size-full\" src=\"https:\/\/dogpride.nl\/wp-content\/uploads\/logo_niggeloh.png\" alt=\"\" width=\"196\" height=\"90\" \/><\/a><\/p>","protected":false},"excerpt":{"rendered":"<p>Ein einzigartiges Y-Hundegeschirr. Das Grundkonzept \u00e4hnelt dem Geschirr von Schlittenhunden. Robust und dennoch angenehm zu tragen dank Neopren und Gurtband.<\/p>","protected":false},"featured_media":22414,"template":"","meta":[],"product_brand":[],"product_cat":[1909],"product_tag":[15788,15787,4606,15785,4094,15783,5917,15782,15789,10817,15784,15786],"class_list":{"0":"post-6572","1":"product","2":"type-product","3":"status-publish","4":"has-post-thumbnail","6":"product_cat-niggeloh-hondentuigjes","7":"product_tag-comfort-harnas-hond","8":"product_tag-duurzaam-hondentuig","9":"product_tag-harnas","10":"product_tag-hondenjachtuitrusting","11":"product_tag-hondentuig","12":"product_tag-jachtharnas","13":"product_tag-niggeloh","14":"product_tag-niggeloh-harnas","15":"product_tag-niggeloh-tuig","16":"product_tag-outdoor-hondenuitrusting","17":"product_tag-premium-hondentuig","18":"product_tag-verstelbaar-harnas","20":"first","21":"instock","22":"taxable","23":"shipping-taxable","24":"purchasable","25":"product-type-variable"},"mb":[],"mfb_rest_fields":["title"],"_links":{"self":[{"href":"https:\/\/dogpride.nl\/de\/wp-json\/wp\/v2\/product\/6572","targetHints":{"allow":["GET"]}}],"collection":[{"href":"https:\/\/dogpride.nl\/de\/wp-json\/wp\/v2\/product"}],"about":[{"href":"https:\/\/dogpride.nl\/de\/wp-json\/wp\/v2\/types\/product"}],"wp:featuredmedia":[{"embeddable":true,"href":"https:\/\/dogpride.nl\/de\/wp-json\/wp\/v2\/media\/22414"}],"wp:attachment":[{"href":"https:\/\/dogpride.nl\/de\/wp-json\/wp\/v2\/media?parent=6572"}],"wp:term":[{"taxonomy":"product_brand","embeddable":true,"href":"https:\/\/dogpride.nl\/de\/wp-json\/wp\/v2\/product_brand?post=6572"},{"taxonomy":"product_cat","embeddable":true,"href":"https:\/\/dogpride.nl\/de\/wp-json\/wp\/v2\/product_cat?post=6572"},{"taxonomy":"product_tag","embeddable":true,"href":"https:\/\/dogpride.nl\/de\/wp-json\/wp\/v2\/product_tag?post=6572"}],"curies":[{"name":"wp","href":"https:\/\/api.w.org\/{rel}","templated":true}]}}