{"id":6557,"date":"2020-11-12T12:54:22","date_gmt":"2020-11-12T11:54:22","guid":{"rendered":"https:\/\/dogpride1.wpengine.com\/?post_type=product&#038;p=6557"},"modified":"2025-12-22T11:51:10","modified_gmt":"2025-12-22T10:51:10","slug":"niggeloh-harnas-follow-trail","status":"publish","type":"product","link":"https:\/\/dogpride.nl\/de\/niggeloh-harnas-follow-trail\/","title":{"rendered":"Niggeloh-Geschirr Folgen Sie TRAIL"},"content":{"rendered":"<h4>Niggeloh-Geschirr Folgen Sie TRAIL<\/h4>\n<p>Niggeloh-Geschirr Folgen Sie TRAIL<\/p>\n<div id=\"resulttxt\" class=\"mt-translation-content\">\n<p>Die Follow-Familie, universell und passend f\u00fcr jede Aufgabe und Situation des Hundes, wird erweitert. N\u00e4mlich mit dem Follow TRAIL-Modell,<br \/>\n<strong>DAS Niggeloh-Geschirr Follow TRAIL f\u00fcr Spezialisten und Profis im Bereich Track &amp; Trace, ein reines Arbeitsgeschirr.<\/strong><\/p>\n<p><a href=\"https:\/\/dogpride.nl\/de\/\"><img loading=\"lazy\" decoding=\"async\" class=\"alignnone\" title=\"Niggeloh-Geschirr Folgen Sie TRAIL\" src=\"https:\/\/dogpride.nl\/wp-content\/uploads\/niggeloh-geschirr-follow-trail-m.jpg\" alt=\"Niggeloh harnas Follow TRAIL\" width=\"200\" height=\"200\" \/><\/a><\/p>\n<ul>\n<li>TRAIL = der Track, der Track \u2013 der Name ist Programm und Funktion zugleich. Von Spezialisten der Hundestation im S\u00fcdschwarzwald mitentwickelt und getestet sowie in Deutschland handgefertigt, tr\u00e4gt es zu H\u00f6chstleistungen des Hundes bei.<\/li>\n<li>Folgen Sie TRAIL \u2013 f\u00fchlt sich an wie eine zweite Haut.<\/li>\n<li>Dynamisch und elastisch erm\u00f6glicht es eine freie und ungehinderte Tiefenbewegung mit der Nase bis zum Ende der Spur.<\/li>\n<li>Robuste und bequeme Materialien: Neopren, Cordura und Riemen. Die signalrot-signalgelbe Farbe sorgt f\u00fcr eine optimale Sichtverbindung zwischen Hundef\u00fchrer und Hund.<\/li>\n<li>Drehgelenk aus massivem Messing<\/li>\n<\/ul>\n<p>Gr\u00f6\u00dfentabelle:<\/p>\n<p>M = Halsumfang ca. 49 cm, Verstellbereich des H\u00fcftgurts 54-91 cm<br \/>\nL = Halsumfang ca. 60 cm, Verstellbereich des H\u00fcftgurts 54-91 cm<\/p>\n<\/div>\n<div><\/div>\n<div><iframe loading=\"lazy\" src=\"\/\/www.youtube.com\/embed\/s2OXbZHQCQE\" width=\"560\" height=\"314\" allowfullscreen=\"allowfullscreen\"><\/iframe><\/div>\n<div><a href=\"https:\/\/dogpride.nl\/de\/\"><img loading=\"lazy\" decoding=\"async\" class=\"alignnone\" title=\"Niggeloh-Geschirr Folgen Sie TRAIL\" src=\"https:\/\/dogpride.nl\/wp-content\/uploads\/niggeloh-geschirr-follow-trail-m.jpg\" alt=\"Niggeloh harnas Follow TRAIL\" width=\"200\" height=\"200\" \/><\/a><\/div>\n<div><\/div>\n<div><a href=\"https:\/\/www.niggeloh.de\/en\/home.html\" target=\"_blank\" rel=\"noopener\"><img loading=\"lazy\" decoding=\"async\" class=\"alignnone wp-image-70909 size-full\" src=\"https:\/\/dogpride.nl\/wp-content\/uploads\/logo_niggeloh.png\" alt=\"\" width=\"196\" height=\"90\" \/><\/a><\/div>","protected":false},"excerpt":{"rendered":"<p>Die Follow-Familie, universell und passend f\u00fcr jede Aufgabe und Situation des Hundes, wird erweitert. Und zwar mit dem Follow TRAIL-Modell <strong>F\u00fcr Spezialisten und Profis im Bereich Track &amp; Trace, ein reines Arbeitsgeschirr.<\/strong><\/p>","protected":false},"featured_media":22402,"template":"","meta":[],"product_brand":[],"product_cat":[1909],"product_tag":[15788,15787,15785,4094,15783,15782,15789,10817,15784,15786],"class_list":{"0":"post-6557","1":"product","2":"type-product","3":"status-publish","4":"has-post-thumbnail","6":"product_cat-niggeloh-hondentuigjes","7":"product_tag-comfort-harnas-hond","8":"product_tag-duurzaam-hondentuig","9":"product_tag-hondenjachtuitrusting","10":"product_tag-hondentuig","11":"product_tag-jachtharnas","12":"product_tag-niggeloh-harnas","13":"product_tag-niggeloh-tuig","14":"product_tag-outdoor-hondenuitrusting","15":"product_tag-premium-hondentuig","16":"product_tag-verstelbaar-harnas","18":"first","19":"instock","20":"taxable","21":"shipping-taxable","22":"purchasable","23":"product-type-variable"},"mb":[],"mfb_rest_fields":["title"],"_links":{"self":[{"href":"https:\/\/dogpride.nl\/de\/wp-json\/wp\/v2\/product\/6557","targetHints":{"allow":["GET"]}}],"collection":[{"href":"https:\/\/dogpride.nl\/de\/wp-json\/wp\/v2\/product"}],"about":[{"href":"https:\/\/dogpride.nl\/de\/wp-json\/wp\/v2\/types\/product"}],"wp:featuredmedia":[{"embeddable":true,"href":"https:\/\/dogpride.nl\/de\/wp-json\/wp\/v2\/media\/22402"}],"wp:attachment":[{"href":"https:\/\/dogpride.nl\/de\/wp-json\/wp\/v2\/media?parent=6557"}],"wp:term":[{"taxonomy":"product_brand","embeddable":true,"href":"https:\/\/dogpride.nl\/de\/wp-json\/wp\/v2\/product_brand?post=6557"},{"taxonomy":"product_cat","embeddable":true,"href":"https:\/\/dogpride.nl\/de\/wp-json\/wp\/v2\/product_cat?post=6557"},{"taxonomy":"product_tag","embeddable":true,"href":"https:\/\/dogpride.nl\/de\/wp-json\/wp\/v2\/product_tag?post=6557"}],"curies":[{"name":"wp","href":"https:\/\/api.w.org\/{rel}","templated":true}]}}