{"id":6500,"date":"2020-11-09T13:07:52","date_gmt":"2020-11-09T12:07:52","guid":{"rendered":"https:\/\/dogpride1.wpengine.com\/?post_type=product&#038;p=6500"},"modified":"2025-10-23T11:51:29","modified_gmt":"2025-10-23T09:51:29","slug":"k9-factory-mondioring-pak","status":"publish","type":"product","link":"https:\/\/dogpride.nl\/de\/k9-factory-mondioring-pak\/","title":{"rendered":"K9 Factory Mondioring Pak"},"content":{"rendered":"<h4>K9 Factory Mondioring Pak<\/h4>\n<p>K9 Factory Mondioring Pak. Der Mondioring-Bei\u00dfanzug besteht aus einem rei\u00dffesten Stoff aus Baumwolle und Nylon (Nylcot).<br \/>\nDer Anzug ist mit Spezialfilz versehen und innen mit Leinen veredelt.<br \/>\nUnsere Anz\u00fcge garantieren beste Bewegungsfreiheit und besten Schutz.<br \/>\nDie Jacke kann mit Druckkn\u00f6pfen oder mit Schnallen und G\u00fcrteln ausgestattet werden.<\/p>\n<p>Farbe: Schwarz, Marineblau, Gr\u00fcn, Rot<\/p>\n<p>Gr\u00f6\u00dfe: 48\/50\/52\/54\/56<\/p>\n<p>Auf Wunsch kann ein Bei\u00dfanzug komplett individuell gestaltet werden. Senden Sie uns eine E-Mail, um mehr \u00fcber die M\u00f6glichkeiten zu erfahren.<\/p>\n<p>Lieferzeit ca. 2 Wochen<\/p>\n<p><a href=\"https:\/\/k9factory.aotestdomein.nl\/index.php?route=product\/category&amp;path=1\" target=\"_blank\" rel=\"noopener\"><img loading=\"lazy\" decoding=\"async\" class=\"alignnone wp-image-71274 size-full\" src=\"https:\/\/dogpride.nl\/wp-content\/uploads\/Logo-K9Factory-1.png\" alt=\"\" width=\"208\" height=\"125\" srcset=\"https:\/\/dogpride.nl\/wp-content\/uploads\/Logo-K9Factory-1.png 208w, https:\/\/dogpride.nl\/wp-content\/uploads\/Logo-K9Factory-1-200x120.png 200w\" sizes=\"auto, (max-width: 208px) 100vw, 208px\" \/><\/a><\/p>\n<p><a href=\"https:\/\/dogpride.nl\/de\/hondensport\/k9-factory\/k9-factory-bijtpakken\/\"><img loading=\"lazy\" decoding=\"async\" class=\"alignnone\" title=\"K9 Factory Mondioring Pak\" src=\"https:\/\/dogpride.nl\/wp-content\/uploads\/mondioring-pak-1000x1000-4-150x150.jpg\" alt=\"K9 Factory Mondioring Pak\" width=\"150\" height=\"150\" \/><\/a><img decoding=\"async\" src=\"https:\/\/dogpride.nl\/wp-content\/uploads\/mondioring-pak-1000x1000-4-150x150.jpg\" \/><\/p>","protected":false},"excerpt":{"rendered":"<p>Der Mondioring-Bei\u00dfanzug besteht aus einem rei\u00dffesten Stoff aus Baumwolle und Nylon (Nylcot). Der Anzug ist mit Spezialfilz versehen und innen mit Leinen veredelt.<\/p>","protected":false},"featured_media":22349,"template":"","meta":[],"product_brand":[],"product_cat":[10282],"product_tag":[10314,6755,10313,10317,6757,10316,10315],"class_list":{"0":"post-6500","1":"product","2":"type-product","3":"status-publish","4":"has-post-thumbnail","6":"product_cat-k9-factory-bijtpakken","7":"product_tag-bijtjas","8":"product_tag-bijtpak","9":"product_tag-franspak","10":"product_tag-freestyle","11":"product_tag-knpv","12":"product_tag-mondio-ring","13":"product_tag-mondioring","15":"first","16":"instock","17":"taxable","18":"shipping-taxable","19":"purchasable","20":"product-type-variable"},"mb":[],"mfb_rest_fields":["title"],"_links":{"self":[{"href":"https:\/\/dogpride.nl\/de\/wp-json\/wp\/v2\/product\/6500","targetHints":{"allow":["GET"]}}],"collection":[{"href":"https:\/\/dogpride.nl\/de\/wp-json\/wp\/v2\/product"}],"about":[{"href":"https:\/\/dogpride.nl\/de\/wp-json\/wp\/v2\/types\/product"}],"wp:featuredmedia":[{"embeddable":true,"href":"https:\/\/dogpride.nl\/de\/wp-json\/wp\/v2\/media\/22349"}],"wp:attachment":[{"href":"https:\/\/dogpride.nl\/de\/wp-json\/wp\/v2\/media?parent=6500"}],"wp:term":[{"taxonomy":"product_brand","embeddable":true,"href":"https:\/\/dogpride.nl\/de\/wp-json\/wp\/v2\/product_brand?post=6500"},{"taxonomy":"product_cat","embeddable":true,"href":"https:\/\/dogpride.nl\/de\/wp-json\/wp\/v2\/product_cat?post=6500"},{"taxonomy":"product_tag","embeddable":true,"href":"https:\/\/dogpride.nl\/de\/wp-json\/wp\/v2\/product_tag?post=6500"}],"curies":[{"name":"wp","href":"https:\/\/api.w.org\/{rel}","templated":true}]}}