{"id":6428,"date":"2020-10-26T15:40:35","date_gmt":"2020-10-26T14:40:35","guid":{"rendered":"https:\/\/dogpride1.wpengine.com\/?post_type=product&#038;p=6428"},"modified":"2026-02-23T12:05:51","modified_gmt":"2026-02-23T11:05:51","slug":"sporthund-op-maat-gemaakte-hondengeleiderbroek","status":"publish","type":"product","link":"https:\/\/dogpride.nl\/de\/sporthund-op-maat-gemaakte-hondengeleiderbroek\/","title":{"rendered":"SPORTHUND Ma\u00dfgeschneiderte Hundef\u00fchrerhose"},"content":{"rendered":"<h4>SPORTHUND Ma\u00dfgeschneiderte Hundef\u00fchrerhose<\/h4>\n<p>SPORTHUND Ma\u00dfgeschneiderte Hundef\u00fchrerhose<\/p>\n<p>Onze beproefde hondengeleiderbroeken zijn ook verkrijgbaar als op maat gemaakt product.<\/p>\n<p>Bitte beachten Sie, dass diese Hundef\u00fchrerhose nur in der Schrittl\u00e4nge ver\u00e4ndert (gek\u00fcrzt oder verl\u00e4ngert) werden kann.<\/p>\n<p>Bitte geben Sie die gew\u00fcnschte Gr\u00f6\u00dfe, die \u00c4nderung in cm und die Farbe an,<\/p>\n<p>Beispiel: Gr\u00f6\u00dfe XL passt in den Hosenbund, nur die Schrittl\u00e4nge darf 5 cm l\u00e4nger sein. Geben Sie dann Folgendes an:<\/p>\n<p>\u201eGr\u00f6\u00dfe: XL + 5 cm Farbe: schwarz\u201c<\/p>\n<p>Diese Angaben sind zwingend erforderlich! Bitte geben Sie dies unter \u201eKommentare\u201c an.<\/p>\n<p>Bei Herrenhosen k\u00f6nnen Sie zwischen den Gr\u00f6\u00dfen XS bis 4XL w\u00e4hlen.<br \/>\nFarben: Schwarz, Schwarzblau<\/p>\n<p>Damenhosen gibt es in den Gr\u00f6\u00dfen 34 bis 46<br \/>\nFarbe schwarz<\/p>\n<p><span style=\"color: #ff0000;\"><strong>Wichtig!<\/strong><\/span><\/p>\n<ul>\n<li><span style=\"color: #ff0000;\"><strong>Die Sonderanfertigungen sind vom Umtausch ausgeschlossen!<\/strong><\/span><\/li>\n<li><span style=\"color: #ff0000;\"><strong>Aufgrund der Sonderanfertigung kann die Lieferzeit bis zu 4 Wochen betragen.<\/strong><\/span><\/li>\n<\/ul>\n<p>Die Hose besteht aus Baumwolle und ist mit wasserabweisendem und kratzfestem Material \u00fcberzogen (komplettes Vorderbein, Wade und Ges\u00e4\u00df). Innenfutter: 66% Baumwolle, 34% Polyester. Au\u00dfenmaterial: 100% Polyamid<\/p>\n<p>Hinweis: Farben k\u00f6nnen variieren. Technische \u00c4nderungen vorbehalten.<\/p>\n<p><a href=\"https:\/\/www.sporthund.de\/\" target=\"_blank\" rel=\"noopener\"><img loading=\"lazy\" decoding=\"async\" class=\"alignnone wp-image-69471 size-thumbnail\" src=\"https:\/\/dogpride.nl\/wp-content\/uploads\/Logo-Sporthund-1-150x88.jpg\" alt=\"Logo\" width=\"150\" height=\"88\" \/><\/a><\/p>\n<p><a href=\"https:\/\/dogpride.nl\/de\/kleding\/broeken\/sporthund-broeken\/\"><img loading=\"lazy\" decoding=\"async\" class=\"alignnone\" title=\"SPORTHUND Ma\u00dfgeschneiderte Hundef\u00fchrerhose\" src=\"https:\/\/dogpride.nl\/wp-content\/uploads\/hundefuhrerhose-sonderanfertigung.jpg\" alt=\"SPORTHUND Op maat gemaakte hondengeleiderbroek\" width=\"200\" height=\"200\" \/><\/a><\/p>","protected":false},"excerpt":{"rendered":"<p>SPORTHUND Op maat gemaakte hondengeleiderbroek. Onze beproefde hondengeleiderbroeken zijn ook verkrijgbaar als op maat gemaakt product. Houd er rekening mee dat deze hondengeleiderbroek alleen in staplengte kan worden veranderd (ingekort of verlengd).<\/p>","protected":false},"featured_media":154873,"template":"","meta":[],"product_brand":[],"product_cat":[3864],"product_tag":[24554,24563,24559,24561,24555,24562,24352,24560,24356,24564],"class_list":{"0":"post-6428","1":"product","2":"type-product","3":"status-publish","4":"has-post-thumbnail","6":"product_cat-sporthund-broeken","7":"product_tag-broek-hondentraining-zwart","8":"product_tag-duurzame-trainingsbroek-heren","9":"product_tag-hondengeleiderbroek-heren-zwart","10":"product_tag-hondensport-kleding-heren","11":"product_tag-professionele-hondengeleiderbroek","12":"product_tag-sportbroek-hondensport-heren","13":"product_tag-sporthund-hondengeleiderbroek-zwart-heren","14":"product_tag-trainingsbroek-hondensport-heren","15":"product_tag-werkbroek-hondensport","16":"product_tag-zwarte-hondensport-broek-heren","18":"first","19":"instock","20":"taxable","21":"shipping-taxable","22":"purchasable","23":"product-type-simple"},"mb":[],"mfb_rest_fields":["title"],"_links":{"self":[{"href":"https:\/\/dogpride.nl\/de\/wp-json\/wp\/v2\/product\/6428","targetHints":{"allow":["GET"]}}],"collection":[{"href":"https:\/\/dogpride.nl\/de\/wp-json\/wp\/v2\/product"}],"about":[{"href":"https:\/\/dogpride.nl\/de\/wp-json\/wp\/v2\/types\/product"}],"wp:featuredmedia":[{"embeddable":true,"href":"https:\/\/dogpride.nl\/de\/wp-json\/wp\/v2\/media\/154873"}],"wp:attachment":[{"href":"https:\/\/dogpride.nl\/de\/wp-json\/wp\/v2\/media?parent=6428"}],"wp:term":[{"taxonomy":"product_brand","embeddable":true,"href":"https:\/\/dogpride.nl\/de\/wp-json\/wp\/v2\/product_brand?post=6428"},{"taxonomy":"product_cat","embeddable":true,"href":"https:\/\/dogpride.nl\/de\/wp-json\/wp\/v2\/product_cat?post=6428"},{"taxonomy":"product_tag","embeddable":true,"href":"https:\/\/dogpride.nl\/de\/wp-json\/wp\/v2\/product_tag?post=6428"}],"curies":[{"name":"wp","href":"https:\/\/api.w.org\/{rel}","templated":true}]}}